{"id":1390110,"date":"2023-11-03T11:47:29","date_gmt":"2023-11-03T10:47:29","guid":{"rendered":"https:\/\/nosaplugs.com\/de\/?page_id=1390110"},"modified":"2023-11-12T13:47:05","modified_gmt":"2023-11-12T12:47:05","slug":"smell-training-ifu","status":"publish","type":"page","link":"https:\/\/nosaplugs.com\/de\/smell-training-ifu\/","title":{"rendered":"NOSA smell training &#8211; Instructions for use"},"content":{"rendered":"\t\t<div data-elementor-type=\"wp-page\" data-elementor-id=\"1390110\" class=\"elementor elementor-1390110\" data-elementor-post-type=\"page\">\n\t\t\t\t<div class=\"elementor-element elementor-element-4a34bf9 e-flex e-con-boxed e-con e-parent\" data-id=\"4a34bf9\" data-element_type=\"container\">\n\t\t\t\t\t<div class=\"e-con-inner\">\n\t\t\t\t<div class=\"elementor-element elementor-element-d151056 elementor-widget elementor-widget-text-editor\" data-id=\"d151056\" data-element_type=\"widget\" data-widget_type=\"text-editor.default\">\n\t\t\t\t<div class=\"elementor-widget-container\">\n\t\t\t\t\t\t\t\t\t<h1><span style=\"font-weight: 400;\">Verwendungszweck<br \/><br \/><\/span><\/h1><p><span style=\"font-weight: 400;\">Das NOSA-Geruchstraining ist ein medizinisches Ger\u00e4t zum Training des Geruchssystems durch die Assoziation von D\u00fcften. Das Geruchstraining mit dem NOSA-Ger\u00e4t stellt olfaktorische Dysfunktionen wieder her oder verbessert sie: Hyposmie, Anosmie und Parosmie.<\/span><\/p><h2><span style=\"font-weight: 400;\">Hinweis zur Verwendung<\/span><\/h2><p><span style=\"font-weight: 400;\"><br \/>Gedacht f\u00fcr Patienten ab 12 Jahren, die an Hyposmie, Anosmie oder Parosmie infolge einer respiratorischen Virusinfektion leiden. Der klinische Nutzen variiert von Person zu Person.<\/span><\/p><h2><span style=\"font-weight: 400;\">Gebrauchsanweisung<\/span><\/h2><p>\u00a0<\/p><p><span style=\"font-weight: 400;\">Machen Sie sich beim \u00d6ffnen der Schachtel mit dem auf dem Deckel angezeigten Zeitplan vertraut. Sie werden vier D\u00fcfte pro Tag riechen, zwei D\u00fcfte morgens und zwei D\u00fcfte abends. Dies wird acht aufeinanderfolgende Wochen lang an f\u00fcnf Tagen in der Woche wiederholt.<\/span><\/p><p>\u00a0<\/p><p><span style=\"font-weight: 400;\"><strong>Schritt 1:<\/strong> Beginnen Sie immer mit der Reinigung Ihrer H\u00e4nde. Dadurch wird sichergestellt, dass m\u00f6gliche Reizungen oder Infektionen vermieden werden.<\/span><\/p><p><span style=\"font-weight: 400;\"><strong>Schritt 2:<\/strong> F\u00fchren Sie den ersten Duft-Nasenst\u00f6psel vorsichtig in Ihre Nase ein. Tragen Sie es vorsichtig in die Nasenl\u00f6cher auf, bis die Halterung die Nasenwand ber\u00fchrt. Atmen Sie normal durch das Produkt.<\/span><\/p><p><span style=\"font-weight: 400;\"><strong>Schritt 3:<\/strong> Stellen Sie einen Timer auf 10 Minuten ein. Konzentrieren Sie sich in dieser Zeit auf den Duft. Versuchen Sie sich daran zu erinnern, wie der Geruch riechen soll. Visualisierung kann dabei helfen, Ihre Erinnerung an den Duft zu st\u00e4rken.<\/span><\/p><p><span style=\"font-weight: 400;\"><strong>Schritt 4:<\/strong> Sobald die erste Sitzung abgeschlossen ist, entfernen Sie vorsichtig den duftenden Nasenst\u00f6psel aus Ihrer Nase und stecken Sie den n\u00e4chsten St\u00f6psel gem\u00e4\u00df der Anleitung auf dem Deckel ein. Wiederholen Sie den Vorgang und stellen Sie einen Timer f\u00fcr weitere 10 Minuten ein.<\/span><\/p><p><span style=\"font-weight: 400;\"><strong>Schritt 5:<\/strong> Befolgen Sie die gleichen Schritte f\u00fcr die Abendsitzung. Die Ger\u00fcche der Abendsitzung unterscheiden sich immer von denen der Morgensitzung.<\/span><\/p><p>\u00a0<\/p><p><span style=\"font-weight: 400;\">Dieses Produkt enth\u00e4lt Duftstoffe, die \u00fcblicherweise in Parf\u00fcms verwendet werden und bei empfindlichen Personen allergische Kontaktdermatitis verursachen k\u00f6nnen. Wenn Sie wissen oder vermuten, dass Sie gegen bestimmte D\u00fcfte oder Parf\u00fcme allergisch sind, wenden Sie sich an info@nosaplugs.com, um sicherzustellen, dass diese D\u00fcfte nicht im Ger\u00e4t vorhanden sind, bevor Sie es verwenden. Die in h\u00f6herer Konzentration vorhandenen und potenziell besorgniserregenden Duftstoffe sind Eukalyptol, L-Menthol, Delta-3-Caren, Methylcyclopentenolon, Methylsalicylat und Hexanal. Wenn Sie Reizungen oder Beschwerden versp\u00fcren, entfernen Sie das Produkt sofort aus den Nasenl\u00f6chern. Bei starken Nasenreizungen oder allergischen Reaktionen wenden Sie sich an einen Arzt.<\/span><\/p>\t\t\t\t\t\t\t\t<\/div>\n\t\t\t\t<\/div>\n\t\t\t\t\t<\/div>\n\t\t\t\t<\/div>\n\t\t\t\t<\/div>\n\t\t","protected":false},"excerpt":{"rendered":"<p>Verwendungszweck Das NOSA-Geruchstraining ist ein medizinisches Ger\u00e4t zum Training des Geruchssystems durch die Assoziation von D\u00fcften. Das Geruchstraining mit dem NOSA-Ger\u00e4t stellt olfaktorische Dysfunktionen wieder her oder verbessert sie: Hyposmie, Anosmie und Parosmie. Hinweis zur Verwendung Gedacht f\u00fcr Patienten ab 12 Jahren, die an Hyposmie, Anosmie oder Parosmie infolge einer respiratorischen Virusinfektion leiden. Der klinische &hellip;<\/p>\n","protected":false},"author":3,"featured_media":0,"parent":0,"menu_order":0,"comment_status":"closed","ping_status":"closed","template":"","meta":{"_acf_changed":false,"footnotes":""},"class_list":["post-1390110","page","type-page","status-publish","hentry"],"acf":[],"aioseo_notices":[],"_links":{"self":[{"href":"https:\/\/nosaplugs.com\/de\/wp-json\/wp\/v2\/pages\/1390110"}],"collection":[{"href":"https:\/\/nosaplugs.com\/de\/wp-json\/wp\/v2\/pages"}],"about":[{"href":"https:\/\/nosaplugs.com\/de\/wp-json\/wp\/v2\/types\/page"}],"author":[{"embeddable":true,"href":"https:\/\/nosaplugs.com\/de\/wp-json\/wp\/v2\/users\/3"}],"replies":[{"embeddable":true,"href":"https:\/\/nosaplugs.com\/de\/wp-json\/wp\/v2\/comments?post=1390110"}],"version-history":[{"count":8,"href":"https:\/\/nosaplugs.com\/de\/wp-json\/wp\/v2\/pages\/1390110\/revisions"}],"predecessor-version":[{"id":1390499,"href":"https:\/\/nosaplugs.com\/de\/wp-json\/wp\/v2\/pages\/1390110\/revisions\/1390499"}],"wp:attachment":[{"href":"https:\/\/nosaplugs.com\/de\/wp-json\/wp\/v2\/media?parent=1390110"}],"curies":[{"name":"wp","href":"https:\/\/api.w.org\/{rel}","templated":true}]}}