{"id":1391446,"date":"2024-03-19T10:07:14","date_gmt":"2024-03-19T09:07:14","guid":{"rendered":"https:\/\/nosaplugs.com\/de\/?page_id=1391446"},"modified":"2024-03-21T13:38:36","modified_gmt":"2024-03-21T12:38:36","slug":"furry-animal-allergy","status":"publish","type":"page","link":"https:\/\/nosaplugs.com\/de\/furry-animal-allergy\/","title":{"rendered":"furry animal allergy"},"content":{"rendered":"\t\t<div data-elementor-type=\"wp-page\" data-elementor-id=\"1391446\" class=\"elementor elementor-1391446\" data-elementor-post-type=\"page\">\n\t\t\t\t<div class=\"elementor-element elementor-element-4ea74423 e-flex e-con-boxed e-con e-parent\" data-id=\"4ea74423\" data-element_type=\"container\">\n\t\t\t\t\t<div class=\"e-con-inner\">\n\t\t\t\t<div class=\"elementor-element elementor-element-5ff14545 elementor-hidden-mobile elementor--h-position-center elementor--v-position-middle elementor-arrows-position-inside elementor-pagination-position-inside elementor-widget elementor-widget-slides\" data-id=\"5ff14545\" data-element_type=\"widget\" data-settings=\"{&quot;navigation&quot;:&quot;both&quot;,&quot;autoplay&quot;:&quot;yes&quot;,&quot;pause_on_hover&quot;:&quot;yes&quot;,&quot;pause_on_interaction&quot;:&quot;yes&quot;,&quot;autoplay_speed&quot;:5000,&quot;infinite&quot;:&quot;yes&quot;,&quot;transition&quot;:&quot;slide&quot;,&quot;transition_speed&quot;:500}\" data-widget_type=\"slides.default\">\n\t\t\t\t<div class=\"elementor-widget-container\">\n\t\t\t\t\t\t\t\t\t<div class=\"elementor-swiper\">\n\t\t\t\t\t<div class=\"elementor-slides-wrapper elementor-main-swiper swiper\" role=\"region\" aria-roledescription=\"carousel\" aria-label=\"Slider\" dir=\"ltr\" data-animation=\"fadeInUp\">\n\t\t\t\t<div class=\"swiper-wrapper elementor-slides\">\n\t\t\t\t\t\t\t\t\t\t<div class=\"elementor-repeater-item-8299f76 swiper-slide\" role=\"group\" aria-roledescription=\"slide\"><div class=\"swiper-slide-bg\" role=\"img\"><\/div><div class=\"swiper-slide-inner\" ><div class=\"swiper-slide-contents\"><h1 class=\"elementor-slide-heading\">Tierhaarallergie<\/h1><h3 class=\"elementor-slide-description\">Haustierallergien sind relativ h\u00e4ufig, bis zu 18 % der erwachsenen Bev\u00f6lkerung reagieren allergisch auf Tierhaare. <\/h3><\/div><\/div><\/div>\t\t\t\t<\/div>\n\t\t\t\t\t\t\t<\/div>\n\t\t\t\t<\/div>\n\t\t\t\t\t\t\t\t<\/div>\n\t\t\t\t<\/div>\n\t\t\t\t\t<\/div>\n\t\t\t\t<\/div>\n\t\t<div class=\"elementor-element elementor-element-20f1d306 e-flex e-con-boxed e-con e-parent\" data-id=\"20f1d306\" data-element_type=\"container\">\n\t\t\t\t\t<div class=\"e-con-inner\">\n\t\t\t\t<div class=\"elementor-element elementor-element-eaa2358 elementor-hidden-desktop elementor-hidden-tablet elementor--h-position-center elementor--v-position-middle elementor-arrows-position-inside elementor-pagination-position-inside elementor-widget elementor-widget-slides\" data-id=\"eaa2358\" data-element_type=\"widget\" data-settings=\"{&quot;navigation&quot;:&quot;both&quot;,&quot;autoplay&quot;:&quot;yes&quot;,&quot;pause_on_hover&quot;:&quot;yes&quot;,&quot;pause_on_interaction&quot;:&quot;yes&quot;,&quot;autoplay_speed&quot;:5000,&quot;infinite&quot;:&quot;yes&quot;,&quot;transition&quot;:&quot;slide&quot;,&quot;transition_speed&quot;:500}\" data-widget_type=\"slides.default\">\n\t\t\t\t<div class=\"elementor-widget-container\">\n\t\t\t\t\t\t\t\t\t<div class=\"elementor-swiper\">\n\t\t\t\t\t<div class=\"elementor-slides-wrapper elementor-main-swiper swiper\" role=\"region\" aria-roledescription=\"carousel\" aria-label=\"Slider\" dir=\"ltr\" data-animation=\"fadeInUp\">\n\t\t\t\t<div class=\"swiper-wrapper elementor-slides\">\n\t\t\t\t\t\t\t\t\t\t<div class=\"elementor-repeater-item-8299f76 swiper-slide\" role=\"group\" aria-roledescription=\"slide\"><div class=\"swiper-slide-bg\" role=\"img\"><\/div><div class=\"swiper-slide-inner\" ><div class=\"swiper-slide-contents\"><h1 class=\"elementor-slide-heading\">Tierhaarallergie<\/h1><h3 class=\"elementor-slide-description\">Haustierallergien sind relativ h\u00e4ufig, bis zu 18 % der erwachsenen Bev\u00f6lkerung reagieren allergisch auf Tierhaare. <\/h3><\/div><\/div><\/div>\t\t\t\t<\/div>\n\t\t\t\t\t\t\t<\/div>\n\t\t\t\t<\/div>\n\t\t\t\t\t\t\t\t<\/div>\n\t\t\t\t<\/div>\n\t\t\t\t<div class=\"elementor-element elementor-element-740fb6ad elementor-hidden-mobile elementor-widget elementor-widget-spacer\" data-id=\"740fb6ad\" data-element_type=\"widget\" data-widget_type=\"spacer.default\">\n\t\t\t\t<div class=\"elementor-widget-container\">\n\t\t\t\t\t\t\t<div class=\"elementor-spacer\">\n\t\t\t<div class=\"elementor-spacer-inner\"><\/div>\n\t\t<\/div>\n\t\t\t\t\t\t<\/div>\n\t\t\t\t<\/div>\n\t\t\t\t\t<\/div>\n\t\t\t\t<\/div>\n\t\t<div class=\"elementor-element elementor-element-6806524b e-grid e-con-boxed e-con e-parent\" data-id=\"6806524b\" data-element_type=\"container\">\n\t\t\t\t\t<div class=\"e-con-inner\">\n\t\t\t\t<div class=\"elementor-element elementor-element-1225ef19 elementor-widget elementor-widget-image\" data-id=\"1225ef19\" data-element_type=\"widget\" data-widget_type=\"image.default\">\n\t\t\t\t<div class=\"elementor-widget-container\">\n\t\t\t\t\t\t\t\t\t\t\t\t\t\t\t<img fetchpriority=\"high\" decoding=\"async\" width=\"1024\" height=\"1024\" src=\"https:\/\/nosaplugs.com\/de\/wp-content\/uploads\/sites\/7\/2024\/03\/NOSA-AllergyByMartinBohmWEB05-1024x1024.png\" class=\"attachment-large size-large wp-image-1391448\" alt=\"\" srcset=\"https:\/\/nosaplugs.com\/de\/wp-content\/uploads\/sites\/7\/2024\/03\/NOSA-AllergyByMartinBohmWEB05-1024x1024.png 1024w, https:\/\/nosaplugs.com\/de\/wp-content\/uploads\/sites\/7\/2024\/03\/NOSA-AllergyByMartinBohmWEB05-300x300.png 300w, https:\/\/nosaplugs.com\/de\/wp-content\/uploads\/sites\/7\/2024\/03\/NOSA-AllergyByMartinBohmWEB05-150x150.png 150w, https:\/\/nosaplugs.com\/de\/wp-content\/uploads\/sites\/7\/2024\/03\/NOSA-AllergyByMartinBohmWEB05-768x768.png 768w, https:\/\/nosaplugs.com\/de\/wp-content\/uploads\/sites\/7\/2024\/03\/NOSA-AllergyByMartinBohmWEB05-350x350.png 350w, https:\/\/nosaplugs.com\/de\/wp-content\/uploads\/sites\/7\/2024\/03\/NOSA-AllergyByMartinBohmWEB05-680x680.png 680w, https:\/\/nosaplugs.com\/de\/wp-content\/uploads\/sites\/7\/2024\/03\/NOSA-AllergyByMartinBohmWEB05-100x100.png 100w, https:\/\/nosaplugs.com\/de\/wp-content\/uploads\/sites\/7\/2024\/03\/NOSA-AllergyByMartinBohmWEB05.png 1365w\" sizes=\"(max-width: 1024px) 100vw, 1024px\" \/>\t\t\t\t\t\t\t\t\t\t\t\t\t\t\t<\/div>\n\t\t\t\t<\/div>\n\t\t\t\t<div class=\"elementor-element elementor-element-55437f52 elementor-widget elementor-widget-text-editor\" data-id=\"55437f52\" data-element_type=\"widget\" data-widget_type=\"text-editor.default\">\n\t\t\t\t<div class=\"elementor-widget-container\">\n\t\t\t\t\t\t\t\t\t<p>Alle Pelztiere k\u00f6nnen allergische Reaktionen hervorrufen, am h\u00e4ufigsten sind jedoch Katzen- und Hundeallergien. Haustiere Allergiker reagieren eigentlich nicht auf das Fell der Tiere, sondern auf das Eiwei\u00df aus Talgdr\u00fcsen, Hautzellen, Speichel und Urin. Das Eiwei\u00df kann sich jedoch im Fell festsetzen und eine Allergie ausl\u00f6sen.\u00a0\u00a0<\/p><p>Wenn Sie allergisch auf Tierfell reagieren, sollten Sie versuchen, das Tier, auf das Sie allergisch reagieren, so weit wie m\u00f6glich zu meiden. Es kann jedoch schwierig sein, es vollst\u00e4ndig zu meiden. Die Eiwei\u00dfe des Tieres k\u00f6nnen \u00fcber die Kleidung und die Haare auf seinen Besitzer und die Umgebung \u00fcbertragen werden.\u00a0 Selbst wenn das Tier nicht in der N\u00e4he ist, k\u00f6nnen Sie also den Allergenen ausgesetzt sein.\u00a0<\/p><p>Wenn Sie allergisch auf Pelztiere reagieren, besteht ein hohes Risiko, dass Sie Asthma entwickeln, welches Sie \u00e4rztlich behandeln lassen m\u00fcssen. Schweres Asthma kann lebensbedrohlich sein, wenn es nicht richtig behandelt wird.<\/p>\t\t\t\t\t\t\t\t<\/div>\n\t\t\t\t<\/div>\n\t\t\t\t\t<\/div>\n\t\t\t\t<\/div>\n\t\t<div class=\"elementor-element elementor-element-1e7834e4 e-flex e-con-boxed e-con e-parent\" data-id=\"1e7834e4\" data-element_type=\"container\">\n\t\t\t\t\t<div class=\"e-con-inner\">\n\t\t<div class=\"elementor-element elementor-element-9798e65 e-flex e-con-boxed e-con e-child\" data-id=\"9798e65\" data-element_type=\"container\">\n\t\t\t\t\t<div class=\"e-con-inner\">\n\t\t<div class=\"elementor-element elementor-element-14a259e4 e-con-full e-flex e-con e-child\" data-id=\"14a259e4\" data-element_type=\"container\">\n\t\t\t\t<div class=\"elementor-element elementor-element-326c44bd elementor-widget elementor-widget-toggle\" data-id=\"326c44bd\" data-element_type=\"widget\" data-widget_type=\"toggle.default\">\n\t\t\t\t<div class=\"elementor-widget-container\">\n\t\t\t\t\t\t\t<div class=\"elementor-toggle\">\n\t\t\t\t\t\t\t<div class=\"elementor-toggle-item\">\n\t\t\t\t\t<div id=\"elementor-tab-title-8451\" class=\"elementor-tab-title\" data-tab=\"1\" role=\"button\" aria-controls=\"elementor-tab-content-8451\" aria-expanded=\"false\">\n\t\t\t\t\t\t\t\t\t\t\t\t<span class=\"elementor-toggle-icon elementor-toggle-icon-left\" aria-hidden=\"true\">\n\t\t\t\t\t\t\t\t\t\t\t\t\t\t\t<span class=\"elementor-toggle-icon-closed\"><i class=\"fas fa-plus\"><\/i><\/span>\n\t\t\t\t\t\t\t\t<span class=\"elementor-toggle-icon-opened\"><i class=\"elementor-toggle-icon-opened fas fa-minus\"><\/i><\/span>\n\t\t\t\t\t\t\t\t\t\t\t\t\t<\/span>\n\t\t\t\t\t\t\t\t\t\t\t\t<a class=\"elementor-toggle-title\" tabindex=\"0\">Wie \u00e4u\u00dfert sich eine tierhaarallergie<\/a>\n\t\t\t\t\t<\/div>\n\n\t\t\t\t\t<div id=\"elementor-tab-content-8451\" class=\"elementor-tab-content elementor-clearfix\" data-tab=\"1\" role=\"region\" aria-labelledby=\"elementor-tab-title-8451\"><p>Bei einer Tierhaarallergie reagiert das k\u00f6rpereigene Immunsystem auf die Eiwei\u00dfe der Tiere aus deren Talgdr\u00fcsen, Hautzellen, Speichel und Urin. Die Symptome einer Tierhaarallergie sind von Mensch zu Mensch unterschiedlich und k\u00f6nnen von leicht bis schwerwiegend reichen.<\/p><\/div>\n\t\t\t\t<\/div>\n\t\t\t\t\t\t\t<div class=\"elementor-toggle-item\">\n\t\t\t\t\t<div id=\"elementor-tab-title-8452\" class=\"elementor-tab-title\" data-tab=\"2\" role=\"button\" aria-controls=\"elementor-tab-content-8452\" aria-expanded=\"false\">\n\t\t\t\t\t\t\t\t\t\t\t\t<span class=\"elementor-toggle-icon elementor-toggle-icon-left\" aria-hidden=\"true\">\n\t\t\t\t\t\t\t\t\t\t\t\t\t\t\t<span class=\"elementor-toggle-icon-closed\"><i class=\"fas fa-plus\"><\/i><\/span>\n\t\t\t\t\t\t\t\t<span class=\"elementor-toggle-icon-opened\"><i class=\"elementor-toggle-icon-opened fas fa-minus\"><\/i><\/span>\n\t\t\t\t\t\t\t\t\t\t\t\t\t<\/span>\n\t\t\t\t\t\t\t\t\t\t\t\t<a class=\"elementor-toggle-title\" tabindex=\"0\">Wie kommt es zu einer allergischen Reaktion?<\/a>\n\t\t\t\t\t<\/div>\n\n\t\t\t\t\t<div id=\"elementor-tab-content-8452\" class=\"elementor-tab-content elementor-clearfix\" data-tab=\"2\" role=\"region\" aria-labelledby=\"elementor-tab-title-8452\"><p>Eine allergische Reaktion kann sowohl durch direkten als auch durch indirekten Kontakt mit einem oder mehreren bestimmten Tieren ausgel\u00f6st werden.<\/p><\/div>\n\t\t\t\t<\/div>\n\t\t\t\t\t\t\t\t\t\t<script type=\"application\/ld+json\">{\"@context\":\"https:\\\/\\\/schema.org\",\"@type\":\"FAQPage\",\"mainEntity\":[{\"@type\":\"Question\",\"name\":\"Wie \\u00e4u\\u00dfert sich eine tierhaarallergie\",\"acceptedAnswer\":{\"@type\":\"Answer\",\"text\":\"<p>Bei einer Tierhaarallergie reagiert das k\\u00f6rpereigene Immunsystem auf die Eiwei\\u00dfe der Tiere aus deren Talgdr\\u00fcsen, Hautzellen, Speichel und Urin. Die Symptome einer Tierhaarallergie sind von Mensch zu Mensch unterschiedlich und k\\u00f6nnen von leicht bis schwerwiegend reichen.<\\\/p>\"}},{\"@type\":\"Question\",\"name\":\"Wie kommt es zu einer allergischen Reaktion?\",\"acceptedAnswer\":{\"@type\":\"Answer\",\"text\":\"<p>Eine allergische Reaktion kann sowohl durch direkten als auch durch indirekten Kontakt mit einem oder mehreren bestimmten Tieren ausgel\\u00f6st werden.<\\\/p>\"}}]}<\/script>\n\t\t\t\t\t<\/div>\n\t\t\t\t\t\t<\/div>\n\t\t\t\t<\/div>\n\t\t\t\t<div class=\"elementor-element elementor-element-696e8a62 elementor-widget elementor-widget-button\" data-id=\"696e8a62\" data-element_type=\"widget\" data-widget_type=\"button.default\">\n\t\t\t\t<div class=\"elementor-widget-container\">\n\t\t\t\t\t\t\t\t\t<div class=\"elementor-button-wrapper\">\n\t\t\t\t\t<a class=\"elementor-button elementor-button-link elementor-size-sm\" href=\"https:\/\/nosaplugs.com\/de\/allergy\/\">\n\t\t\t\t\t\t<span class=\"elementor-button-content-wrapper\">\n\t\t\t\t\t\t<span class=\"elementor-button-icon\">\n\t\t\t\t<i aria-hidden=\"true\" class=\"fas fa-arrow-right\"><\/i>\t\t\t<\/span>\n\t\t\t\t\t\t\t\t\t<span class=\"elementor-button-text\">Lesen Sie mehr \u00fcber Allergien<\/span>\n\t\t\t\t\t<\/span>\n\t\t\t\t\t<\/a>\n\t\t\t\t<\/div>\n\t\t\t\t\t\t\t\t<\/div>\n\t\t\t\t<\/div>\n\t\t\t\t<\/div>\n\t\t<div class=\"elementor-element elementor-element-7c16141f e-con-full e-flex e-con e-child\" data-id=\"7c16141f\" data-element_type=\"container\">\n\t\t\t\t<div class=\"elementor-element elementor-element-2c92ce82 elementor-widget elementor-widget-toggle\" data-id=\"2c92ce82\" data-element_type=\"widget\" data-widget_type=\"toggle.default\">\n\t\t\t\t<div class=\"elementor-widget-container\">\n\t\t\t\t\t\t\t<div class=\"elementor-toggle\">\n\t\t\t\t\t\t\t<div class=\"elementor-toggle-item\">\n\t\t\t\t\t<div id=\"elementor-tab-title-7471\" class=\"elementor-tab-title\" data-tab=\"1\" role=\"button\" aria-controls=\"elementor-tab-content-7471\" aria-expanded=\"false\">\n\t\t\t\t\t\t\t\t\t\t\t\t<span class=\"elementor-toggle-icon elementor-toggle-icon-left\" aria-hidden=\"true\">\n\t\t\t\t\t\t\t\t\t\t\t\t\t\t\t<span class=\"elementor-toggle-icon-closed\"><i class=\"fas fa-plus\"><\/i><\/span>\n\t\t\t\t\t\t\t\t<span class=\"elementor-toggle-icon-opened\"><i class=\"elementor-toggle-icon-opened fas fa-minus\"><\/i><\/span>\n\t\t\t\t\t\t\t\t\t\t\t\t\t<\/span>\n\t\t\t\t\t\t\t\t\t\t\t\t<a class=\"elementor-toggle-title\" tabindex=\"0\">Was sind die h\u00e4ufigsten allergischen Symptome?<\/a>\n\t\t\t\t\t<\/div>\n\n\t\t\t\t\t<div id=\"elementor-tab-content-7471\" class=\"elementor-tab-content elementor-clearfix\" data-tab=\"1\" role=\"region\" aria-labelledby=\"elementor-tab-title-7471\"><p>Die h\u00e4ufigsten Symptome einer Allergie gegen Tierhaare sind:\u00a0<\/p><p>Juckende und entz\u00fcndete Augen <br \/>Niesen <br \/>Triefende Nase <br \/>Juckende Stellen am K\u00f6rper <br \/>Nasenverstopfung und Erk\u00e4ltungssymptome. <br \/>Asthmatische Beschwerden<br \/>Manche Menschen k\u00f6nnen auch durch direkten Kontakt mit einem Tier Nesselsucht bekommen.<\/p><\/div>\n\t\t\t\t<\/div>\n\t\t\t\t\t\t\t<div class=\"elementor-toggle-item\">\n\t\t\t\t\t<div id=\"elementor-tab-title-7472\" class=\"elementor-tab-title\" data-tab=\"2\" role=\"button\" aria-controls=\"elementor-tab-content-7472\" aria-expanded=\"false\">\n\t\t\t\t\t\t\t\t\t\t\t\t<span class=\"elementor-toggle-icon elementor-toggle-icon-left\" aria-hidden=\"true\">\n\t\t\t\t\t\t\t\t\t\t\t\t\t\t\t<span class=\"elementor-toggle-icon-closed\"><i class=\"fas fa-plus\"><\/i><\/span>\n\t\t\t\t\t\t\t\t<span class=\"elementor-toggle-icon-opened\"><i class=\"elementor-toggle-icon-opened fas fa-minus\"><\/i><\/span>\n\t\t\t\t\t\t\t\t\t\t\t\t\t<\/span>\n\t\t\t\t\t\t\t\t\t\t\t\t<a class=\"elementor-toggle-title\" tabindex=\"0\">Was kann man tun, um Allergien zu reduzieren?<\/a>\n\t\t\t\t\t<\/div>\n\n\t\t\t\t\t<div id=\"elementor-tab-content-7472\" class=\"elementor-tab-content elementor-clearfix\" data-tab=\"2\" role=\"region\" aria-labelledby=\"elementor-tab-title-7472\"><p>Viele der Allergene, denen wir ausgesetzt sind, werden \u00fcber die Luft \u00fcbertragen und gelangen \u00fcber unsere empfindliche Nasenschleimhaut in unseren K\u00f6rper. Tierhaarallergene, Pollen und Schimmelpilze sind einige der \u00fcber die Luft \u00fcbertragenen Allergene, die uns \u00fcber die Nase angreifen.<\/p><p>Der <a href=\"http:\/\/nosaplugs.com\/de\/product\/nosa-allergy-filter\">NOSA allergy filter<\/a> ist ein wirksamer Nasenfilter, der gegen luftgetragene Allergene wie Pollen, Tierhaare, Staub und Schimmel getestet wurde. Der Nasenfilter filtert die in der Luft befindlichen Partikel beim Einatmen durch die Nase und reduziert so die Exposition des Benutzers gegen\u00fcber dem Allergen. Indem Sie die Exposition gegen\u00fcber Allergenen reduzieren, k\u00f6nnen Sie das Risiko von allergischen Symptomen verringern.<\/p><\/div>\n\t\t\t\t<\/div>\n\t\t\t\t\t\t\t\t<\/div>\n\t\t\t\t\t\t<\/div>\n\t\t\t\t<\/div>\n\t\t\t\t<div class=\"elementor-element elementor-element-21702b7a elementor-widget elementor-widget-button\" data-id=\"21702b7a\" data-element_type=\"widget\" data-widget_type=\"button.default\">\n\t\t\t\t<div class=\"elementor-widget-container\">\n\t\t\t\t\t\t\t\t\t<div class=\"elementor-button-wrapper\">\n\t\t\t\t\t<a class=\"elementor-button elementor-button-link elementor-size-sm\" href=\"http:\/\/nosaplugs.com\/de\/product\/NOSA-allergy-filter\/\">\n\t\t\t\t\t\t<span class=\"elementor-button-content-wrapper\">\n\t\t\t\t\t\t<span class=\"elementor-button-icon\">\n\t\t\t\t<i aria-hidden=\"true\" class=\"fas fa-arrow-right\"><\/i>\t\t\t<\/span>\n\t\t\t\t\t\t\t\t\t<span class=\"elementor-button-text\">Entdecken Sie den NOSA allergy filter<\/span>\n\t\t\t\t\t<\/span>\n\t\t\t\t\t<\/a>\n\t\t\t\t<\/div>\n\t\t\t\t\t\t\t\t<\/div>\n\t\t\t\t<\/div>\n\t\t\t\t<\/div>\n\t\t\t\t\t<\/div>\n\t\t\t\t<\/div>\n\t\t\t\t\t<\/div>\n\t\t\t\t<\/div>\n\t\t\t\t<\/div>\n\t\t","protected":false},"excerpt":{"rendered":"<p>Tierhaarallergie Haustierallergien sind relativ h\u00e4ufig, bis zu 18 % der erwachsenen Bev\u00f6lkerung reagieren allergisch auf Tierhaare. Tierhaarallergie Haustierallergien sind relativ h\u00e4ufig, bis zu 18 % der erwachsenen Bev\u00f6lkerung reagieren allergisch auf Tierhaare. Alle Pelztiere k\u00f6nnen allergische Reaktionen hervorrufen, am h\u00e4ufigsten sind jedoch Katzen- und Hundeallergien. Haustiere Allergiker reagieren eigentlich nicht auf das Fell der Tiere, &hellip;<\/p>\n","protected":false},"author":7,"featured_media":0,"parent":0,"menu_order":0,"comment_status":"closed","ping_status":"closed","template":"","meta":{"_acf_changed":false,"footnotes":""},"class_list":["post-1391446","page","type-page","status-publish","hentry"],"acf":[],"aioseo_notices":[],"_links":{"self":[{"href":"https:\/\/nosaplugs.com\/de\/wp-json\/wp\/v2\/pages\/1391446"}],"collection":[{"href":"https:\/\/nosaplugs.com\/de\/wp-json\/wp\/v2\/pages"}],"about":[{"href":"https:\/\/nosaplugs.com\/de\/wp-json\/wp\/v2\/types\/page"}],"author":[{"embeddable":true,"href":"https:\/\/nosaplugs.com\/de\/wp-json\/wp\/v2\/users\/7"}],"replies":[{"embeddable":true,"href":"https:\/\/nosaplugs.com\/de\/wp-json\/wp\/v2\/comments?post=1391446"}],"version-history":[{"count":8,"href":"https:\/\/nosaplugs.com\/de\/wp-json\/wp\/v2\/pages\/1391446\/revisions"}],"predecessor-version":[{"id":1391503,"href":"https:\/\/nosaplugs.com\/de\/wp-json\/wp\/v2\/pages\/1391446\/revisions\/1391503"}],"wp:attachment":[{"href":"https:\/\/nosaplugs.com\/de\/wp-json\/wp\/v2\/media?parent=1391446"}],"curies":[{"name":"wp","href":"https:\/\/api.w.org\/{rel}","templated":true}]}}