{"id":1391462,"date":"2024-03-19T10:44:32","date_gmt":"2024-03-19T09:44:32","guid":{"rendered":"https:\/\/nosaplugs.com\/de\/?page_id=1391462"},"modified":"2024-03-21T17:33:19","modified_gmt":"2024-03-21T16:33:19","slug":"pollen-allergy","status":"publish","type":"page","link":"https:\/\/nosaplugs.com\/de\/pollen-allergy\/","title":{"rendered":"Pollen allergy"},"content":{"rendered":"\t\t<div data-elementor-type=\"wp-page\" data-elementor-id=\"1391462\" class=\"elementor elementor-1391462\" data-elementor-post-type=\"page\">\n\t\t\t\t<div class=\"elementor-element elementor-element-54bcd189 e-con-full e-flex e-con e-parent\" data-id=\"54bcd189\" data-element_type=\"container\">\n\t\t\t\t<div class=\"elementor-element elementor-element-58120b38 elementor-hidden-mobile elementor-widget__width-inherit elementor--h-position-center elementor--v-position-middle elementor-arrows-position-inside elementor-pagination-position-inside elementor-widget elementor-widget-slides\" data-id=\"58120b38\" data-element_type=\"widget\" data-settings=\"{&quot;navigation&quot;:&quot;both&quot;,&quot;autoplay&quot;:&quot;yes&quot;,&quot;pause_on_hover&quot;:&quot;yes&quot;,&quot;pause_on_interaction&quot;:&quot;yes&quot;,&quot;autoplay_speed&quot;:5000,&quot;infinite&quot;:&quot;yes&quot;,&quot;transition&quot;:&quot;slide&quot;,&quot;transition_speed&quot;:500}\" data-widget_type=\"slides.default\">\n\t\t\t\t<div class=\"elementor-widget-container\">\n\t\t\t\t\t\t\t\t\t<div class=\"elementor-swiper\">\n\t\t\t\t\t<div class=\"elementor-slides-wrapper elementor-main-swiper swiper\" role=\"region\" aria-roledescription=\"carousel\" aria-label=\"Slider\" dir=\"ltr\" data-animation=\"fadeInUp\">\n\t\t\t\t<div class=\"swiper-wrapper elementor-slides\">\n\t\t\t\t\t\t\t\t\t\t<div class=\"elementor-repeater-item-d7c409a swiper-slide\" role=\"group\" aria-roledescription=\"slide\"><div class=\"swiper-slide-bg\" role=\"img\"><\/div><div class=\"swiper-slide-inner\" ><div class=\"swiper-slide-contents\"><h1 class=\"elementor-slide-heading\">Pollenallergie<\/h1><h3 class=\"elementor-slide-description\">Leiden Sie in den Fr\u00fchlings- und Sommermonaten unter einer allgemeinen Erk\u00e4ltung? <br\/> Dann besteht die M\u00f6glichkeit, dass Sie allergisch auf Pollen reagieren.<\/h3><\/div><\/div><\/div>\t\t\t\t<\/div>\n\t\t\t\t\t\t\t<\/div>\n\t\t\t\t<\/div>\n\t\t\t\t\t\t\t\t<\/div>\n\t\t\t\t<\/div>\n\t\t\t\t<\/div>\n\t\t<div class=\"elementor-element elementor-element-4829a2a8 e-flex e-con-boxed e-con e-parent\" data-id=\"4829a2a8\" data-element_type=\"container\">\n\t\t\t\t\t<div class=\"e-con-inner\">\n\t\t\t\t<div class=\"elementor-element elementor-element-356d050e elementor-hidden-desktop elementor-hidden-tablet elementor--h-position-center elementor--v-position-middle elementor-arrows-position-inside elementor-pagination-position-inside elementor-widget elementor-widget-slides\" data-id=\"356d050e\" data-element_type=\"widget\" data-settings=\"{&quot;navigation&quot;:&quot;both&quot;,&quot;autoplay&quot;:&quot;yes&quot;,&quot;pause_on_hover&quot;:&quot;yes&quot;,&quot;pause_on_interaction&quot;:&quot;yes&quot;,&quot;autoplay_speed&quot;:5000,&quot;infinite&quot;:&quot;yes&quot;,&quot;transition&quot;:&quot;slide&quot;,&quot;transition_speed&quot;:500}\" data-widget_type=\"slides.default\">\n\t\t\t\t<div class=\"elementor-widget-container\">\n\t\t\t\t\t\t\t\t\t<div class=\"elementor-swiper\">\n\t\t\t\t\t<div class=\"elementor-slides-wrapper elementor-main-swiper swiper\" role=\"region\" aria-roledescription=\"carousel\" aria-label=\"Slider\" dir=\"ltr\" data-animation=\"fadeInUp\">\n\t\t\t\t<div class=\"swiper-wrapper elementor-slides\">\n\t\t\t\t\t\t\t\t\t\t<div class=\"elementor-repeater-item-d7c409a swiper-slide\" role=\"group\" aria-roledescription=\"slide\"><div class=\"swiper-slide-bg\" role=\"img\"><\/div><div class=\"swiper-slide-inner\" ><div class=\"swiper-slide-contents\"><h1 class=\"elementor-slide-heading\">Pollenallergie<\/h1><h3 class=\"elementor-slide-description\">Leiden Sie in den Fr\u00fchlings- und Sommermonaten unter einer allgemeinen Erk\u00e4ltung? <br\/> Dann besteht die M\u00f6glichkeit, dass Sie allergisch auf Pollen reagieren.<\/h3><\/div><\/div><\/div>\t\t\t\t<\/div>\n\t\t\t\t\t\t\t<\/div>\n\t\t\t\t<\/div>\n\t\t\t\t\t\t\t\t<\/div>\n\t\t\t\t<\/div>\n\t\t\t\t\t<\/div>\n\t\t\t\t<\/div>\n\t\t<div class=\"elementor-element elementor-element-6bdcbfbf e-grid e-con-boxed e-con e-parent\" data-id=\"6bdcbfbf\" data-element_type=\"container\">\n\t\t\t\t\t<div class=\"e-con-inner\">\n\t\t\t\t<div class=\"elementor-element elementor-element-6a4c4b0e elementor-widget elementor-widget-text-editor\" data-id=\"6a4c4b0e\" data-element_type=\"widget\" data-widget_type=\"text-editor.default\">\n\t\t\t\t<div class=\"elementor-widget-container\">\n\t\t\t\t\t\t\t\t\t<p>Wenn Sie in den Fr\u00fchlings- und Sommermonaten h\u00e4ufig eine verstopfte Nase, juckende und gereizte Augen haben, niesen m\u00fcssen und\/oder Schnupfen haben, besteht die M\u00f6glichkeit, dass Sie allergisch auf Pollen reagieren.\u00a0<\/p><p>Pollenallergien sind sehr weit verbreitet. Tats\u00e4chlich leidet einer von f\u00fcnf Menschen an einer Pollenallergie, und Untersuchungen zeigen, dass die H\u00e4ufigkeit dieser Erkrankung weiter zunehmen wird. Ein Faktor, der dazu beitr\u00e4gt, sind w\u00e4rmere Temperaturen und ein h\u00f6herer Kohlendioxidgehalt, der einige Pflanzen dazu veranlasst, mehr Pollen zu produzieren.\u00a0\u00a0<\/p><p>Bei der Pollenallergie gibt es verschiedene Arten von \u00dcberempfindlichkeit. Die h\u00e4ufigste ist eine Allergie gegen Birken- oder Gr\u00e4serpollen, beide werden als &#8222;windbest\u00e4ubt&#8220; bezeichnet. Sie werden also durch den Wind verbreitet und sind fast \u00fcberall zu finden. Eine Pollenallergie gegen Erle und Hasel ist ebenfalls weit verbreitet, aber auch viele andere B\u00e4ume und Pflanzen k\u00f6nnen Probleme verursachen.<\/p>\t\t\t\t\t\t\t\t<\/div>\n\t\t\t\t<\/div>\n\t\t\t\t<div class=\"elementor-element elementor-element-62a85c84 elementor-widget elementor-widget-image\" data-id=\"62a85c84\" data-element_type=\"widget\" data-widget_type=\"image.default\">\n\t\t\t\t<div class=\"elementor-widget-container\">\n\t\t\t\t\t\t\t\t\t\t\t\t\t\t\t<img fetchpriority=\"high\" decoding=\"async\" width=\"1024\" height=\"1024\" src=\"https:\/\/nosaplugs.com\/de\/wp-content\/uploads\/sites\/7\/2024\/03\/pollenallergi1-1024x1024.webp\" class=\"attachment-large size-large wp-image-1391470\" alt=\"\" srcset=\"https:\/\/nosaplugs.com\/de\/wp-content\/uploads\/sites\/7\/2024\/03\/pollenallergi1-1024x1024.webp 1024w, https:\/\/nosaplugs.com\/de\/wp-content\/uploads\/sites\/7\/2024\/03\/pollenallergi1-300x300.webp 300w, https:\/\/nosaplugs.com\/de\/wp-content\/uploads\/sites\/7\/2024\/03\/pollenallergi1-150x150.webp 150w, https:\/\/nosaplugs.com\/de\/wp-content\/uploads\/sites\/7\/2024\/03\/pollenallergi1-768x768.webp 768w, https:\/\/nosaplugs.com\/de\/wp-content\/uploads\/sites\/7\/2024\/03\/pollenallergi1-350x350.webp 350w, https:\/\/nosaplugs.com\/de\/wp-content\/uploads\/sites\/7\/2024\/03\/pollenallergi1-680x680.webp 680w, https:\/\/nosaplugs.com\/de\/wp-content\/uploads\/sites\/7\/2024\/03\/pollenallergi1-100x100.webp 100w, https:\/\/nosaplugs.com\/de\/wp-content\/uploads\/sites\/7\/2024\/03\/pollenallergi1.webp 1080w\" sizes=\"(max-width: 1024px) 100vw, 1024px\" \/>\t\t\t\t\t\t\t\t\t\t\t\t\t\t\t<\/div>\n\t\t\t\t<\/div>\n\t\t\t\t\t<\/div>\n\t\t\t\t<\/div>\n\t\t<div class=\"elementor-element elementor-element-6d57a5d5 e-flex e-con-boxed e-con e-parent\" data-id=\"6d57a5d5\" data-element_type=\"container\">\n\t\t\t\t\t<div class=\"e-con-inner\">\n\t\t<div class=\"elementor-element elementor-element-439997cd e-flex e-con-boxed e-con e-child\" data-id=\"439997cd\" data-element_type=\"container\">\n\t\t\t\t\t<div class=\"e-con-inner\">\n\t\t<div class=\"elementor-element elementor-element-25e78cca e-con-full e-flex e-con e-child\" data-id=\"25e78cca\" data-element_type=\"container\">\n\t\t\t\t<div class=\"elementor-element elementor-element-7de58a85 elementor-widget elementor-widget-toggle\" data-id=\"7de58a85\" data-element_type=\"widget\" data-widget_type=\"toggle.default\">\n\t\t\t\t<div class=\"elementor-widget-container\">\n\t\t\t\t\t\t\t<div class=\"elementor-toggle\">\n\t\t\t\t\t\t\t<div class=\"elementor-toggle-item\">\n\t\t\t\t\t<div id=\"elementor-tab-title-2111\" class=\"elementor-tab-title\" data-tab=\"1\" role=\"button\" aria-controls=\"elementor-tab-content-2111\" aria-expanded=\"false\">\n\t\t\t\t\t\t\t\t\t\t\t\t<span class=\"elementor-toggle-icon elementor-toggle-icon-left\" aria-hidden=\"true\">\n\t\t\t\t\t\t\t\t\t\t\t\t\t\t\t<span class=\"elementor-toggle-icon-closed\"><i class=\"fas fa-plus\"><\/i><\/span>\n\t\t\t\t\t\t\t\t<span class=\"elementor-toggle-icon-opened\"><i class=\"elementor-toggle-icon-opened fas fa-minus\"><\/i><\/span>\n\t\t\t\t\t\t\t\t\t\t\t\t\t<\/span>\n\t\t\t\t\t\t\t\t\t\t\t\t<a class=\"elementor-toggle-title\" tabindex=\"0\">Wie \u00e4u\u00dfert sich eine Pollenallergie?<\/a>\n\t\t\t\t\t<\/div>\n\n\t\t\t\t\t<div id=\"elementor-tab-content-2111\" class=\"elementor-tab-content elementor-clearfix\" data-tab=\"1\" role=\"region\" aria-labelledby=\"elementor-tab-title-2111\"><div id=\"threads_view_D062B02RRGX-1710843078.699119-1711036911.689569\" class=\"c-virtual_list__item\" tabindex=\"0\" role=\"listitem\" aria-setsize=\"-1\" data-qa=\"virtual-list-item\" data-item-key=\"D062B02RRGX-1710843078.699119-1711036911.689569\"><div class=\"p-multi_thread_background\" data-droppable-thread=\"D062B02RRGX-1710843078.699119\" data-qa=\"multi_thread_background\"><div class=\"c-message_kit__background c-message_kit__background--hovered c-message_kit__message c-message_kit__thread_message p-threads_view_reply\" role=\"presentation\" data-qa=\"message_container\" data-qa-unprocessed=\"false\" data-qa-placeholder=\"false\"><div class=\"c-message_kit__hover c-message_kit__hover--hovered\" role=\"document\" aria-roledescription=\"message\" data-qa-hover=\"true\"><div class=\"c-message_kit__actions c-message_kit__actions--default\"><div class=\"c-message_kit__gutter\"><div class=\"c-message_kit__gutter__right\" role=\"presentation\" data-qa=\"message_content\"><div class=\"c-message_kit__blocks c-message_kit__blocks--rich_text\"><div class=\"c-message__message_blocks c-message__message_blocks--rich_text\" data-qa=\"message-text\"><div class=\"p-block_kit_renderer\" data-qa=\"block-kit-renderer\"><div class=\"p-block_kit_renderer__block_wrapper p-block_kit_renderer__block_wrapper--first\"><div class=\"p-rich_text_block\" dir=\"auto\"><div class=\"p-rich_text_section\">Die h\u00e4ufigsten Symptome einer Pollenallergie sind eine juckende, laufende und verstopfte Nase. Au\u00dferdem k\u00f6nnen Sie auch Niesanf\u00e4lle bekommen. Manche Menschen versp\u00fcren auch einen Juckreiz im Rachen. Bei einer Pollenallergie sind auch die Augen h\u00e4ufig empfindlich, jucken, sind geschwollen und allgemein gereizt.<\/div><\/div><\/div><\/div><\/div><\/div><\/div><\/div><\/div><\/div><\/div><\/div><\/div><\/div>\n\t\t\t\t<\/div>\n\t\t\t\t\t\t\t<div class=\"elementor-toggle-item\">\n\t\t\t\t\t<div id=\"elementor-tab-title-2112\" class=\"elementor-tab-title\" data-tab=\"2\" role=\"button\" aria-controls=\"elementor-tab-content-2112\" aria-expanded=\"false\">\n\t\t\t\t\t\t\t\t\t\t\t\t<span class=\"elementor-toggle-icon elementor-toggle-icon-left\" aria-hidden=\"true\">\n\t\t\t\t\t\t\t\t\t\t\t\t\t\t\t<span class=\"elementor-toggle-icon-closed\"><i class=\"fas fa-plus\"><\/i><\/span>\n\t\t\t\t\t\t\t\t<span class=\"elementor-toggle-icon-opened\"><i class=\"elementor-toggle-icon-opened fas fa-minus\"><\/i><\/span>\n\t\t\t\t\t\t\t\t\t\t\t\t\t<\/span>\n\t\t\t\t\t\t\t\t\t\t\t\t<a class=\"elementor-toggle-title\" tabindex=\"0\">Welche symptome bei Pollenallergie?<\/a>\n\t\t\t\t\t<\/div>\n\n\t\t\t\t\t<div id=\"elementor-tab-content-2112\" class=\"elementor-tab-content elementor-clearfix\" data-tab=\"2\" role=\"region\" aria-labelledby=\"elementor-tab-title-2112\"><p>Pollenallergie und Pollenallergie-Symptome treten auf, wenn das Immunsystem auf den Bl\u00fctenstaub (Pollen) in der Luft \u00fcberreagiert. Die ersten Symptome treten auf, wenn der Bl\u00fctenstaub in der Luft Allergie-Antik\u00f6rper bildet, welche sich dann auf unseren Mastzellen in der Nase, der Luftr\u00f6hre und den Schleimh\u00e4uten der Augen niederlassen. Unsere Mastzellen enthalten Histamin, welches freigesetzt wird, wenn Allergene in unseren K\u00f6rper gelangen, was bei manchen Menschen zu allergischen Symptomen f\u00fchrt.\u00a0<\/p><\/div>\n\t\t\t\t<\/div>\n\t\t\t\t\t\t\t<div class=\"elementor-toggle-item\">\n\t\t\t\t\t<div id=\"elementor-tab-title-2113\" class=\"elementor-tab-title\" data-tab=\"3\" role=\"button\" aria-controls=\"elementor-tab-content-2113\" aria-expanded=\"false\">\n\t\t\t\t\t\t\t\t\t\t\t\t<span class=\"elementor-toggle-icon elementor-toggle-icon-left\" aria-hidden=\"true\">\n\t\t\t\t\t\t\t\t\t\t\t\t\t\t\t<span class=\"elementor-toggle-icon-closed\"><i class=\"fas fa-plus\"><\/i><\/span>\n\t\t\t\t\t\t\t\t<span class=\"elementor-toggle-icon-opened\"><i class=\"elementor-toggle-icon-opened fas fa-minus\"><\/i><\/span>\n\t\t\t\t\t\t\t\t\t\t\t\t\t<\/span>\n\t\t\t\t\t\t\t\t\t\t\t\t<a class=\"elementor-toggle-title\" tabindex=\"0\">Was kann man gegen Pollenallergie machen?<\/a>\n\t\t\t\t\t<\/div>\n\n\t\t\t\t\t<div id=\"elementor-tab-content-2113\" class=\"elementor-tab-content elementor-clearfix\" data-tab=\"3\" role=\"region\" aria-labelledby=\"elementor-tab-title-2113\"><p class=\"p1\">Medikamente und Antihistaminika k\u00f6nnen Ihre Pollenallergie nicht beseitigen, aber sie k\u00f6nnen Ihre allergischen Symptome lindern. Jedoch berichtet nur die H\u00e4lfte aller Pollenallergiker, dass Medikamente ihre Symptome lindern. Bei sehr schweren Pollenallergien, bei denen eine Behandlung mit Medikamenten nicht ausreicht, kann eine Impfung angeboten werden. Die Impfung kann durch Injektionen verabreicht werden, und das Ziel der Behandlung besteht darin, den Patienten von den schweren Allergiesymptomen zu befreien. Eine Allergie kann jedoch nicht vollst\u00e4ndig beseitigt werden, und der Zugang zu einer Allergieimpfung ist von Land zu Land unterschiedlich.<\/p><p class=\"p1\">Sie k\u00f6nnen auch den <a href=\"http:\/\/nosaplugs.com\/de\/product\/nosa-allergy-filter\">NOSA allergy filter<\/a> ausprobieren, einen wirksamen Nasenfilter, der entwickelt wurde, um Allergene wie Pollen, Tierhaare, Staub und Schimmel zu filtern. Eine geringere Exposition gegen\u00fcber Allergenen verringert das Risiko von allergischen Symptomen. Denken Sie daran, den Nasenfilter vor dem Hinausgehen in die Nase zu stecken! Der Filter kann bis zu 8 Stunden verwendet werden.<\/p><\/div>\n\t\t\t\t<\/div>\n\t\t\t\t\t\t\t\t\t\t<script type=\"application\/ld+json\">{\"@context\":\"https:\\\/\\\/schema.org\",\"@type\":\"FAQPage\",\"mainEntity\":[{\"@type\":\"Question\",\"name\":\"Wie \\u00e4u\\u00dfert sich eine Pollenallergie?\",\"acceptedAnswer\":{\"@type\":\"Answer\",\"text\":\"<div id=\\\"threads_view_D062B02RRGX-1710843078.699119-1711036911.689569\\\" class=\\\"c-virtual_list__item\\\" tabindex=\\\"0\\\" role=\\\"listitem\\\" aria-setsize=\\\"-1\\\" data-qa=\\\"virtual-list-item\\\" data-item-key=\\\"D062B02RRGX-1710843078.699119-1711036911.689569\\\"><div class=\\\"p-multi_thread_background\\\" data-droppable-thread=\\\"D062B02RRGX-1710843078.699119\\\" data-qa=\\\"multi_thread_background\\\"><div class=\\\"c-message_kit__background c-message_kit__background--hovered c-message_kit__message c-message_kit__thread_message p-threads_view_reply\\\" role=\\\"presentation\\\" data-qa=\\\"message_container\\\" data-qa-unprocessed=\\\"false\\\" data-qa-placeholder=\\\"false\\\"><div class=\\\"c-message_kit__hover c-message_kit__hover--hovered\\\" role=\\\"document\\\" aria-roledescription=\\\"message\\\" data-qa-hover=\\\"true\\\"><div class=\\\"c-message_kit__actions c-message_kit__actions--default\\\"><div class=\\\"c-message_kit__gutter\\\"><div class=\\\"c-message_kit__gutter__right\\\" role=\\\"presentation\\\" data-qa=\\\"message_content\\\"><div class=\\\"c-message_kit__blocks c-message_kit__blocks--rich_text\\\"><div class=\\\"c-message__message_blocks c-message__message_blocks--rich_text\\\" data-qa=\\\"message-text\\\"><div class=\\\"p-block_kit_renderer\\\" data-qa=\\\"block-kit-renderer\\\"><div class=\\\"p-block_kit_renderer__block_wrapper p-block_kit_renderer__block_wrapper--first\\\"><div class=\\\"p-rich_text_block\\\" dir=\\\"auto\\\"><div class=\\\"p-rich_text_section\\\">Die h\\u00e4ufigsten Symptome einer Pollenallergie sind eine juckende, laufende und verstopfte Nase. Au\\u00dferdem k\\u00f6nnen Sie auch Niesanf\\u00e4lle bekommen. Manche Menschen versp\\u00fcren auch einen Juckreiz im Rachen. Bei einer Pollenallergie sind auch die Augen h\\u00e4ufig empfindlich, jucken, sind geschwollen und allgemein gereizt.<\\\/div><\\\/div><\\\/div><\\\/div><\\\/div><\\\/div><\\\/div><\\\/div><\\\/div><\\\/div><\\\/div><\\\/div><\\\/div>\"}},{\"@type\":\"Question\",\"name\":\"Welche symptome bei Pollenallergie?\",\"acceptedAnswer\":{\"@type\":\"Answer\",\"text\":\"<p>Pollenallergie und Pollenallergie-Symptome treten auf, wenn das Immunsystem auf den Bl\\u00fctenstaub (Pollen) in der Luft \\u00fcberreagiert. Die ersten Symptome treten auf, wenn der Bl\\u00fctenstaub in der Luft Allergie-Antik\\u00f6rper bildet, welche sich dann auf unseren Mastzellen in der Nase, der Luftr\\u00f6hre und den Schleimh\\u00e4uten der Augen niederlassen. Unsere Mastzellen enthalten Histamin, welches freigesetzt wird, wenn Allergene in unseren K\\u00f6rper gelangen, was bei manchen Menschen zu allergischen Symptomen f\\u00fchrt.\\u00a0<\\\/p>\"}},{\"@type\":\"Question\",\"name\":\"Was kann man gegen Pollenallergie machen?\",\"acceptedAnswer\":{\"@type\":\"Answer\",\"text\":\"<p class=\\\"p1\\\">Medikamente und Antihistaminika k\\u00f6nnen Ihre Pollenallergie nicht beseitigen, aber sie k\\u00f6nnen Ihre allergischen Symptome lindern. Jedoch berichtet nur die H\\u00e4lfte aller Pollenallergiker, dass Medikamente ihre Symptome lindern. Bei sehr schweren Pollenallergien, bei denen eine Behandlung mit Medikamenten nicht ausreicht, kann eine Impfung angeboten werden. Die Impfung kann durch Injektionen verabreicht werden, und das Ziel der Behandlung besteht darin, den Patienten von den schweren Allergiesymptomen zu befreien. Eine Allergie kann jedoch nicht vollst\\u00e4ndig beseitigt werden, und der Zugang zu einer Allergieimpfung ist von Land zu Land unterschiedlich.<\\\/p><p class=\\\"p1\\\">Sie k\\u00f6nnen auch den <a href=\\\"http:\\\/\\\/nosaplugs.com\\\/de\\\/product\\\/nosa-allergy-filter\\\">NOSA allergy filter<\\\/a> ausprobieren, einen wirksamen Nasenfilter, der entwickelt wurde, um Allergene wie Pollen, Tierhaare, Staub und Schimmel zu filtern. Eine geringere Exposition gegen\\u00fcber Allergenen verringert das Risiko von allergischen Symptomen. Denken Sie daran, den Nasenfilter vor dem Hinausgehen in die Nase zu stecken! Der Filter kann bis zu 8 Stunden verwendet werden.<\\\/p>\"}}]}<\/script>\n\t\t\t\t\t<\/div>\n\t\t\t\t\t\t<\/div>\n\t\t\t\t<\/div>\n\t\t\t\t<div class=\"elementor-element elementor-element-531fb5b3 elementor-widget elementor-widget-button\" data-id=\"531fb5b3\" data-element_type=\"widget\" data-widget_type=\"button.default\">\n\t\t\t\t<div class=\"elementor-widget-container\">\n\t\t\t\t\t\t\t\t\t<div class=\"elementor-button-wrapper\">\n\t\t\t\t\t<a class=\"elementor-button elementor-button-link elementor-size-sm\" href=\"https:\/\/nosaplugs.com\/de\/allergy\/\">\n\t\t\t\t\t\t<span class=\"elementor-button-content-wrapper\">\n\t\t\t\t\t\t<span class=\"elementor-button-icon\">\n\t\t\t\t<i aria-hidden=\"true\" class=\"fas fa-arrow-right\"><\/i>\t\t\t<\/span>\n\t\t\t\t\t\t\t\t\t<span class=\"elementor-button-text\">Lesen Sie mehr \u00fcber Allergien<\/span>\n\t\t\t\t\t<\/span>\n\t\t\t\t\t<\/a>\n\t\t\t\t<\/div>\n\t\t\t\t\t\t\t\t<\/div>\n\t\t\t\t<\/div>\n\t\t\t\t<\/div>\n\t\t<div class=\"elementor-element elementor-element-120b40c6 e-con-full e-flex e-con e-child\" data-id=\"120b40c6\" data-element_type=\"container\">\n\t\t\t\t<div class=\"elementor-element elementor-element-6f7802e0 elementor-widget elementor-widget-toggle\" data-id=\"6f7802e0\" data-element_type=\"widget\" data-widget_type=\"toggle.default\">\n\t\t\t\t<div class=\"elementor-widget-container\">\n\t\t\t\t\t\t\t<div class=\"elementor-toggle\">\n\t\t\t\t\t\t\t<div class=\"elementor-toggle-item\">\n\t\t\t\t\t<div id=\"elementor-tab-title-1871\" class=\"elementor-tab-title\" data-tab=\"1\" role=\"button\" aria-controls=\"elementor-tab-content-1871\" aria-expanded=\"false\">\n\t\t\t\t\t\t\t\t\t\t\t\t<span class=\"elementor-toggle-icon elementor-toggle-icon-left\" aria-hidden=\"true\">\n\t\t\t\t\t\t\t\t\t\t\t\t\t\t\t<span class=\"elementor-toggle-icon-closed\"><i class=\"fas fa-plus\"><\/i><\/span>\n\t\t\t\t\t\t\t\t<span class=\"elementor-toggle-icon-opened\"><i class=\"elementor-toggle-icon-opened fas fa-minus\"><\/i><\/span>\n\t\t\t\t\t\t\t\t\t\t\t\t\t<\/span>\n\t\t\t\t\t\t\t\t\t\t\t\t<a class=\"elementor-toggle-title\" tabindex=\"0\">Was sind Pollen?<\/a>\n\t\t\t\t\t<\/div>\n\n\t\t\t\t\t<div id=\"elementor-tab-content-1871\" class=\"elementor-tab-content elementor-clearfix\" data-tab=\"1\" role=\"region\" aria-labelledby=\"elementor-tab-title-1871\"><p>Es gibt eine Vielzahl von Pollen, darunter Erle, Ulme, Espe, Birke, Eiche, Beifu\u00df, Gras, Hasel und Weide. Allergiker k\u00f6nnen auf verschiedene Arten von Pollen empfindlich reagieren. Manche Menschen sind nur auf eine Pollenart allergisch, w\u00e4hrend andere eine Mehrfachallergie haben und auf mehrere Pollenarten reagieren.<\/p><\/div>\n\t\t\t\t<\/div>\n\t\t\t\t\t\t\t<div class=\"elementor-toggle-item\">\n\t\t\t\t\t<div id=\"elementor-tab-title-1872\" class=\"elementor-tab-title\" data-tab=\"2\" role=\"button\" aria-controls=\"elementor-tab-content-1872\" aria-expanded=\"false\">\n\t\t\t\t\t\t\t\t\t\t\t\t<span class=\"elementor-toggle-icon elementor-toggle-icon-left\" aria-hidden=\"true\">\n\t\t\t\t\t\t\t\t\t\t\t\t\t\t\t<span class=\"elementor-toggle-icon-closed\"><i class=\"fas fa-plus\"><\/i><\/span>\n\t\t\t\t\t\t\t\t<span class=\"elementor-toggle-icon-opened\"><i class=\"elementor-toggle-icon-opened fas fa-minus\"><\/i><\/span>\n\t\t\t\t\t\t\t\t\t\t\t\t\t<\/span>\n\t\t\t\t\t\t\t\t\t\t\t\t<a class=\"elementor-toggle-title\" tabindex=\"0\">Wann kommen die Pollen an?<\/a>\n\t\t\t\t\t<\/div>\n\n\t\t\t\t\t<div id=\"elementor-tab-content-1872\" class=\"elementor-tab-content elementor-clearfix\" data-tab=\"2\" role=\"region\" aria-labelledby=\"elementor-tab-title-1872\"><p>Pollen treten jedes Jahr auf, da sie saisonal sind. Die Pollenflugzeit dauert vom Fr\u00fchjahr bis zum Herbst. Bei Pollenallergikern k\u00f6nnen die Symptome je nach der Menge der Pollen und dem Zeitpunkt, an dem sie am aktivsten sind, variieren.\u00a0<\/p><\/div>\n\t\t\t\t<\/div>\n\t\t\t\t\t\t\t<div class=\"elementor-toggle-item\">\n\t\t\t\t\t<div id=\"elementor-tab-title-1873\" class=\"elementor-tab-title\" data-tab=\"3\" role=\"button\" aria-controls=\"elementor-tab-content-1873\" aria-expanded=\"false\">\n\t\t\t\t\t\t\t\t\t\t\t\t<span class=\"elementor-toggle-icon elementor-toggle-icon-left\" aria-hidden=\"true\">\n\t\t\t\t\t\t\t\t\t\t\t\t\t\t\t<span class=\"elementor-toggle-icon-closed\"><i class=\"fas fa-plus\"><\/i><\/span>\n\t\t\t\t\t\t\t\t<span class=\"elementor-toggle-icon-opened\"><i class=\"elementor-toggle-icon-opened fas fa-minus\"><\/i><\/span>\n\t\t\t\t\t\t\t\t\t\t\t\t\t<\/span>\n\t\t\t\t\t\t\t\t\t\t\t\t<a class=\"elementor-toggle-title\" tabindex=\"0\">Wie lange fliegen die Pollen in der Luft?<\/a>\n\t\t\t\t\t<\/div>\n\n\t\t\t\t\t<div id=\"elementor-tab-content-1873\" class=\"elementor-tab-content elementor-clearfix\" data-tab=\"3\" role=\"region\" aria-labelledby=\"elementor-tab-title-1873\"><p>Verschiedene Arten von Pollen sind zu unterschiedlichen Zeiten der Saison aktiv. Die aktive Zeit kann auch je nach Wohnort variieren.<\/p><p>Erle<\/p><p>Februar &#8211; Mai<\/p><p>Ulme\u00a0<\/p><p>M\u00e4rz &#8211; Mai<\/p><p>Espe\u00a0<\/p><p>M\u00e4rz &#8211; Mai<\/p><p>Birke\u00a0<\/p><p>M\u00e4rz &#8211; Juni<\/p><p>Eiche\u00a0<\/p><p>Mai &#8211; Juni<\/p><p>Grauholz\u00a0<\/p><p>Juli &#8211; September<\/p><p>Gras\u00a0<\/p><p>Mai &#8211; September<\/p><p>Hasel\u00a0<\/p><p>Februar &#8211; April<\/p><p>Weide\u00a0<\/p><p>April &#8211; Juni<\/p><\/div>\n\t\t\t\t<\/div>\n\t\t\t\t\t\t\t\t<\/div>\n\t\t\t\t\t\t<\/div>\n\t\t\t\t<\/div>\n\t\t\t\t<div class=\"elementor-element elementor-element-3fab3a3e elementor-widget elementor-widget-button\" data-id=\"3fab3a3e\" data-element_type=\"widget\" data-widget_type=\"button.default\">\n\t\t\t\t<div class=\"elementor-widget-container\">\n\t\t\t\t\t\t\t\t\t<div class=\"elementor-button-wrapper\">\n\t\t\t\t\t<a class=\"elementor-button elementor-button-link elementor-size-sm\" href=\"http:\/\/nosaplugs.com\/de\/product\/nosa-allergy-filter\/\">\n\t\t\t\t\t\t<span class=\"elementor-button-content-wrapper\">\n\t\t\t\t\t\t<span class=\"elementor-button-icon\">\n\t\t\t\t<i aria-hidden=\"true\" class=\"fas fa-arrow-right\"><\/i>\t\t\t<\/span>\n\t\t\t\t\t\t\t\t\t<span class=\"elementor-button-text\">Entdecken Sie die NOSA allergy filter<\/span>\n\t\t\t\t\t<\/span>\n\t\t\t\t\t<\/a>\n\t\t\t\t<\/div>\n\t\t\t\t\t\t\t\t<\/div>\n\t\t\t\t<\/div>\n\t\t\t\t<\/div>\n\t\t\t\t\t<\/div>\n\t\t\t\t<\/div>\n\t\t\t\t\t<\/div>\n\t\t\t\t<\/div>\n\t\t\t\t<\/div>\n\t\t","protected":false},"excerpt":{"rendered":"<p>Pollenallergie Leiden Sie in den Fr\u00fchlings- und Sommermonaten unter einer allgemeinen Erk\u00e4ltung? Dann besteht die M\u00f6glichkeit, dass Sie allergisch auf Pollen reagieren. Pollenallergie Leiden Sie in den Fr\u00fchlings- und Sommermonaten unter einer allgemeinen Erk\u00e4ltung? Dann besteht die M\u00f6glichkeit, dass Sie allergisch auf Pollen reagieren. Wenn Sie in den Fr\u00fchlings- und Sommermonaten h\u00e4ufig eine verstopfte Nase, &hellip;<\/p>\n","protected":false},"author":7,"featured_media":0,"parent":0,"menu_order":0,"comment_status":"closed","ping_status":"closed","template":"","meta":{"_acf_changed":false,"footnotes":""},"class_list":["post-1391462","page","type-page","status-publish","hentry"],"acf":[],"aioseo_notices":[],"_links":{"self":[{"href":"https:\/\/nosaplugs.com\/de\/wp-json\/wp\/v2\/pages\/1391462"}],"collection":[{"href":"https:\/\/nosaplugs.com\/de\/wp-json\/wp\/v2\/pages"}],"about":[{"href":"https:\/\/nosaplugs.com\/de\/wp-json\/wp\/v2\/types\/page"}],"author":[{"embeddable":true,"href":"https:\/\/nosaplugs.com\/de\/wp-json\/wp\/v2\/users\/7"}],"replies":[{"embeddable":true,"href":"https:\/\/nosaplugs.com\/de\/wp-json\/wp\/v2\/comments?post=1391462"}],"version-history":[{"count":14,"href":"https:\/\/nosaplugs.com\/de\/wp-json\/wp\/v2\/pages\/1391462\/revisions"}],"predecessor-version":[{"id":1391521,"href":"https:\/\/nosaplugs.com\/de\/wp-json\/wp\/v2\/pages\/1391462\/revisions\/1391521"}],"wp:attachment":[{"href":"https:\/\/nosaplugs.com\/de\/wp-json\/wp\/v2\/media?parent=1391462"}],"curies":[{"name":"wp","href":"https:\/\/api.w.org\/{rel}","templated":true}]}}