{"id":1391477,"date":"2024-03-19T11:26:38","date_gmt":"2024-03-19T10:26:38","guid":{"rendered":"https:\/\/nosaplugs.com\/de\/?page_id=1391477"},"modified":"2024-03-21T17:31:44","modified_gmt":"2024-03-21T16:31:44","slug":"mold-allergy","status":"publish","type":"page","link":"https:\/\/nosaplugs.com\/de\/mold-allergy\/","title":{"rendered":"mold allergy"},"content":{"rendered":"\t\t<div data-elementor-type=\"wp-page\" data-elementor-id=\"1391477\" class=\"elementor elementor-1391477\" data-elementor-post-type=\"page\">\n\t\t\t\t<div class=\"elementor-element elementor-element-18981f79 e-flex e-con-boxed e-con e-parent\" data-id=\"18981f79\" data-element_type=\"container\">\n\t\t\t\t\t<div class=\"e-con-inner\">\n\t\t\t\t<div class=\"elementor-element elementor-element-393dd22e elementor-hidden-mobile elementor--h-position-center elementor--v-position-middle elementor-arrows-position-inside elementor-pagination-position-inside elementor-widget elementor-widget-slides\" data-id=\"393dd22e\" data-element_type=\"widget\" data-settings=\"{&quot;navigation&quot;:&quot;both&quot;,&quot;autoplay&quot;:&quot;yes&quot;,&quot;pause_on_hover&quot;:&quot;yes&quot;,&quot;pause_on_interaction&quot;:&quot;yes&quot;,&quot;autoplay_speed&quot;:5000,&quot;infinite&quot;:&quot;yes&quot;,&quot;transition&quot;:&quot;slide&quot;,&quot;transition_speed&quot;:500}\" data-widget_type=\"slides.default\">\n\t\t\t\t<div class=\"elementor-widget-container\">\n\t\t\t\t\t\t\t\t\t<div class=\"elementor-swiper\">\n\t\t\t\t\t<div class=\"elementor-slides-wrapper elementor-main-swiper swiper\" role=\"region\" aria-roledescription=\"carousel\" aria-label=\"Slider\" dir=\"ltr\" data-animation=\"fadeInUp\">\n\t\t\t\t<div class=\"swiper-wrapper elementor-slides\">\n\t\t\t\t\t\t\t\t\t\t<div class=\"elementor-repeater-item-c18e2eb swiper-slide\" role=\"group\" aria-roledescription=\"slide\"><div class=\"swiper-slide-bg\" role=\"img\"><\/div><div class=\"swiper-slide-inner\" ><div class=\"swiper-slide-contents\"><h1 class=\"elementor-slide-heading\">Schimmelpilzallergie<\/h1><div class=\"elementor-slide-description\">Als Allergiker m\u00fcssen Sie den Schimmelpilz nicht physisch ber\u00fchren, um eine Reaktion zu zeigen; es reicht aus, wenn Sie sich in der gleichen Umgebung wie der Schimmelpilz aufhalten, da die Sporen \u00fcber die Luft \u00fcbertragen werden. <\/div><\/div><\/div><\/div>\t\t\t\t<\/div>\n\t\t\t\t\t\t\t<\/div>\n\t\t\t\t<\/div>\n\t\t\t\t\t\t\t\t<\/div>\n\t\t\t\t<\/div>\n\t\t\t\t\t<\/div>\n\t\t\t\t<\/div>\n\t\t<div class=\"elementor-element elementor-element-3499be1 e-flex e-con-boxed e-con e-parent\" data-id=\"3499be1\" data-element_type=\"container\">\n\t\t\t\t\t<div class=\"e-con-inner\">\n\t\t\t\t<div class=\"elementor-element elementor-element-204afdb1 elementor-hidden-desktop elementor-hidden-tablet elementor--h-position-center elementor--v-position-middle elementor-arrows-position-inside elementor-pagination-position-inside elementor-widget elementor-widget-slides\" data-id=\"204afdb1\" data-element_type=\"widget\" data-settings=\"{&quot;navigation&quot;:&quot;both&quot;,&quot;autoplay&quot;:&quot;yes&quot;,&quot;pause_on_hover&quot;:&quot;yes&quot;,&quot;pause_on_interaction&quot;:&quot;yes&quot;,&quot;autoplay_speed&quot;:5000,&quot;infinite&quot;:&quot;yes&quot;,&quot;transition&quot;:&quot;slide&quot;,&quot;transition_speed&quot;:500}\" data-widget_type=\"slides.default\">\n\t\t\t\t<div class=\"elementor-widget-container\">\n\t\t\t\t\t\t\t\t\t<div class=\"elementor-swiper\">\n\t\t\t\t\t<div class=\"elementor-slides-wrapper elementor-main-swiper swiper\" role=\"region\" aria-roledescription=\"carousel\" aria-label=\"Slider\" dir=\"ltr\" data-animation=\"fadeInUp\">\n\t\t\t\t<div class=\"swiper-wrapper elementor-slides\">\n\t\t\t\t\t\t\t\t\t\t<div class=\"elementor-repeater-item-c18e2eb swiper-slide\" role=\"group\" aria-roledescription=\"slide\"><div class=\"swiper-slide-bg\" role=\"img\"><\/div><div class=\"swiper-slide-inner\" ><div class=\"swiper-slide-contents\"><h1 class=\"elementor-slide-heading\">Schimmelpilzallergie<\/h1><div class=\"elementor-slide-description\">Als Allergiker m\u00fcssen Sie den Schimmelpilz nicht physisch ber\u00fchren, um eine Reaktion zu zeigen<\/div><\/div><\/div><\/div>\t\t\t\t<\/div>\n\t\t\t\t\t\t\t<\/div>\n\t\t\t\t<\/div>\n\t\t\t\t\t\t\t\t<\/div>\n\t\t\t\t<\/div>\n\t\t\t\t\t<\/div>\n\t\t\t\t<\/div>\n\t\t<div class=\"elementor-element elementor-element-27081275 e-grid e-con-boxed e-con e-parent\" data-id=\"27081275\" data-element_type=\"container\">\n\t\t\t\t\t<div class=\"e-con-inner\">\n\t\t\t\t<div class=\"elementor-element elementor-element-821419c elementor-widget elementor-widget-image\" data-id=\"821419c\" data-element_type=\"widget\" data-widget_type=\"image.default\">\n\t\t\t\t<div class=\"elementor-widget-container\">\n\t\t\t\t\t\t\t\t\t\t\t\t\t\t\t<img fetchpriority=\"high\" decoding=\"async\" width=\"1024\" height=\"1024\" src=\"https:\/\/nosaplugs.com\/de\/wp-content\/uploads\/sites\/7\/2024\/03\/mogelallergi1-1024x1024.webp\" class=\"attachment-large size-large wp-image-1391479\" alt=\"\" srcset=\"https:\/\/nosaplugs.com\/de\/wp-content\/uploads\/sites\/7\/2024\/03\/mogelallergi1-1024x1024.webp 1024w, https:\/\/nosaplugs.com\/de\/wp-content\/uploads\/sites\/7\/2024\/03\/mogelallergi1-300x300.webp 300w, https:\/\/nosaplugs.com\/de\/wp-content\/uploads\/sites\/7\/2024\/03\/mogelallergi1-150x150.webp 150w, https:\/\/nosaplugs.com\/de\/wp-content\/uploads\/sites\/7\/2024\/03\/mogelallergi1-768x768.webp 768w, https:\/\/nosaplugs.com\/de\/wp-content\/uploads\/sites\/7\/2024\/03\/mogelallergi1-350x350.webp 350w, https:\/\/nosaplugs.com\/de\/wp-content\/uploads\/sites\/7\/2024\/03\/mogelallergi1-680x680.webp 680w, https:\/\/nosaplugs.com\/de\/wp-content\/uploads\/sites\/7\/2024\/03\/mogelallergi1-100x100.webp 100w, https:\/\/nosaplugs.com\/de\/wp-content\/uploads\/sites\/7\/2024\/03\/mogelallergi1.webp 1080w\" sizes=\"(max-width: 1024px) 100vw, 1024px\" \/>\t\t\t\t\t\t\t\t\t\t\t\t\t\t\t<\/div>\n\t\t\t\t<\/div>\n\t\t\t\t<div class=\"elementor-element elementor-element-30c59a5c elementor-widget elementor-widget-text-editor\" data-id=\"30c59a5c\" data-element_type=\"widget\" data-widget_type=\"text-editor.default\">\n\t\t\t\t<div class=\"elementor-widget-container\">\n\t\t\t\t\t\t\t\t\t<p>Eine Schimmelpilzallergie ist relativ selten, aber f\u00fcr diejenigen, die darunter leiden, kann sie sehr l\u00e4stig sein. Die Empfindlichkeit kann auch von Person zu Person variieren, und einige Schimmelpilzarten k\u00f6nnen sch\u00e4dlicher sein als andere.\u00a0<\/p><p>Schimmelpilzallergiker reagieren bei Kontakt mit Schimmelpilzen auf die Sporen und Mykotoxine oder Toxine, die der Schimmelpilz freisetzt. Als Allergiker m\u00fcssen Sie den Schimmelpilz nicht physisch ber\u00fchren, um eine Reaktion zu zeigen; es reicht aus, wenn Sie sich in der gleichen Umgebung wie der Schimmelpilz aufhalten, da die Sporen \u00fcber die Luft \u00fcbertragen werden.\u00a0<\/p><p>Da die Sporen durch die Luft verbreitet werden, ist die h\u00e4ufigste Art, ihnen ausgesetzt zu sein, das Einatmen. Daher betreffen die Symptome in der Regel haupts\u00e4chlich die Atemwege. F\u00fcr Menschen mit Asthma kann eine Schimmelpilzallergie besonders problematisch sein.\u00a0<\/p><p>Es gibt viele verschiedene Arten von Schimmelpilzen. Eine sehr h\u00e4ufige Schimmelart ist der so genannte Schwarzschimmel, der h\u00e4ufig in H\u00e4usern mit Feuchtigkeitssch\u00e4den vorkommt. Schwarzer Schimmel ist eine Sammelbezeichnung f\u00fcr dunkle Schimmelpilze und umfasst etwa 300 verschiedene Arten. Andere Schimmelpilzarten, die Allergien verursachen k\u00f6nnen, sind Alternaria, Cladosporium, Fumigatus, Penicillium und Stachybotrys.<\/p>\t\t\t\t\t\t\t\t<\/div>\n\t\t\t\t<\/div>\n\t\t\t\t\t<\/div>\n\t\t\t\t<\/div>\n\t\t<div class=\"elementor-element elementor-element-38dae0ad e-flex e-con-boxed e-con e-parent\" data-id=\"38dae0ad\" data-element_type=\"container\">\n\t\t\t\t\t<div class=\"e-con-inner\">\n\t\t<div class=\"elementor-element elementor-element-302a6a12 e-flex e-con-boxed e-con e-child\" data-id=\"302a6a12\" data-element_type=\"container\">\n\t\t\t\t\t<div class=\"e-con-inner\">\n\t\t<div class=\"elementor-element elementor-element-24d69a03 e-con-full e-flex e-con e-child\" data-id=\"24d69a03\" data-element_type=\"container\">\n\t\t\t\t<div class=\"elementor-element elementor-element-38b5f401 elementor-widget elementor-widget-toggle\" data-id=\"38b5f401\" data-element_type=\"widget\" data-widget_type=\"toggle.default\">\n\t\t\t\t<div class=\"elementor-widget-container\">\n\t\t\t\t\t\t\t<div class=\"elementor-toggle\">\n\t\t\t\t\t\t\t<div class=\"elementor-toggle-item\">\n\t\t\t\t\t<div id=\"elementor-tab-title-9511\" class=\"elementor-tab-title\" data-tab=\"1\" role=\"button\" aria-controls=\"elementor-tab-content-9511\" aria-expanded=\"false\">\n\t\t\t\t\t\t\t\t\t\t\t\t<span class=\"elementor-toggle-icon elementor-toggle-icon-left\" aria-hidden=\"true\">\n\t\t\t\t\t\t\t\t\t\t\t\t\t\t\t<span class=\"elementor-toggle-icon-closed\"><i class=\"fas fa-plus\"><\/i><\/span>\n\t\t\t\t\t\t\t\t<span class=\"elementor-toggle-icon-opened\"><i class=\"elementor-toggle-icon-opened fas fa-minus\"><\/i><\/span>\n\t\t\t\t\t\t\t\t\t\t\t\t\t<\/span>\n\t\t\t\t\t\t\t\t\t\t\t\t<a class=\"elementor-toggle-title\" tabindex=\"0\">Symptome einer Schimmelpilzallergie?<\/a>\n\t\t\t\t\t<\/div>\n\n\t\t\t\t\t<div id=\"elementor-tab-content-9511\" class=\"elementor-tab-content elementor-clearfix\" data-tab=\"1\" role=\"region\" aria-labelledby=\"elementor-tab-title-9511\"><p>Die Symptome einer Schimmelpilzallergie k\u00f6nnen von Mensch zu Mensch unterschiedlich sein. Manche reagieren st\u00e4rker als andere und umgekehrt. Manche haben nur eine leicht laufende Nase oder Husten, w\u00e4hrend andere schwere Atemprobleme haben, die \u00e4rztliche Hilfe erfordern, wie z. B. allergisches Asthma.<\/p><p>Da es sich bei Schimmel um einen Pilz handelt und seine Poren \u00fcber die Luft \u00fcbertragen werden, treten die Symptome h\u00e4ufig in der Luftr\u00f6hre auf. Aber auch Husten, laufende Nase, M\u00fcdigkeit, trockene Haut, Kopfschmerzen und juckende Augen k\u00f6nnen auftreten. Wenn Sie bereits an Asthma leiden, k\u00f6nnen Sie auch Atembeschwerden bekommen.<\/p><\/div>\n\t\t\t\t<\/div>\n\t\t\t\t\t\t\t\t\t\t<script type=\"application\/ld+json\">{\"@context\":\"https:\\\/\\\/schema.org\",\"@type\":\"FAQPage\",\"mainEntity\":[{\"@type\":\"Question\",\"name\":\"Symptome einer Schimmelpilzallergie?\",\"acceptedAnswer\":{\"@type\":\"Answer\",\"text\":\"<p>Die Symptome einer Schimmelpilzallergie k\\u00f6nnen von Mensch zu Mensch unterschiedlich sein. Manche reagieren st\\u00e4rker als andere und umgekehrt. Manche haben nur eine leicht laufende Nase oder Husten, w\\u00e4hrend andere schwere Atemprobleme haben, die \\u00e4rztliche Hilfe erfordern, wie z. B. allergisches Asthma.<\\\/p><p>Da es sich bei Schimmel um einen Pilz handelt und seine Poren \\u00fcber die Luft \\u00fcbertragen werden, treten die Symptome h\\u00e4ufig in der Luftr\\u00f6hre auf. Aber auch Husten, laufende Nase, M\\u00fcdigkeit, trockene Haut, Kopfschmerzen und juckende Augen k\\u00f6nnen auftreten. Wenn Sie bereits an Asthma leiden, k\\u00f6nnen Sie auch Atembeschwerden bekommen.<\\\/p>\"}}]}<\/script>\n\t\t\t\t\t<\/div>\n\t\t\t\t\t\t<\/div>\n\t\t\t\t<\/div>\n\t\t\t\t<div class=\"elementor-element elementor-element-6c180a16 elementor-widget elementor-widget-button\" data-id=\"6c180a16\" data-element_type=\"widget\" data-widget_type=\"button.default\">\n\t\t\t\t<div class=\"elementor-widget-container\">\n\t\t\t\t\t\t\t\t\t<div class=\"elementor-button-wrapper\">\n\t\t\t\t\t<a class=\"elementor-button elementor-button-link elementor-size-sm\" href=\"https:\/\/nosaplugs.com\/de\/allergy\/\">\n\t\t\t\t\t\t<span class=\"elementor-button-content-wrapper\">\n\t\t\t\t\t\t<span class=\"elementor-button-icon\">\n\t\t\t\t<i aria-hidden=\"true\" class=\"fas fa-arrow-right\"><\/i>\t\t\t<\/span>\n\t\t\t\t\t\t\t\t\t<span class=\"elementor-button-text\">Lesen Sie mehr \u00fcber Allergien<\/span>\n\t\t\t\t\t<\/span>\n\t\t\t\t\t<\/a>\n\t\t\t\t<\/div>\n\t\t\t\t\t\t\t\t<\/div>\n\t\t\t\t<\/div>\n\t\t\t\t<\/div>\n\t\t<div class=\"elementor-element elementor-element-103d132d e-con-full e-flex e-con e-child\" data-id=\"103d132d\" data-element_type=\"container\">\n\t\t\t\t<div class=\"elementor-element elementor-element-527618f9 elementor-widget elementor-widget-toggle\" data-id=\"527618f9\" data-element_type=\"widget\" data-widget_type=\"toggle.default\">\n\t\t\t\t<div class=\"elementor-widget-container\">\n\t\t\t\t\t\t\t<div class=\"elementor-toggle\">\n\t\t\t\t\t\t\t<div class=\"elementor-toggle-item\">\n\t\t\t\t\t<div id=\"elementor-tab-title-1381\" class=\"elementor-tab-title\" data-tab=\"1\" role=\"button\" aria-controls=\"elementor-tab-content-1381\" aria-expanded=\"false\">\n\t\t\t\t\t\t\t\t\t\t\t\t<span class=\"elementor-toggle-icon elementor-toggle-icon-left\" aria-hidden=\"true\">\n\t\t\t\t\t\t\t\t\t\t\t\t\t\t\t<span class=\"elementor-toggle-icon-closed\"><i class=\"fas fa-plus\"><\/i><\/span>\n\t\t\t\t\t\t\t\t<span class=\"elementor-toggle-icon-opened\"><i class=\"elementor-toggle-icon-opened fas fa-minus\"><\/i><\/span>\n\t\t\t\t\t\t\t\t\t\t\t\t\t<\/span>\n\t\t\t\t\t\t\t\t\t\t\t\t<a class=\"elementor-toggle-title\" tabindex=\"0\">Schimmel zu Hause?<\/a>\n\t\t\t\t\t<\/div>\n\n\t\t\t\t\t<div id=\"elementor-tab-content-1381\" class=\"elementor-tab-content elementor-clearfix\" data-tab=\"1\" role=\"region\" aria-labelledby=\"elementor-tab-title-1381\"><p>Wenn Sie Schimmel in Ihrer Wohnung haben, sollten Sie versuchen, das Problem so schnell wie m\u00f6glich zu beheben, egal ob Sie allergisch sind oder nicht. Es ist nicht gut, dem Schimmelpilz \u00fcber einen l\u00e4ngeren Zeitraum ausgesetzt zu sein, vor allem wenn Sie allergische Symptome haben.<\/p><p>Wenn Sie eine schwere Allergie haben oder unter Atembeschwerden leiden, sollten Sie den betroffenen Bereich meiden, bis der Schimmel saniert und entfernt wurde.<\/p><\/div>\n\t\t\t\t<\/div>\n\t\t\t\t\t\t\t\t<\/div>\n\t\t\t\t\t\t<\/div>\n\t\t\t\t<\/div>\n\t\t\t\t<div class=\"elementor-element elementor-element-5b22a148 elementor-widget elementor-widget-button\" data-id=\"5b22a148\" data-element_type=\"widget\" data-widget_type=\"button.default\">\n\t\t\t\t<div class=\"elementor-widget-container\">\n\t\t\t\t\t\t\t\t\t<div class=\"elementor-button-wrapper\">\n\t\t\t\t\t<a class=\"elementor-button elementor-button-link elementor-size-sm\" href=\"http:\/\/nosaplugs.com\/de\/product\/nosa-allergy-filter\/\">\n\t\t\t\t\t\t<span class=\"elementor-button-content-wrapper\">\n\t\t\t\t\t\t<span class=\"elementor-button-icon\">\n\t\t\t\t<i aria-hidden=\"true\" class=\"fas fa-arrow-right\"><\/i>\t\t\t<\/span>\n\t\t\t\t\t\t\t\t\t<span class=\"elementor-button-text\">Entdecken Sie den NOSA allergy filter<\/span>\n\t\t\t\t\t<\/span>\n\t\t\t\t\t<\/a>\n\t\t\t\t<\/div>\n\t\t\t\t\t\t\t\t<\/div>\n\t\t\t\t<\/div>\n\t\t\t\t<\/div>\n\t\t\t\t\t<\/div>\n\t\t\t\t<\/div>\n\t\t\t\t\t<\/div>\n\t\t\t\t<\/div>\n\t\t\t\t<\/div>\n\t\t","protected":false},"excerpt":{"rendered":"<p>Schimmelpilzallergie Als Allergiker m\u00fcssen Sie den Schimmelpilz nicht physisch ber\u00fchren, um eine Reaktion zu zeigen; es reicht aus, wenn Sie sich in der gleichen Umgebung wie der Schimmelpilz aufhalten, da die Sporen \u00fcber die Luft \u00fcbertragen werden. Schimmelpilzallergie Als Allergiker m\u00fcssen Sie den Schimmelpilz nicht physisch ber\u00fchren, um eine Reaktion zu zeigen Eine Schimmelpilzallergie ist &hellip;<\/p>\n","protected":false},"author":7,"featured_media":0,"parent":0,"menu_order":0,"comment_status":"closed","ping_status":"closed","template":"","meta":{"_acf_changed":false,"footnotes":""},"class_list":["post-1391477","page","type-page","status-publish","hentry"],"acf":[],"aioseo_notices":[],"_links":{"self":[{"href":"https:\/\/nosaplugs.com\/de\/wp-json\/wp\/v2\/pages\/1391477"}],"collection":[{"href":"https:\/\/nosaplugs.com\/de\/wp-json\/wp\/v2\/pages"}],"about":[{"href":"https:\/\/nosaplugs.com\/de\/wp-json\/wp\/v2\/types\/page"}],"author":[{"embeddable":true,"href":"https:\/\/nosaplugs.com\/de\/wp-json\/wp\/v2\/users\/7"}],"replies":[{"embeddable":true,"href":"https:\/\/nosaplugs.com\/de\/wp-json\/wp\/v2\/comments?post=1391477"}],"version-history":[{"count":14,"href":"https:\/\/nosaplugs.com\/de\/wp-json\/wp\/v2\/pages\/1391477\/revisions"}],"predecessor-version":[{"id":1391515,"href":"https:\/\/nosaplugs.com\/de\/wp-json\/wp\/v2\/pages\/1391477\/revisions\/1391515"}],"wp:attachment":[{"href":"https:\/\/nosaplugs.com\/de\/wp-json\/wp\/v2\/media?parent=1391477"}],"curies":[{"name":"wp","href":"https:\/\/api.w.org\/{rel}","templated":true}]}}