{"id":358,"date":"2015-08-12T12:27:19","date_gmt":"2015-08-12T12:27:19","guid":{"rendered":"http:\/\/savoy.nordicmade.com\/?page_id=358"},"modified":"2024-01-31T17:21:21","modified_gmt":"2024-01-31T16:21:21","slug":"about-us","status":"publish","type":"page","link":"https:\/\/nosaplugs.com\/de\/about-us\/","title":{"rendered":"About"},"content":{"rendered":"\t\t<div data-elementor-type=\"wp-page\" data-elementor-id=\"358\" class=\"elementor elementor-358\" data-elementor-post-type=\"page\">\n\t\t\t\t\t\t<section class=\"elementor-section elementor-top-section elementor-element elementor-element-569b0b1 elementor-section-boxed elementor-section-height-default elementor-section-height-default\" data-id=\"569b0b1\" data-element_type=\"section\">\n\t\t\t\t\t\t<div class=\"elementor-container elementor-column-gap-extended\">\n\t\t\t\t\t<div class=\"elementor-column elementor-col-50 elementor-top-column elementor-element elementor-element-4f15342\" data-id=\"4f15342\" data-element_type=\"column\">\n\t\t\t<div class=\"elementor-widget-wrap elementor-element-populated\">\n\t\t\t\t\t\t<div class=\"elementor-element elementor-element-4e7522a elementor-widget elementor-widget-heading\" data-id=\"4e7522a\" data-element_type=\"widget\" data-widget_type=\"heading.default\">\n\t\t\t\t<div class=\"elementor-widget-container\">\n\t\t\t\t\t<h3 class=\"elementor-heading-title elementor-size-default\">Wer sind wir?<\/h3>\t\t\t\t<\/div>\n\t\t\t\t<\/div>\n\t\t\t\t\t<\/div>\n\t\t<\/div>\n\t\t\t\t<div class=\"elementor-column elementor-col-50 elementor-top-column elementor-element elementor-element-113b122\" data-id=\"113b122\" data-element_type=\"column\">\n\t\t\t<div class=\"elementor-widget-wrap elementor-element-populated\">\n\t\t\t\t\t\t<div class=\"elementor-element elementor-element-c99a232 elementor-widget__width-initial elementor-widget elementor-widget-text-editor\" data-id=\"c99a232\" data-element_type=\"widget\" data-widget_type=\"text-editor.default\">\n\t\t\t\t<div class=\"elementor-widget-container\">\n\t\t\t\t\t\t\t\t\t<p>NOSA ist ein schwedisches Medizintechnikunternehmen, das Pionierarbeit bei intranasalen Innovationen zur Verbesserung der Lebensqualit\u00e4t durch Nasenatmung leistet. Wir helfen Menschen dabei ihr Leben in vollen Z\u00fcgen zu genie\u00dfen und sich an ihrer Umgebung zu erfreuen, anstatt von ihr eingeschr\u00e4nkt zu werden.<\/p><p>Wir arbeiten an der L\u00f6sung von Problemen im Zusammenhang mit der Atmung und dem Riechsystem, wie schlechte Ger\u00fcche, Infektionen, Allergien und St\u00f6rungen des Geruchssinns. Wir wissen, dass die Schleimh\u00e4ute in der Nase empfindlich sind und leicht sch\u00e4dlichen Partikeln ausgesetzt sind. Wenn wir die Nase sch\u00fctzen, k\u00f6nnen wir Menschen in verschiedenen Situationen helfen, ihre Umgebung zu genie\u00dfen, anstatt von ihr eingeschr\u00e4nkt zu werden.<\/p><p>Seit M\u00e4rz 2023 ist Nosa Plugs AB die Muttergesellschaft von NoseOption AB und NoseOption Inc. Nosa Plugs AB ist an der Nasdaq First North Stockholm notiert.<\/p>\t\t\t\t\t\t\t\t<\/div>\n\t\t\t\t<\/div>\n\t\t\t\t\t<\/div>\n\t\t<\/div>\n\t\t\t\t\t<\/div>\n\t\t<\/section>\n\t\t<div class=\"elementor-element elementor-element-c0778d1 e-flex e-con-boxed e-con e-parent\" data-id=\"c0778d1\" data-element_type=\"container\">\n\t\t\t\t\t<div class=\"e-con-inner\">\n\t\t\t\t<div class=\"elementor-element elementor-element-34e7ac1 elementor-widget elementor-widget-nm-banner\" data-id=\"34e7ac1\" data-element_type=\"widget\" data-widget_type=\"nm-banner.default\">\n\t\t\t\t<div class=\"elementor-widget-container\">\n\t\t\t\t\t\r\n\t\t\t<div class=\"nm-banner content-full image-type-fluid has-alt-image text-color-dark subtitle-below\" style=\"\"><a href=\"\" class=\"nm-banner-link nm-banner-link-full\"><img fetchpriority=\"high\" decoding=\"async\" src=\"https:\/\/nosaplugs.com\/de\/wp-content\/uploads\/sites\/7\/2023\/11\/9751177f-ee2e-4822-9c3a-fa13d65c35ec.jpg\" width=\"1920\" height=\"1132\" alt=\"9751177f-ee2e-4822-9c3a-fa13d65c35ec\" \/><img decoding=\"async\" src=\"https:\/\/nosaplugs.com\/de\/wp-content\/uploads\/sites\/7\/2023\/11\/9751177f-ee2e-4822-9c3a-fa13d65c35ec.jpg\" class=\"nm-banner-alt-image img\" width=\"1920\" height=\"1132\" alt=\"9751177f-ee2e-4822-9c3a-fa13d65c35ec\" \/><\/a>\r\n\t\t\t<\/div>\t\t\t\t<\/div>\n\t\t\t\t<\/div>\n\t\t\t\t\t<\/div>\n\t\t\t\t<\/div>\n\t\t\t\t<section class=\"elementor-section elementor-top-section elementor-element elementor-element-0cabd80 elementor-section-boxed elementor-section-height-default elementor-section-height-default\" data-id=\"0cabd80\" data-element_type=\"section\" data-settings=\"{&quot;background_background&quot;:&quot;classic&quot;}\">\n\t\t\t\t\t\t<div class=\"elementor-container elementor-column-gap-extended\">\n\t\t\t\t\t<div class=\"elementor-column elementor-col-50 elementor-top-column elementor-element elementor-element-004c2af\" data-id=\"004c2af\" data-element_type=\"column\">\n\t\t\t<div class=\"elementor-widget-wrap elementor-element-populated\">\n\t\t\t\t\t\t<div class=\"elementor-element elementor-element-9eb89a1 elementor-widget elementor-widget-heading\" data-id=\"9eb89a1\" data-element_type=\"widget\" data-widget_type=\"heading.default\">\n\t\t\t\t<div class=\"elementor-widget-container\">\n\t\t\t\t\t<h3 class=\"elementor-heading-title elementor-size-default\">Innovationsgrad<\/h3>\t\t\t\t<\/div>\n\t\t\t\t<\/div>\n\t\t\t\t\t<\/div>\n\t\t<\/div>\n\t\t\t\t<div class=\"elementor-column elementor-col-50 elementor-top-column elementor-element elementor-element-e968738\" data-id=\"e968738\" data-element_type=\"column\">\n\t\t\t<div class=\"elementor-widget-wrap elementor-element-populated\">\n\t\t\t\t\t\t<div class=\"elementor-element elementor-element-edcf037 elementor-widget elementor-widget-text-editor\" data-id=\"edcf037\" data-element_type=\"widget\" data-widget_type=\"text-editor.default\">\n\t\t\t\t<div class=\"elementor-widget-container\">\n\t\t\t\t\t\t\t\t\t<p>Wir haben den weltweit ersten diskreten Nasenschutz gegen unangenehme Ger\u00fcche auf den Markt gebracht und unser Portfolio seitdem kontinuierlich mit neuen Innovationen weiterentwickelt. Wir verfolgen einen agilen Ansatz, der es uns erm\u00f6glicht, weiterhin Pionierarbeit auf dem Markt zu leisten und Innovationen voranzutreiben, um Probleme bei der Nasenatmung anzugehen.<\/p>\t\t\t\t\t\t\t\t<\/div>\n\t\t\t\t<\/div>\n\t\t\t\t\t<\/div>\n\t\t<\/div>\n\t\t\t\t\t<\/div>\n\t\t<\/section>\n\t\t\t\t<section class=\"elementor-section elementor-top-section elementor-element elementor-element-0fc2fe1 elementor-section-boxed elementor-section-height-default elementor-section-height-default\" data-id=\"0fc2fe1\" data-element_type=\"section\" data-settings=\"{&quot;background_background&quot;:&quot;classic&quot;}\">\n\t\t\t\t\t\t<div class=\"elementor-container elementor-column-gap-extended\">\n\t\t\t\t\t<div class=\"elementor-column elementor-col-50 elementor-top-column elementor-element elementor-element-a783124\" data-id=\"a783124\" data-element_type=\"column\">\n\t\t\t<div class=\"elementor-widget-wrap elementor-element-populated\">\n\t\t\t\t\t\t<div class=\"elementor-element elementor-element-13a0557 elementor-widget elementor-widget-heading\" data-id=\"13a0557\" data-element_type=\"widget\" data-widget_type=\"heading.default\">\n\t\t\t\t<div class=\"elementor-widget-container\">\n\t\t\t\t\t<h3 class=\"elementor-heading-title elementor-size-default\">Hochwertige Qualit\u00e4t<\/h3>\t\t\t\t<\/div>\n\t\t\t\t<\/div>\n\t\t\t\t\t<\/div>\n\t\t<\/div>\n\t\t\t\t<div class=\"elementor-column elementor-col-50 elementor-top-column elementor-element elementor-element-e7fffea\" data-id=\"e7fffea\" data-element_type=\"column\">\n\t\t\t<div class=\"elementor-widget-wrap elementor-element-populated\">\n\t\t\t\t\t\t<div class=\"elementor-element elementor-element-637f112 elementor-widget elementor-widget-text-editor\" data-id=\"637f112\" data-element_type=\"widget\" data-widget_type=\"text-editor.default\">\n\t\t\t\t<div class=\"elementor-widget-container\">\n\t\t\t\t\t\t\t\t\t<p>Wir haben einen strengen Produktentwicklungsprozess und arbeiten mit erfahrenen Dritten zusammen, um die bestm\u00f6glichen Standards und Qualit\u00e4ten auf der Grundlage glaubw\u00fcrdiger Expertise sicherzustellen. Wir stellen hohe Anforderungen an die Qualit\u00e4tssicherung und arbeiten mit hohen Fertigungsstandards, um stets qualitativ hochwertige Produkte zu liefern. Alle unsere Produkte sind patentiert und entsprechen den ISO-Normen.<\/p>\t\t\t\t\t\t\t\t<\/div>\n\t\t\t\t<\/div>\n\t\t\t\t\t<\/div>\n\t\t<\/div>\n\t\t\t\t\t<\/div>\n\t\t<\/section>\n\t\t\t\t<section class=\"elementor-section elementor-top-section elementor-element elementor-element-386860a elementor-section-boxed elementor-section-height-default elementor-section-height-default\" data-id=\"386860a\" data-element_type=\"section\" data-settings=\"{&quot;background_background&quot;:&quot;classic&quot;}\">\n\t\t\t\t\t\t<div class=\"elementor-container elementor-column-gap-extended\">\n\t\t\t\t\t<div class=\"elementor-column elementor-col-50 elementor-top-column elementor-element elementor-element-82dc12b\" data-id=\"82dc12b\" data-element_type=\"column\">\n\t\t\t<div class=\"elementor-widget-wrap elementor-element-populated\">\n\t\t\t\t\t\t<div class=\"elementor-element elementor-element-a50e6e3 elementor-widget elementor-widget-heading\" data-id=\"a50e6e3\" data-element_type=\"widget\" data-widget_type=\"heading.default\">\n\t\t\t\t<div class=\"elementor-widget-container\">\n\t\t\t\t\t<h3 class=\"elementor-heading-title elementor-size-default\">Unser Angebot<\/h3>\t\t\t\t<\/div>\n\t\t\t\t<\/div>\n\t\t\t\t\t<\/div>\n\t\t<\/div>\n\t\t\t\t<div class=\"elementor-column elementor-col-50 elementor-top-column elementor-element elementor-element-9b0e637\" data-id=\"9b0e637\" data-element_type=\"column\">\n\t\t\t<div class=\"elementor-widget-wrap elementor-element-populated\">\n\t\t\t\t\t\t<div class=\"elementor-element elementor-element-8c558b6 elementor-widget elementor-widget-text-editor\" data-id=\"8c558b6\" data-element_type=\"widget\" data-widget_type=\"text-editor.default\">\n\t\t\t\t<div class=\"elementor-widget-container\">\n\t\t\t\t\t\t\t\t\t<p>Unser Produktportfolio umfasst Nasenfilter und Nasenst\u00f6psel, die unerw\u00fcnschte und potenziell sch\u00e4dliche Substanzen wie Viren, Bakterien, unangenehme Ger\u00fcche oder Allergene effizient entfernen und ausfiltern. Unser Produktsortiment umfasst zudem ein Geruchstrainings-Set, um den Geruchssinn zu verbessern. Alle unsere Produkte sind patentiert, diskret und beeintr\u00e4chtigen die Atmung nicht.<\/p>\t\t\t\t\t\t\t\t<\/div>\n\t\t\t\t<\/div>\n\t\t\t\t\t<\/div>\n\t\t<\/div>\n\t\t\t\t\t<\/div>\n\t\t<\/section>\n\t\t\t\t<section class=\"elementor-section elementor-top-section elementor-element elementor-element-0db25d3 elementor-section-boxed elementor-section-height-default elementor-section-height-default\" data-id=\"0db25d3\" data-element_type=\"section\">\n\t\t\t\t\t\t<div class=\"elementor-container elementor-column-gap-extended\">\n\t\t\t\t\t<div class=\"elementor-column elementor-col-50 elementor-top-column elementor-element elementor-element-62fb82a\" data-id=\"62fb82a\" data-element_type=\"column\">\n\t\t\t<div class=\"elementor-widget-wrap elementor-element-populated\">\n\t\t\t\t\t\t<div class=\"elementor-element elementor-element-65426e1 elementor-widget elementor-widget-heading\" data-id=\"65426e1\" data-element_type=\"widget\" data-widget_type=\"heading.default\">\n\t\t\t\t<div class=\"elementor-widget-container\">\n\t\t\t\t\t<h3 class=\"elementor-heading-title elementor-size-default\">Unsere Geschichte<\/h3>\t\t\t\t<\/div>\n\t\t\t\t<\/div>\n\t\t\t\t\t<\/div>\n\t\t<\/div>\n\t\t\t\t<div class=\"elementor-column elementor-col-50 elementor-top-column elementor-element elementor-element-c644478\" data-id=\"c644478\" data-element_type=\"column\">\n\t\t\t<div class=\"elementor-widget-wrap elementor-element-populated\">\n\t\t\t\t\t\t<div class=\"elementor-element elementor-element-05f7574 elementor-widget elementor-widget-text-editor\" data-id=\"05f7574\" data-element_type=\"widget\" data-widget_type=\"text-editor.default\">\n\t\t\t\t<div class=\"elementor-widget-container\">\n\t\t\t\t\t\t\t\t\t<p>Die Unternehmensgeschichte von NOSA begann mit der schwedischen Krankenschwester Susanna, die lange Zeit mit schlechten Ger\u00fcchen in ihrer Arbeit zu k\u00e4mpfen hatte. Die Idee war dabei, die Arbeitsumgebung durch die Entwicklung eines effektiven Geruchsschutzes zu verbessern, der es Menschen auf diskrete Weise erm\u00f6glicht, ungehindert zu atmen.<\/p><p>Eine mehrj\u00e4hrige Produktentwicklung f\u00fchrte zur Einf\u00fchrung von NOSA Plugs\u00a0\u2013 dem ersten diskreten Geruchsschutz der Welt, der 2017 auf den Markt kam. NOSA Odor Control ist ein einzigartiges patentiertes Produkt, das von medizinischem Fachpersonal, der Polizei, Sanit\u00e4tsdiensten, Feuerwehrleuten und vielen anderen in Europa und Nordamerika verwendet wird.<\/p><p>Wenige Jahre sp\u00e4ter wurde das Produktsortiment um ein neues Verbraucherprodukt erweitert: NOSA Allergy Filter. Der effektive Filter f\u00e4ngt und filtert Partikel der Gr\u00f6\u00dfe PM 10 aus der eingeatmeten Luft wie Pollen, Tierschuppen, Staub und Schimmel. Das Produkt ist ein Medizinprodukt der Klasse\u00a01 und in Apotheken und Online-Shops in der EU erh\u00e4ltlich.<\/p><p>Da sich Viren und Bakterien \u00fcber die Nasenschleimhaut und die oberen Atemwege ausbreiten und Infektionen verursachen k\u00f6nnen, haben wir an einem Nasenprodukt gearbeitet, das die Menge an aktiven Viren und Bakterien in der Luft reduzieren kann, die durch die Nase eingeatmet wird. Als sich die Covid-19-Pandemie ausbreitete, wurde es sehr wichtig, eine effektive L\u00f6sung auf den Markt zu bringen, von der wir glaubten, dass sie einen gro\u00dfen Unterschied machen k\u00f6nnte. Das Ergebnis war NOSA Microbial Control\u00a0\u2013 ein Produkt, das die Menge an aktiven Viren und Bakterien in der Luft reduziert, die durch die Nase eingeatmet wird. Das Produkt war eine diskrete Alternative und einfach im Alltag zu verwenden.<\/p><p>Im November 2023 brachte NOSA ein CE-gekennzeichnetes Medizinprodukt f\u00fcr Riechtraining auf den Markt.\u00a0Der Zweck des Produkts ist es, Menschen zu helfen, ihren Geruchssinn wiederzuerlangen und damit die Lebensqualit\u00e4t zu erh\u00f6hen. Das Trainingsprogramm wurde zusammen mit einem der weltweit f\u00fchrenden Wissenschaftler im Bereich Geruch entwickelt.<\/p>\t\t\t\t\t\t\t\t<\/div>\n\t\t\t\t<\/div>\n\t\t\t\t\t<\/div>\n\t\t<\/div>\n\t\t\t\t\t<\/div>\n\t\t<\/section>\n\t\t<div class=\"elementor-element elementor-element-2a295bd e-flex e-con-boxed e-con e-parent\" data-id=\"2a295bd\" data-element_type=\"container\">\n\t\t\t\t\t<div class=\"e-con-inner\">\n\t\t\t\t<div class=\"elementor-element elementor-element-9da3489 elementor-widget elementor-widget-image\" data-id=\"9da3489\" data-element_type=\"widget\" data-widget_type=\"image.default\">\n\t\t\t\t<div class=\"elementor-widget-container\">\n\t\t\t\t\t\t\t\t\t\t\t\t\t\t\t<img decoding=\"async\" width=\"1024\" height=\"512\" src=\"https:\/\/nosaplugs.com\/de\/wp-content\/uploads\/sites\/7\/2023\/10\/OUR-VISION-1024x512.png\" class=\"attachment-large size-large wp-image-1389665\" alt=\"NOSA Vision - about us\" srcset=\"https:\/\/nosaplugs.com\/de\/wp-content\/uploads\/sites\/7\/2023\/10\/OUR-VISION-1024x512.png 1024w, https:\/\/nosaplugs.com\/de\/wp-content\/uploads\/sites\/7\/2023\/10\/OUR-VISION-300x150.png 300w, https:\/\/nosaplugs.com\/de\/wp-content\/uploads\/sites\/7\/2023\/10\/OUR-VISION-768x384.png 768w, https:\/\/nosaplugs.com\/de\/wp-content\/uploads\/sites\/7\/2023\/10\/OUR-VISION-1536x768.png 1536w, https:\/\/nosaplugs.com\/de\/wp-content\/uploads\/sites\/7\/2023\/10\/OUR-VISION-2048x1024.png 2048w, https:\/\/nosaplugs.com\/de\/wp-content\/uploads\/sites\/7\/2023\/10\/OUR-VISION-350x175.png 350w, https:\/\/nosaplugs.com\/de\/wp-content\/uploads\/sites\/7\/2023\/10\/OUR-VISION-680x340.png 680w\" sizes=\"(max-width: 1024px) 100vw, 1024px\" \/>\t\t\t\t\t\t\t\t\t\t\t\t\t\t\t<\/div>\n\t\t\t\t<\/div>\n\t\t\t\t\t<\/div>\n\t\t\t\t<\/div>\n\t\t\t\t<\/div>\n\t\t","protected":false},"excerpt":{"rendered":"<p>Wer sind wir? NOSA ist ein schwedisches Medizintechnikunternehmen, das Pionierarbeit bei intranasalen Innovationen zur Verbesserung der Lebensqualit\u00e4t durch Nasenatmung leistet. Wir helfen Menschen dabei ihr Leben in vollen Z\u00fcgen zu genie\u00dfen und sich an ihrer Umgebung zu erfreuen, anstatt von ihr eingeschr\u00e4nkt zu werden. Wir arbeiten an der L\u00f6sung von Problemen im Zusammenhang mit der &hellip;<\/p>\n","protected":false},"author":1,"featured_media":0,"parent":0,"menu_order":0,"comment_status":"closed","ping_status":"closed","template":"","meta":{"_acf_changed":false,"footnotes":""},"class_list":["post-358","page","type-page","status-publish","hentry"],"acf":[],"aioseo_notices":[],"_links":{"self":[{"href":"https:\/\/nosaplugs.com\/de\/wp-json\/wp\/v2\/pages\/358"}],"collection":[{"href":"https:\/\/nosaplugs.com\/de\/wp-json\/wp\/v2\/pages"}],"about":[{"href":"https:\/\/nosaplugs.com\/de\/wp-json\/wp\/v2\/types\/page"}],"author":[{"embeddable":true,"href":"https:\/\/nosaplugs.com\/de\/wp-json\/wp\/v2\/users\/1"}],"replies":[{"embeddable":true,"href":"https:\/\/nosaplugs.com\/de\/wp-json\/wp\/v2\/comments?post=358"}],"version-history":[{"count":69,"href":"https:\/\/nosaplugs.com\/de\/wp-json\/wp\/v2\/pages\/358\/revisions"}],"predecessor-version":[{"id":1391145,"href":"https:\/\/nosaplugs.com\/de\/wp-json\/wp\/v2\/pages\/358\/revisions\/1391145"}],"wp:attachment":[{"href":"https:\/\/nosaplugs.com\/de\/wp-json\/wp\/v2\/media?parent=358"}],"curies":[{"name":"wp","href":"https:\/\/api.w.org\/{rel}","templated":true}]}}