{"id":1388920,"date":"2023-10-19T11:46:22","date_gmt":"2023-10-19T09:46:22","guid":{"rendered":"https:\/\/nosaplugs.com\/de\/?post_type=product&#038;p=1388920"},"modified":"2025-10-16T16:25:52","modified_gmt":"2025-10-16T14:25:52","slug":"nosa-odor-control","status":"publish","type":"product","link":"https:\/\/nosaplugs.com\/de\/product\/nosa-odor-control\/","title":{"rendered":"NOSA odor control"},"content":{"rendered":"\t\t<div data-elementor-type=\"page\" data-elementor-id=\"1390198\" class=\"elementor elementor-1390198\" data-elementor-post-type=\"elementor_library\">\n\t\t\t\t<div class=\"elementor-element elementor-element-7c4b9113 e-con-full e-flex e-con e-parent\" data-id=\"7c4b9113\" data-element_type=\"container\" data-settings=\"{&quot;background_background&quot;:&quot;classic&quot;}\">\n\t\t<div class=\"elementor-element elementor-element-18138936 e-con-full e-flex e-con e-child\" data-id=\"18138936\" data-element_type=\"container\">\n\t\t\t\t<div class=\"elementor-element elementor-element-f0d29bc elementor-widget elementor-widget-image\" data-id=\"f0d29bc\" data-element_type=\"widget\" data-widget_type=\"image.default\">\n\t\t\t\t<div class=\"elementor-widget-container\">\n\t\t\t\t\t\t\t\t\t\t\t\t\t\t\t<img fetchpriority=\"high\" decoding=\"async\" width=\"768\" height=\"768\" src=\"https:\/\/nosaplugs.com\/de\/wp-content\/uploads\/sites\/7\/2023\/10\/NOSAextraWEB04-e1697714098451-1-768x768.png\" class=\"attachment-medium_large size-medium_large wp-image-1389023\" alt=\"\" srcset=\"https:\/\/nosaplugs.com\/de\/wp-content\/uploads\/sites\/7\/2023\/10\/NOSAextraWEB04-e1697714098451-1-768x768.png 768w, https:\/\/nosaplugs.com\/de\/wp-content\/uploads\/sites\/7\/2023\/10\/NOSAextraWEB04-e1697714098451-1-300x300.png 300w, https:\/\/nosaplugs.com\/de\/wp-content\/uploads\/sites\/7\/2023\/10\/NOSAextraWEB04-e1697714098451-1-1024x1024.png 1024w, https:\/\/nosaplugs.com\/de\/wp-content\/uploads\/sites\/7\/2023\/10\/NOSAextraWEB04-e1697714098451-1-150x150.png 150w, https:\/\/nosaplugs.com\/de\/wp-content\/uploads\/sites\/7\/2023\/10\/NOSAextraWEB04-e1697714098451-1-350x350.png 350w, https:\/\/nosaplugs.com\/de\/wp-content\/uploads\/sites\/7\/2023\/10\/NOSAextraWEB04-e1697714098451-1-680x680.png 680w, https:\/\/nosaplugs.com\/de\/wp-content\/uploads\/sites\/7\/2023\/10\/NOSAextraWEB04-e1697714098451-1-100x100.png 100w, https:\/\/nosaplugs.com\/de\/wp-content\/uploads\/sites\/7\/2023\/10\/NOSAextraWEB04-e1697714098451-1.png 1300w\" sizes=\"(max-width: 768px) 100vw, 768px\" \/>\t\t\t\t\t\t\t\t\t\t\t\t\t\t\t<\/div>\n\t\t\t\t<\/div>\n\t\t\t\t<\/div>\n\t\t<div class=\"elementor-element elementor-element-60d840e1 e-con-full e-flex e-con e-child\" data-id=\"60d840e1\" data-element_type=\"container\">\n\t\t\t\t<div class=\"elementor-element elementor-element-710727e3 elementor-widget elementor-widget-text-editor\" data-id=\"710727e3\" data-element_type=\"widget\" data-widget_type=\"text-editor.default\">\n\t\t\t\t<div class=\"elementor-widget-container\">\n\t\t\t\t\t\t\t\t\t<h3>Einzigartiges Design:<\/h3><p>Der jahrelange Produktentwicklungsprozess f\u00fchrte zu einem patentierten Design, welches:<\/p><ul><li>Schlechte Ger\u00fcche minimiert<\/li><li>Eine leichte Durchatmung erlaubt<\/li><li>Diskret und bequem<\/li><li>Innovativem Lamellendesign<\/li><li>Frischen Menthol-Duft hat<\/li><\/ul><h3>\u00a0<\/h3><h3>Wie funktioniert NOSA odor control?<\/h3><p>NOSA odor control ist ein diskreter Nasenschutz, der entwickelt wurde, um schlechte Ger\u00fcche zu blockieren und so ein besseres Arbeitsumfeld zu schaffen. Das Produkt hat ein einzigartiges, patentiertes Design, das die Luft, die Sie einatmen, durch eine Spirale leitet, welche den schlechten Geruch verringert, indem sie ihn mit einem frischen Menthol-Duft \u00fcberdeckt. Das Produkt erlaubt eine leicht durch Atmung und kann bis zu 8 Stunden lang verwendet werden.<\/p><div class=\"et_pb_testimonial_description_inner\"><div class=\"et_pb_testimonial_content\">\u00a0<\/div><\/div>\t\t\t\t\t\t\t\t<\/div>\n\t\t\t\t<\/div>\n\t\t\t\t<\/div>\n\t\t\t\t<\/div>\n\t\t<div class=\"elementor-element elementor-element-e9835d1 e-flex e-con-boxed e-con e-parent\" data-id=\"e9835d1\" data-element_type=\"container\">\n\t\t\t\t\t<div class=\"e-con-inner\">\n\t\t\t\t<div class=\"elementor-element elementor-element-793d7611 elementor-widget__width-inherit elementor-widget elementor-widget-heading\" data-id=\"793d7611\" data-element_type=\"widget\" data-widget_type=\"heading.default\">\n\t\t\t\t<div class=\"elementor-widget-container\">\n\t\t\t\t\t<h2 class=\"elementor-heading-title elementor-size-default\">Erfahren Sie mehr hier:<\/h2>\t\t\t\t<\/div>\n\t\t\t\t<\/div>\n\t\t\t\t\t<\/div>\n\t\t\t\t<\/div>\n\t\t<div class=\"elementor-element elementor-element-241086f e-flex e-con-boxed e-con e-parent\" data-id=\"241086f\" data-element_type=\"container\">\n\t\t\t\t\t<div class=\"e-con-inner\">\n\t\t<div class=\"elementor-element elementor-element-216fb5f e-con-full e-flex e-con e-child\" data-id=\"216fb5f\" data-element_type=\"container\">\n\t\t\t\t<div class=\"elementor-element elementor-element-34b9578 elementor-widget elementor-widget-toggle\" data-id=\"34b9578\" data-element_type=\"widget\" data-widget_type=\"toggle.default\">\n\t\t\t\t<div class=\"elementor-widget-container\">\n\t\t\t\t\t\t\t<div class=\"elementor-toggle\">\n\t\t\t\t\t\t\t<div class=\"elementor-toggle-item\">\n\t\t\t\t\t<div id=\"elementor-tab-title-5521\" class=\"elementor-tab-title\" data-tab=\"1\" role=\"button\" aria-controls=\"elementor-tab-content-5521\" aria-expanded=\"false\">\n\t\t\t\t\t\t\t\t\t\t\t\t<span class=\"elementor-toggle-icon elementor-toggle-icon-left\" aria-hidden=\"true\">\n\t\t\t\t\t\t\t\t\t\t\t\t\t\t\t<span class=\"elementor-toggle-icon-closed\"><i class=\"fas fa-plus\"><\/i><\/span>\n\t\t\t\t\t\t\t\t<span class=\"elementor-toggle-icon-opened\"><i class=\"elementor-toggle-icon-opened fas fa-minus\"><\/i><\/span>\n\t\t\t\t\t\t\t\t\t\t\t\t\t<\/span>\n\t\t\t\t\t\t\t\t\t\t\t\t<a class=\"elementor-toggle-title\" tabindex=\"0\">Bestehen irgendwelche Risiken beim h\u00e4ufigen Einatmen von Menthol?<\/a>\n\t\t\t\t\t<\/div>\n\n\t\t\t\t\t<div id=\"elementor-tab-content-5521\" class=\"elementor-tab-content elementor-clearfix\" data-tab=\"1\" role=\"region\" aria-labelledby=\"elementor-tab-title-5521\"><p>Die NOSA odor control wurden strengen Tests zur Bewertung ihrer Sicherheit unterzogen. Die Ergebnisse der Zytotoxizit\u00e4tstests ergaben keine Hinweise auf toxische Wirkungen. Auch die Tests zur Hautreizung ergaben keine Anzeichen f\u00fcr eine Reizung. Der Anwender kann sich auf die Qualit\u00e4t und Sicherheit der NOSA odor control verlassen.<\/p><\/div>\n\t\t\t\t<\/div>\n\t\t\t\t\t\t\t<div class=\"elementor-toggle-item\">\n\t\t\t\t\t<div id=\"elementor-tab-title-5522\" class=\"elementor-tab-title\" data-tab=\"2\" role=\"button\" aria-controls=\"elementor-tab-content-5522\" aria-expanded=\"false\">\n\t\t\t\t\t\t\t\t\t\t\t\t<span class=\"elementor-toggle-icon elementor-toggle-icon-left\" aria-hidden=\"true\">\n\t\t\t\t\t\t\t\t\t\t\t\t\t\t\t<span class=\"elementor-toggle-icon-closed\"><i class=\"fas fa-plus\"><\/i><\/span>\n\t\t\t\t\t\t\t\t<span class=\"elementor-toggle-icon-opened\"><i class=\"elementor-toggle-icon-opened fas fa-minus\"><\/i><\/span>\n\t\t\t\t\t\t\t\t\t\t\t\t\t<\/span>\n\t\t\t\t\t\t\t\t\t\t\t\t<a class=\"elementor-toggle-title\" tabindex=\"0\">K\u00f6nnen NOSA odor control die Exposition gegen\u00fcber Viren und Bakterien verringern?<\/a>\n\t\t\t\t\t<\/div>\n\n\t\t\t\t\t<div id=\"elementor-tab-content-5522\" class=\"elementor-tab-content elementor-clearfix\" data-tab=\"2\" role=\"region\" aria-labelledby=\"elementor-tab-title-5522\"><p>Nein, NOSA odor control filtern oder blockieren keine Mikroorganismen. Der NOSA microbial control wurde jedoch entwickelt, um die Belastung durch Viren und Bakterien zu verringern, indem Viren inaktiviert und Bakterien abget\u00f6tet werden, welche mit dem Produkt in Kontakt kommen.<\/p><\/div>\n\t\t\t\t<\/div>\n\t\t\t\t\t\t\t\t\t\t<script type=\"application\/ld+json\">{\"@context\":\"https:\\\/\\\/schema.org\",\"@type\":\"FAQPage\",\"mainEntity\":[{\"@type\":\"Question\",\"name\":\"Bestehen irgendwelche Risiken beim h\\u00e4ufigen Einatmen von Menthol?\",\"acceptedAnswer\":{\"@type\":\"Answer\",\"text\":\"<p>Die NOSA odor control wurden strengen Tests zur Bewertung ihrer Sicherheit unterzogen. Die Ergebnisse der Zytotoxizit\\u00e4tstests ergaben keine Hinweise auf toxische Wirkungen. Auch die Tests zur Hautreizung ergaben keine Anzeichen f\\u00fcr eine Reizung. Der Anwender kann sich auf die Qualit\\u00e4t und Sicherheit der NOSA odor control verlassen.<\\\/p>\"}},{\"@type\":\"Question\",\"name\":\"K\\u00f6nnen NOSA odor control die Exposition gegen\\u00fcber Viren und Bakterien verringern?\",\"acceptedAnswer\":{\"@type\":\"Answer\",\"text\":\"<p>Nein, NOSA odor control filtern oder blockieren keine Mikroorganismen. Der NOSA microbial control wurde jedoch entwickelt, um die Belastung durch Viren und Bakterien zu verringern, indem Viren inaktiviert und Bakterien abget\\u00f6tet werden, welche mit dem Produkt in Kontakt kommen.<\\\/p>\"}}]}<\/script>\n\t\t\t\t\t<\/div>\n\t\t\t\t\t\t<\/div>\n\t\t\t\t<\/div>\n\t\t\t\t<\/div>\n\t\t<div class=\"elementor-element elementor-element-901b903 e-con-full e-flex e-con e-child\" data-id=\"901b903\" data-element_type=\"container\">\n\t\t\t\t<div class=\"elementor-element elementor-element-d9abe26 elementor-widget elementor-widget-toggle\" data-id=\"d9abe26\" data-element_type=\"widget\" data-widget_type=\"toggle.default\">\n\t\t\t\t<div class=\"elementor-widget-container\">\n\t\t\t\t\t\t\t<div class=\"elementor-toggle\">\n\t\t\t\t\t\t\t<div class=\"elementor-toggle-item\">\n\t\t\t\t\t<div id=\"elementor-tab-title-2281\" class=\"elementor-tab-title\" data-tab=\"1\" role=\"button\" aria-controls=\"elementor-tab-content-2281\" aria-expanded=\"false\">\n\t\t\t\t\t\t\t\t\t\t\t\t<span class=\"elementor-toggle-icon elementor-toggle-icon-left\" aria-hidden=\"true\">\n\t\t\t\t\t\t\t\t\t\t\t\t\t\t\t<span class=\"elementor-toggle-icon-closed\"><i class=\"fas fa-plus\"><\/i><\/span>\n\t\t\t\t\t\t\t\t<span class=\"elementor-toggle-icon-opened\"><i class=\"elementor-toggle-icon-opened fas fa-minus\"><\/i><\/span>\n\t\t\t\t\t\t\t\t\t\t\t\t\t<\/span>\n\t\t\t\t\t\t\t\t\t\t\t\t<a class=\"elementor-toggle-title\" tabindex=\"0\">Kann ich NOSA odor control mit einer Gesichtsmaske verwenden?<\/a>\n\t\t\t\t\t<\/div>\n\n\t\t\t\t\t<div id=\"elementor-tab-content-2281\" class=\"elementor-tab-content elementor-clearfix\" data-tab=\"1\" role=\"region\" aria-labelledby=\"elementor-tab-title-2281\"><p>Nat\u00fcrlich, da man leicht durch das Produkt durchatmen kann, k\u00f6nnen Sie auch problemlos eine Maske tragen. Einige wenige Benutzer mit empfindlichen Augen haben jedoch \u00fcber ein gewisses Unbehagen berichtet, das darauf zur\u00fcckzuf\u00fchren ist, dass der Mentholduft aus der ausgeatmeten Luft durch den oberen Teil der Maske entweicht. In diesem Fall wird empfohlen, die Maske so einzustellen, dass ein Austreten in Augenn\u00e4he verhindert wird, um eine m\u00f6gliche Reizung zu minimieren.<\/p><\/div>\n\t\t\t\t<\/div>\n\t\t\t\t\t\t\t<div class=\"elementor-toggle-item\">\n\t\t\t\t\t<div id=\"elementor-tab-title-2282\" class=\"elementor-tab-title\" data-tab=\"2\" role=\"button\" aria-controls=\"elementor-tab-content-2282\" aria-expanded=\"false\">\n\t\t\t\t\t\t\t\t\t\t\t\t<span class=\"elementor-toggle-icon elementor-toggle-icon-left\" aria-hidden=\"true\">\n\t\t\t\t\t\t\t\t\t\t\t\t\t\t\t<span class=\"elementor-toggle-icon-closed\"><i class=\"fas fa-plus\"><\/i><\/span>\n\t\t\t\t\t\t\t\t<span class=\"elementor-toggle-icon-opened\"><i class=\"elementor-toggle-icon-opened fas fa-minus\"><\/i><\/span>\n\t\t\t\t\t\t\t\t\t\t\t\t\t<\/span>\n\t\t\t\t\t\t\t\t\t\t\t\t<a class=\"elementor-toggle-title\" tabindex=\"0\">Kann ich die NOSA odor control wiederverwenden?<\/a>\n\t\t\t\t\t<\/div>\n\n\t\t\t\t\t<div id=\"elementor-tab-content-2282\" class=\"elementor-tab-content elementor-clearfix\" data-tab=\"2\" role=\"region\" aria-labelledby=\"elementor-tab-title-2282\"><p>Alle NOSA-Produkte sind Einwegprodukte und werden nicht zur Wiederverwendung empfohlen. Die Produkte funktionieren wie vorgesehen bis zu 8 Stunden lang. Nach dem Gebrauch wird das Produkt als Kunststoff recycelt.<\/p><\/div>\n\t\t\t\t<\/div>\n\t\t\t\t\t\t\t\t<\/div>\n\t\t\t\t\t\t<\/div>\n\t\t\t\t<\/div>\n\t\t\t\t<\/div>\n\t\t\t\t\t<\/div>\n\t\t\t\t<\/div>\n\t\t<div class=\"elementor-element elementor-element-4f6b4bac e-con-full e-flex e-con e-parent\" data-id=\"4f6b4bac\" data-element_type=\"container\">\n\t\t<div class=\"elementor-element elementor-element-31b282a0 e-con-full e-flex e-con e-child\" data-id=\"31b282a0\" data-element_type=\"container\">\n\t\t\t\t<div class=\"elementor-element elementor-element-2845ff9a elementor-widget__width-inherit elementor-widget elementor-widget-nm-banner\" data-id=\"2845ff9a\" data-element_type=\"widget\" data-widget_type=\"nm-banner.default\">\n\t\t\t\t<div class=\"elementor-widget-container\">\n\t\t\t\t\t\r\n\t\t\t<div class=\"nm-banner content-full image-type-fluid text-color-dark subtitle-below\" style=\"\"><a href=\"https:\/\/nosaplugs.com\/de\/compare\/\" class=\"nm-banner-link nm-banner-link-full\"><img decoding=\"async\" src=\"https:\/\/nosaplugs.com\/de\/wp-content\/uploads\/sites\/7\/2023\/10\/CompleteKit2-1.png\" width=\"4000\" height=\"4000\" alt=\"CompleteKit2.png\" \/>\r\n\t\t\t\t<div class=\"nm-banner-content\">\r\n\t\t\t\t\t<div class=\"nm-banner-content-inner h_right v_top align_left\">\r\n\t\t\t\t\t\t<div class=\"nm-banner-text medium\" style=\"\">\r\n\t\t\t\t\t\t\t<div class=\"nm-banner-text-inner\"><h3 class=\"nm-banner-title\">Produkte vergleichen<\/h3><\/div>\r\n\t\t\t\t\t\t<\/div>\r\n\t\t\t\t\t<\/div>\r\n\t\t\t\t<\/div><\/a>\r\n\t\t\t<\/div>\t\t\t\t<\/div>\n\t\t\t\t<\/div>\n\t\t\t\t<\/div>\n\t\t<div class=\"elementor-element elementor-element-6f5b7d02 e-con-full e-flex e-con e-child\" data-id=\"6f5b7d02\" data-element_type=\"container\">\n\t\t\t\t<div class=\"elementor-element elementor-element-77fb1e8b elementor-widget__width-inherit elementor-widget elementor-widget-nm-banner\" data-id=\"77fb1e8b\" data-element_type=\"widget\" data-widget_type=\"nm-banner.default\">\n\t\t\t\t<div class=\"elementor-widget-container\">\n\t\t\t\t\t\r\n\t\t\t<div class=\"nm-banner content-full image-type-fluid text-color-dark subtitle-below\" style=\"\"><a href=\"https:\/\/nosaplugs.com\/about-us\/\" class=\"nm-banner-link nm-banner-link-full\"><img decoding=\"async\" src=\"https:\/\/nosaplugs.com\/de\/wp-content\/uploads\/sites\/7\/2023\/10\/About-NOSA-1MB.png\" width=\"832\" height=\"832\" alt=\"About NOSA 1MB\" \/>\r\n\t\t\t\t<div class=\"nm-banner-content\">\r\n\t\t\t\t\t<div class=\"nm-banner-content-inner h_right v_top align_left\">\r\n\t\t\t\t\t\t<div class=\"nm-banner-text medium\" style=\"\">\r\n\t\t\t\t\t\t\t<div class=\"nm-banner-text-inner\"><h3 class=\"nm-banner-title\">\u00dcber NOSA<\/h3><\/div>\r\n\t\t\t\t\t\t<\/div>\r\n\t\t\t\t\t<\/div>\r\n\t\t\t\t<\/div><\/a>\r\n\t\t\t<\/div>\t\t\t\t<\/div>\n\t\t\t\t<\/div>\n\t\t\t\t<\/div>\n\t\t\t\t<\/div>\n\t\t\t\t<\/div>\n\t\t\n","protected":false},"excerpt":{"rendered":"<div class=\"et_pb_module et_pb_wc_description et_pb_wc_description_0 et_pb_bg_layout_light et_pb_text_align_left\">\n<div class=\"et_pb_module_inner\">\n<p>NOSA odor control ist der weltweit erste diskrete Nasenst\u00f6psel, der schlechten Geruch wirksam reduziert, ohne die Atmung zu beeintr\u00e4chtigen. Das einzigartige Design erm\u00f6glicht es dem Benutzer, durch das Produkt zu atmen und gleichzeitig den Geruch mit einem frischen Mentholduft zu reduzieren.<\/p>\n<p>Der frische Duft von Menthol vermittelt auch bei ein erfrischendes Gef\u00fchl.<\/p>\n<\/div>\n<\/div>\n","protected":false},"featured_media":1391863,"comment_status":"open","ping_status":"closed","template":"","meta":{"_acf_changed":false,"footnotes":""},"product_brand":[],"product_cat":[350,330,337],"product_tag":[],"class_list":{"0":"post-1388920","1":"product","2":"type-product","3":"status-publish","4":"has-post-thumbnail","6":"product_cat-b2b","7":"product_cat-nosa-control","8":"product_cat-protection-prevention","10":"first","11":"instock","12":"shipping-taxable","13":"purchasable","14":"product-type-simple"},"acf":[],"aioseo_notices":[],"_links":{"self":[{"href":"https:\/\/nosaplugs.com\/de\/wp-json\/wp\/v2\/product\/1388920","targetHints":{"allow":["GET"]}}],"collection":[{"href":"https:\/\/nosaplugs.com\/de\/wp-json\/wp\/v2\/product"}],"about":[{"href":"https:\/\/nosaplugs.com\/de\/wp-json\/wp\/v2\/types\/product"}],"replies":[{"embeddable":true,"href":"https:\/\/nosaplugs.com\/de\/wp-json\/wp\/v2\/comments?post=1388920"}],"version-history":[{"count":9,"href":"https:\/\/nosaplugs.com\/de\/wp-json\/wp\/v2\/product\/1388920\/revisions"}],"predecessor-version":[{"id":1392383,"href":"https:\/\/nosaplugs.com\/de\/wp-json\/wp\/v2\/product\/1388920\/revisions\/1392383"}],"wp:featuredmedia":[{"embeddable":true,"href":"https:\/\/nosaplugs.com\/de\/wp-json\/wp\/v2\/media\/1391863"}],"wp:attachment":[{"href":"https:\/\/nosaplugs.com\/de\/wp-json\/wp\/v2\/media?parent=1388920"}],"wp:term":[{"taxonomy":"product_brand","embeddable":true,"href":"https:\/\/nosaplugs.com\/de\/wp-json\/wp\/v2\/product_brand?post=1388920"},{"taxonomy":"product_cat","embeddable":true,"href":"https:\/\/nosaplugs.com\/de\/wp-json\/wp\/v2\/product_cat?post=1388920"},{"taxonomy":"product_tag","embeddable":true,"href":"https:\/\/nosaplugs.com\/de\/wp-json\/wp\/v2\/product_tag?post=1388920"}],"curies":[{"name":"wp","href":"https:\/\/api.w.org\/{rel}","templated":true}]}}