{"id":1390110,"date":"2023-11-03T11:47:29","date_gmt":"2023-11-03T10:47:29","guid":{"rendered":"https:\/\/nosaplugs.com\/es\/?page_id=1390110"},"modified":"2023-11-12T13:53:15","modified_gmt":"2023-11-12T12:53:15","slug":"smell-training-ifu","status":"publish","type":"page","link":"https:\/\/nosaplugs.com\/es\/smell-training-ifu\/","title":{"rendered":"NOSA smell training &#8211; Instructions for use"},"content":{"rendered":"\t\t<div data-elementor-type=\"wp-page\" data-elementor-id=\"1390110\" class=\"elementor elementor-1390110\" data-elementor-post-type=\"page\">\n\t\t\t\t<div class=\"elementor-element elementor-element-4a34bf9 e-flex e-con-boxed e-con e-parent\" data-id=\"4a34bf9\" data-element_type=\"container\">\n\t\t\t\t\t<div class=\"e-con-inner\">\n\t\t\t\t<div class=\"elementor-element elementor-element-d151056 elementor-widget elementor-widget-text-editor\" data-id=\"d151056\" data-element_type=\"widget\" data-widget_type=\"text-editor.default\">\n\t\t\t\t<div class=\"elementor-widget-container\">\n\t\t\t\t\t\t\t\t\t<h1><span style=\"font-weight: 400;\">Indicaciones de uso<\/span><\/h1><p>\u00a0<\/p><p><span style=\"font-weight: 400;\">Destinado a pacientes de 12 a\u00f1os o m\u00e1s que tengan hiposmia, anosmia o parosmia como resultado de una infecci\u00f3n viral respiratoria.<\/span><\/p><h2><span style=\"font-weight: 400;\">C\u00f3mo usarlo<\/span><\/h2><p><span style=\"font-weight: 400;\">Al abrir la caja, familiar\u00edcese con el calendario que aparece en la tapa. Planifique cuatro sesiones al d\u00eda, cinco d\u00edas a la semana: dos por la ma\u00f1ana y dos por la noche. Utilice siempre los dispositivos de acuerdo con las instrucciones.<\/span><\/p><p><span style=\"font-weight: 400;\"><strong>Paso uno:<\/strong> Comience siempre por lavarse las manos. De este modo, se evita cualquier posible irritaci\u00f3n o infecci\u00f3n.<\/span><\/p><p><strong>Paso dos:<\/strong> <span style=\"font-weight: 400;\">Saque los dos primeros aromas seg\u00fan el calendario e introduzca con cuidado el primer tap\u00f3n arom\u00e1tico en la nariz. Aplique suavemente en las fosas nasales hasta que el bracket toque la pared nasal.<\/span><\/p><p><strong>Paso tres:<\/strong> <span style=\"font-weight: 400;\">Configure un temporizador de 10 minutos. Durante este tiempo, c\u00e9ntrese en el aroma. La visualizaci\u00f3n puede ayudar a reforzar su memoria del aroma.<\/span><\/p><p><strong>Paso cuatro:<\/strong> <span style=\"font-weight: 400;\">Una vez finalizada la primera sesi\u00f3n, retire con cuidado el dispositivo de la nariz y repita los pasos 1-3 anteriores con el siguiente aroma seg\u00fan el calendario.<\/span><\/p><p><span style=\"font-weight: 400;\"><strong>Paso 5:<\/strong> Siga los mismos pasos para las sesiones nocturnas.<\/span><\/p><p><span style=\"font-weight: 400;\">Este producto contiene fragancias utilizadas habitualmente en perfumes que pueden causar dermatitis al\u00e9rgica por contacto en personas sensibles. Si sabe o sospecha que es al\u00e9rgico a ciertos olores o perfumes, p\u00f3ngase en contacto con <\/span><a href=\"mailto:info@nosaplugs.com\"><span style=\"font-weight: 400;\">info@nosaplugs.com<\/span><\/a><span style=\"font-weight: 400;\"> para asegurarse de que estos olores no est\u00e9n presentes en el dispositivo antes de usarlo. Los aromas presentes en mayor concentraci\u00f3n y potencialmente preocupantes son eucaliptol, L-mentol, delta-3-careno, metilciclopentenolona, salicilato de metilo y hexanol. Si experimenta irritaci\u00f3n o molestias, retire el producto de las fosas nasales inmediatamente. Si experimenta irritaci\u00f3n nasal grave o reacciones al\u00e9rgicas, consulte a un profesional sanitario.<\/span><span style=\"font-weight: 400;\"><br \/><\/span><span style=\"font-weight: 400;\">Uso \u00fanico: Este producto es de un solo uso. La reutilizaci\u00f3n puede provocar contaminaci\u00f3n y disminuir la eficacia.<\/span><span style=\"font-weight: 400;\"><br \/><\/span><span style=\"font-weight: 400;\">Almacenamiento: Almacenar en un lugar seco a temperatura ambiente.<\/span><\/p>\t\t\t\t\t\t\t\t<\/div>\n\t\t\t\t<\/div>\n\t\t\t\t\t<\/div>\n\t\t\t\t<\/div>\n\t\t\t\t<\/div>\n\t\t","protected":false},"excerpt":{"rendered":"<p>Indicaciones de uso \u00a0 Destinado a pacientes de 12 a\u00f1os o m\u00e1s que tengan hiposmia, anosmia o parosmia como resultado de una infecci\u00f3n viral respiratoria. C\u00f3mo usarlo Al abrir la caja, familiar\u00edcese con el calendario que aparece en la tapa. Planifique cuatro sesiones al d\u00eda, cinco d\u00edas a la semana: dos por la ma\u00f1ana y &hellip;<\/p>\n","protected":false},"author":3,"featured_media":0,"parent":0,"menu_order":0,"comment_status":"closed","ping_status":"closed","template":"","meta":{"_acf_changed":false,"footnotes":""},"class_list":["post-1390110","page","type-page","status-publish","hentry"],"acf":[],"aioseo_notices":[],"_links":{"self":[{"href":"https:\/\/nosaplugs.com\/es\/wp-json\/wp\/v2\/pages\/1390110"}],"collection":[{"href":"https:\/\/nosaplugs.com\/es\/wp-json\/wp\/v2\/pages"}],"about":[{"href":"https:\/\/nosaplugs.com\/es\/wp-json\/wp\/v2\/types\/page"}],"author":[{"embeddable":true,"href":"https:\/\/nosaplugs.com\/es\/wp-json\/wp\/v2\/users\/3"}],"replies":[{"embeddable":true,"href":"https:\/\/nosaplugs.com\/es\/wp-json\/wp\/v2\/comments?post=1390110"}],"version-history":[{"count":8,"href":"https:\/\/nosaplugs.com\/es\/wp-json\/wp\/v2\/pages\/1390110\/revisions"}],"predecessor-version":[{"id":1390490,"href":"https:\/\/nosaplugs.com\/es\/wp-json\/wp\/v2\/pages\/1390110\/revisions\/1390490"}],"wp:attachment":[{"href":"https:\/\/nosaplugs.com\/es\/wp-json\/wp\/v2\/media?parent=1390110"}],"curies":[{"name":"wp","href":"https:\/\/api.w.org\/{rel}","templated":true}]}}