{"id":1390942,"date":"2024-03-22T16:05:47","date_gmt":"2024-03-22T15:05:47","guid":{"rendered":"https:\/\/nosaplugs.com\/es\/?page_id=1390942"},"modified":"2024-03-28T11:26:23","modified_gmt":"2024-03-28T10:26:23","slug":"pollen-allergy","status":"publish","type":"page","link":"https:\/\/nosaplugs.com\/es\/pollen-allergy\/","title":{"rendered":"Alergia al polen"},"content":{"rendered":"\t\t<div data-elementor-type=\"wp-page\" data-elementor-id=\"1390942\" class=\"elementor elementor-1390942\" data-elementor-post-type=\"page\">\n\t\t\t\t<div class=\"elementor-element elementor-element-2c7b60dc e-con-full e-flex e-con e-parent\" data-id=\"2c7b60dc\" data-element_type=\"container\">\n\t\t\t\t<div class=\"elementor-element elementor-element-30526d6e elementor-hidden-mobile elementor-widget__width-inherit elementor--h-position-center elementor--v-position-middle elementor-arrows-position-inside elementor-pagination-position-inside elementor-widget elementor-widget-slides\" data-id=\"30526d6e\" data-element_type=\"widget\" data-settings=\"{&quot;navigation&quot;:&quot;both&quot;,&quot;autoplay&quot;:&quot;yes&quot;,&quot;pause_on_hover&quot;:&quot;yes&quot;,&quot;pause_on_interaction&quot;:&quot;yes&quot;,&quot;autoplay_speed&quot;:5000,&quot;infinite&quot;:&quot;yes&quot;,&quot;transition&quot;:&quot;slide&quot;,&quot;transition_speed&quot;:500}\" data-widget_type=\"slides.default\">\n\t\t\t\t<div class=\"elementor-widget-container\">\n\t\t\t\t\t\t\t\t\t<div class=\"elementor-swiper\">\n\t\t\t\t\t<div class=\"elementor-slides-wrapper elementor-main-swiper swiper\" role=\"region\" aria-roledescription=\"carousel\" aria-label=\"Diapositivas\" dir=\"ltr\" data-animation=\"fadeInUp\">\n\t\t\t\t<div class=\"swiper-wrapper elementor-slides\">\n\t\t\t\t\t\t\t\t\t\t<div class=\"elementor-repeater-item-d7c409a swiper-slide\" role=\"group\" aria-roledescription=\"slide\"><div class=\"swiper-slide-bg\" role=\"img\"><\/div><div class=\"swiper-slide-inner\" ><div class=\"swiper-slide-contents\"><h1 class=\"elementor-slide-heading\">Alergia al polen<\/h1><h3 class=\"elementor-slide-description\">Si tiene un resfriado generalizado durante los meses de primavera y verano, lo m\u00e1s probable es que sea al\u00e9rgico al polen.<\/h3><\/div><\/div><\/div>\t\t\t\t<\/div>\n\t\t\t\t\t\t\t<\/div>\n\t\t\t\t<\/div>\n\t\t\t\t\t\t\t\t<\/div>\n\t\t\t\t<\/div>\n\t\t\t\t<\/div>\n\t\t<div class=\"elementor-element elementor-element-59715cf0 e-flex e-con-boxed e-con e-parent\" data-id=\"59715cf0\" data-element_type=\"container\">\n\t\t\t\t\t<div class=\"e-con-inner\">\n\t\t\t\t<div class=\"elementor-element elementor-element-59ac0cd8 elementor-hidden-desktop elementor-hidden-tablet elementor--h-position-center elementor--v-position-middle elementor-arrows-position-inside elementor-pagination-position-inside elementor-widget elementor-widget-slides\" data-id=\"59ac0cd8\" data-element_type=\"widget\" data-settings=\"{&quot;navigation&quot;:&quot;both&quot;,&quot;autoplay&quot;:&quot;yes&quot;,&quot;pause_on_hover&quot;:&quot;yes&quot;,&quot;pause_on_interaction&quot;:&quot;yes&quot;,&quot;autoplay_speed&quot;:5000,&quot;infinite&quot;:&quot;yes&quot;,&quot;transition&quot;:&quot;slide&quot;,&quot;transition_speed&quot;:500}\" data-widget_type=\"slides.default\">\n\t\t\t\t<div class=\"elementor-widget-container\">\n\t\t\t\t\t\t\t\t\t<div class=\"elementor-swiper\">\n\t\t\t\t\t<div class=\"elementor-slides-wrapper elementor-main-swiper swiper\" role=\"region\" aria-roledescription=\"carousel\" aria-label=\"Diapositivas\" dir=\"ltr\" data-animation=\"fadeInUp\">\n\t\t\t\t<div class=\"swiper-wrapper elementor-slides\">\n\t\t\t\t\t\t\t\t\t\t<div class=\"elementor-repeater-item-d7c409a swiper-slide\" role=\"group\" aria-roledescription=\"slide\"><div class=\"swiper-slide-bg\" role=\"img\"><\/div><div class=\"swiper-slide-inner\" ><div class=\"swiper-slide-contents\"><h1 class=\"elementor-slide-heading\">Alergia al Polen<\/h1><h3 class=\"elementor-slide-description\">Si tiene un resfriado generalizado durante los meses de primavera y verano, lo m\u00e1s probable es que sea al\u00e9rgico al polen.<\/h3><\/div><\/div><\/div>\t\t\t\t<\/div>\n\t\t\t\t\t\t\t<\/div>\n\t\t\t\t<\/div>\n\t\t\t\t\t\t\t\t<\/div>\n\t\t\t\t<\/div>\n\t\t\t\t\t<\/div>\n\t\t\t\t<\/div>\n\t\t<div class=\"elementor-element elementor-element-5c5a0158 e-grid e-con-boxed e-con e-parent\" data-id=\"5c5a0158\" data-element_type=\"container\">\n\t\t\t\t\t<div class=\"e-con-inner\">\n\t\t\t\t<div class=\"elementor-element elementor-element-11781c39 elementor-widget elementor-widget-text-editor\" data-id=\"11781c39\" data-element_type=\"widget\" data-widget_type=\"text-editor.default\">\n\t\t\t\t<div class=\"elementor-widget-container\">\n\t\t\t\t\t\t\t\t\t<p>Si tiene congesti\u00f3n nasal frecuente, picor e irritaci\u00f3n de ojos, estornudos y resfriados en general durante los meses de primavera y verano, lo m\u00e1s probable es que sea al\u00e9rgico al polen.<\/p><p>La alergia al polen es muy frecuente. De hecho, una de cada cinco personas tiene alergia al polen y las investigaciones demuestran que cada vez ser\u00e1 m\u00e1s frecuente. Un factor que contribuye a ello son las temperaturas m\u00e1s c\u00e1lidas y el aumento de los niveles de di\u00f3xido de carbono, que hace que algunas plantas produzcan m\u00e1s polen.<\/p><p>Existen distintos tipos de hipersensibilidad a la alergia al polen. La m\u00e1s com\u00fan es la alergia al polen de abedul o de gram\u00edneas, ya que ambos son lo que se conoce como \u00abpolinizados por el viento\u00bb. Por lo tanto, se propagan por el viento y se pueden encontrar en casi todas partes.<\/p><p>La alergia al polen de aliso y avellano tambi\u00e9n es frecuente, pero muchos otros \u00e1rboles y plantas tambi\u00e9n pueden causar problemas.<\/p>\t\t\t\t\t\t\t\t<\/div>\n\t\t\t\t<\/div>\n\t\t\t\t<div class=\"elementor-element elementor-element-6c0cbaf3 elementor-widget elementor-widget-image\" data-id=\"6c0cbaf3\" data-element_type=\"widget\" data-widget_type=\"image.default\">\n\t\t\t\t<div class=\"elementor-widget-container\">\n\t\t\t\t\t\t\t\t\t\t\t\t\t\t\t<img fetchpriority=\"high\" decoding=\"async\" width=\"1024\" height=\"1024\" src=\"https:\/\/nosaplugs.com\/es\/wp-content\/uploads\/sites\/9\/2024\/03\/pollenallergi1-1024x1024.webp\" class=\"attachment-large size-large wp-image-1390915\" alt=\"\" srcset=\"https:\/\/nosaplugs.com\/es\/wp-content\/uploads\/sites\/9\/2024\/03\/pollenallergi1-1024x1024.webp 1024w, https:\/\/nosaplugs.com\/es\/wp-content\/uploads\/sites\/9\/2024\/03\/pollenallergi1-300x300.webp 300w, https:\/\/nosaplugs.com\/es\/wp-content\/uploads\/sites\/9\/2024\/03\/pollenallergi1-150x150.webp 150w, https:\/\/nosaplugs.com\/es\/wp-content\/uploads\/sites\/9\/2024\/03\/pollenallergi1-768x768.webp 768w, https:\/\/nosaplugs.com\/es\/wp-content\/uploads\/sites\/9\/2024\/03\/pollenallergi1-350x350.webp 350w, https:\/\/nosaplugs.com\/es\/wp-content\/uploads\/sites\/9\/2024\/03\/pollenallergi1-680x680.webp 680w, https:\/\/nosaplugs.com\/es\/wp-content\/uploads\/sites\/9\/2024\/03\/pollenallergi1-100x100.webp 100w, https:\/\/nosaplugs.com\/es\/wp-content\/uploads\/sites\/9\/2024\/03\/pollenallergi1.webp 1080w\" sizes=\"(max-width: 1024px) 100vw, 1024px\" \/>\t\t\t\t\t\t\t\t\t\t\t\t\t\t\t<\/div>\n\t\t\t\t<\/div>\n\t\t\t\t\t<\/div>\n\t\t\t\t<\/div>\n\t\t<div class=\"elementor-element elementor-element-2dd62883 e-flex e-con-boxed e-con e-parent\" data-id=\"2dd62883\" data-element_type=\"container\">\n\t\t\t\t\t<div class=\"e-con-inner\">\n\t\t<div class=\"elementor-element elementor-element-61335fba e-flex e-con-boxed e-con e-child\" data-id=\"61335fba\" data-element_type=\"container\">\n\t\t\t\t\t<div class=\"e-con-inner\">\n\t\t<div class=\"elementor-element elementor-element-2e154664 e-con-full e-flex e-con e-child\" data-id=\"2e154664\" data-element_type=\"container\">\n\t\t\t\t<div class=\"elementor-element elementor-element-7ccd2c66 elementor-widget elementor-widget-toggle\" data-id=\"7ccd2c66\" data-element_type=\"widget\" data-widget_type=\"toggle.default\">\n\t\t\t\t<div class=\"elementor-widget-container\">\n\t\t\t\t\t\t\t<div class=\"elementor-toggle\">\n\t\t\t\t\t\t\t<div class=\"elementor-toggle-item\">\n\t\t\t\t\t<div id=\"elementor-tab-title-2091\" class=\"elementor-tab-title\" data-tab=\"1\" role=\"button\" aria-controls=\"elementor-tab-content-2091\" aria-expanded=\"false\">\n\t\t\t\t\t\t\t\t\t\t\t\t<span class=\"elementor-toggle-icon elementor-toggle-icon-left\" aria-hidden=\"true\">\n\t\t\t\t\t\t\t\t\t\t\t\t\t\t\t<span class=\"elementor-toggle-icon-closed\"><i class=\"fas fa-plus\"><\/i><\/span>\n\t\t\t\t\t\t\t\t<span class=\"elementor-toggle-icon-opened\"><i class=\"elementor-toggle-icon-opened fas fa-minus\"><\/i><\/span>\n\t\t\t\t\t\t\t\t\t\t\t\t\t<\/span>\n\t\t\t\t\t\t\t\t\t\t\t\t<a class=\"elementor-toggle-title\" tabindex=\"0\">\u00bfC\u00f3mo se siente la alergia al polen?<\/a>\n\t\t\t\t\t<\/div>\n\n\t\t\t\t\t<div id=\"elementor-tab-content-2091\" class=\"elementor-tab-content elementor-clearfix\" data-tab=\"1\" role=\"region\" aria-labelledby=\"elementor-tab-title-2091\"><p>Los s\u00edntomas m\u00e1s comunes de la alergia al polen son picor, goteo y congesti\u00f3n nasal. Tambi\u00e9n puede experimentar goteo nasal y ataques de estornudos. Algunas personas tambi\u00e9n experimentan cierto picor en la garganta. Tambi\u00e9n es frecuente que los ojos se vuelvan sensibles, piquen, se hinchen y, en general, se irriten.<\/p><\/div>\n\t\t\t\t<\/div>\n\t\t\t\t\t\t\t<div class=\"elementor-toggle-item\">\n\t\t\t\t\t<div id=\"elementor-tab-title-2092\" class=\"elementor-tab-title\" data-tab=\"2\" role=\"button\" aria-controls=\"elementor-tab-content-2092\" aria-expanded=\"false\">\n\t\t\t\t\t\t\t\t\t\t\t\t<span class=\"elementor-toggle-icon elementor-toggle-icon-left\" aria-hidden=\"true\">\n\t\t\t\t\t\t\t\t\t\t\t\t\t\t\t<span class=\"elementor-toggle-icon-closed\"><i class=\"fas fa-plus\"><\/i><\/span>\n\t\t\t\t\t\t\t\t<span class=\"elementor-toggle-icon-opened\"><i class=\"elementor-toggle-icon-opened fas fa-minus\"><\/i><\/span>\n\t\t\t\t\t\t\t\t\t\t\t\t\t<\/span>\n\t\t\t\t\t\t\t\t\t\t\t\t<a class=\"elementor-toggle-title\" tabindex=\"0\">\u00bfCu\u00e1les son los s\u00edntomas de la alergia al polen?<\/a>\n\t\t\t\t\t<\/div>\n\n\t\t\t\t\t<div id=\"elementor-tab-content-2092\" class=\"elementor-tab-content elementor-clearfix\" data-tab=\"2\" role=\"region\" aria-labelledby=\"elementor-tab-title-2092\"><p>La alergia al polen y los s\u00edntomas de la alergia al polen se producen cuando el sistema inmunitario reacciona de forma exagerada a la harina de semillas (polen) presente en el aire. Los primeros s\u00edntomas aparecen cuando la harina de semillas del aire forma anticuerpos antial\u00e9rgicos que se depositan en los mastocitos de la nariz, la tr\u00e1quea y las membranas mucosas de los ojos. Nuestros mastocitos contienen histamina, que se libera cuando los al\u00e9rgenos entran en nuestro cuerpo, provocando s\u00edntomas al\u00e9rgicos en algunas personas.<\/p><\/div>\n\t\t\t\t<\/div>\n\t\t\t\t\t\t\t<div class=\"elementor-toggle-item\">\n\t\t\t\t\t<div id=\"elementor-tab-title-2093\" class=\"elementor-tab-title\" data-tab=\"3\" role=\"button\" aria-controls=\"elementor-tab-content-2093\" aria-expanded=\"false\">\n\t\t\t\t\t\t\t\t\t\t\t\t<span class=\"elementor-toggle-icon elementor-toggle-icon-left\" aria-hidden=\"true\">\n\t\t\t\t\t\t\t\t\t\t\t\t\t\t\t<span class=\"elementor-toggle-icon-closed\"><i class=\"fas fa-plus\"><\/i><\/span>\n\t\t\t\t\t\t\t\t<span class=\"elementor-toggle-icon-opened\"><i class=\"elementor-toggle-icon-opened fas fa-minus\"><\/i><\/span>\n\t\t\t\t\t\t\t\t\t\t\t\t\t<\/span>\n\t\t\t\t\t\t\t\t\t\t\t\t<a class=\"elementor-toggle-title\" tabindex=\"0\">\u00bfQu\u00e9 se puede hacer contra la alergia al polen?<\/a>\n\t\t\t\t\t<\/div>\n\n\t\t\t\t\t<div id=\"elementor-tab-content-2093\" class=\"elementor-tab-content elementor-clearfix\" data-tab=\"3\" role=\"region\" aria-labelledby=\"elementor-tab-title-2093\"><p>No es posible librarse de la alergia al polen con medicamentos y antihistam\u00ednicos, pero pueden aliviar los s\u00edntomas al\u00e9rgicos. Sin embargo, s\u00f3lo la mitad de los al\u00e9rgicos al polen afirman que los medicamentos alivian sus s\u00edntomas. La vacunaci\u00f3n puede ofrecerse a quienes padecen una alergia muy grave al polen, cuando el tratamiento con medicamentos no es suficiente. La vacunaci\u00f3n puede administrarse mediante inyecciones, entre otros m\u00e9todos, y el objetivo del tratamiento es aliviar al paciente de los dif\u00edciles s\u00edntomas de la alergia. Sin embargo, no es posible eliminar una alergia por completo, y el acceso a la vacunaci\u00f3n antial\u00e9rgica en Suecia es desgraciadamente escaso.<\/p><p>Tambi\u00e9n puede probar el <a href=\"https:\/\/nosaplugs.com\/es\/product\/nosa-allergy-filter\">NOSA allergy filter<\/a>, que es un eficaz filtro nasal dise\u00f1ado para filtrar al\u00e9rgenos como el polen, el pelo, el polvo y el moho. Una menor exposici\u00f3n a los al\u00e9rgenos reduce el riesgo de s\u00edntomas al\u00e9rgicos. Recuerde colocarse el filtro nasal en la nariz antes de salir. Puede utilizarse hasta 8 horas.<\/p><\/div>\n\t\t\t\t<\/div>\n\t\t\t\t\t\t\t\t\t\t<script type=\"application\/ld+json\">{\"@context\":\"https:\\\/\\\/schema.org\",\"@type\":\"FAQPage\",\"mainEntity\":[{\"@type\":\"Question\",\"name\":\"\\u00bfC\\u00f3mo se siente la alergia al polen?\",\"acceptedAnswer\":{\"@type\":\"Answer\",\"text\":\"<p>Los s\\u00edntomas m\\u00e1s comunes de la alergia al polen son picor, goteo y congesti\\u00f3n nasal. Tambi\\u00e9n puede experimentar goteo nasal y ataques de estornudos. Algunas personas tambi\\u00e9n experimentan cierto picor en la garganta. Tambi\\u00e9n es frecuente que los ojos se vuelvan sensibles, piquen, se hinchen y, en general, se irriten.<\\\/p>\"}},{\"@type\":\"Question\",\"name\":\"\\u00bfCu\\u00e1les son los s\\u00edntomas de la alergia al polen?\",\"acceptedAnswer\":{\"@type\":\"Answer\",\"text\":\"<p>La alergia al polen y los s\\u00edntomas de la alergia al polen se producen cuando el sistema inmunitario reacciona de forma exagerada a la harina de semillas (polen) presente en el aire. Los primeros s\\u00edntomas aparecen cuando la harina de semillas del aire forma anticuerpos antial\\u00e9rgicos que se depositan en los mastocitos de la nariz, la tr\\u00e1quea y las membranas mucosas de los ojos. Nuestros mastocitos contienen histamina, que se libera cuando los al\\u00e9rgenos entran en nuestro cuerpo, provocando s\\u00edntomas al\\u00e9rgicos en algunas personas.<\\\/p>\"}},{\"@type\":\"Question\",\"name\":\"\\u00bfQu\\u00e9 se puede hacer contra la alergia al polen?\",\"acceptedAnswer\":{\"@type\":\"Answer\",\"text\":\"<p>No es posible librarse de la alergia al polen con medicamentos y antihistam\\u00ednicos, pero pueden aliviar los s\\u00edntomas al\\u00e9rgicos. Sin embargo, s\\u00f3lo la mitad de los al\\u00e9rgicos al polen afirman que los medicamentos alivian sus s\\u00edntomas. La vacunaci\\u00f3n puede ofrecerse a quienes padecen una alergia muy grave al polen, cuando el tratamiento con medicamentos no es suficiente. La vacunaci\\u00f3n puede administrarse mediante inyecciones, entre otros m\\u00e9todos, y el objetivo del tratamiento es aliviar al paciente de los dif\\u00edciles s\\u00edntomas de la alergia. Sin embargo, no es posible eliminar una alergia por completo, y el acceso a la vacunaci\\u00f3n antial\\u00e9rgica en Suecia es desgraciadamente escaso.<\\\/p><p>Tambi\\u00e9n puede probar el <a href=\\\"https:\\\/\\\/nosaplugs.com\\\/es\\\/product\\\/nosa-allergy-filter\\\">NOSA allergy filter<\\\/a>, que es un eficaz filtro nasal dise\\u00f1ado para filtrar al\\u00e9rgenos como el polen, el pelo, el polvo y el moho. Una menor exposici\\u00f3n a los al\\u00e9rgenos reduce el riesgo de s\\u00edntomas al\\u00e9rgicos. Recuerde colocarse el filtro nasal en la nariz antes de salir. Puede utilizarse hasta 8 horas.<\\\/p>\"}}]}<\/script>\n\t\t\t\t\t<\/div>\n\t\t\t\t\t\t<\/div>\n\t\t\t\t<\/div>\n\t\t\t\t<div class=\"elementor-element elementor-element-57eed16f elementor-widget elementor-widget-button\" data-id=\"57eed16f\" data-element_type=\"widget\" data-widget_type=\"button.default\">\n\t\t\t\t<div class=\"elementor-widget-container\">\n\t\t\t\t\t\t\t\t\t<div class=\"elementor-button-wrapper\">\n\t\t\t\t\t<a class=\"elementor-button elementor-button-link elementor-size-sm\" href=\"https:\/\/nosaplugs.com\/es\/allergy\/\">\n\t\t\t\t\t\t<span class=\"elementor-button-content-wrapper\">\n\t\t\t\t\t\t<span class=\"elementor-button-icon\">\n\t\t\t\t<i aria-hidden=\"true\" class=\"fas fa-arrow-right\"><\/i>\t\t\t<\/span>\n\t\t\t\t\t\t\t\t\t<span class=\"elementor-button-text\">M\u00e1s informaci\u00f3n sobre las alergias<\/span>\n\t\t\t\t\t<\/span>\n\t\t\t\t\t<\/a>\n\t\t\t\t<\/div>\n\t\t\t\t\t\t\t\t<\/div>\n\t\t\t\t<\/div>\n\t\t\t\t<\/div>\n\t\t<div class=\"elementor-element elementor-element-76b35f5e e-con-full e-flex e-con e-child\" data-id=\"76b35f5e\" data-element_type=\"container\">\n\t\t\t\t<div class=\"elementor-element elementor-element-483da7ac elementor-widget elementor-widget-toggle\" data-id=\"483da7ac\" data-element_type=\"widget\" data-widget_type=\"toggle.default\">\n\t\t\t\t<div class=\"elementor-widget-container\">\n\t\t\t\t\t\t\t<div class=\"elementor-toggle\">\n\t\t\t\t\t\t\t<div class=\"elementor-toggle-item\">\n\t\t\t\t\t<div id=\"elementor-tab-title-1211\" class=\"elementor-tab-title\" data-tab=\"1\" role=\"button\" aria-controls=\"elementor-tab-content-1211\" aria-expanded=\"false\">\n\t\t\t\t\t\t\t\t\t\t\t\t<span class=\"elementor-toggle-icon elementor-toggle-icon-left\" aria-hidden=\"true\">\n\t\t\t\t\t\t\t\t\t\t\t\t\t\t\t<span class=\"elementor-toggle-icon-closed\"><i class=\"fas fa-plus\"><\/i><\/span>\n\t\t\t\t\t\t\t\t<span class=\"elementor-toggle-icon-opened\"><i class=\"elementor-toggle-icon-opened fas fa-minus\"><\/i><\/span>\n\t\t\t\t\t\t\t\t\t\t\t\t\t<\/span>\n\t\t\t\t\t\t\t\t\t\t\t\t<a class=\"elementor-toggle-title\" tabindex=\"0\">\u00bfQu\u00e9 es el polen?<\/a>\n\t\t\t\t\t<\/div>\n\n\t\t\t\t\t<div id=\"elementor-tab-content-1211\" class=\"elementor-tab-content elementor-clearfix\" data-tab=\"1\" role=\"region\" aria-labelledby=\"elementor-tab-title-1211\"><p>Existe una gran variedad de polen, como el de aliso, olmo, \u00e1lamo tembl\u00f3n, abedul, roble, gris\u00e1ceo, gram\u00edneas, avellano y malva. Las personas al\u00e9rgicas pueden ser sensibles a distintos tipos de polen. Algunas personas s\u00f3lo son al\u00e9rgicas a un tipo de polen, mientras que otras pueden ser multial\u00e9rgicas y reaccionar a varios tipos diferentes de polen. Existen varios remedios que pueden ayudar a aliviar los s\u00edntomas y, en el mejor de los casos, pueden incluso eliminarlos por completo.<\/p><\/div>\n\t\t\t\t<\/div>\n\t\t\t\t\t\t\t<div class=\"elementor-toggle-item\">\n\t\t\t\t\t<div id=\"elementor-tab-title-1212\" class=\"elementor-tab-title\" data-tab=\"2\" role=\"button\" aria-controls=\"elementor-tab-content-1212\" aria-expanded=\"false\">\n\t\t\t\t\t\t\t\t\t\t\t\t<span class=\"elementor-toggle-icon elementor-toggle-icon-left\" aria-hidden=\"true\">\n\t\t\t\t\t\t\t\t\t\t\t\t\t\t\t<span class=\"elementor-toggle-icon-closed\"><i class=\"fas fa-plus\"><\/i><\/span>\n\t\t\t\t\t\t\t\t<span class=\"elementor-toggle-icon-opened\"><i class=\"elementor-toggle-icon-opened fas fa-minus\"><\/i><\/span>\n\t\t\t\t\t\t\t\t\t\t\t\t\t<\/span>\n\t\t\t\t\t\t\t\t\t\t\t\t<a class=\"elementor-toggle-title\" tabindex=\"0\">\u00bfCu\u00e1ndo llega el polen?<\/a>\n\t\t\t\t\t<\/div>\n\n\t\t\t\t\t<div id=\"elementor-tab-content-1212\" class=\"elementor-tab-content elementor-clearfix\" data-tab=\"2\" role=\"region\" aria-labelledby=\"elementor-tab-title-1212\"><p>El polen se produce todos los a\u00f1os, ya que es estacional. El periodo pol\u00ednico dura desde principios de primavera hasta el oto\u00f1o y, para los al\u00e9rgicos al polen, los s\u00edntomas pueden variar en funci\u00f3n de la cantidad de polen y del momento en que est\u00e9 m\u00e1s activo.<\/p><\/div>\n\t\t\t\t<\/div>\n\t\t\t\t\t\t\t<div class=\"elementor-toggle-item\">\n\t\t\t\t\t<div id=\"elementor-tab-title-1213\" class=\"elementor-tab-title\" data-tab=\"3\" role=\"button\" aria-controls=\"elementor-tab-content-1213\" aria-expanded=\"false\">\n\t\t\t\t\t\t\t\t\t\t\t\t<span class=\"elementor-toggle-icon elementor-toggle-icon-left\" aria-hidden=\"true\">\n\t\t\t\t\t\t\t\t\t\t\t\t\t\t\t<span class=\"elementor-toggle-icon-closed\"><i class=\"fas fa-plus\"><\/i><\/span>\n\t\t\t\t\t\t\t\t<span class=\"elementor-toggle-icon-opened\"><i class=\"elementor-toggle-icon-opened fas fa-minus\"><\/i><\/span>\n\t\t\t\t\t\t\t\t\t\t\t\t\t<\/span>\n\t\t\t\t\t\t\t\t\t\t\t\t<a class=\"elementor-toggle-title\" tabindex=\"0\">\u00bfCu\u00e1nto tiempo permanece el polen en el aire?<\/a>\n\t\t\t\t\t<\/div>\n\n\t\t\t\t\t<div id=\"elementor-tab-content-1213\" class=\"elementor-tab-content elementor-clearfix\" data-tab=\"3\" role=\"region\" aria-labelledby=\"elementor-tab-title-1213\"><p>Los distintos tipos de polen est\u00e1n activos en distintos momentos de la temporada. El periodo activo tambi\u00e9n puede variar en funci\u00f3n del lugar del pa\u00eds en el que se viva.<\/p><p>\u00c1rbol de enebro<br \/>Febrero &#8211; Mayo<\/p><p>Olmo <br \/>De marzo a mayo<\/p><p>Aspen <br \/>De marzo a mayo<\/p><p>Abedul <br \/>Marzo &#8211; Junio<\/p><p>Roble <br \/>Mayo &#8211; Junio<\/p><p>Madera gris <br \/>Julio &#8211; septiembre<\/p><p>Hierba <br \/>Mayo &#8211; septiembre<\/p><p>Avellano <br \/>Febrero &#8211; Abril<\/p><p>Sauce <br \/>Abril &#8211; Junio<\/p><\/div>\n\t\t\t\t<\/div>\n\t\t\t\t\t\t\t\t<\/div>\n\t\t\t\t\t\t<\/div>\n\t\t\t\t<\/div>\n\t\t\t\t<div class=\"elementor-element elementor-element-1be95b2a elementor-widget elementor-widget-button\" data-id=\"1be95b2a\" data-element_type=\"widget\" data-widget_type=\"button.default\">\n\t\t\t\t<div class=\"elementor-widget-container\">\n\t\t\t\t\t\t\t\t\t<div class=\"elementor-button-wrapper\">\n\t\t\t\t\t<a class=\"elementor-button elementor-button-link elementor-size-sm\" href=\"http:\/\/nosaplugs.com\/\/es\/product\/nosa-allergy-filter\/\">\n\t\t\t\t\t\t<span class=\"elementor-button-content-wrapper\">\n\t\t\t\t\t\t<span class=\"elementor-button-icon\">\n\t\t\t\t<i aria-hidden=\"true\" class=\"fas fa-arrow-right\"><\/i>\t\t\t<\/span>\n\t\t\t\t\t\t\t\t\t<span class=\"elementor-button-text\">Descubrir la NOSA allergy filter<\/span>\n\t\t\t\t\t<\/span>\n\t\t\t\t\t<\/a>\n\t\t\t\t<\/div>\n\t\t\t\t\t\t\t\t<\/div>\n\t\t\t\t<\/div>\n\t\t\t\t<\/div>\n\t\t\t\t\t<\/div>\n\t\t\t\t<\/div>\n\t\t\t\t\t<\/div>\n\t\t\t\t<\/div>\n\t\t\t\t<\/div>\n\t\t","protected":false},"excerpt":{"rendered":"<p>Alergia al polen Si tiene un resfriado generalizado durante los meses de primavera y verano, lo m\u00e1s probable es que sea al\u00e9rgico al polen. Alergia al Polen Si tiene un resfriado generalizado durante los meses de primavera y verano, lo m\u00e1s probable es que sea al\u00e9rgico al polen. Si tiene congesti\u00f3n nasal frecuente, picor e &hellip;<\/p>\n","protected":false},"author":7,"featured_media":0,"parent":0,"menu_order":0,"comment_status":"closed","ping_status":"closed","template":"","meta":{"_acf_changed":false,"footnotes":""},"class_list":["post-1390942","page","type-page","status-publish","hentry"],"acf":[],"aioseo_notices":[],"_links":{"self":[{"href":"https:\/\/nosaplugs.com\/es\/wp-json\/wp\/v2\/pages\/1390942"}],"collection":[{"href":"https:\/\/nosaplugs.com\/es\/wp-json\/wp\/v2\/pages"}],"about":[{"href":"https:\/\/nosaplugs.com\/es\/wp-json\/wp\/v2\/types\/page"}],"author":[{"embeddable":true,"href":"https:\/\/nosaplugs.com\/es\/wp-json\/wp\/v2\/users\/7"}],"replies":[{"embeddable":true,"href":"https:\/\/nosaplugs.com\/es\/wp-json\/wp\/v2\/comments?post=1390942"}],"version-history":[{"count":8,"href":"https:\/\/nosaplugs.com\/es\/wp-json\/wp\/v2\/pages\/1390942\/revisions"}],"predecessor-version":[{"id":1391016,"href":"https:\/\/nosaplugs.com\/es\/wp-json\/wp\/v2\/pages\/1390942\/revisions\/1391016"}],"wp:attachment":[{"href":"https:\/\/nosaplugs.com\/es\/wp-json\/wp\/v2\/media?parent=1390942"}],"curies":[{"name":"wp","href":"https:\/\/api.w.org\/{rel}","templated":true}]}}