{"id":1390950,"date":"2024-03-22T16:48:55","date_gmt":"2024-03-22T15:48:55","guid":{"rendered":"https:\/\/nosaplugs.com\/es\/?page_id=1390950"},"modified":"2024-03-28T11:26:11","modified_gmt":"2024-03-28T10:26:11","slug":"furry-animal-allergy","status":"publish","type":"page","link":"https:\/\/nosaplugs.com\/es\/furry-animal-allergy\/","title":{"rendered":"Alergia a los animales de peluche"},"content":{"rendered":"\t\t<div data-elementor-type=\"wp-page\" data-elementor-id=\"1390950\" class=\"elementor elementor-1390950\" data-elementor-post-type=\"page\">\n\t\t\t\t<div class=\"elementor-element elementor-element-36ab77ca e-flex e-con-boxed e-con e-parent\" data-id=\"36ab77ca\" data-element_type=\"container\">\n\t\t\t\t\t<div class=\"e-con-inner\">\n\t\t\t\t<div class=\"elementor-element elementor-element-7acd8c13 elementor-hidden-mobile elementor--h-position-center elementor--v-position-middle elementor-arrows-position-inside elementor-pagination-position-inside elementor-widget elementor-widget-slides\" data-id=\"7acd8c13\" data-element_type=\"widget\" data-settings=\"{&quot;navigation&quot;:&quot;both&quot;,&quot;autoplay&quot;:&quot;yes&quot;,&quot;pause_on_hover&quot;:&quot;yes&quot;,&quot;pause_on_interaction&quot;:&quot;yes&quot;,&quot;autoplay_speed&quot;:5000,&quot;infinite&quot;:&quot;yes&quot;,&quot;transition&quot;:&quot;slide&quot;,&quot;transition_speed&quot;:500}\" data-widget_type=\"slides.default\">\n\t\t\t\t<div class=\"elementor-widget-container\">\n\t\t\t\t\t\t\t\t\t<div class=\"elementor-swiper\">\n\t\t\t\t\t<div class=\"elementor-slides-wrapper elementor-main-swiper swiper\" role=\"region\" aria-roledescription=\"carousel\" aria-label=\"Diapositivas\" dir=\"ltr\" data-animation=\"fadeInUp\">\n\t\t\t\t<div class=\"swiper-wrapper elementor-slides\">\n\t\t\t\t\t\t\t\t\t\t<div class=\"elementor-repeater-item-8299f76 swiper-slide\" role=\"group\" aria-roledescription=\"slide\"><div class=\"swiper-slide-bg\" role=\"img\"><\/div><div class=\"swiper-slide-inner\" ><div class=\"swiper-slide-contents\"><h1 class=\"elementor-slide-heading\">Alergia a los animales de peleter\u00eda<\/h1><h3 class=\"elementor-slide-description\">La alergia a los animales de peleter\u00eda es relativamente frecuente y hasta el 18% de la poblaci\u00f3n adulta presenta reacciones al\u00e9rgicas a los animales de peleter\u00eda.<\/h3><\/div><\/div><\/div>\t\t\t\t<\/div>\n\t\t\t\t\t\t\t<\/div>\n\t\t\t\t<\/div>\n\t\t\t\t\t\t\t\t<\/div>\n\t\t\t\t<\/div>\n\t\t\t\t\t<\/div>\n\t\t\t\t<\/div>\n\t\t<div class=\"elementor-element elementor-element-2d3b8ca3 e-flex e-con-boxed e-con e-parent\" data-id=\"2d3b8ca3\" data-element_type=\"container\">\n\t\t\t\t\t<div class=\"e-con-inner\">\n\t\t\t\t<div class=\"elementor-element elementor-element-3a828cb7 elementor-hidden-desktop elementor-hidden-tablet elementor--h-position-center elementor--v-position-middle elementor-arrows-position-inside elementor-pagination-position-inside elementor-widget elementor-widget-slides\" data-id=\"3a828cb7\" data-element_type=\"widget\" data-settings=\"{&quot;navigation&quot;:&quot;both&quot;,&quot;autoplay&quot;:&quot;yes&quot;,&quot;pause_on_hover&quot;:&quot;yes&quot;,&quot;pause_on_interaction&quot;:&quot;yes&quot;,&quot;autoplay_speed&quot;:5000,&quot;infinite&quot;:&quot;yes&quot;,&quot;transition&quot;:&quot;slide&quot;,&quot;transition_speed&quot;:500}\" data-widget_type=\"slides.default\">\n\t\t\t\t<div class=\"elementor-widget-container\">\n\t\t\t\t\t\t\t\t\t<div class=\"elementor-swiper\">\n\t\t\t\t\t<div class=\"elementor-slides-wrapper elementor-main-swiper swiper\" role=\"region\" aria-roledescription=\"carousel\" aria-label=\"Diapositivas\" dir=\"ltr\" data-animation=\"fadeInUp\">\n\t\t\t\t<div class=\"swiper-wrapper elementor-slides\">\n\t\t\t\t\t\t\t\t\t\t<div class=\"elementor-repeater-item-8299f76 swiper-slide\" role=\"group\" aria-roledescription=\"slide\"><div class=\"swiper-slide-bg\" role=\"img\"><\/div><div class=\"swiper-slide-inner\" ><div class=\"swiper-slide-contents\"><h1 class=\"elementor-slide-heading\">Alergia a los animales de peleter\u00eda<\/h1><h3 class=\"elementor-slide-description\">La alergia a los animales de peleter\u00eda es relativamente frecuente y hasta el 18% de la poblaci\u00f3n adulta presenta reacciones al\u00e9rgicas a los animales de peleter\u00eda.<\/h3><\/div><\/div><\/div>\t\t\t\t<\/div>\n\t\t\t\t\t\t\t<\/div>\n\t\t\t\t<\/div>\n\t\t\t\t\t\t\t\t<\/div>\n\t\t\t\t<\/div>\n\t\t\t\t<div class=\"elementor-element elementor-element-5d1ab6db elementor-hidden-mobile elementor-widget elementor-widget-spacer\" data-id=\"5d1ab6db\" data-element_type=\"widget\" data-widget_type=\"spacer.default\">\n\t\t\t\t<div class=\"elementor-widget-container\">\n\t\t\t\t\t\t\t<div class=\"elementor-spacer\">\n\t\t\t<div class=\"elementor-spacer-inner\"><\/div>\n\t\t<\/div>\n\t\t\t\t\t\t<\/div>\n\t\t\t\t<\/div>\n\t\t\t\t\t<\/div>\n\t\t\t\t<\/div>\n\t\t<div class=\"elementor-element elementor-element-3a60c977 e-grid e-con-boxed e-con e-parent\" data-id=\"3a60c977\" data-element_type=\"container\">\n\t\t\t\t\t<div class=\"e-con-inner\">\n\t\t\t\t<div class=\"elementor-element elementor-element-6035af21 elementor-widget elementor-widget-image\" data-id=\"6035af21\" data-element_type=\"widget\" data-widget_type=\"image.default\">\n\t\t\t\t<div class=\"elementor-widget-container\">\n\t\t\t\t\t\t\t\t\t\t\t\t\t\t\t<img fetchpriority=\"high\" decoding=\"async\" width=\"1024\" height=\"1024\" src=\"https:\/\/nosaplugs.com\/es\/wp-content\/uploads\/sites\/9\/2024\/03\/NOSA-AllergyByMartinBohmWEB05-1024x1024.png\" class=\"attachment-large size-large wp-image-1390919\" alt=\"\" srcset=\"https:\/\/nosaplugs.com\/es\/wp-content\/uploads\/sites\/9\/2024\/03\/NOSA-AllergyByMartinBohmWEB05-1024x1024.png 1024w, https:\/\/nosaplugs.com\/es\/wp-content\/uploads\/sites\/9\/2024\/03\/NOSA-AllergyByMartinBohmWEB05-300x300.png 300w, https:\/\/nosaplugs.com\/es\/wp-content\/uploads\/sites\/9\/2024\/03\/NOSA-AllergyByMartinBohmWEB05-150x150.png 150w, https:\/\/nosaplugs.com\/es\/wp-content\/uploads\/sites\/9\/2024\/03\/NOSA-AllergyByMartinBohmWEB05-768x768.png 768w, https:\/\/nosaplugs.com\/es\/wp-content\/uploads\/sites\/9\/2024\/03\/NOSA-AllergyByMartinBohmWEB05-350x350.png 350w, https:\/\/nosaplugs.com\/es\/wp-content\/uploads\/sites\/9\/2024\/03\/NOSA-AllergyByMartinBohmWEB05-680x680.png 680w, https:\/\/nosaplugs.com\/es\/wp-content\/uploads\/sites\/9\/2024\/03\/NOSA-AllergyByMartinBohmWEB05-100x100.png 100w, https:\/\/nosaplugs.com\/es\/wp-content\/uploads\/sites\/9\/2024\/03\/NOSA-AllergyByMartinBohmWEB05.png 1365w\" sizes=\"(max-width: 1024px) 100vw, 1024px\" \/>\t\t\t\t\t\t\t\t\t\t\t\t\t\t\t<\/div>\n\t\t\t\t<\/div>\n\t\t\t\t<div class=\"elementor-element elementor-element-4aaa661e elementor-widget elementor-widget-text-editor\" data-id=\"4aaa661e\" data-element_type=\"widget\" data-widget_type=\"text-editor.default\">\n\t\t\t\t<div class=\"elementor-widget-container\">\n\t\t\t\t\t\t\t\t\t<p>Todos los animales peludos pueden causar reacciones al\u00e9rgicas, pero las m\u00e1s comunes son las alergias a los gatos y a los perros. Las personas al\u00e9rgicas al pelo no reaccionan realmente al pelo de los animales, sino a la prote\u00edna de las gl\u00e1ndulas seb\u00e1ceas, las c\u00e9lulas de la piel, la saliva y la orina. Sin embargo, la prote\u00edna puede adherirse al pelo y provocar una alergia.<\/p><p>Si eres al\u00e9rgico al pelo, lo mejor es que intentes evitar al animal al que eres al\u00e9rgico en la medida de lo posible. Sin embargo, puede ser dif\u00edcil evitarlo por completo. La prote\u00edna del animal puede transmitirse a los propietarios a trav\u00e9s de la ropa y el pelo a otros entornos. Por lo tanto, aunque el animal no est\u00e9 cerca, puede estar expuesto a los al\u00e9rgenos.<\/p><p>Si eres al\u00e9rgico a los animales peludos, existe un alto riesgo de que desarrolles asma, por lo que necesitar\u00e1s atenci\u00f3n m\u00e9dica. El asma grave puede ser mortal si no se trata adecuadamente.<\/p>\t\t\t\t\t\t\t\t<\/div>\n\t\t\t\t<\/div>\n\t\t\t\t\t<\/div>\n\t\t\t\t<\/div>\n\t\t<div class=\"elementor-element elementor-element-12f0ebc9 e-flex e-con-boxed e-con e-parent\" data-id=\"12f0ebc9\" data-element_type=\"container\">\n\t\t\t\t\t<div class=\"e-con-inner\">\n\t\t<div class=\"elementor-element elementor-element-1ad8a922 e-flex e-con-boxed e-con e-child\" data-id=\"1ad8a922\" data-element_type=\"container\">\n\t\t\t\t\t<div class=\"e-con-inner\">\n\t\t<div class=\"elementor-element elementor-element-6bb354db e-con-full e-flex e-con e-child\" data-id=\"6bb354db\" data-element_type=\"container\">\n\t\t\t\t<div class=\"elementor-element elementor-element-1405a5e3 elementor-widget elementor-widget-toggle\" data-id=\"1405a5e3\" data-element_type=\"widget\" data-widget_type=\"toggle.default\">\n\t\t\t\t<div class=\"elementor-widget-container\">\n\t\t\t\t\t\t\t<div class=\"elementor-toggle\">\n\t\t\t\t\t\t\t<div class=\"elementor-toggle-item\">\n\t\t\t\t\t<div id=\"elementor-tab-title-3351\" class=\"elementor-tab-title\" data-tab=\"1\" role=\"button\" aria-controls=\"elementor-tab-content-3351\" aria-expanded=\"false\">\n\t\t\t\t\t\t\t\t\t\t\t\t<span class=\"elementor-toggle-icon elementor-toggle-icon-left\" aria-hidden=\"true\">\n\t\t\t\t\t\t\t\t\t\t\t\t\t\t\t<span class=\"elementor-toggle-icon-closed\"><i class=\"fas fa-plus\"><\/i><\/span>\n\t\t\t\t\t\t\t\t<span class=\"elementor-toggle-icon-opened\"><i class=\"elementor-toggle-icon-opened fas fa-minus\"><\/i><\/span>\n\t\t\t\t\t\t\t\t\t\t\t\t\t<\/span>\n\t\t\t\t\t\t\t\t\t\t\t\t<a class=\"elementor-toggle-title\" tabindex=\"0\">\u00bfC\u00f3mo saber si eres al\u00e9rgico a los animales peludos?<\/a>\n\t\t\t\t\t<\/div>\n\n\t\t\t\t\t<div id=\"elementor-tab-content-3351\" class=\"elementor-tab-content elementor-clearfix\" data-tab=\"1\" role=\"region\" aria-labelledby=\"elementor-tab-title-3351\"><p>En la alergia a los animales peludos, el propio sistema inmunitario del organismo reacciona a las prote\u00ednas de los animales procedentes de sus gl\u00e1ndulas seb\u00e1ceas, c\u00e9lulas de la piel, saliva y orina. Los s\u00edntomas de la alergia a los animales de compa\u00f1\u00eda var\u00edan de una persona a otra y pueden ir de leves a m\u00e1s graves.<\/p><\/div>\n\t\t\t\t<\/div>\n\t\t\t\t\t\t\t<div class=\"elementor-toggle-item\">\n\t\t\t\t\t<div id=\"elementor-tab-title-3352\" class=\"elementor-tab-title\" data-tab=\"2\" role=\"button\" aria-controls=\"elementor-tab-content-3352\" aria-expanded=\"false\">\n\t\t\t\t\t\t\t\t\t\t\t\t<span class=\"elementor-toggle-icon elementor-toggle-icon-left\" aria-hidden=\"true\">\n\t\t\t\t\t\t\t\t\t\t\t\t\t\t\t<span class=\"elementor-toggle-icon-closed\"><i class=\"fas fa-plus\"><\/i><\/span>\n\t\t\t\t\t\t\t\t<span class=\"elementor-toggle-icon-opened\"><i class=\"elementor-toggle-icon-opened fas fa-minus\"><\/i><\/span>\n\t\t\t\t\t\t\t\t\t\t\t\t\t<\/span>\n\t\t\t\t\t\t\t\t\t\t\t\t<a class=\"elementor-toggle-title\" tabindex=\"0\">\u00bfC\u00f3mo se produce una reacci\u00f3n al\u00e9rgica?<\/a>\n\t\t\t\t\t<\/div>\n\n\t\t\t\t\t<div id=\"elementor-tab-content-3352\" class=\"elementor-tab-content elementor-clearfix\" data-tab=\"2\" role=\"region\" aria-labelledby=\"elementor-tab-title-3352\"><p>Una reacci\u00f3n al\u00e9rgica puede producirse tanto por contacto directo como indirecto con uno o varios animales espec\u00edficos.<\/p><\/div>\n\t\t\t\t<\/div>\n\t\t\t\t\t\t\t\t\t\t<script type=\"application\/ld+json\">{\"@context\":\"https:\\\/\\\/schema.org\",\"@type\":\"FAQPage\",\"mainEntity\":[{\"@type\":\"Question\",\"name\":\"\\u00bfC\\u00f3mo saber si eres al\\u00e9rgico a los animales peludos?\",\"acceptedAnswer\":{\"@type\":\"Answer\",\"text\":\"<p>En la alergia a los animales peludos, el propio sistema inmunitario del organismo reacciona a las prote\\u00ednas de los animales procedentes de sus gl\\u00e1ndulas seb\\u00e1ceas, c\\u00e9lulas de la piel, saliva y orina. Los s\\u00edntomas de la alergia a los animales de compa\\u00f1\\u00eda var\\u00edan de una persona a otra y pueden ir de leves a m\\u00e1s graves.<\\\/p>\"}},{\"@type\":\"Question\",\"name\":\"\\u00bfC\\u00f3mo se produce una reacci\\u00f3n al\\u00e9rgica?\",\"acceptedAnswer\":{\"@type\":\"Answer\",\"text\":\"<p>Una reacci\\u00f3n al\\u00e9rgica puede producirse tanto por contacto directo como indirecto con uno o varios animales espec\\u00edficos.<\\\/p>\"}}]}<\/script>\n\t\t\t\t\t<\/div>\n\t\t\t\t\t\t<\/div>\n\t\t\t\t<\/div>\n\t\t\t\t<div class=\"elementor-element elementor-element-328d00c2 elementor-widget elementor-widget-button\" data-id=\"328d00c2\" data-element_type=\"widget\" data-widget_type=\"button.default\">\n\t\t\t\t<div class=\"elementor-widget-container\">\n\t\t\t\t\t\t\t\t\t<div class=\"elementor-button-wrapper\">\n\t\t\t\t\t<a class=\"elementor-button elementor-button-link elementor-size-sm\" href=\"https:\/\/nosaplugs.com\/es\/allergy\/\">\n\t\t\t\t\t\t<span class=\"elementor-button-content-wrapper\">\n\t\t\t\t\t\t<span class=\"elementor-button-icon\">\n\t\t\t\t<i aria-hidden=\"true\" class=\"fas fa-arrow-right\"><\/i>\t\t\t<\/span>\n\t\t\t\t\t\t\t\t\t<span class=\"elementor-button-text\">M\u00e1s informaci\u00f3n sobre las alergias<\/span>\n\t\t\t\t\t<\/span>\n\t\t\t\t\t<\/a>\n\t\t\t\t<\/div>\n\t\t\t\t\t\t\t\t<\/div>\n\t\t\t\t<\/div>\n\t\t\t\t<\/div>\n\t\t<div class=\"elementor-element elementor-element-760fdde6 e-con-full e-flex e-con e-child\" data-id=\"760fdde6\" data-element_type=\"container\">\n\t\t\t\t<div class=\"elementor-element elementor-element-257a9dbb elementor-widget elementor-widget-toggle\" data-id=\"257a9dbb\" data-element_type=\"widget\" data-widget_type=\"toggle.default\">\n\t\t\t\t<div class=\"elementor-widget-container\">\n\t\t\t\t\t\t\t<div class=\"elementor-toggle\">\n\t\t\t\t\t\t\t<div class=\"elementor-toggle-item\">\n\t\t\t\t\t<div id=\"elementor-tab-title-6281\" class=\"elementor-tab-title\" data-tab=\"1\" role=\"button\" aria-controls=\"elementor-tab-content-6281\" aria-expanded=\"false\">\n\t\t\t\t\t\t\t\t\t\t\t\t<span class=\"elementor-toggle-icon elementor-toggle-icon-left\" aria-hidden=\"true\">\n\t\t\t\t\t\t\t\t\t\t\t\t\t\t\t<span class=\"elementor-toggle-icon-closed\"><i class=\"fas fa-plus\"><\/i><\/span>\n\t\t\t\t\t\t\t\t<span class=\"elementor-toggle-icon-opened\"><i class=\"elementor-toggle-icon-opened fas fa-minus\"><\/i><\/span>\n\t\t\t\t\t\t\t\t\t\t\t\t\t<\/span>\n\t\t\t\t\t\t\t\t\t\t\t\t<a class=\"elementor-toggle-title\" tabindex=\"0\">\u00bfCu\u00e1les son los s\u00edntomas al\u00e9rgicos m\u00e1s frecuentes?<\/a>\n\t\t\t\t\t<\/div>\n\n\t\t\t\t\t<div id=\"elementor-tab-content-6281\" class=\"elementor-tab-content elementor-clearfix\" data-tab=\"1\" role=\"region\" aria-labelledby=\"elementor-tab-title-6281\"><p>Los s\u00edntomas m\u00e1s comunes de la alergia a los animales peludos son:<\/p><p>Picor y dolor de ojos <br \/>Estornudos<br \/>Goteo nasal<br \/>Picor en zonas del cuerpo <br \/>Congesti\u00f3n nasal y s\u00edntomas de resfriado.<br \/>Problemas asm\u00e1ticos.<br \/>Algunas personas tambi\u00e9n pueden contraer urticaria por contacto directo con un animal.<\/p><\/div>\n\t\t\t\t<\/div>\n\t\t\t\t\t\t\t<div class=\"elementor-toggle-item\">\n\t\t\t\t\t<div id=\"elementor-tab-title-6282\" class=\"elementor-tab-title\" data-tab=\"2\" role=\"button\" aria-controls=\"elementor-tab-content-6282\" aria-expanded=\"false\">\n\t\t\t\t\t\t\t\t\t\t\t\t<span class=\"elementor-toggle-icon elementor-toggle-icon-left\" aria-hidden=\"true\">\n\t\t\t\t\t\t\t\t\t\t\t\t\t\t\t<span class=\"elementor-toggle-icon-closed\"><i class=\"fas fa-plus\"><\/i><\/span>\n\t\t\t\t\t\t\t\t<span class=\"elementor-toggle-icon-opened\"><i class=\"elementor-toggle-icon-opened fas fa-minus\"><\/i><\/span>\n\t\t\t\t\t\t\t\t\t\t\t\t\t<\/span>\n\t\t\t\t\t\t\t\t\t\t\t\t<a class=\"elementor-toggle-title\" tabindex=\"0\">\u00bfQu\u00e9 se puede hacer para reducir las alergias?<\/a>\n\t\t\t\t\t<\/div>\n\n\t\t\t\t\t<div id=\"elementor-tab-content-6282\" class=\"elementor-tab-content elementor-clearfix\" data-tab=\"2\" role=\"region\" aria-labelledby=\"elementor-tab-title-6282\"><p>Muchos de los al\u00e9rgenos a los que estamos expuestos se transmiten por el aire y entran en nuestro organismo a trav\u00e9s de nuestra sensible mucosa nasal. Los al\u00e9rgenos de las pieles, el polen y el moho son algunos de los al\u00e9rgenos transportados por el aire que nos atacan a trav\u00e9s de la nariz.<\/p><p>El <a href=\"https:\/\/nosaplugs.com\/es\/product\/nosa-allergy-filter\">NOSA allergy filter<\/a> es un eficaz filtro nasal probado contra al\u00e9rgenos aerotransportados como el polen, las pieles, el polvo y el moho. El filtro nasal filtra las part\u00edculas suspendidas en el aire por inhalaci\u00f3n a trav\u00e9s de la nariz, reduciendo la exposici\u00f3n del usuario al al\u00e9rgeno. Al reducir la exposici\u00f3n a los al\u00e9rgenos, se puede reducir el riesgo de s\u00edntomas al\u00e9rgicos.<\/p><\/div>\n\t\t\t\t<\/div>\n\t\t\t\t\t\t\t\t<\/div>\n\t\t\t\t\t\t<\/div>\n\t\t\t\t<\/div>\n\t\t\t\t<div class=\"elementor-element elementor-element-1769784e elementor-widget elementor-widget-button\" data-id=\"1769784e\" data-element_type=\"widget\" data-widget_type=\"button.default\">\n\t\t\t\t<div class=\"elementor-widget-container\">\n\t\t\t\t\t\t\t\t\t<div class=\"elementor-button-wrapper\">\n\t\t\t\t\t<a class=\"elementor-button elementor-button-link elementor-size-sm\" href=\"https:\/\/nosaplugs.com\/es\/product\/NOSA-allergy-filter\/\">\n\t\t\t\t\t\t<span class=\"elementor-button-content-wrapper\">\n\t\t\t\t\t\t<span class=\"elementor-button-icon\">\n\t\t\t\t<i aria-hidden=\"true\" class=\"fas fa-arrow-right\"><\/i>\t\t\t<\/span>\n\t\t\t\t\t\t\t\t\t<span class=\"elementor-button-text\">Descubrir la NOSA allergy filter<\/span>\n\t\t\t\t\t<\/span>\n\t\t\t\t\t<\/a>\n\t\t\t\t<\/div>\n\t\t\t\t\t\t\t\t<\/div>\n\t\t\t\t<\/div>\n\t\t\t\t<\/div>\n\t\t\t\t\t<\/div>\n\t\t\t\t<\/div>\n\t\t\t\t\t<\/div>\n\t\t\t\t<\/div>\n\t\t\t\t<\/div>\n\t\t","protected":false},"excerpt":{"rendered":"<p>Alergia a los animales de peleter\u00eda La alergia a los animales de peleter\u00eda es relativamente frecuente y hasta el 18% de la poblaci\u00f3n adulta presenta reacciones al\u00e9rgicas a los animales de peleter\u00eda. Alergia a los animales de peleter\u00eda La alergia a los animales de peleter\u00eda es relativamente frecuente y hasta el 18% de la poblaci\u00f3n &hellip;<\/p>\n","protected":false},"author":7,"featured_media":0,"parent":0,"menu_order":0,"comment_status":"closed","ping_status":"closed","template":"","meta":{"_acf_changed":false,"footnotes":""},"class_list":["post-1390950","page","type-page","status-publish","hentry"],"acf":[],"aioseo_notices":[],"_links":{"self":[{"href":"https:\/\/nosaplugs.com\/es\/wp-json\/wp\/v2\/pages\/1390950"}],"collection":[{"href":"https:\/\/nosaplugs.com\/es\/wp-json\/wp\/v2\/pages"}],"about":[{"href":"https:\/\/nosaplugs.com\/es\/wp-json\/wp\/v2\/types\/page"}],"author":[{"embeddable":true,"href":"https:\/\/nosaplugs.com\/es\/wp-json\/wp\/v2\/users\/7"}],"replies":[{"embeddable":true,"href":"https:\/\/nosaplugs.com\/es\/wp-json\/wp\/v2\/comments?post=1390950"}],"version-history":[{"count":10,"href":"https:\/\/nosaplugs.com\/es\/wp-json\/wp\/v2\/pages\/1390950\/revisions"}],"predecessor-version":[{"id":1391010,"href":"https:\/\/nosaplugs.com\/es\/wp-json\/wp\/v2\/pages\/1390950\/revisions\/1391010"}],"wp:attachment":[{"href":"https:\/\/nosaplugs.com\/es\/wp-json\/wp\/v2\/media?parent=1390950"}],"curies":[{"name":"wp","href":"https:\/\/api.w.org\/{rel}","templated":true}]}}