{"id":1390968,"date":"2024-03-22T17:03:09","date_gmt":"2024-03-22T16:03:09","guid":{"rendered":"https:\/\/nosaplugs.com\/es\/?page_id=1390968"},"modified":"2024-03-28T11:26:18","modified_gmt":"2024-03-28T10:26:18","slug":"mold-allergy","status":"publish","type":"page","link":"https:\/\/nosaplugs.com\/es\/mold-allergy\/","title":{"rendered":"Alergia al moho"},"content":{"rendered":"\t\t<div data-elementor-type=\"wp-page\" data-elementor-id=\"1390968\" class=\"elementor elementor-1390968\" data-elementor-post-type=\"page\">\n\t\t\t\t<div class=\"elementor-element elementor-element-2b1ef09d e-flex e-con-boxed e-con e-parent\" data-id=\"2b1ef09d\" data-element_type=\"container\">\n\t\t\t\t\t<div class=\"e-con-inner\">\n\t\t\t\t<div class=\"elementor-element elementor-element-37f2344e elementor-hidden-mobile elementor--h-position-center elementor--v-position-middle elementor-arrows-position-inside elementor-pagination-position-inside elementor-widget elementor-widget-slides\" data-id=\"37f2344e\" data-element_type=\"widget\" data-settings=\"{&quot;navigation&quot;:&quot;both&quot;,&quot;autoplay&quot;:&quot;yes&quot;,&quot;pause_on_hover&quot;:&quot;yes&quot;,&quot;pause_on_interaction&quot;:&quot;yes&quot;,&quot;autoplay_speed&quot;:5000,&quot;infinite&quot;:&quot;yes&quot;,&quot;transition&quot;:&quot;slide&quot;,&quot;transition_speed&quot;:500}\" data-widget_type=\"slides.default\">\n\t\t\t\t<div class=\"elementor-widget-container\">\n\t\t\t\t\t\t\t\t\t<div class=\"elementor-swiper\">\n\t\t\t\t\t<div class=\"elementor-slides-wrapper elementor-main-swiper swiper\" role=\"region\" aria-roledescription=\"carousel\" aria-label=\"Diapositivas\" dir=\"ltr\" data-animation=\"fadeInUp\">\n\t\t\t\t<div class=\"swiper-wrapper elementor-slides\">\n\t\t\t\t\t\t\t\t\t\t<div class=\"elementor-repeater-item-c18e2eb swiper-slide\" role=\"group\" aria-roledescription=\"slide\"><div class=\"swiper-slide-bg\" role=\"img\"><\/div><div class=\"swiper-slide-inner\" ><div class=\"swiper-slide-contents\"><h1 class=\"elementor-slide-heading\">Alergia al moho<\/h1><div class=\"elementor-slide-description\">Como al\u00e9rgico, no es necesario tocar f\u00edsicamente el moho para tener una reacci\u00f3n, basta con estar en el mismo entorno que el moho, ya que las esporas se transmiten por el aire. <\/div><\/div><\/div><\/div>\t\t\t\t<\/div>\n\t\t\t\t\t\t\t<\/div>\n\t\t\t\t<\/div>\n\t\t\t\t\t\t\t\t<\/div>\n\t\t\t\t<\/div>\n\t\t\t\t\t<\/div>\n\t\t\t\t<\/div>\n\t\t<div class=\"elementor-element elementor-element-2342be6e e-flex e-con-boxed e-con e-parent\" data-id=\"2342be6e\" data-element_type=\"container\">\n\t\t\t\t\t<div class=\"e-con-inner\">\n\t\t\t\t<div class=\"elementor-element elementor-element-23f2f5b0 elementor-hidden-desktop elementor-hidden-tablet elementor--h-position-center elementor--v-position-middle elementor-arrows-position-inside elementor-pagination-position-inside elementor-widget elementor-widget-slides\" data-id=\"23f2f5b0\" data-element_type=\"widget\" data-settings=\"{&quot;navigation&quot;:&quot;both&quot;,&quot;autoplay&quot;:&quot;yes&quot;,&quot;pause_on_hover&quot;:&quot;yes&quot;,&quot;pause_on_interaction&quot;:&quot;yes&quot;,&quot;autoplay_speed&quot;:5000,&quot;infinite&quot;:&quot;yes&quot;,&quot;transition&quot;:&quot;slide&quot;,&quot;transition_speed&quot;:500}\" data-widget_type=\"slides.default\">\n\t\t\t\t<div class=\"elementor-widget-container\">\n\t\t\t\t\t\t\t\t\t<div class=\"elementor-swiper\">\n\t\t\t\t\t<div class=\"elementor-slides-wrapper elementor-main-swiper swiper\" role=\"region\" aria-roledescription=\"carousel\" aria-label=\"Diapositivas\" dir=\"ltr\" data-animation=\"fadeInUp\">\n\t\t\t\t<div class=\"swiper-wrapper elementor-slides\">\n\t\t\t\t\t\t\t\t\t\t<div class=\"elementor-repeater-item-c18e2eb swiper-slide\" role=\"group\" aria-roledescription=\"slide\"><div class=\"swiper-slide-bg\" role=\"img\"><\/div><div class=\"swiper-slide-inner\" ><div class=\"swiper-slide-contents\"><h1 class=\"elementor-slide-heading\">Alergia al moho<\/h1><div class=\"elementor-slide-description\">Como al\u00e9rgico, no es necesario tocar f\u00edsicamente el moho para tener una reacci\u00f3n, basta con estar en el mismo entorno que el moho, ya que las esporas se transmiten por el aire. <\/div><\/div><\/div><\/div>\t\t\t\t<\/div>\n\t\t\t\t\t\t\t<\/div>\n\t\t\t\t<\/div>\n\t\t\t\t\t\t\t\t<\/div>\n\t\t\t\t<\/div>\n\t\t\t\t\t<\/div>\n\t\t\t\t<\/div>\n\t\t<div class=\"elementor-element elementor-element-6e39114f e-grid e-con-boxed e-con e-parent\" data-id=\"6e39114f\" data-element_type=\"container\">\n\t\t\t\t\t<div class=\"e-con-inner\">\n\t\t\t\t<div class=\"elementor-element elementor-element-4173256b elementor-widget elementor-widget-image\" data-id=\"4173256b\" data-element_type=\"widget\" data-widget_type=\"image.default\">\n\t\t\t\t<div class=\"elementor-widget-container\">\n\t\t\t\t\t\t\t\t\t\t\t\t\t\t\t<img fetchpriority=\"high\" decoding=\"async\" width=\"1024\" height=\"1024\" src=\"https:\/\/nosaplugs.com\/es\/wp-content\/uploads\/sites\/9\/2024\/03\/mogelallergi1-1024x1024.webp\" class=\"attachment-large size-large wp-image-1390911\" alt=\"\" srcset=\"https:\/\/nosaplugs.com\/es\/wp-content\/uploads\/sites\/9\/2024\/03\/mogelallergi1-1024x1024.webp 1024w, https:\/\/nosaplugs.com\/es\/wp-content\/uploads\/sites\/9\/2024\/03\/mogelallergi1-300x300.webp 300w, https:\/\/nosaplugs.com\/es\/wp-content\/uploads\/sites\/9\/2024\/03\/mogelallergi1-150x150.webp 150w, https:\/\/nosaplugs.com\/es\/wp-content\/uploads\/sites\/9\/2024\/03\/mogelallergi1-768x768.webp 768w, https:\/\/nosaplugs.com\/es\/wp-content\/uploads\/sites\/9\/2024\/03\/mogelallergi1-350x350.webp 350w, https:\/\/nosaplugs.com\/es\/wp-content\/uploads\/sites\/9\/2024\/03\/mogelallergi1-680x680.webp 680w, https:\/\/nosaplugs.com\/es\/wp-content\/uploads\/sites\/9\/2024\/03\/mogelallergi1-100x100.webp 100w, https:\/\/nosaplugs.com\/es\/wp-content\/uploads\/sites\/9\/2024\/03\/mogelallergi1.webp 1080w\" sizes=\"(max-width: 1024px) 100vw, 1024px\" \/>\t\t\t\t\t\t\t\t\t\t\t\t\t\t\t<\/div>\n\t\t\t\t<\/div>\n\t\t\t\t<div class=\"elementor-element elementor-element-655fdccd elementor-widget elementor-widget-text-editor\" data-id=\"655fdccd\" data-element_type=\"widget\" data-widget_type=\"text-editor.default\">\n\t\t\t\t<div class=\"elementor-widget-container\">\n\t\t\t\t\t\t\t\t\t<p>La alergia al moho es relativamente rara, pero para quienes la padecen puede ser muy molesta. La sensibilidad tambi\u00e9n puede variar de una persona a otra y algunos tipos de moho pueden ser m\u00e1s perjudiciales que otros.<\/p><p>A lo que reaccionan las personas al\u00e9rgicas al moho cuando entran en contacto con \u00e9l son a las esporas y micotoxinas, o toxinas, que libera el moho. Como al\u00e9rgico, no es necesario tocar f\u00edsicamente el moho para tener una reacci\u00f3n, basta con estar en el mismo entorno que el moho, ya que las esporas se transmiten por el aire.<\/p><p>Dado que las esporas se propagan por el aire, la forma m\u00e1s com\u00fan de estar expuesto a ellas es por inhalaci\u00f3n. Por lo tanto, los s\u00edntomas tienden a afectar principalmente a las v\u00edas respiratorias. Para las personas asm\u00e1ticas, la alergia al moho puede ser especialmente problem\u00e1tica.<\/p><p>Hay muchos tipos diferentes de moho. Un tipo de moho muy com\u00fan en Espa\u00f1a es el llamado moho negro, que suele encontrarse en casas con da\u00f1os por humedad. El moho negro es un nombre colectivo para los hongos de moho oscuro e incluye unas 300 especies diferentes. Otras especies de moho que pueden causar alergias son Alternaria, Cladosporium, Fumigatus, Penicillium y Stachybotrys.<\/p>\t\t\t\t\t\t\t\t<\/div>\n\t\t\t\t<\/div>\n\t\t\t\t\t<\/div>\n\t\t\t\t<\/div>\n\t\t<div class=\"elementor-element elementor-element-2cb56b42 e-flex e-con-boxed e-con e-parent\" data-id=\"2cb56b42\" data-element_type=\"container\">\n\t\t\t\t\t<div class=\"e-con-inner\">\n\t\t<div class=\"elementor-element elementor-element-efe7584 e-flex e-con-boxed e-con e-child\" data-id=\"efe7584\" data-element_type=\"container\">\n\t\t\t\t\t<div class=\"e-con-inner\">\n\t\t<div class=\"elementor-element elementor-element-39706ef3 e-con-full e-flex e-con e-child\" data-id=\"39706ef3\" data-element_type=\"container\">\n\t\t\t\t<div class=\"elementor-element elementor-element-87139d9 elementor-widget elementor-widget-toggle\" data-id=\"87139d9\" data-element_type=\"widget\" data-widget_type=\"toggle.default\">\n\t\t\t\t<div class=\"elementor-widget-container\">\n\t\t\t\t\t\t\t<div class=\"elementor-toggle\">\n\t\t\t\t\t\t\t<div class=\"elementor-toggle-item\">\n\t\t\t\t\t<div id=\"elementor-tab-title-1411\" class=\"elementor-tab-title\" data-tab=\"1\" role=\"button\" aria-controls=\"elementor-tab-content-1411\" aria-expanded=\"false\">\n\t\t\t\t\t\t\t\t\t\t\t\t<span class=\"elementor-toggle-icon elementor-toggle-icon-left\" aria-hidden=\"true\">\n\t\t\t\t\t\t\t\t\t\t\t\t\t\t\t<span class=\"elementor-toggle-icon-closed\"><i class=\"fas fa-plus\"><\/i><\/span>\n\t\t\t\t\t\t\t\t<span class=\"elementor-toggle-icon-opened\"><i class=\"elementor-toggle-icon-opened fas fa-minus\"><\/i><\/span>\n\t\t\t\t\t\t\t\t\t\t\t\t\t<\/span>\n\t\t\t\t\t\t\t\t\t\t\t\t<a class=\"elementor-toggle-title\" tabindex=\"0\">\u00bfS\u00edntomas de alergia al moho?<\/a>\n\t\t\t\t\t<\/div>\n\n\t\t\t\t\t<div id=\"elementor-tab-content-1411\" class=\"elementor-tab-content elementor-clearfix\" data-tab=\"1\" role=\"region\" aria-labelledby=\"elementor-tab-title-1411\"><p>Los s\u00edntomas de una alergia al moho pueden variar de una persona a otra. Algunos reaccionan con m\u00e1s intensidad que otros y viceversa. Algunos s\u00f3lo tienen una leve secreci\u00f3n nasal o tos, mientras que otros tienen graves problemas respiratorios que requieren atenci\u00f3n m\u00e9dica, como el asma al\u00e9rgica.<\/p><p>Como el moho es un hongo y sus poros se transmiten por el aire, los s\u00edntomas en la tr\u00e1quea suelen ser los m\u00e1s comunes. Pero tambi\u00e9n pueden aparecer tos, secreci\u00f3n nasal, fatiga, piel seca, dolor de cabeza y picor de ojos. Si ya padece asma, tambi\u00e9n puede experimentar algunas dificultades respiratorias.<\/p><\/div>\n\t\t\t\t<\/div>\n\t\t\t\t\t\t\t\t\t\t<script type=\"application\/ld+json\">{\"@context\":\"https:\\\/\\\/schema.org\",\"@type\":\"FAQPage\",\"mainEntity\":[{\"@type\":\"Question\",\"name\":\"\\u00bfS\\u00edntomas de alergia al moho?\",\"acceptedAnswer\":{\"@type\":\"Answer\",\"text\":\"<p>Los s\\u00edntomas de una alergia al moho pueden variar de una persona a otra. Algunos reaccionan con m\\u00e1s intensidad que otros y viceversa. Algunos s\\u00f3lo tienen una leve secreci\\u00f3n nasal o tos, mientras que otros tienen graves problemas respiratorios que requieren atenci\\u00f3n m\\u00e9dica, como el asma al\\u00e9rgica.<\\\/p><p>Como el moho es un hongo y sus poros se transmiten por el aire, los s\\u00edntomas en la tr\\u00e1quea suelen ser los m\\u00e1s comunes. Pero tambi\\u00e9n pueden aparecer tos, secreci\\u00f3n nasal, fatiga, piel seca, dolor de cabeza y picor de ojos. Si ya padece asma, tambi\\u00e9n puede experimentar algunas dificultades respiratorias.<\\\/p>\"}}]}<\/script>\n\t\t\t\t\t<\/div>\n\t\t\t\t\t\t<\/div>\n\t\t\t\t<\/div>\n\t\t\t\t<div class=\"elementor-element elementor-element-248cb42f elementor-widget elementor-widget-button\" data-id=\"248cb42f\" data-element_type=\"widget\" data-widget_type=\"button.default\">\n\t\t\t\t<div class=\"elementor-widget-container\">\n\t\t\t\t\t\t\t\t\t<div class=\"elementor-button-wrapper\">\n\t\t\t\t\t<a class=\"elementor-button elementor-button-link elementor-size-sm\" href=\"https:\/\/nosaplugs.com\/es\/allergy\/\">\n\t\t\t\t\t\t<span class=\"elementor-button-content-wrapper\">\n\t\t\t\t\t\t<span class=\"elementor-button-icon\">\n\t\t\t\t<i aria-hidden=\"true\" class=\"fas fa-arrow-right\"><\/i>\t\t\t<\/span>\n\t\t\t\t\t\t\t\t\t<span class=\"elementor-button-text\">M\u00e1s informaci\u00f3n sobre las alergias<\/span>\n\t\t\t\t\t<\/span>\n\t\t\t\t\t<\/a>\n\t\t\t\t<\/div>\n\t\t\t\t\t\t\t\t<\/div>\n\t\t\t\t<\/div>\n\t\t\t\t<\/div>\n\t\t<div class=\"elementor-element elementor-element-5112640f e-con-full e-flex e-con e-child\" data-id=\"5112640f\" data-element_type=\"container\">\n\t\t\t\t<div class=\"elementor-element elementor-element-114a25a9 elementor-widget elementor-widget-toggle\" data-id=\"114a25a9\" data-element_type=\"widget\" data-widget_type=\"toggle.default\">\n\t\t\t\t<div class=\"elementor-widget-container\">\n\t\t\t\t\t\t\t<div class=\"elementor-toggle\">\n\t\t\t\t\t\t\t<div class=\"elementor-toggle-item\">\n\t\t\t\t\t<div id=\"elementor-tab-title-2901\" class=\"elementor-tab-title\" data-tab=\"1\" role=\"button\" aria-controls=\"elementor-tab-content-2901\" aria-expanded=\"false\">\n\t\t\t\t\t\t\t\t\t\t\t\t<span class=\"elementor-toggle-icon elementor-toggle-icon-left\" aria-hidden=\"true\">\n\t\t\t\t\t\t\t\t\t\t\t\t\t\t\t<span class=\"elementor-toggle-icon-closed\"><i class=\"fas fa-plus\"><\/i><\/span>\n\t\t\t\t\t\t\t\t<span class=\"elementor-toggle-icon-opened\"><i class=\"elementor-toggle-icon-opened fas fa-minus\"><\/i><\/span>\n\t\t\t\t\t\t\t\t\t\t\t\t\t<\/span>\n\t\t\t\t\t\t\t\t\t\t\t\t<a class=\"elementor-toggle-title\" tabindex=\"0\">\u00bfMoho en casa?<\/a>\n\t\t\t\t\t<\/div>\n\n\t\t\t\t\t<div id=\"elementor-tab-content-2901\" class=\"elementor-tab-content elementor-clearfix\" data-tab=\"1\" role=\"region\" aria-labelledby=\"elementor-tab-title-2901\"><p>Si tiene moho en casa, es recomendable que intente solucionar el problema lo antes posible, tanto si es al\u00e9rgico como si no. No es bueno estar expuesto al moho durante mucho tiempo, sobre todo si experimenta s\u00edntomas al\u00e9rgicos.<\/p><p>Si tiene una alergia grave o experimenta dificultades respiratorias, lo mejor es que evite la zona afectada hasta que el moho haya sido reparado y eliminado.<\/p><\/div>\n\t\t\t\t<\/div>\n\t\t\t\t\t\t\t\t<\/div>\n\t\t\t\t\t\t<\/div>\n\t\t\t\t<\/div>\n\t\t\t\t<div class=\"elementor-element elementor-element-3245b802 elementor-widget elementor-widget-button\" data-id=\"3245b802\" data-element_type=\"widget\" data-widget_type=\"button.default\">\n\t\t\t\t<div class=\"elementor-widget-container\">\n\t\t\t\t\t\t\t\t\t<div class=\"elementor-button-wrapper\">\n\t\t\t\t\t<a class=\"elementor-button elementor-button-link elementor-size-sm\" href=\"https:\/\/nosaplugs.com\/es\/product\/nosa-allergy-filter\/\">\n\t\t\t\t\t\t<span class=\"elementor-button-content-wrapper\">\n\t\t\t\t\t\t<span class=\"elementor-button-icon\">\n\t\t\t\t<i aria-hidden=\"true\" class=\"fas fa-arrow-right\"><\/i>\t\t\t<\/span>\n\t\t\t\t\t\t\t\t\t<span class=\"elementor-button-text\">Descubra el NOSA allergy filter<\/span>\n\t\t\t\t\t<\/span>\n\t\t\t\t\t<\/a>\n\t\t\t\t<\/div>\n\t\t\t\t\t\t\t\t<\/div>\n\t\t\t\t<\/div>\n\t\t\t\t<\/div>\n\t\t\t\t\t<\/div>\n\t\t\t\t<\/div>\n\t\t\t\t\t<\/div>\n\t\t\t\t<\/div>\n\t\t\t\t<\/div>\n\t\t","protected":false},"excerpt":{"rendered":"<p>Alergia al moho Como al\u00e9rgico, no es necesario tocar f\u00edsicamente el moho para tener una reacci\u00f3n, basta con estar en el mismo entorno que el moho, ya que las esporas se transmiten por el aire. Alergia al moho Como al\u00e9rgico, no es necesario tocar f\u00edsicamente el moho para tener una reacci\u00f3n, basta con estar en &hellip;<\/p>\n","protected":false},"author":7,"featured_media":0,"parent":0,"menu_order":0,"comment_status":"closed","ping_status":"closed","template":"","meta":{"_acf_changed":false,"footnotes":""},"class_list":["post-1390968","page","type-page","status-publish","hentry"],"acf":[],"aioseo_notices":[],"_links":{"self":[{"href":"https:\/\/nosaplugs.com\/es\/wp-json\/wp\/v2\/pages\/1390968"}],"collection":[{"href":"https:\/\/nosaplugs.com\/es\/wp-json\/wp\/v2\/pages"}],"about":[{"href":"https:\/\/nosaplugs.com\/es\/wp-json\/wp\/v2\/types\/page"}],"author":[{"embeddable":true,"href":"https:\/\/nosaplugs.com\/es\/wp-json\/wp\/v2\/users\/7"}],"replies":[{"embeddable":true,"href":"https:\/\/nosaplugs.com\/es\/wp-json\/wp\/v2\/comments?post=1390968"}],"version-history":[{"count":7,"href":"https:\/\/nosaplugs.com\/es\/wp-json\/wp\/v2\/pages\/1390968\/revisions"}],"predecessor-version":[{"id":1391003,"href":"https:\/\/nosaplugs.com\/es\/wp-json\/wp\/v2\/pages\/1390968\/revisions\/1391003"}],"wp:attachment":[{"href":"https:\/\/nosaplugs.com\/es\/wp-json\/wp\/v2\/media?parent=1390968"}],"curies":[{"name":"wp","href":"https:\/\/api.w.org\/{rel}","templated":true}]}}