{"id":358,"date":"2015-08-12T12:27:19","date_gmt":"2015-08-12T12:27:19","guid":{"rendered":"http:\/\/savoy.nordicmade.com\/?page_id=358"},"modified":"2024-03-04T13:25:43","modified_gmt":"2024-03-04T12:25:43","slug":"about-us","status":"publish","type":"page","link":"https:\/\/nosaplugs.com\/es\/about-us\/","title":{"rendered":"About"},"content":{"rendered":"\t\t<div data-elementor-type=\"wp-page\" data-elementor-id=\"358\" class=\"elementor elementor-358\" data-elementor-post-type=\"page\">\n\t\t\t\t\t\t<section class=\"elementor-section elementor-top-section elementor-element elementor-element-569b0b1 elementor-section-boxed elementor-section-height-default elementor-section-height-default\" data-id=\"569b0b1\" data-element_type=\"section\">\n\t\t\t\t\t\t<div class=\"elementor-container elementor-column-gap-extended\">\n\t\t\t\t\t<div class=\"elementor-column elementor-col-50 elementor-top-column elementor-element elementor-element-4f15342\" data-id=\"4f15342\" data-element_type=\"column\">\n\t\t\t<div class=\"elementor-widget-wrap elementor-element-populated\">\n\t\t\t\t\t\t<div class=\"elementor-element elementor-element-4e7522a elementor-widget elementor-widget-heading\" data-id=\"4e7522a\" data-element_type=\"widget\" data-widget_type=\"heading.default\">\n\t\t\t\t<div class=\"elementor-widget-container\">\n\t\t\t\t\t<h3 class=\"elementor-heading-title elementor-size-default\">Qui\u00e9nes somos<\/h3>\t\t\t\t<\/div>\n\t\t\t\t<\/div>\n\t\t\t\t\t<\/div>\n\t\t<\/div>\n\t\t\t\t<div class=\"elementor-column elementor-col-50 elementor-top-column elementor-element elementor-element-113b122\" data-id=\"113b122\" data-element_type=\"column\">\n\t\t\t<div class=\"elementor-widget-wrap elementor-element-populated\">\n\t\t\t\t\t\t<div class=\"elementor-element elementor-element-c99a232 elementor-widget__width-initial elementor-widget elementor-widget-text-editor\" data-id=\"c99a232\" data-element_type=\"widget\" data-widget_type=\"text-editor.default\">\n\t\t\t\t<div class=\"elementor-widget-container\">\n\t\t\t\t\t\t\t\t\t<div>NOSA es una empresa sueca de tecnolog\u00eda m\u00e9dica pionera en innovaci\u00f3n intranasal para aumentar la calidad de vida a trav\u00e9s de la respiraci\u00f3n nasal. Nos esforzamos para que las personas vivan sus vidas al m\u00e1ximo y disfruten de su entorno, en lugar de estar limitadas por \u00e9l.<\/div><p><br \/>Trabajamos para resolver problemas relacionados con la respiraci\u00f3n y el sistema olfativo, como malos olores, infecciones, alergias y trastornos del olfato. Sabemos que las membranas mucosas de la nariz son sensibles y est\u00e1n expuestas f\u00e1cilmente a part\u00edculas nocivas. Si podemos proteger la nariz, podemos ayudar a las personas en diversas situaciones a disfrutar de su entorno en lugar de estar limitadas por \u00e9l.<\/p><p>Desde marzo de 2023, Nosa Plugs AB es la empresa matriz de NoseOption AB y NoseOption Inc. Nosa Plugs AB cotiza en el Nasdaq First North Stockholm.<\/p>\t\t\t\t\t\t\t\t<\/div>\n\t\t\t\t<\/div>\n\t\t\t\t\t<\/div>\n\t\t<\/div>\n\t\t\t\t\t<\/div>\n\t\t<\/section>\n\t\t<div class=\"elementor-element elementor-element-c0778d1 e-flex e-con-boxed e-con e-parent\" data-id=\"c0778d1\" data-element_type=\"container\">\n\t\t\t\t\t<div class=\"e-con-inner\">\n\t\t\t\t<div class=\"elementor-element elementor-element-34e7ac1 elementor-widget elementor-widget-nm-banner\" data-id=\"34e7ac1\" data-element_type=\"widget\" data-widget_type=\"nm-banner.default\">\n\t\t\t\t<div class=\"elementor-widget-container\">\n\t\t\t\t\t\r\n\t\t\t<div class=\"nm-banner content-full image-type-fluid has-alt-image text-color-dark subtitle-below\" style=\"\"><a href=\"\" class=\"nm-banner-link nm-banner-link-full\"><img fetchpriority=\"high\" decoding=\"async\" src=\"https:\/\/nosaplugs.com\/es\/wp-content\/uploads\/sites\/9\/2023\/11\/9751177f-ee2e-4822-9c3a-fa13d65c35ec.jpg\" width=\"1920\" height=\"1132\" alt=\"9751177f-ee2e-4822-9c3a-fa13d65c35ec\" \/><img decoding=\"async\" src=\"https:\/\/nosaplugs.com\/es\/wp-content\/uploads\/sites\/9\/2023\/11\/9751177f-ee2e-4822-9c3a-fa13d65c35ec.jpg\" class=\"nm-banner-alt-image img\" width=\"1920\" height=\"1132\" alt=\"9751177f-ee2e-4822-9c3a-fa13d65c35ec\" \/><\/a>\r\n\t\t\t<\/div>\t\t\t\t<\/div>\n\t\t\t\t<\/div>\n\t\t\t\t\t<\/div>\n\t\t\t\t<\/div>\n\t\t\t\t<section class=\"elementor-section elementor-top-section elementor-element elementor-element-0cabd80 elementor-section-boxed elementor-section-height-default elementor-section-height-default\" data-id=\"0cabd80\" data-element_type=\"section\" data-settings=\"{&quot;background_background&quot;:&quot;classic&quot;}\">\n\t\t\t\t\t\t<div class=\"elementor-container elementor-column-gap-extended\">\n\t\t\t\t\t<div class=\"elementor-column elementor-col-50 elementor-top-column elementor-element elementor-element-004c2af\" data-id=\"004c2af\" data-element_type=\"column\">\n\t\t\t<div class=\"elementor-widget-wrap elementor-element-populated\">\n\t\t\t\t\t\t<div class=\"elementor-element elementor-element-9eb89a1 elementor-widget elementor-widget-heading\" data-id=\"9eb89a1\" data-element_type=\"widget\" data-widget_type=\"heading.default\">\n\t\t\t\t<div class=\"elementor-widget-container\">\n\t\t\t\t\t<h3 class=\"elementor-heading-title elementor-size-default\">Grado de innovaci\u00f3n<\/h3>\t\t\t\t<\/div>\n\t\t\t\t<\/div>\n\t\t\t\t\t<\/div>\n\t\t<\/div>\n\t\t\t\t<div class=\"elementor-column elementor-col-50 elementor-top-column elementor-element elementor-element-e968738\" data-id=\"e968738\" data-element_type=\"column\">\n\t\t\t<div class=\"elementor-widget-wrap elementor-element-populated\">\n\t\t\t\t\t\t<div class=\"elementor-element elementor-element-edcf037 elementor-widget elementor-widget-text-editor\" data-id=\"edcf037\" data-element_type=\"widget\" data-widget_type=\"text-editor.default\">\n\t\t\t\t<div class=\"elementor-widget-container\">\n\t\t\t\t\t\t\t\t\t<p>Hemos lanzado la primera protecci\u00f3n nasal discreta del mundo contra los malos olores y, desde entonces, hemos desarrollado continuamente nuestra cartera con nuevas innovaciones. Tenemos un enfoque \u00e1gil, lo que nos har\u00e1 seguir siendo pioneros en el mercado para impulsar la innovaci\u00f3n y abordar los problemas relacionados con la respiraci\u00f3n nasal.<\/p>\t\t\t\t\t\t\t\t<\/div>\n\t\t\t\t<\/div>\n\t\t\t\t\t<\/div>\n\t\t<\/div>\n\t\t\t\t\t<\/div>\n\t\t<\/section>\n\t\t\t\t<section class=\"elementor-section elementor-top-section elementor-element elementor-element-0fc2fe1 elementor-section-boxed elementor-section-height-default elementor-section-height-default\" data-id=\"0fc2fe1\" data-element_type=\"section\" data-settings=\"{&quot;background_background&quot;:&quot;classic&quot;}\">\n\t\t\t\t\t\t<div class=\"elementor-container elementor-column-gap-extended\">\n\t\t\t\t\t<div class=\"elementor-column elementor-col-50 elementor-top-column elementor-element elementor-element-a783124\" data-id=\"a783124\" data-element_type=\"column\">\n\t\t\t<div class=\"elementor-widget-wrap elementor-element-populated\">\n\t\t\t\t\t\t<div class=\"elementor-element elementor-element-13a0557 elementor-widget elementor-widget-heading\" data-id=\"13a0557\" data-element_type=\"widget\" data-widget_type=\"heading.default\">\n\t\t\t\t<div class=\"elementor-widget-container\">\n\t\t\t\t\t<h3 class=\"elementor-heading-title elementor-size-default\">Calidad superior<\/h3>\t\t\t\t<\/div>\n\t\t\t\t<\/div>\n\t\t\t\t\t<\/div>\n\t\t<\/div>\n\t\t\t\t<div class=\"elementor-column elementor-col-50 elementor-top-column elementor-element elementor-element-e7fffea\" data-id=\"e7fffea\" data-element_type=\"column\">\n\t\t\t<div class=\"elementor-widget-wrap elementor-element-populated\">\n\t\t\t\t\t\t<div class=\"elementor-element elementor-element-637f112 elementor-widget elementor-widget-text-editor\" data-id=\"637f112\" data-element_type=\"widget\" data-widget_type=\"text-editor.default\">\n\t\t\t\t<div class=\"elementor-widget-container\">\n\t\t\t\t\t\t\t\t\t<p>Tenemos un proceso de desarrollo de productos r\u00edgido y colaboramos con terceros expertos para garantizar los m\u00e1s altos est\u00e1ndares y calidades posibles basados en una experiencia cre\u00edble. Tenemos altos requisitos en cuanto a garant\u00eda de calidad y trabajamos con altos est\u00e1ndares de fabricaci\u00f3n para ofrecer siempre productos de alta calidad. Todos nuestros productos est\u00e1n patentados y cumplen con las normas ISO.<\/p>\t\t\t\t\t\t\t\t<\/div>\n\t\t\t\t<\/div>\n\t\t\t\t\t<\/div>\n\t\t<\/div>\n\t\t\t\t\t<\/div>\n\t\t<\/section>\n\t\t\t\t<section class=\"elementor-section elementor-top-section elementor-element elementor-element-386860a elementor-section-boxed elementor-section-height-default elementor-section-height-default\" data-id=\"386860a\" data-element_type=\"section\" data-settings=\"{&quot;background_background&quot;:&quot;classic&quot;}\">\n\t\t\t\t\t\t<div class=\"elementor-container elementor-column-gap-extended\">\n\t\t\t\t\t<div class=\"elementor-column elementor-col-50 elementor-top-column elementor-element elementor-element-82dc12b\" data-id=\"82dc12b\" data-element_type=\"column\">\n\t\t\t<div class=\"elementor-widget-wrap elementor-element-populated\">\n\t\t\t\t\t\t<div class=\"elementor-element elementor-element-a50e6e3 elementor-widget elementor-widget-heading\" data-id=\"a50e6e3\" data-element_type=\"widget\" data-widget_type=\"heading.default\">\n\t\t\t\t<div class=\"elementor-widget-container\">\n\t\t\t\t\t<h3 class=\"elementor-heading-title elementor-size-default\">Qu\u00e9 le ofrecemos<\/h3>\t\t\t\t<\/div>\n\t\t\t\t<\/div>\n\t\t\t\t\t<\/div>\n\t\t<\/div>\n\t\t\t\t<div class=\"elementor-column elementor-col-50 elementor-top-column elementor-element elementor-element-9b0e637\" data-id=\"9b0e637\" data-element_type=\"column\">\n\t\t\t<div class=\"elementor-widget-wrap elementor-element-populated\">\n\t\t\t\t\t\t<div class=\"elementor-element elementor-element-8c558b6 elementor-widget elementor-widget-text-editor\" data-id=\"8c558b6\" data-element_type=\"widget\" data-widget_type=\"text-editor.default\">\n\t\t\t\t<div class=\"elementor-widget-container\">\n\t\t\t\t\t\t\t\t\t<p>Nuestra cartera de productos incluye filtros y tapones nasales que eliminan y filtran eficazmente lo no deseado y lo que es potencialmente malo para usted, como virus, bacterias, malos olores o al\u00e9rgenos. Nuestra gama de productos tambi\u00e9n incluye un kit de entrenamiento de olores para mejorar el sentido del olfato. Todos nuestros productos est\u00e1n patentados, son discretos y transpirables.<\/p>\t\t\t\t\t\t\t\t<\/div>\n\t\t\t\t<\/div>\n\t\t\t\t\t<\/div>\n\t\t<\/div>\n\t\t\t\t\t<\/div>\n\t\t<\/section>\n\t\t\t\t<section class=\"elementor-section elementor-top-section elementor-element elementor-element-0db25d3 elementor-section-boxed elementor-section-height-default elementor-section-height-default\" data-id=\"0db25d3\" data-element_type=\"section\">\n\t\t\t\t\t\t<div class=\"elementor-container elementor-column-gap-extended\">\n\t\t\t\t\t<div class=\"elementor-column elementor-col-50 elementor-top-column elementor-element elementor-element-62fb82a\" data-id=\"62fb82a\" data-element_type=\"column\">\n\t\t\t<div class=\"elementor-widget-wrap elementor-element-populated\">\n\t\t\t\t\t\t<div class=\"elementor-element elementor-element-65426e1 elementor-widget elementor-widget-heading\" data-id=\"65426e1\" data-element_type=\"widget\" data-widget_type=\"heading.default\">\n\t\t\t\t<div class=\"elementor-widget-container\">\n\t\t\t\t\t<h3 class=\"elementor-heading-title elementor-size-default\">Nuestra historia<\/h3>\t\t\t\t<\/div>\n\t\t\t\t<\/div>\n\t\t\t\t\t<\/div>\n\t\t<\/div>\n\t\t\t\t<div class=\"elementor-column elementor-col-50 elementor-top-column elementor-element elementor-element-c644478\" data-id=\"c644478\" data-element_type=\"column\">\n\t\t\t<div class=\"elementor-widget-wrap elementor-element-populated\">\n\t\t\t\t\t\t<div class=\"elementor-element elementor-element-05f7574 elementor-widget elementor-widget-text-editor\" data-id=\"05f7574\" data-element_type=\"widget\" data-widget_type=\"text-editor.default\">\n\t\t\t\t<div class=\"elementor-widget-container\">\n\t\t\t\t\t\t\t\t\t<p>El viaje de NOSA comenz\u00f3 con la enfermera sueca Susanna, que llevaba mucho tiempo luchando con los malos olores en su trabajo diario. La idea era mejorar el entorno de trabajo mediante el desarrollo de una protecci\u00f3n eficaz contra los olores que pudiera permitir a las personas respirar sin restricciones de forma discreta.<\/p><p>Varios a\u00f1os de desarrollo de productos han dado lugar al lanzamiento de\u00a0NOSA odor control, la primera protecci\u00f3n contra olores discreta del mundo, que se lanz\u00f3 en 2017. NOSA\u00a0odor control\u00a0es un producto patentado \u00fanico que es utilizado por profesionales sanitarios, polic\u00eda, ambulancias, bomberos y muchas otras personas en Europa y Norteam\u00e9rica.<\/p><p>Unos a\u00f1os m\u00e1s tarde, la gama de productos se ampli\u00f3 con un nuevo producto de consumo:\u00a0NOSA allergy filter. El eficaz filtro recoge y filtra las part\u00edculas del aire inhalado del tama\u00f1o PM 10, como el polen, las descamaciones de piel o pelo de mascotas, el polvo y el moho. El producto es un producto sanitario de clase 1 y est\u00e1 disponible en farmacias y tiendas electr\u00f3nicas dentro de la UE.<\/p><p>Dado que los virus y las bacterias pueden propagarse e infectarse a trav\u00e9s de la mucosa nasal y el tracto respiratorio superior, hemos trabajado en un dispositivo nasal que pueda reducir la cantidad de virus y bacterias activos en el aire inhalado a trav\u00e9s de la nariz. Cuando la pandemia de la COVID-19 azot\u00f3 al mundo, se hizo muy importante lanzar una soluci\u00f3n eficaz que cre\u00edamos que pod\u00eda marcar una gran diferencia. El resultado fue NOSA microbial control, un dispositivo nasal que reduce la cantidad de virus y bacterias activos en el aire inhalado a trav\u00e9s de la nariz. El dispositivo era una alternativa discreta y f\u00e1cil de usar en la vida cotidiana.<\/p>\t\t\t\t\t\t\t\t<\/div>\n\t\t\t\t<\/div>\n\t\t\t\t\t<\/div>\n\t\t<\/div>\n\t\t\t\t\t<\/div>\n\t\t<\/section>\n\t\t<div class=\"elementor-element elementor-element-2a295bd e-flex e-con-boxed e-con e-parent\" data-id=\"2a295bd\" data-element_type=\"container\">\n\t\t\t\t\t<div class=\"e-con-inner\">\n\t\t\t\t<div class=\"elementor-element elementor-element-9da3489 elementor-widget elementor-widget-image\" data-id=\"9da3489\" data-element_type=\"widget\" data-widget_type=\"image.default\">\n\t\t\t\t<div class=\"elementor-widget-container\">\n\t\t\t\t\t\t\t\t\t\t\t\t\t\t\t<img decoding=\"async\" width=\"1024\" height=\"512\" src=\"https:\/\/nosaplugs.com\/es\/wp-content\/uploads\/sites\/9\/2023\/10\/OUR-VISION-1024x512.png\" class=\"attachment-large size-large wp-image-1389665\" alt=\"NOSA Vision - about us\" srcset=\"https:\/\/nosaplugs.com\/es\/wp-content\/uploads\/sites\/9\/2023\/10\/OUR-VISION-1024x512.png 1024w, https:\/\/nosaplugs.com\/es\/wp-content\/uploads\/sites\/9\/2023\/10\/OUR-VISION-300x150.png 300w, https:\/\/nosaplugs.com\/es\/wp-content\/uploads\/sites\/9\/2023\/10\/OUR-VISION-768x384.png 768w, https:\/\/nosaplugs.com\/es\/wp-content\/uploads\/sites\/9\/2023\/10\/OUR-VISION-1536x768.png 1536w, https:\/\/nosaplugs.com\/es\/wp-content\/uploads\/sites\/9\/2023\/10\/OUR-VISION-2048x1024.png 2048w, https:\/\/nosaplugs.com\/es\/wp-content\/uploads\/sites\/9\/2023\/10\/OUR-VISION-350x175.png 350w, https:\/\/nosaplugs.com\/es\/wp-content\/uploads\/sites\/9\/2023\/10\/OUR-VISION-680x340.png 680w\" sizes=\"(max-width: 1024px) 100vw, 1024px\" \/>\t\t\t\t\t\t\t\t\t\t\t\t\t\t\t<\/div>\n\t\t\t\t<\/div>\n\t\t\t\t\t<\/div>\n\t\t\t\t<\/div>\n\t\t\t\t<\/div>\n\t\t","protected":false},"excerpt":{"rendered":"<p>Qui\u00e9nes somos NOSA es una empresa sueca de tecnolog\u00eda m\u00e9dica pionera en innovaci\u00f3n intranasal para aumentar la calidad de vida a trav\u00e9s de la respiraci\u00f3n nasal. Nos esforzamos para que las personas vivan sus vidas al m\u00e1ximo y disfruten de su entorno, en lugar de estar limitadas por \u00e9l. Trabajamos para resolver problemas relacionados con &hellip;<\/p>\n","protected":false},"author":1,"featured_media":0,"parent":0,"menu_order":0,"comment_status":"closed","ping_status":"closed","template":"","meta":{"_acf_changed":false,"footnotes":""},"class_list":["post-358","page","type-page","status-publish","hentry"],"acf":[],"aioseo_notices":[],"_links":{"self":[{"href":"https:\/\/nosaplugs.com\/es\/wp-json\/wp\/v2\/pages\/358"}],"collection":[{"href":"https:\/\/nosaplugs.com\/es\/wp-json\/wp\/v2\/pages"}],"about":[{"href":"https:\/\/nosaplugs.com\/es\/wp-json\/wp\/v2\/types\/page"}],"author":[{"embeddable":true,"href":"https:\/\/nosaplugs.com\/es\/wp-json\/wp\/v2\/users\/1"}],"replies":[{"embeddable":true,"href":"https:\/\/nosaplugs.com\/es\/wp-json\/wp\/v2\/comments?post=358"}],"version-history":[{"count":75,"href":"https:\/\/nosaplugs.com\/es\/wp-json\/wp\/v2\/pages\/358\/revisions"}],"predecessor-version":[{"id":1390877,"href":"https:\/\/nosaplugs.com\/es\/wp-json\/wp\/v2\/pages\/358\/revisions\/1390877"}],"wp:attachment":[{"href":"https:\/\/nosaplugs.com\/es\/wp-json\/wp\/v2\/media?parent=358"}],"curies":[{"name":"wp","href":"https:\/\/api.w.org\/{rel}","templated":true}]}}