{"id":1390110,"date":"2023-11-03T11:47:29","date_gmt":"2023-11-03T10:47:29","guid":{"rendered":"https:\/\/nosaplugs.com\/fr\/?page_id=1390110"},"modified":"2023-11-12T13:50:26","modified_gmt":"2023-11-12T12:50:26","slug":"smell-training-ifu","status":"publish","type":"page","link":"https:\/\/nosaplugs.com\/fr\/smell-training-ifu\/","title":{"rendered":"NOSA smell training &#8211; Instructions for use"},"content":{"rendered":"\t\t<div data-elementor-type=\"wp-page\" data-elementor-id=\"1390110\" class=\"elementor elementor-1390110\" data-elementor-post-type=\"page\">\n\t\t\t\t<div class=\"elementor-element elementor-element-4a34bf9 e-flex e-con-boxed e-con e-parent\" data-id=\"4a34bf9\" data-element_type=\"container\">\n\t\t\t\t\t<div class=\"e-con-inner\">\n\t\t\t\t<div class=\"elementor-element elementor-element-d151056 elementor-widget elementor-widget-text-editor\" data-id=\"d151056\" data-element_type=\"widget\" data-widget_type=\"text-editor.default\">\n\t\t\t\t<div class=\"elementor-widget-container\">\n\t\t\t\t\t\t\t\t\t<h1><span style=\"font-weight: 400;\">Utilisation pr\u00e9vue<\/span><\/h1><p><span style=\"font-weight: 400;\"><br \/>La formation aux odeurs NOSA est un dispositif m\u00e9dical destin\u00e9 \u00e0 l\u2019entra\u00eenement du syst\u00e8me olfactif, par association d\u2019odeurs. L\u2019entra\u00eenement olfactif avec le dispositif NOSA restaure ou am\u00e9liore le dysfonctionnement olfactif : hyposmie, anosmie et parosmie.<\/span><\/p><h2><span style=\"font-weight: 400;\">Indications d\u2019utilisation<\/span><\/h2><p><span style=\"font-weight: 400;\"><br \/>Destin\u00e9 aux patients \u00e2g\u00e9s de 12 ans et plus souffrant d\u2019hyposmie, d\u2019anosmie ou de parosmie r\u00e9sultant d\u2019une infection virale respiratoire.<\/span><\/p><h2><span style=\"font-weight: 400;\">Instructions d\u2019utilisation<\/span><\/h2><p>\u00a0<\/p><p><span style=\"font-weight: 400;\">Lors de l\u2019ouverture de la bo\u00eete, familiarisez-vous avec le calendrier affich\u00e9 sur le couvercle. Pr\u00e9voyez quatre s\u00e9ances par jour, cinq jours par semaine \u2013 deux le matin et deux le soir. Utilisez toujours les dispositifs conform\u00e9ment aux instructions.<\/span><\/p><p><strong>\u00c9tape 1 :<\/strong> <span style=\"font-weight: 400;\">Commencez toujours par vous nettoyer les mains. Cela permet d\u2019\u00e9viter toute irritation ou infection potentielle.<\/span><\/p><p><b>\u00a0\u00c9tape 2 :<\/b> <span style=\"font-weight: 400;\">Prenez les deux premiers parfums selon le calendrier et ins\u00e9rez d\u00e9licatement le premier bouchon parfum\u00e9 dans votre nez. Appliquez d\u00e9licatement dans les narines jusqu\u2019\u00e0 ce que le support rencontre la paroi nasale.<\/span><\/p><p><b>\u00c9tape 3 : <\/b><span style=\"font-weight: 400;\">R\u00e9glez un minuteur sur 10 minutes. Pendant ce temps, concentrez-vous sur le parfum. La visualisation peut aider \u00e0 renforcer votre m\u00e9moire du parfum.<\/span><\/p><p><b>\u00c9tape 4 : <\/b><span style=\"font-weight: 400;\">Une fois la premi\u00e8re s\u00e9ance termin\u00e9e, retirez d\u00e9licatement le dispositif de votre nez et r\u00e9p\u00e9tez les \u00e9tapes 1 \u00e0 3 ci-dessus avec le parfum suivant selon le calendrier.<\/span><\/p><p><b>\u00c9tape 5 :<\/b><span style=\"font-weight: 400;\"> Suivez les m\u00eames \u00e9tapes pour les s\u00e9ances du soir.<\/span><\/p><p><span style=\"font-weight: 400;\">Ce produit contient des parfums couramment utilis\u00e9s dans les parfums qui peuvent provoquer une dermatite de contact allergique chez les personnes sensibles. Si vous savez ou soup\u00e7onnez une allergie \u00e0 certains parfums, contactez <\/span><a href=\"mailto:info@nosaplugs.com\"><span style=\"font-weight: 400;\">info@nosaplugs.com<\/span><\/a><span style=\"font-weight: 400;\"> pour vous assurer que ces parfums ne sont pas pr\u00e9sents dans le dispositif avant de l\u2019utiliser. Les parfums pr\u00e9sents en concentration plus \u00e9lev\u00e9e et potentiellement pr\u00e9occupants sont l\u2019eucalyptol, le L-menthol, le delta-3-carene, la m\u00e9thylcyclopent\u00e9nolone, le salicylate de m\u00e9thyle et l\u2019hexanal. En cas d\u2019irritation ou d\u2019inconfort, retirez imm\u00e9diatement le produit de vos narines. En cas d\u2019irritation nasale s\u00e9v\u00e8re ou de r\u00e9action allergique, consultez un professionnel de sant\u00e9.<\/span><span style=\"font-weight: 400;\"><br \/><\/span><span style=\"font-weight: 400;\">Usage unique : Ce dispositif est \u00e0 usage unique. La r\u00e9utilisation peut entra\u00eener une contamination et une r\u00e9duction de l\u2019efficacit\u00e9.<\/span><span style=\"font-weight: 400;\"><br \/><\/span><span style=\"font-weight: 400;\">Stockage : Stocker dans un endroit sec \u00e0 temp\u00e9rature ambiante.<\/span><\/p>\t\t\t\t\t\t\t\t<\/div>\n\t\t\t\t<\/div>\n\t\t\t\t\t<\/div>\n\t\t\t\t<\/div>\n\t\t\t\t<\/div>\n\t\t","protected":false},"excerpt":{"rendered":"<p>Utilisation pr\u00e9vue La formation aux odeurs NOSA est un dispositif m\u00e9dical destin\u00e9 \u00e0 l\u2019entra\u00eenement du syst\u00e8me olfactif, par association d\u2019odeurs. L\u2019entra\u00eenement olfactif avec le dispositif NOSA restaure ou am\u00e9liore le dysfonctionnement olfactif : hyposmie, anosmie et parosmie. Indications d\u2019utilisation Destin\u00e9 aux patients \u00e2g\u00e9s de 12 ans et plus souffrant d\u2019hyposmie, d\u2019anosmie ou de parosmie r\u00e9sultant &hellip;<\/p>\n","protected":false},"author":3,"featured_media":0,"parent":0,"menu_order":0,"comment_status":"closed","ping_status":"closed","template":"","meta":{"_acf_changed":false,"footnotes":""},"class_list":["post-1390110","page","type-page","status-publish","hentry"],"acf":[],"aioseo_notices":[],"_links":{"self":[{"href":"https:\/\/nosaplugs.com\/fr\/wp-json\/wp\/v2\/pages\/1390110"}],"collection":[{"href":"https:\/\/nosaplugs.com\/fr\/wp-json\/wp\/v2\/pages"}],"about":[{"href":"https:\/\/nosaplugs.com\/fr\/wp-json\/wp\/v2\/types\/page"}],"author":[{"embeddable":true,"href":"https:\/\/nosaplugs.com\/fr\/wp-json\/wp\/v2\/users\/3"}],"replies":[{"embeddable":true,"href":"https:\/\/nosaplugs.com\/fr\/wp-json\/wp\/v2\/comments?post=1390110"}],"version-history":[{"count":8,"href":"https:\/\/nosaplugs.com\/fr\/wp-json\/wp\/v2\/pages\/1390110\/revisions"}],"predecessor-version":[{"id":1390482,"href":"https:\/\/nosaplugs.com\/fr\/wp-json\/wp\/v2\/pages\/1390110\/revisions\/1390482"}],"wp:attachment":[{"href":"https:\/\/nosaplugs.com\/fr\/wp-json\/wp\/v2\/media?parent=1390110"}],"curies":[{"name":"wp","href":"https:\/\/api.w.org\/{rel}","templated":true}]}}