{"id":1387348,"date":"2023-10-12T07:37:52","date_gmt":"2023-10-12T07:37:52","guid":{"rendered":"https:\/\/nosaplugs.com\/sv\/?page_id=1387348"},"modified":"2023-10-12T08:01:40","modified_gmt":"2023-10-12T08:01:40","slug":"pressmeddelanden","status":"publish","type":"page","link":"https:\/\/nosaplugs.com\/sv\/investerare\/pressmeddelanden\/","title":{"rendered":"Pressmeddelanden"},"content":{"rendered":"<div class=\"mfn-newsfeed\"><form method=\"GET\" id=\"mfn-filter-form\"><div class=\"mfn-filter-container\"><div class=\"mfn-newsfeed-category-selector\"><script>\n                    function filterByCategory(e)\n                    {\n                        var type = e.getAttribute(\"filtertype\");\n                        var instance_id = document.getElementById(\"instance_id\").value;\n                        var q = document.getElementById(\"current_category_query\").value;\n                        if (type === \"dropdown\") {\n                            var el = document.getElementById(\"mfn-category-filter-\"  + instance_id);\n                            if (e.value !== \"\") q += \"&m-tags=\" + e.value;\n                            el.value = document.getElementById(\"category_tag\").value;\n                        } else if (type === \"buttons\") {\n                            if (e.value !== \"\") q += \"&m-tags=\" + e.value;\n                        }\n                        window.location.href = q;\n                        return false;\n                    }\n                 <\/script>\n                 <label for=\"mfn-category-filter-861860237\" class=\"mfn-category-label\">Kategori<\/label><select name=\"mfn-category-filter\" id=\"mfn-category-filter-861860237\" class=\"mfn-category-filter\" filtertype=\"dropdown\" onchange=\"filterByCategory(this);\">  <option value=\"\" selected>Pressmeddelanden<\/option>  <option value=\"arkiv-press-frisq-holding\" >Arkiv pressmeddelanden Frisq<\/option>  <option value=\"news\" >Nyheter<\/option> <\/select>  <input type=\"hidden\" id=\"current_category_query\" value=\"?\" \/>  <input type=\"hidden\" id=\"category_tag\" value=\"\" \/><\/div><div class='mfn-newsfeed-year-selector'><script>\n                        function filterByYear(e)\n                        {                           \n                        var q = document.getElementById(\"current_year_query\").value;\n                        var instance_id = document.getElementById(\"instance_id\").value;\n                        var el = document.getElementById(\"mfn-year-filter-\"  + instance_id);\n                        if (e.value !== \"\") q += \"&m-year=\" + e.value;\n                            el.value = document.getElementById(\"current_year\").value;\n                            window.location.href = q;\n                            return false;\n                        }\n                     <\/script>\n                     <label for=\"mfn-year-filter-861860237\" class=\"mfn-year-label\">\u00c5r<\/label><select name=\"mfn-year-filter\" id=\"mfn-year-filter-861860237\" class=\"mfn-year-filter\" onchange=\"filterByYear(this);\"><option url=\"?\" value=\"\">Alla<\/option><option url=\"https:\/\/nosaplugs.com\/sv\/wp-json\/wp\/v2\/pages\/1387348?m-year=2026\" value=\"2026\" >2026<\/option><option url=\"https:\/\/nosaplugs.com\/sv\/wp-json\/wp\/v2\/pages\/1387348?m-year=2025\" value=\"2025\" >2025<\/option><option url=\"https:\/\/nosaplugs.com\/sv\/wp-json\/wp\/v2\/pages\/1387348?m-year=2024\" value=\"2024\" >2024<\/option><option url=\"https:\/\/nosaplugs.com\/sv\/wp-json\/wp\/v2\/pages\/1387348?m-year=2023\" value=\"2023\" >2023<\/option><option url=\"https:\/\/nosaplugs.com\/sv\/wp-json\/wp\/v2\/pages\/1387348?m-year=2022\" value=\"2022\" >2022<\/option><option url=\"https:\/\/nosaplugs.com\/sv\/wp-json\/wp\/v2\/pages\/1387348?m-year=2021\" value=\"2021\" >2021<\/option><option url=\"https:\/\/nosaplugs.com\/sv\/wp-json\/wp\/v2\/pages\/1387348?m-year=2020\" value=\"2020\" >2020<\/option><option url=\"https:\/\/nosaplugs.com\/sv\/wp-json\/wp\/v2\/pages\/1387348?m-year=2019\" value=\"2019\" >2019<\/option><option url=\"https:\/\/nosaplugs.com\/sv\/wp-json\/wp\/v2\/pages\/1387348?m-year=2018\" value=\"2018\" >2018<\/option><option url=\"https:\/\/nosaplugs.com\/sv\/wp-json\/wp\/v2\/pages\/1387348?m-year=2017\" value=\"2017\" >2017<\/option><option url=\"https:\/\/nosaplugs.com\/sv\/wp-json\/wp\/v2\/pages\/1387348?m-year=2016\" value=\"2016\" >2016<\/option><\/select>  <input type=\"hidden\" id=\"current_year_query\" value=\"?\" \/>  <input type=\"hidden\" id=\"current_year\" value=\"\" \/><\/div><\/div>  <input type=\"hidden\" id=\"instance_id\" value=\"861860237\" \/><\/form><div class=\"mfn-list\">\n            <div class='mfn-item 123 '>\n                <div class='mfn-item-header'>\n                    <span class='mfn-date'>2026-04-29 11:45<\/span>\n                    <span class='mfn-title'>\n                        <a href='https:\/\/nosaplugs.com\/sv\/blog\/mfn_news\/nosa-knyter-ny-distributor-och-lanserar-nozoil-pa-vitusapotek-och-ditt-apotek-i-norge\/'>NOSA knyter ny distribut\u00f6r och lanserar Nozoil p\u00e5 Vitusapotek och Ditt Apotek i Norge<\/a>\n                    <\/span>\n                    <span class='mfn-tags'><\/span>\n                <\/div>     \n        \n                <div class='mfn-item-body'>\n                    <div class='mfn-preview'><\/div>\n                <\/div>\n            <\/div>        \n        \n            <div class='mfn-item 123 '>\n                <div class='mfn-item-header'>\n                    <span class='mfn-date'>2026-04-17 08:55<\/span>\n                    <span class='mfn-title'>\n                        <a href='https:\/\/nosaplugs.com\/sv\/blog\/mfn_news\/nosa-plugs-arsredovisning-for-2025-har-publicerats\/'>Nosa Plugs \u00e5rsredovisning f\u00f6r 2025 har publicerats<\/a>\n                    <\/span>\n                    <span class='mfn-tags'>\n            <span class='mfn-tag mfn-tag-mfn-regulatory'>Regulatory<\/span>\n        <\/span>\n                <\/div>     \n        \n                <div class='mfn-item-body'>\n                    <div class='mfn-preview'><\/div>\n                <\/div>\n            <\/div>        \n        \n            <div class='mfn-item 123 '>\n                <div class='mfn-item-header'>\n                    <span class='mfn-date'>2026-04-10 13:00<\/span>\n                    <span class='mfn-title'>\n                        <a href='https:\/\/nosaplugs.com\/sv\/blog\/mfn_news\/nosa-lanserar-hela-konsumentsortimentet-pa-den-franska-apoteksmarknaden\/'>NOSA lanserar hela konsumentsortimentet p\u00e5 den franska apoteksmarknaden<\/a>\n                    <\/span>\n                    <span class='mfn-tags'><\/span>\n                <\/div>     \n        \n                <div class='mfn-item-body'>\n                    <div class='mfn-preview'><\/div>\n                <\/div>\n            <\/div>        \n        \n            <div class='mfn-item 123 '>\n                <div class='mfn-item-header'>\n                    <span class='mfn-date'>2026-04-07 07:35<\/span>\n                    <span class='mfn-title'>\n                        <a href='https:\/\/nosaplugs.com\/sv\/blog\/mfn_news\/kallelse-till-arsstamma-i-nosa-plugs-ab-publ-3\/'>KALLELSE TILL \u00c5RSST\u00c4MMA I NOSA PLUGS AB (PUBL)<\/a>\n                    <\/span>\n                    <span class='mfn-tags'>\n            <span class='mfn-tag mfn-tag-mfn-regulatory'>Regulatory<\/span>\n        <\/span>\n                <\/div>     \n        \n                <div class='mfn-item-body'>\n                    <div class='mfn-preview'><\/div>\n                <\/div>\n            <\/div>        \n        \n            <div class='mfn-item 123 '>\n                <div class='mfn-item-header'>\n                    <span class='mfn-date'>2026-03-09 07:55<\/span>\n                    <span class='mfn-title'>\n                        <a href='https:\/\/nosaplugs.com\/sv\/blog\/mfn_news\/nyhetsbrev-mars-2026\/'>Nyhetsbrev mars 2026<\/a>\n                    <\/span>\n                    <span class='mfn-tags'><\/span>\n                <\/div>     \n        \n                <div class='mfn-item-body'>\n                    <div class='mfn-preview'><\/div>\n                <\/div>\n            <\/div>        \n        \n            <div class='mfn-item 123 '>\n                <div class='mfn-item-header'>\n                    <span class='mfn-date'>2026-02-27 14:00<\/span>\n                    <span class='mfn-title'>\n                        <a href='https:\/\/nosaplugs.com\/sv\/blog\/mfn_news\/nosa-lanserar-nozoil-i-osterrike-tillsammans-med-phoenix\/'>NOSA lanserar Nozoil i \u00d6sterrike tillsammans med PHOENIX<\/a>\n                    <\/span>\n                    <span class='mfn-tags'><\/span>\n                <\/div>     \n        \n                <div class='mfn-item-body'>\n                    <div class='mfn-preview'><\/div>\n                <\/div>\n            <\/div>        \n        \n            <div class='mfn-item 123 '>\n                <div class='mfn-item-header'>\n                    <span class='mfn-date'>2026-02-13 07:30<\/span>\n                    <span class='mfn-title'>\n                        <a href='https:\/\/nosaplugs.com\/sv\/blog\/mfn_news\/nosa-plugs-abs-bokslutsrapport-2025\/'>Nosa Plugs ABs bokslutsrapport 2025<\/a>\n                    <\/span>\n                    <span class='mfn-tags'>\n            <span class='mfn-tag mfn-tag-mfn-regulatory'>Regulatory<\/span>\n        \n            <span class='mfn-tag mfn-tag-mfn-regulatory-mar'>MAR<\/span>\n        <\/span>\n                <\/div>     \n        \n                <div class='mfn-item-body'>\n                    <div class='mfn-preview'><\/div>\n                <\/div>\n            <\/div>        \n        \n            <div class='mfn-item 123 '>\n                <div class='mfn-item-header'>\n                    <span class='mfn-date'>2026-02-11 09:05<\/span>\n                    <span class='mfn-title'>\n                        <a href='https:\/\/nosaplugs.com\/sv\/blog\/mfn_news\/inbjudan-till-webbsand-intevju-i-samband-med-bokslutsrapportering\/'>Inbjudan till webbs\u00e4nd intevju i samband med bokslutsrapportering<\/a>\n                    <\/span>\n                    <span class='mfn-tags'><\/span>\n                <\/div>     \n        \n                <div class='mfn-item-body'>\n                    <div class='mfn-preview'><\/div>\n                <\/div>\n            <\/div>        \n        \n            <div class='mfn-item 123 '>\n                <div class='mfn-item-header'>\n                    <span class='mfn-date'>2026-02-06 09:46<\/span>\n                    <span class='mfn-title'>\n                        <a href='https:\/\/nosaplugs.com\/sv\/blog\/mfn_news\/nosa-inleder-samarbete-med-abena-sverige-avseende-odor-control\/'>NOSA inleder samarbete med Abena Sverige avseende Odor control<\/a>\n                    <\/span>\n                    <span class='mfn-tags'><\/span>\n                <\/div>     \n        \n                <div class='mfn-item-body'>\n                    <div class='mfn-preview'><\/div>\n                <\/div>\n            <\/div>        \n        \n            <div class='mfn-item 123 '>\n                <div class='mfn-item-header'>\n                    <span class='mfn-date'>2026-01-29 09:00<\/span>\n                    <span class='mfn-title'>\n                        <a href='https:\/\/nosaplugs.com\/sv\/blog\/mfn_news\/nosa-erhaller-positiva-organdata-fran-in-vivo-studie-avseende-drug-delivery\/'>NOSA erh\u00e5ller positiva organdata fr\u00e5n In vivo-studie avseende Drug Delivery<\/a>\n                    <\/span>\n                    <span class='mfn-tags'><\/span>\n                <\/div>     \n        \n                <div class='mfn-item-body'>\n                    <div class='mfn-preview'><\/div>\n                <\/div>\n            <\/div>        \n        \n            <div class='mfn-item 123 '>\n                <div class='mfn-item-header'>\n                    <span class='mfn-date'>2025-12-17 16:44<\/span>\n                    <span class='mfn-title'>\n                        <a href='https:\/\/nosaplugs.com\/sv\/blog\/mfn_news\/rattelse-av-tidigare-pressmeddelande-nosas-produkt-odor-control-upphandlas-i-marseille-frankrike\/'>R\u00e4ttelse av tidigare pressmeddelande: \"NOSAs produkt Odor control upphandlas i Marseille, Frankrike\"<\/a>\n                    <\/span>\n                    <span class='mfn-tags'><\/span>\n                <\/div>     \n        \n                <div class='mfn-item-body'>\n                    <div class='mfn-preview'><\/div>\n                <\/div>\n            <\/div>        \n        \n            <div class='mfn-item 123 '>\n                <div class='mfn-item-header'>\n                    <span class='mfn-date'>2025-12-17 15:47<\/span>\n                    <span class='mfn-title'>\n                        <a href='https:\/\/nosaplugs.com\/sv\/blog\/mfn_news\/nosas-produkt-odor-control-upphandlas-i-marseille-frankrike\/'>NOSAs produkt Odor control upphandlas i Marseille, Frankrike<\/a>\n                    <\/span>\n                    <span class='mfn-tags'><\/span>\n                <\/div>     \n        \n                <div class='mfn-item-body'>\n                    <div class='mfn-preview'><\/div>\n                <\/div>\n            <\/div>        \n        \n            <div class='mfn-item 123 '>\n                <div class='mfn-item-header'>\n                    <span class='mfn-date'>2025-12-11 08:30<\/span>\n                    <span class='mfn-title'>\n                        <a href='https:\/\/nosaplugs.com\/sv\/blog\/mfn_news\/langtidsstudie-visar-pa-battre-livskvalitet-med-nosa-smell-training\/'>L\u00e5ngtidsstudie visar p\u00e5 b\u00e4ttre livskvalitet med NOSA Smell training<\/a>\n                    <\/span>\n                    <span class='mfn-tags'><\/span>\n                <\/div>     \n        \n                <div class='mfn-item-body'>\n                    <div class='mfn-preview'><\/div>\n                <\/div>\n            <\/div>        \n        \n            <div class='mfn-item 123 '>\n                <div class='mfn-item-header'>\n                    <span class='mfn-date'>2025-12-11 08:30<\/span>\n                    <span class='mfn-title'>\n                        <a href='https:\/\/nosaplugs.com\/sv\/blog\/mfn_news\/long-term-study-shows-better-quality-of-life-with-nosa-smell-training\/'>Long-term study shows better quality of life with NOSA Smell training<\/a>\n                    <\/span>\n                    <span class='mfn-tags'><\/span>\n                <\/div>     \n        \n                <div class='mfn-item-body'>\n                    <div class='mfn-preview'><\/div>\n                <\/div>\n            <\/div>        \n        \n            <div class='mfn-item 123 '>\n                <div class='mfn-item-header'>\n                    <span class='mfn-date'>2025-12-01 16:21<\/span>\n                    <span class='mfn-title'>\n                        <a href='https:\/\/nosaplugs.com\/sv\/blog\/mfn_news\/nosa-knyter-ny-varddistributor-i-kanada-och-tar-emot-forsta-order\/'>NOSA knyter ny v\u00e5rddistribut\u00f6r i Kanada och tar emot f\u00f6rsta order<\/a>\n                    <\/span>\n                    <span class='mfn-tags'><\/span>\n                <\/div>     \n        \n                <div class='mfn-item-body'>\n                    <div class='mfn-preview'><\/div>\n                <\/div>\n            <\/div>        \n        \n            <div class='mfn-item 123 '>\n                <div class='mfn-item-header'>\n                    <span class='mfn-date'>2025-11-20 17:55<\/span>\n                    <span class='mfn-title'>\n                        <a href='https:\/\/nosaplugs.com\/sv\/blog\/mfn_news\/nyhetsbrev-november\/'>Nyhetsbrev November<\/a>\n                    <\/span>\n                    <span class='mfn-tags'><\/span>\n                <\/div>     \n        \n                <div class='mfn-item-body'>\n                    <div class='mfn-preview'><\/div>\n                <\/div>\n            <\/div>        \n        \n            <div class='mfn-item 123 '>\n                <div class='mfn-item-header'>\n                    <span class='mfn-date'>2025-11-07 07:30<\/span>\n                    <span class='mfn-title'>\n                        <a href='https:\/\/nosaplugs.com\/sv\/blog\/mfn_news\/nosa-plugs-abs-delarsrapport-for-tredje-kvartalet-2025\/'>Nosa Plugs ABs del\u00e5rsrapport f\u00f6r tredje kvartalet 2025<\/a>\n                    <\/span>\n                    <span class='mfn-tags'>\n            <span class='mfn-tag mfn-tag-mfn-regulatory'>Regulatory<\/span>\n        \n            <span class='mfn-tag mfn-tag-mfn-regulatory-mar'>MAR<\/span>\n        <\/span>\n                <\/div>     \n        \n                <div class='mfn-item-body'>\n                    <div class='mfn-preview'><\/div>\n                <\/div>\n            <\/div>        \n        \n            <div class='mfn-item 123 '>\n                <div class='mfn-item-header'>\n                    <span class='mfn-date'>2025-11-06 10:00<\/span>\n                    <span class='mfn-title'>\n                        <a href='https:\/\/nosaplugs.com\/sv\/blog\/mfn_news\/inbjudan-till-webbsand-intevju-i-samband-med-kvartalsrapportering-2\/'>Inbjudan till webbs\u00e4nd intevju i samband med kvartalsrapportering<\/a>\n                    <\/span>\n                    <span class='mfn-tags'><\/span>\n                <\/div>     \n        \n                <div class='mfn-item-body'>\n                    <div class='mfn-preview'><\/div>\n                <\/div>\n            <\/div>        \n        \n            <div class='mfn-item 123 '>\n                <div class='mfn-item-header'>\n                    <span class='mfn-date'>2025-10-23 11:55<\/span>\n                    <span class='mfn-title'>\n                        <a href='https:\/\/nosaplugs.com\/sv\/blog\/mfn_news\/kommunike-fran-nosa-plugs-ab-publ-extra-bolagsstamma-den-23-oktober-2025\/'>Kommunik\u00e9 fr\u00e5n Nosa Plugs AB (publ) extra bolagsst\u00e4mma den 23 oktober 2025<\/a>\n                    <\/span>\n                    <span class='mfn-tags'>\n            <span class='mfn-tag mfn-tag-mfn-regulatory'>Regulatory<\/span>\n        <\/span>\n                <\/div>     \n        \n                <div class='mfn-item-body'>\n                    <div class='mfn-preview'><\/div>\n                <\/div>\n            <\/div>        \n        \n            <div class='mfn-item 123 '>\n                <div class='mfn-item-header'>\n                    <span class='mfn-date'>2025-10-22 11:45<\/span>\n                    <span class='mfn-title'>\n                        <a href='https:\/\/nosaplugs.com\/sv\/blog\/mfn_news\/nosas-luktskydd-upphandlas-i-norge\/'>NOSAs luktskydd upphandlas i Norge<\/a>\n                    <\/span>\n                    <span class='mfn-tags'><\/span>\n                <\/div>     \n        \n                <div class='mfn-item-body'>\n                    <div class='mfn-preview'><\/div>\n                <\/div>\n            <\/div>        \n        <\/div><div class='mfn-newsfeed-pagination'><a href='https:\/\/nosaplugs.com\/sv\/wp-json\/wp\/v2\/pages\/1387348?m-page=1' class='mfn-page-link mfn-page-link-next'>Next<\/a><\/div><\/div>\n<p><!--[mfn_news_feed_widget lang=sv showthumbnail=false showfilter=true filtertags='regulatory,regulatory-mar' showyears=true yearstype=dropdown showpreview=true previewlen=150 pagelen=10 skipcustomtags=true groupbyyear=true showpagination=true onlytagsallowed=regulatory,regulatory-mar]--><\/p>\n","protected":false},"excerpt":{"rendered":"","protected":false},"author":1,"featured_media":0,"parent":2544,"menu_order":0,"comment_status":"closed","ping_status":"closed","template":"","meta":{"_acf_changed":false,"footnotes":""},"class_list":["post-1387348","page","type-page","status-publish","hentry"],"acf":[],"aioseo_notices":[],"_links":{"self":[{"href":"https:\/\/nosaplugs.com\/sv\/wp-json\/wp\/v2\/pages\/1387348"}],"collection":[{"href":"https:\/\/nosaplugs.com\/sv\/wp-json\/wp\/v2\/pages"}],"about":[{"href":"https:\/\/nosaplugs.com\/sv\/wp-json\/wp\/v2\/types\/page"}],"author":[{"embeddable":true,"href":"https:\/\/nosaplugs.com\/sv\/wp-json\/wp\/v2\/users\/1"}],"replies":[{"embeddable":true,"href":"https:\/\/nosaplugs.com\/sv\/wp-json\/wp\/v2\/comments?post=1387348"}],"version-history":[{"count":1,"href":"https:\/\/nosaplugs.com\/sv\/wp-json\/wp\/v2\/pages\/1387348\/revisions"}],"predecessor-version":[{"id":1387349,"href":"https:\/\/nosaplugs.com\/sv\/wp-json\/wp\/v2\/pages\/1387348\/revisions\/1387349"}],"up":[{"embeddable":true,"href":"https:\/\/nosaplugs.com\/sv\/wp-json\/wp\/v2\/pages\/2544"}],"wp:attachment":[{"href":"https:\/\/nosaplugs.com\/sv\/wp-json\/wp\/v2\/media?parent=1387348"}],"curies":[{"name":"wp","href":"https:\/\/api.w.org\/{rel}","templated":true}]}}