{"id":1387509,"date":"2023-10-12T11:21:49","date_gmt":"2023-10-12T11:21:49","guid":{"rendered":"https:\/\/nosaplugs.com\/sv\/?page_id=1387509"},"modified":"2023-10-24T11:04:08","modified_gmt":"2023-10-24T11:04:08","slug":"om-notering","status":"publish","type":"page","link":"https:\/\/nosaplugs.com\/sv\/investerare\/om-notering\/","title":{"rendered":"Om Notering"},"content":{"rendered":"\t\t<div data-elementor-type=\"wp-page\" data-elementor-id=\"1387509\" class=\"elementor elementor-1387509\" data-elementor-post-type=\"page\">\n\t\t\t\t<div class=\"elementor-element elementor-element-39628491 e-flex e-con-boxed e-con e-parent\" data-id=\"39628491\" data-element_type=\"container\">\n\t\t\t\t\t<div class=\"e-con-inner\">\n\t\t\t\t<div class=\"elementor-element elementor-element-7535d56 elementor-widget elementor-widget-text-editor\" data-id=\"7535d56\" data-element_type=\"widget\" data-widget_type=\"text-editor.default\">\n\t\t\t\t<div class=\"elementor-widget-container\">\n\t\t\t\t\t\t\t\t\tAktierna i Nosa Plugs AB handlas p\u00e5 Nasdaq First North Growth Market (\u201dFirst North\u201d). Bolaget \u00e4r noterat i sin nuvarande skepnad och med nuvarande verksamhet, sedan 16 mars 2023. Bolagets historik som noterat f\u00f6retag g\u00e5r emellertid tillbaka l\u00e4ngre \u00e4n s\u00e5, d\u00e5 det tidigare bedrev en annan verksamhet, under namnet Frisq Holding AB (\u201dFrisq\u201d). I slutet av 2022 s\u00e5lde Frisq dess tidigare verksamhet och i b\u00f6rjan av 2023 ingicks avtal om ett s\u00e5 kallat omv\u00e4nt f\u00f6rv\u00e4rv, d\u00e4r Frisq f\u00f6rv\u00e4rvade det bolag som d\u00e5 hette NoseOption AB. Som ett led i transaktionen, och i enlighet med regelverket f\u00f6r First North, genomgick bolaget och den nya verksamheten en fullskalig noteringsgranskning, av Nasdaq. I samband med noteringsprocessens slutf\u00f6rande publicerades en Bolagsbeskrivning, med information om bolagets verksamhet, historik, organisation, finansiella utveckling etc. P\u00e5 denna hemsida presenteras fr\u00e4mst information om Nosa Plugs ABs nuvarande organisation och verksamhet, men \u00e4ven historiska pressmeddelanden och rapporter h\u00e4nf\u00f6rliga till Frisq h\u00e5lls tillg\u00e4ngliga, i enlighet med g\u00e4llande regelverk.\r\n\r\n    <ul class=\"related_list doc_list\">\r\n        <li class=\"ext_pdf\">\r\n            <a class=\"has_add raquo\" download=\"\" href=\"https:\/\/nosaplugs.com\/sv\/wp-content\/uploads\/sites\/10\/2023\/10\/nosa-bolagsbeskrivning-mars-2023-1-1.pdf\">\r\n                <span class=\"link_text\"><p><strong>NOSA Bolagsbeskrivning<\/strong><br \/>\nMars 2022 &#8211; Svenska<\/p>\n<\/span>\r\n<!--                <span class=\"date_lang\">Mars 2022  - Svenska<\/span>-->\r\n            <\/a>\r\n        <\/li>\r\n    <\/ul>\r\n\t\t\t\t\t\t\t\t<\/div>\n\t\t\t\t<\/div>\n\t\t\t\t\t<\/div>\n\t\t\t\t<\/div>\n\t\t\t\t<\/div>\n\t\t","protected":false},"excerpt":{"rendered":"<p>Aktierna i Nosa Plugs AB handlas p\u00e5 Nasdaq First North Growth Market (\u201dFirst North\u201d). Bolaget \u00e4r noterat i sin nuvarande skepnad och med nuvarande verksamhet, sedan 16 mars 2023. Bolagets historik som noterat f\u00f6retag g\u00e5r emellertid tillbaka l\u00e4ngre \u00e4n s\u00e5, d\u00e5 det tidigare bedrev en annan verksamhet, under namnet Frisq Holding AB (\u201dFrisq\u201d). I slutet &hellip;<\/p>\n","protected":false},"author":1,"featured_media":0,"parent":2544,"menu_order":0,"comment_status":"closed","ping_status":"closed","template":"","meta":{"_acf_changed":false,"footnotes":""},"class_list":["post-1387509","page","type-page","status-publish","hentry"],"acf":[],"aioseo_notices":[],"_links":{"self":[{"href":"https:\/\/nosaplugs.com\/sv\/wp-json\/wp\/v2\/pages\/1387509"}],"collection":[{"href":"https:\/\/nosaplugs.com\/sv\/wp-json\/wp\/v2\/pages"}],"about":[{"href":"https:\/\/nosaplugs.com\/sv\/wp-json\/wp\/v2\/types\/page"}],"author":[{"embeddable":true,"href":"https:\/\/nosaplugs.com\/sv\/wp-json\/wp\/v2\/users\/1"}],"replies":[{"embeddable":true,"href":"https:\/\/nosaplugs.com\/sv\/wp-json\/wp\/v2\/comments?post=1387509"}],"version-history":[{"count":10,"href":"https:\/\/nosaplugs.com\/sv\/wp-json\/wp\/v2\/pages\/1387509\/revisions"}],"predecessor-version":[{"id":1389289,"href":"https:\/\/nosaplugs.com\/sv\/wp-json\/wp\/v2\/pages\/1387509\/revisions\/1389289"}],"up":[{"embeddable":true,"href":"https:\/\/nosaplugs.com\/sv\/wp-json\/wp\/v2\/pages\/2544"}],"wp:attachment":[{"href":"https:\/\/nosaplugs.com\/sv\/wp-json\/wp\/v2\/media?parent=1387509"}],"curies":[{"name":"wp","href":"https:\/\/api.w.org\/{rel}","templated":true}]}}