{"id":1387524,"date":"2023-10-12T13:43:39","date_gmt":"2023-10-12T13:43:39","guid":{"rendered":"https:\/\/nosaplugs.com\/sv\/?page_id=1387524"},"modified":"2025-02-17T10:21:51","modified_gmt":"2025-02-17T09:21:51","slug":"om-nosa","status":"publish","type":"page","link":"https:\/\/nosaplugs.com\/sv\/investerare\/om-nosa\/","title":{"rendered":"Om Nosa"},"content":{"rendered":"\t\t<div data-elementor-type=\"wp-page\" data-elementor-id=\"1387524\" class=\"elementor elementor-1387524\" data-elementor-post-type=\"page\">\n\t\t\t\t<div class=\"elementor-element elementor-element-2996c48e e-flex e-con-boxed e-con e-parent\" data-id=\"2996c48e\" data-element_type=\"container\">\n\t\t\t\t\t<div class=\"e-con-inner\">\n\t\t\t\t<div class=\"elementor-element elementor-element-332fb3c0 elementor-widget elementor-widget-text-editor\" data-id=\"332fb3c0\" data-element_type=\"widget\" data-widget_type=\"text-editor.default\">\n\t\t\t\t<div class=\"elementor-widget-container\">\n\t\t\t\t\t\t\t\t\t<div class=\"et_pb_module et_pb_text et_pb_text_1 et_pb_text_align_left et_pb_bg_layout_light\">\n<div class=\"et_pb_text_inner\">\n<h2>Om Nosa Plugs AB<\/h2>\n<p>Nosa Plugs AB \u00e4r ett medicintekniskt bolag baserat i Stockholm, Sverige och \u00e4r en v\u00e4rldsledande leverant\u00f6r av intranasala andningsprodukter. Produktportf\u00f6ljen best\u00e5r av produkter inom tre omr\u00e5den:<\/p>\n<p>NOSA plugs \u2013 intranasalt luktskydd<br>NOSA filter \u2013 n\u00e4sfilter mot luftburna allergener<br>NOSA microbial \u2013 n\u00e4sskydd som reducerar virus och bakterier i inandningsluften.<\/p>\n<p><\/p>\n<\/div>\n<\/div>\n<div class=\"et_pb_module et_pb_text et_pb_text_2 et_pb_text_align_left et_pb_bg_layout_light\">\n<div class=\"et_pb_text_inner\">\n<h3>Historik<\/h3>\n<p>2006 uppkom id\u00e9n till NOSA\u2019s f\u00f6rsta produkt. Den svenska sjuksk\u00f6terskan Susanna arbetade inom \u00e4ldrev\u00e5rd d\u00e4r illaluktande situationer ofta kunde f\u00f6rekomma, samtidigt som det inte fanns n\u00e5got bra s\u00e4tt att skydda sig emot dessa situationer.<\/p>\n<p>Flera \u00e5rs produktutveckling resulterade i v\u00e4rldens f\u00f6rsta diskreta luktskydd; NOSA menthol plugs. Produkten \u00e4r patenterad och kommersialiserades fullt ut 2017.<\/p>\n<p>Idag anv\u00e4nds luktskyddet regelbundet inom sjukv\u00e5rd, polis, ambulans och m\u00e5nga andra yrkesgrupper i Europa och Nordamerika. N\u00e4rmare 85% av kunderna anv\u00e4nder produkten inom sitt yrke, men s\u00e4ljs \u00e4ven i 7-pack direkt till konsument via e-handel och apotek.<\/p>\n<p>Bolagets B2B-f\u00f6rs\u00e4ljning sker prim\u00e4rt via distribut\u00f6rer som i sin tur s\u00e4ljer vidare till olika f\u00f6retag och institutioner. NOSA plugs s\u00e4ljs i 13 l\u00e4nder och bolaget arbetar successivt med att utvidga sitt globala distributionsn\u00e4rverk .<\/p>\n<p>2020 ut\u00f6kades produktportf\u00f6ljen med en ny produkt. NOSA allergy filter lanserades i Sverige; ett n\u00e4sfilter som filtrerar bort skadliga partiklar i inandningsluften. En minskad m\u00e4ngd allergener som kommer i kontakt med n\u00e4ssl\u00e4mhinnan medf\u00f6r minskad risk f\u00f6r allergiska reaktioner. N\u00e4sfiltret filtrerar partiklar i partikelstorleken PM10 s\u00e5som pollen, p\u00e4ls damm och m\u00f6gel. Produkten marknadsf\u00f6rs prim\u00e4rt mot konsumentmarknaden f\u00f6r allergiker. NOSA filter \u00e4r en medicinteknisk produkt klass 1 och \u00e4r tillg\u00e4nglig inom EU.<\/p>\n<p>Vid utbrottet av Coronapandemin uppstod en uppenbar efterfr\u00e5gan p\u00e5 produkter som p\u00e5 ett diskret och effektivt s\u00e4tt kunde reducera exponeringen av virus och bakterier. Detta medf\u00f6rde en accelererad produktutvecklingsfas som resulterade i bolagets tredje produkt; NOSA microbial control. Produkten inaktiverar virus och tar d\u00f6d p\u00e5 bakterier som kommer i kontakt med produktens lameller. Produktdesignen \u00e4r utformad p\u00e5 ett s\u00e4tt som g\u00f6r att inandningsluften spinner genom produkten d\u00e4r virus- och bakterier tvingas i kontakt med lamellerna, utan att p\u00e5verka andningen negativt. Produkten \u00e4r en medicinteknisk produkt klass 1 som \u00e4r testad mot flera av de vanligaste virus- och bakteriestammarna, inklusive coronavirus, adenovirus och norovirus. Produkten s\u00e4ljs b\u00e5de till f\u00f6retag och privatpersoner. Efter pandemin har en \u00f6kad kunskapsniv\u00e5 kring smittspridning uppst\u00e5tt och m\u00e5nga vill fortsatt skydda sig, men g\u00e4rna utan att anv\u00e4nda ansiktsmask.<\/p>\n<p><\/p>\n<\/div>\n<\/div>\n<div class=\"et_pb_module et_pb_text et_pb_text_3 et_pb_text_align_left et_pb_bg_layout_light\">\n<div class=\"et_pb_text_inner\">\n<h2>Mission, vision och aff\u00e4rsid\u00e9<\/h2>\n<p><\/p>\n<\/div>\n<\/div>\n<div class=\"et_pb_module et_pb_text et_pb_text_4 et_pb_text_align_left et_pb_bg_layout_light\">\n<div class=\"et_pb_text_inner\">\n<h3>Mission<\/h3>\n<p>Pioneering nasal breathing innovation<\/p>\n<h3>Vision<\/h3>\n<p>Improve quality of life one breath at a time<\/p>\n<h3>Aff\u00e4rsid\u00e9<\/h3>\n<p>Nosas aff\u00e4rsid\u00e9 \u00e4r att genom en unik och patenterad produktteknologi och propriet\u00e4r produktionsprocess l\u00f6sa flera problem som involverar andning genom n\u00e4san.<\/p>\n<\/div>\n<\/div>\t\t\t\t\t\t\t\t<\/div>\n\t\t\t\t<\/div>\n\t\t\t\t\t<\/div>\n\t\t\t\t<\/div>\n\t\t\t\t<\/div>\n\t\t","protected":false},"excerpt":{"rendered":"<p>Om Nosa Plugs AB Nosa Plugs AB \u00e4r ett medicintekniskt bolag baserat i Stockholm, Sverige och \u00e4r en v\u00e4rldsledande leverant\u00f6r av intranasala andningsprodukter. Produktportf\u00f6ljen best\u00e5r av produkter inom tre omr\u00e5den: NOSA plugs \u2013 intranasalt luktskyddNOSA filter \u2013 n\u00e4sfilter mot luftburna allergenerNOSA microbial \u2013 n\u00e4sskydd som reducerar virus och bakterier i inandningsluften. Historik 2006 uppkom id\u00e9n &hellip;<\/p>\n","protected":false},"author":1,"featured_media":0,"parent":2544,"menu_order":0,"comment_status":"closed","ping_status":"closed","template":"","meta":{"_acf_changed":false,"footnotes":""},"class_list":["post-1387524","page","type-page","status-publish","hentry"],"acf":[],"aioseo_notices":[],"_links":{"self":[{"href":"https:\/\/nosaplugs.com\/sv\/wp-json\/wp\/v2\/pages\/1387524"}],"collection":[{"href":"https:\/\/nosaplugs.com\/sv\/wp-json\/wp\/v2\/pages"}],"about":[{"href":"https:\/\/nosaplugs.com\/sv\/wp-json\/wp\/v2\/types\/page"}],"author":[{"embeddable":true,"href":"https:\/\/nosaplugs.com\/sv\/wp-json\/wp\/v2\/users\/1"}],"replies":[{"embeddable":true,"href":"https:\/\/nosaplugs.com\/sv\/wp-json\/wp\/v2\/comments?post=1387524"}],"version-history":[{"count":11,"href":"https:\/\/nosaplugs.com\/sv\/wp-json\/wp\/v2\/pages\/1387524\/revisions"}],"predecessor-version":[{"id":1393392,"href":"https:\/\/nosaplugs.com\/sv\/wp-json\/wp\/v2\/pages\/1387524\/revisions\/1393392"}],"up":[{"embeddable":true,"href":"https:\/\/nosaplugs.com\/sv\/wp-json\/wp\/v2\/pages\/2544"}],"wp:attachment":[{"href":"https:\/\/nosaplugs.com\/sv\/wp-json\/wp\/v2\/media?parent=1387524"}],"curies":[{"name":"wp","href":"https:\/\/api.w.org\/{rel}","templated":true}]}}