{"id":1387527,"date":"2023-10-12T13:45:29","date_gmt":"2023-10-12T13:45:29","guid":{"rendered":"https:\/\/nosaplugs.com\/sv\/?page_id=1387527"},"modified":"2026-04-01T15:41:40","modified_gmt":"2026-04-01T13:41:40","slug":"varfor-investera-i-nosa","status":"publish","type":"page","link":"https:\/\/nosaplugs.com\/sv\/investerare\/varfor-investera-i-nosa\/","title":{"rendered":"Varf\u00f6r investera i Nosa?"},"content":{"rendered":"\t\t<div data-elementor-type=\"wp-page\" data-elementor-id=\"1387527\" class=\"elementor elementor-1387527\" data-elementor-post-type=\"page\">\n\t\t\t\t<div class=\"elementor-element elementor-element-7fb4d7bf e-flex e-con-boxed e-con e-parent\" data-id=\"7fb4d7bf\" data-element_type=\"container\">\n\t\t\t\t\t<div class=\"e-con-inner\">\n\t\t\t\t<div class=\"elementor-element elementor-element-2b7242a0 elementor-widget elementor-widget-text-editor\" data-id=\"2b7242a0\" data-element_type=\"widget\" data-widget_type=\"text-editor.default\">\n\t\t\t\t<div class=\"elementor-widget-container\">\n\t\t\t\t\t\t\t\t\t<div>\n<p>NOSA \u00e4r ett v\u00e4rldsledande medicintekniskt bolag inom intranasala andningsprodukter. Bolaget har utvecklat en propriet\u00e4r teknologi och produktionsteknik som underl\u00e4ttar andning i olika p\u00e5frestande situationer. Bolaget har i dag fyra produkter:<\/p>\n<ol>\n<li aria-level=\"1\">NOSA Odor control\u2013 Mot d\u00e5lig lukt<\/li>\n<li aria-level=\"1\">NOSA Microbial control \u2013 Mot virus och bakterier i inandningsluften<\/li>\n<li aria-level=\"1\">NOSA Smell training &#8211; Lukttr\u00e4ningskit f\u00f6r personer som har nedsatt luktf\u00f6m\u00e5ga<\/li>\n<li aria-level=\"1\">NOSA Nozoil &#8211; Mjukg\u00f6rande n\u00e4sspray f\u00f6r torra n\u00e4sslemhinnor<\/li>\n<li aria-level=\"1\">&nbsp;<\/li>\n<\/ol>\n<p>Samtliga produkter har patent\/varum\u00e4rkesskydd i strategiskt utvalda marknader globalt.<br><br><\/p>\n<\/div>\n<div>\n<div>\n<h3>Bolaget v\u00e4xer snabbt<\/h3>\n<p>Bolaget s\u00e4ljer i dag sina produkter i \u00f6ver 20 marknader och v\u00e4xer snabbt. M\u00e5ls\u00e4ttningen \u00e4r att forts\u00e4tta penetrera befintliga marknader samtidigt som lansering av nya produkter kommer ske successivt.<br><br><\/p>\n<\/div>\n<\/div>\n<div>\n<div>\n<h3>Bolaget har starka marginaler<\/h3>\n<p>NOSA erbjuder unika och patenterade produkter i en global marknad. Bolaget hade 2024 en bruttomarginal p\u00e5 70%. NOSA har redan gjort de mest v\u00e4sentliga CAPEX-investeringarna avseende produktionskapabiliteter och skall nu fokusera p\u00e5 att bygga upp f\u00f6rs\u00e4ljningsvolym. En \u00f6kad produktion ger \u00e4nnu b\u00e4ttre marginaler.<\/p><p><br><\/p>\n<\/div>\n<\/div>\n<div>\n<h3>Starka finanser<\/h3>\n<p>Bolaget \u00e4r sedan Q4 2025 l\u00f6nsamma p\u00e5 EBITDA-niv\u00e5 och har som m\u00e5ls\u00e4ttning att fortsatt v\u00e4xa snabbt- och l\u00f6nsamt. D\u00e5 bolaget befinner sig i en kraftig tillv\u00e4xtfas kan det uppst\u00e5 strategiska investeringsm\u00f6jligheter som medf\u00f6r att bolaget prioriterar att inte vara l\u00f6nsamma under enstaka kvartal.<\/p>\n<h3 style=\"color: #333333; letter-spacing: normal;\"><span style=\"color: var( --e-global-color-text ); font-family: var( --e-global-typography-text-font-family ), Sans-serif; text-align: var(--text-align);\">F\u00f6rv\u00e4rv<\/span><\/h3>\n<h3 style=\"color: #333333; letter-spacing: normal;\"><span style=\"color: var( --e-global-color-text ); font-family: var( --e-global-typography-text-font-family ), Sans-serif; font-size: var( --e-global-typography-text-font-size ); font-weight: var( --e-global-typography-text-font-weight ); text-align: var(--text-align);\">NOSA har som m\u00e5ls\u00e4ttning att ut\u00f6ka sin produktportf\u00f6lj med starka varum\u00e4rken f\u00f6r att b\u00e4ttre kunna st\u00e4rka sin position p\u00e5 marknaden, samt f\u00f6r att b\u00e4ttre utnyttja sitt globala distributionsn\u00e4tverk. Bolaget har d\u00e4rf\u00f6r som m\u00e5ls\u00e4ttning att f\u00f6rv\u00e4rva bolag\/varum\u00e4rken\/produkter som uppfyller bolagets h\u00f6gt st\u00e4llda krav, s\u00e5 som:&nbsp;<br><\/span><\/h3>\n<p>&#8211; L\u00f6nsamt<br>&#8211; Marknadsledare<br>&#8211; Starkt varum\u00e4rke<br>&#8211; Passar in i NOSAs portf\u00f6lj<br>&#8211; Tydliga synergier<\/p>\n<h3>Finansiella m\u00e5l&nbsp;<\/h3>\n<p><strong>Finansiella m\u00e5l p\u00e5 kort sikt 2025-2026<\/strong><br>\u203a Tillv\u00e4xtm\u00e5l &#8211; Nettooms\u00e4ttning om minst 50 miljoner SEK 2026.<br>\u203a L\u00f6nsamhetsm\u00e5l \u2013 Positivt EBITDA fr\u00e5n och med Q4 2025 samt EBITDA-marginal om minst 15 procent 2026.<\/p>\n<p><strong>Finansiella m\u00e5l p\u00e5 medell\u00e5ng sikt \u2013 2027-2028:<br><\/strong>\u203a Tillv\u00e4xtm\u00e5l \u2013 Genomsnittlig organisk nettooms\u00e4ttningstillv\u00e4xt om minst 25 procent per \u00e5r.<br>\u203a L\u00f6nsamhetsm\u00e5l \u2013 EBITDA-marginal om minst 18 procent<br>\u203a Kapitalstruktur \u2013 Nettoskuld i relation till EBITDA ska inte \u00f6verskrida 3 g\u00e5nger.<br>\u203a Utdelningspolicy \u2013 \u00d6verskottet ska delas ut till aktie\u00e4garna n\u00e4r det fria kassafl\u00f6det \u00f6verstiger tillg\u00e4ngliga investeringar i l\u00f6nsam tillv\u00e4xt. Utdelning till aktie\u00e4garna f\u00f6ruts\u00e4tter att kapitalstrukturm\u00e5let \u00e4r uppfyllt.<strong><br><\/strong><\/p>\n<p>NOSA kommer framgent \u00e4ven forts\u00e4tta utv\u00e4rdera f\u00f6rv\u00e4rvsm\u00f6jligheter inom \u00d6ron-N\u00e4sa-Hals \u201d\u00d6NH\u201d.<\/p>\n<\/div>\t\t\t\t\t\t\t\t<\/div>\n\t\t\t\t<\/div>\n\t\t\t\t\t<\/div>\n\t\t\t\t<\/div>\n\t\t\t\t<\/div>\n\t\t","protected":false},"excerpt":{"rendered":"<p>NOSA \u00e4r ett v\u00e4rldsledande medicintekniskt bolag inom intranasala andningsprodukter. Bolaget har utvecklat en propriet\u00e4r teknologi och produktionsteknik som underl\u00e4ttar andning i olika p\u00e5frestande situationer. Bolaget har i dag fyra produkter: NOSA Odor control\u2013 Mot d\u00e5lig lukt NOSA Microbial control \u2013 Mot virus och bakterier i inandningsluften NOSA Smell training &#8211; Lukttr\u00e4ningskit f\u00f6r personer som har &hellip;<\/p>\n","protected":false},"author":1,"featured_media":0,"parent":2544,"menu_order":0,"comment_status":"closed","ping_status":"closed","template":"","meta":{"_acf_changed":false,"footnotes":""},"class_list":["post-1387527","page","type-page","status-publish","hentry"],"acf":[],"aioseo_notices":[],"_links":{"self":[{"href":"https:\/\/nosaplugs.com\/sv\/wp-json\/wp\/v2\/pages\/1387527"}],"collection":[{"href":"https:\/\/nosaplugs.com\/sv\/wp-json\/wp\/v2\/pages"}],"about":[{"href":"https:\/\/nosaplugs.com\/sv\/wp-json\/wp\/v2\/types\/page"}],"author":[{"embeddable":true,"href":"https:\/\/nosaplugs.com\/sv\/wp-json\/wp\/v2\/users\/1"}],"replies":[{"embeddable":true,"href":"https:\/\/nosaplugs.com\/sv\/wp-json\/wp\/v2\/comments?post=1387527"}],"version-history":[{"count":38,"href":"https:\/\/nosaplugs.com\/sv\/wp-json\/wp\/v2\/pages\/1387527\/revisions"}],"predecessor-version":[{"id":1394103,"href":"https:\/\/nosaplugs.com\/sv\/wp-json\/wp\/v2\/pages\/1387527\/revisions\/1394103"}],"up":[{"embeddable":true,"href":"https:\/\/nosaplugs.com\/sv\/wp-json\/wp\/v2\/pages\/2544"}],"wp:attachment":[{"href":"https:\/\/nosaplugs.com\/sv\/wp-json\/wp\/v2\/media?parent=1387527"}],"curies":[{"name":"wp","href":"https:\/\/api.w.org\/{rel}","templated":true}]}}