{"id":1387579,"date":"2023-10-12T14:22:10","date_gmt":"2023-10-12T14:22:10","guid":{"rendered":"https:\/\/nosaplugs.com\/sv\/?page_id=1387579"},"modified":"2024-01-08T09:05:53","modified_gmt":"2024-01-08T08:05:53","slug":"bolagsstamma","status":"publish","type":"page","link":"https:\/\/nosaplugs.com\/sv\/investerare\/bolagsstamma\/","title":{"rendered":"Bolagsst\u00e4mma"},"content":{"rendered":"\t\t<div data-elementor-type=\"wp-page\" data-elementor-id=\"1387579\" class=\"elementor elementor-1387579\" data-elementor-post-type=\"page\">\n\t\t\t\t<div class=\"elementor-element elementor-element-3cd052fa e-flex e-con-boxed e-con e-parent\" data-id=\"3cd052fa\" data-element_type=\"container\">\n\t\t\t\t\t<div class=\"e-con-inner\">\n\t\t\t\t<div class=\"elementor-element elementor-element-371b8ff4 elementor-widget elementor-widget-text-editor\" data-id=\"371b8ff4\" data-element_type=\"widget\" data-widget_type=\"text-editor.default\">\n\t\t\t\t<div class=\"elementor-widget-container\">\n\t\t\t\t\t\t\t\t\t<div class=\"et_pb_row et_pb_row_0\"><div class=\"et_pb_column et_pb_column_2_3 et_pb_column_0 et_pb_css_mix_blend_mode_passthrough\"><div class=\"et_pb_module et_pb_text et_pb_text_1 et_pb_text_align_left et_pb_bg_layout_light\"><div class=\"et_pb_text_inner\"><p><strong>Bolagsst\u00e4mman i Nosa Plugs AB (publ) \u00e4r det h\u00f6gsta beslutsfattande organet. Vid bolagsst\u00e4mman ges samtliga aktie\u00e4gare m\u00f6jlighet att ut\u00f6va det inflytande \u00f6ver bolaget som deras respektive aktieinnehav representerar, personligen eller genom ombud.<\/strong><\/p><p>Bolagsst\u00e4mmans befogenheter och skyldigheter regleras av aktiebolagslagen och bolagsordningen.<\/p><\/div><\/div><div class=\"et_pb_module et_pb_divider et_pb_divider_0 et_pb_divider_position_ et_pb_space\"><div class=\"et_pb_divider_internal\">\u00a0<\/div><\/div><div class=\"et_pb_module et_pb_text et_pb_text_2 et_pb_text_align_left et_pb_bg_layout_light\"><div class=\"et_pb_text_inner\"><h3>R\u00e4tt att delta i bolagsst\u00e4mma<\/h3><p>Alla aktie\u00e4gare som \u00e4r inf\u00f6rda i den av Euroclear Sweden AB f\u00f6rda aktieboken fem vardagar (l\u00f6rdagar inkluderat) f\u00f6re bolagsst\u00e4mman och som har anm\u00e4lt sig hos Bolaget f\u00f6r deltagande i bolagsst\u00e4mman senast den dag som anges i kallelsen till bolagsst\u00e4mman, har r\u00e4tt att delta och r\u00f6sta f\u00f6r sina aktier p\u00e5 bolagsst\u00e4mman.<\/p><p>Ut\u00f6ver att anm\u00e4la sig till Bolaget f\u00f6r deltagande m\u00e5ste aktie\u00e4gare som l\u00e5tit f\u00f6rvaltarregistrera sina aktier genom en bank eller ett v\u00e4rdepappersinstitut f\u00f6r att \u00e4ga r\u00e4tt att delta i st\u00e4mman, genom f\u00f6rvaltarens f\u00f6rsorg tillf\u00e4lligt l\u00e5ta inregistrera sina aktier i eget namn hos Euroclear Sweden AB. Aktie\u00e4gare b\u00f6r informera f\u00f6rvaltaren om detta i god tid f\u00f6re avst\u00e4mningsdagen.<\/p><p>Aktie\u00e4gare kan n\u00e4rvara vid bolagsst\u00e4mmor personligen eller genom ombud och kan \u00e4ven bitr\u00e4das av h\u00f6gst tv\u00e5 personer. Vanligtvis \u00e4r det m\u00f6jligt f\u00f6r aktie\u00e4gare att anm\u00e4la sig till bolagsst\u00e4mman p\u00e5 flera olika s\u00e4tt, n\u00e4rmare anges i kallelsen till st\u00e4mman. Aktie\u00e4gare \u00e4r ber\u00e4ttigade att r\u00f6sta f\u00f6r samtliga aktier som aktie\u00e4garen innehar i bolaget.<\/p><p>F\u00f6r ytterligare information kring kallelse och r\u00e4tt att delta vid bolagsst\u00e4mma,\u00a0<a href=\"https:\/\/nosaplugs.com\/sv\/bolagsordning\/\">se bolagets bolagsordning<\/a>.<\/p><p>Aktie\u00e4gare som \u00f6nskar f\u00e5 ett \u00e4rende behandlat p\u00e5 st\u00e4mma kan l\u00e4mna f\u00f6rslaget till Nosa Plugs AB (publ) styrelseordf\u00f6rande p\u00e5 adress:<\/p><p>E-post:\u00a0<a href=\"mailto:investor@nosaplugs.com\">investor@nosaplugs.com<\/a><\/p><p>Brev:<\/p><p>Nosa Plugs AB (publ)<br \/>Att: Styrelseordf\u00f6randen<br \/>Surbrunnsgatan 42<br \/>113 48 Stockholm<\/p><\/div><\/div><\/div><\/div><div class=\"et_pb_row et_pb_row_1\"><div class=\"et_pb_column et_pb_column_4_4 et_pb_column_2 et_pb_css_mix_blend_mode_passthrough et-last-child\"><div class=\"et_pb_module et_pb_text et_pb_text_3 et_pb_text_align_left et_pb_bg_layout_light\"><div class=\"et_pb_text_inner\"><h3>\u00a0<\/h3><h3>ARKIV<\/h3><div class=\"_gnrlMeeting\">    <div class=\"archive-filters\">\r\n        <div class=\"archive-filter year-filter open\">\r\n            <span class=\"active-item active-year-item\">Alla \u00e5r<\/span>\r\n            <ul id=\"year-dropdown\">\r\n                <li data-year=\"Alla \u00e5r\"><a href=\"?y=Alla \u00e5r\">Alla \u00e5r<\/a><\/li>\r\n                <li data-year=\"2023\"><a href=\"?y=2023\">2023<\/a><\/li>\r\n                <li data-year=\"2022\"><a href=\"?y=2022\">2022<\/a><\/li>\r\n                <li data-year=\"2021\"><a href=\"?y=2021\">2021<\/a><\/li>\r\n                <li data-year=\"2020\"><a href=\"?y=2020\">2020<\/a><\/li>\r\n                <li data-year=\"219\"><a href=\"?y=2019\">2019<\/a><\/li>\r\n                <li data-year=\"2018\"><a href=\"?y=2018\">2018<\/a><\/li>\r\n                <li data-year=\"2017\"><a href=\"?y=2017\">2017<\/a><\/li>\r\n            <\/ul>\r\n        <\/div>\r\n    <\/div>\r\n    <script>\r\n        jQuery(document).ready(function($) {\r\n            \/\/ Hide the year list initially\r\n            $('#year-dropdown').hide();\r\n\r\n            \/\/ Toggle the dropdown when clicking on the title\r\n            $('.active-year-item').click(function() {\r\n                $('#year-dropdown').toggle();\r\n            });\r\n\r\n            \/\/ Close the dropdown when clicking outside of it\r\n            $(document).on('click', function(event) {\r\n                if (!$(event.target).closest('.archive-filter').length) {\r\n                    $('#year-dropdown').hide();\r\n                }\r\n            });\r\n\r\n            \/\/ Prevent the dropdown from closing when clicking inside it\r\n            $('#year-dropdown').on('click', function(event) {\r\n                event.stopPropagation();\r\n            });\r\n\r\n            \/\/ Handle year selection\r\n            var selectedYear = '';\r\n            $('.active-year-item').text(selectedYear || 'Alla \u00e5r');\r\n            $('#year-dropdown').hide();\r\n            \/\/ Here you can update your page content or perform other actions based on the selected year.\r\n        });\r\n    <\/script>\r\n\r\n\r\n    \r\n            <div class=\"mfn-list _gnrlMeeting\">\r\n                <div class=\"mfn-item 123 \">\r\n                    <div class=\"mfn-item-header\">\r\n                        <span class=\"mfn-date\">\r\n                            april 7, 2026                        <\/span>\r\n                        <span class=\"mfn-title\">\r\n                        <a href=\"https:\/\/nosaplugs.com\/sv\/blog\/general_meetings\/arsstamma-2026\/\">\u00c5rsst\u00e4mma 2026<\/a>\r\n                    <\/span>\r\n                    <\/div>\r\n                <\/div>\r\n            <\/div>\r\n            \r\n            <div class=\"mfn-list _gnrlMeeting\">\r\n                <div class=\"mfn-item 123 \">\r\n                    <div class=\"mfn-item-header\">\r\n                        <span class=\"mfn-date\">\r\n                            oktober 3, 2025                        <\/span>\r\n                        <span class=\"mfn-title\">\r\n                        <a href=\"https:\/\/nosaplugs.com\/sv\/blog\/general_meetings\/extra-bolagsstamma-oktober-2025\/\">Extra bolagsst\u00e4mma Oktober 2025<\/a>\r\n                    <\/span>\r\n                    <\/div>\r\n                <\/div>\r\n            <\/div>\r\n            \r\n            <div class=\"mfn-list _gnrlMeeting\">\r\n                <div class=\"mfn-item 123 \">\r\n                    <div class=\"mfn-item-header\">\r\n                        <span class=\"mfn-date\">\r\n                            april 8, 2025                        <\/span>\r\n                        <span class=\"mfn-title\">\r\n                        <a href=\"https:\/\/nosaplugs.com\/sv\/blog\/general_meetings\/arsstamma-2025\/\">\u00c5rsst\u00e4mma 2025<\/a>\r\n                    <\/span>\r\n                    <\/div>\r\n                <\/div>\r\n            <\/div>\r\n            \r\n            <div class=\"mfn-list _gnrlMeeting\">\r\n                <div class=\"mfn-item 123 \">\r\n                    <div class=\"mfn-item-header\">\r\n                        <span class=\"mfn-date\">\r\n                            april 2, 2024                        <\/span>\r\n                        <span class=\"mfn-title\">\r\n                        <a href=\"https:\/\/nosaplugs.com\/sv\/blog\/general_meetings\/arsstamma-2024\/\">\u00c5rsst\u00e4mma 2024<\/a>\r\n                    <\/span>\r\n                    <\/div>\r\n                <\/div>\r\n            <\/div>\r\n            \r\n            <div class=\"mfn-list _gnrlMeeting\">\r\n                <div class=\"mfn-item 123 \">\r\n                    <div class=\"mfn-item-header\">\r\n                        <span class=\"mfn-date\">\r\n                            december 27, 2023                        <\/span>\r\n                        <span class=\"mfn-title\">\r\n                        <a href=\"https:\/\/nosaplugs.com\/sv\/blog\/general_meetings\/extra-bolagsstamma-december-2023\/\">Extra bolagsst\u00e4mma December 2023<\/a>\r\n                    <\/span>\r\n                    <\/div>\r\n                <\/div>\r\n            <\/div>\r\n            \r\n            <div class=\"mfn-list _gnrlMeeting\">\r\n                <div class=\"mfn-item 123 \">\r\n                    <div class=\"mfn-item-header\">\r\n                        <span class=\"mfn-date\">\r\n                            mars 10, 2023                        <\/span>\r\n                        <span class=\"mfn-title\">\r\n                        <a href=\"https:\/\/nosaplugs.com\/sv\/blog\/general_meetings\/arsstamma-2023\/\">\u00c5rsst\u00e4mma 2023<\/a>\r\n                    <\/span>\r\n                    <\/div>\r\n                <\/div>\r\n            <\/div>\r\n            \r\n            <div class=\"mfn-list _gnrlMeeting\">\r\n                <div class=\"mfn-item 123 \">\r\n                    <div class=\"mfn-item-header\">\r\n                        <span class=\"mfn-date\">\r\n                            oktober 30, 2022                        <\/span>\r\n                        <span class=\"mfn-title\">\r\n                        <a href=\"https:\/\/nosaplugs.com\/sv\/blog\/general_meetings\/extra-bolagsstamma-oktober-2022\/\">Extra bolagsst\u00e4mma Oktober 2022<\/a>\r\n                    <\/span>\r\n                    <\/div>\r\n                <\/div>\r\n            <\/div>\r\n            \r\n            <div class=\"mfn-list _gnrlMeeting\">\r\n                <div class=\"mfn-item 123 \">\r\n                    <div class=\"mfn-item-header\">\r\n                        <span class=\"mfn-date\">\r\n                            maj 5, 2022                        <\/span>\r\n                        <span class=\"mfn-title\">\r\n                        <a href=\"https:\/\/nosaplugs.com\/sv\/blog\/general_meetings\/arsstamma-2022\/\">\u00c5rsst\u00e4mma 2022<\/a>\r\n                    <\/span>\r\n                    <\/div>\r\n                <\/div>\r\n            <\/div>\r\n            \r\n            <div class=\"mfn-list _gnrlMeeting\">\r\n                <div class=\"mfn-item 123 \">\r\n                    <div class=\"mfn-item-header\">\r\n                        <span class=\"mfn-date\">\r\n                            februari 8, 2022                        <\/span>\r\n                        <span class=\"mfn-title\">\r\n                        <a href=\"https:\/\/nosaplugs.com\/sv\/blog\/general_meetings\/extra-bolagsstamma-februari-2022-andra\/\">Extra bolagsst\u00e4mma februari 2022 (andra)<\/a>\r\n                    <\/span>\r\n                    <\/div>\r\n                <\/div>\r\n            <\/div>\r\n            \r\n            <div class=\"mfn-list _gnrlMeeting\">\r\n                <div class=\"mfn-item 123 \">\r\n                    <div class=\"mfn-item-header\">\r\n                        <span class=\"mfn-date\">\r\n                            februari 8, 2022                        <\/span>\r\n                        <span class=\"mfn-title\">\r\n                        <a href=\"https:\/\/nosaplugs.com\/sv\/blog\/general_meetings\/extra-bolagsstamma-februari-2022-forsta\/\">Extra bolagsst\u00e4mma februari 2022 (f\u00f6rsta)<\/a>\r\n                    <\/span>\r\n                    <\/div>\r\n                <\/div>\r\n            <\/div>\r\n            \r\n            <div class=\"mfn-list _gnrlMeeting\">\r\n                <div class=\"mfn-item 123 \">\r\n                    <div class=\"mfn-item-header\">\r\n                        <span class=\"mfn-date\">\r\n                            februari 26, 2021                        <\/span>\r\n                        <span class=\"mfn-title\">\r\n                        <a href=\"https:\/\/nosaplugs.com\/sv\/blog\/general_meetings\/arsstamma-2021\/\">\u00c5rsst\u00e4mma 2021<\/a>\r\n                    <\/span>\r\n                    <\/div>\r\n                <\/div>\r\n            <\/div>\r\n            \r\n            <div class=\"mfn-list _gnrlMeeting\">\r\n                <div class=\"mfn-item 123 \">\r\n                    <div class=\"mfn-item-header\">\r\n                        <span class=\"mfn-date\">\r\n                            november 4, 2020                        <\/span>\r\n                        <span class=\"mfn-title\">\r\n                        <a href=\"https:\/\/nosaplugs.com\/sv\/blog\/general_meetings\/extra-bolagsstamma-november-2020\/\">Extra bolagsst\u00e4mma November 2020<\/a>\r\n                    <\/span>\r\n                    <\/div>\r\n                <\/div>\r\n            <\/div>\r\n            \r\n            <div class=\"mfn-list _gnrlMeeting\">\r\n                <div class=\"mfn-item 123 \">\r\n                    <div class=\"mfn-item-header\">\r\n                        <span class=\"mfn-date\">\r\n                            mars 26, 2020                        <\/span>\r\n                        <span class=\"mfn-title\">\r\n                        <a href=\"https:\/\/nosaplugs.com\/sv\/blog\/general_meetings\/arsstamma-2020\/\">\u00c5rsst\u00e4mma  2020<\/a>\r\n                    <\/span>\r\n                    <\/div>\r\n                <\/div>\r\n            <\/div>\r\n            \r\n            <div class=\"mfn-list _gnrlMeeting\">\r\n                <div class=\"mfn-item 123 \">\r\n                    <div class=\"mfn-item-header\">\r\n                        <span class=\"mfn-date\">\r\n                            januari 30, 2020                        <\/span>\r\n                        <span class=\"mfn-title\">\r\n                        <a href=\"https:\/\/nosaplugs.com\/sv\/blog\/general_meetings\/extra-bolagsstamma-januari-2020\/\">Extra bolagsst\u00e4mma Januari 2020<\/a>\r\n                    <\/span>\r\n                    <\/div>\r\n                <\/div>\r\n            <\/div>\r\n            \r\n            <div class=\"mfn-list _gnrlMeeting\">\r\n                <div class=\"mfn-item 123 \">\r\n                    <div class=\"mfn-item-header\">\r\n                        <span class=\"mfn-date\">\r\n                            juni 4, 2019                        <\/span>\r\n                        <span class=\"mfn-title\">\r\n                        <a href=\"https:\/\/nosaplugs.com\/sv\/blog\/general_meetings\/arsstamma-2019\/\">\u00c5rsst\u00e4mma 2019<\/a>\r\n                    <\/span>\r\n                    <\/div>\r\n                <\/div>\r\n            <\/div>\r\n            \r\n            <div class=\"mfn-list _gnrlMeeting\">\r\n                <div class=\"mfn-item 123 \">\r\n                    <div class=\"mfn-item-header\">\r\n                        <span class=\"mfn-date\">\r\n                            maj 17, 2018                        <\/span>\r\n                        <span class=\"mfn-title\">\r\n                        <a href=\"https:\/\/nosaplugs.com\/sv\/blog\/general_meetings\/arsstamma-2018\/\">\u00c5rsst\u00e4mma 2018<\/a>\r\n                    <\/span>\r\n                    <\/div>\r\n                <\/div>\r\n            <\/div>\r\n            \r\n            <div class=\"mfn-list _gnrlMeeting\">\r\n                <div class=\"mfn-item 123 \">\r\n                    <div class=\"mfn-item-header\">\r\n                        <span class=\"mfn-date\">\r\n                            maj 3, 2017                        <\/span>\r\n                        <span class=\"mfn-title\">\r\n                        <a href=\"https:\/\/nosaplugs.com\/sv\/blog\/general_meetings\/arsstamma-2017\/\">\u00c5rsst\u00e4mma 2017<\/a>\r\n                    <\/span>\r\n                    <\/div>\r\n                <\/div>\r\n            <\/div>\r\n            \r\n            <div class=\"mfn-list _gnrlMeeting\">\r\n                <div class=\"mfn-item 123 \">\r\n                    <div class=\"mfn-item-header\">\r\n                        <span class=\"mfn-date\">\r\n                            mars 7, 2017                        <\/span>\r\n                        <span class=\"mfn-title\">\r\n                        <a href=\"https:\/\/nosaplugs.com\/sv\/blog\/general_meetings\/extra-bolagsstamma-2017\/\">Extra bolagsst\u00e4mma 2017<\/a>\r\n                    <\/span>\r\n                    <\/div>\r\n                <\/div>\r\n            <\/div>\r\n            <\/div><\/div><\/div><\/div><\/div>\t\t\t\t\t\t\t\t<\/div>\n\t\t\t\t<\/div>\n\t\t\t\t\t<\/div>\n\t\t\t\t<\/div>\n\t\t\t\t<\/div>\n\t\t","protected":false},"excerpt":{"rendered":"<p>Bolagsst\u00e4mman i Nosa Plugs AB (publ) \u00e4r det h\u00f6gsta beslutsfattande organet. Vid bolagsst\u00e4mman ges samtliga aktie\u00e4gare m\u00f6jlighet att ut\u00f6va det inflytande \u00f6ver bolaget som deras respektive aktieinnehav representerar, personligen eller genom ombud. Bolagsst\u00e4mmans befogenheter och skyldigheter regleras av aktiebolagslagen och bolagsordningen. \u00a0 R\u00e4tt att delta i bolagsst\u00e4mma Alla aktie\u00e4gare som \u00e4r inf\u00f6rda i den av &hellip;<\/p>\n","protected":false},"author":1,"featured_media":0,"parent":2544,"menu_order":0,"comment_status":"closed","ping_status":"closed","template":"","meta":{"_acf_changed":false,"footnotes":""},"class_list":["post-1387579","page","type-page","status-publish","hentry"],"acf":[],"aioseo_notices":[],"_links":{"self":[{"href":"https:\/\/nosaplugs.com\/sv\/wp-json\/wp\/v2\/pages\/1387579"}],"collection":[{"href":"https:\/\/nosaplugs.com\/sv\/wp-json\/wp\/v2\/pages"}],"about":[{"href":"https:\/\/nosaplugs.com\/sv\/wp-json\/wp\/v2\/types\/page"}],"author":[{"embeddable":true,"href":"https:\/\/nosaplugs.com\/sv\/wp-json\/wp\/v2\/users\/1"}],"replies":[{"embeddable":true,"href":"https:\/\/nosaplugs.com\/sv\/wp-json\/wp\/v2\/comments?post=1387579"}],"version-history":[{"count":10,"href":"https:\/\/nosaplugs.com\/sv\/wp-json\/wp\/v2\/pages\/1387579\/revisions"}],"predecessor-version":[{"id":1394137,"href":"https:\/\/nosaplugs.com\/sv\/wp-json\/wp\/v2\/pages\/1387579\/revisions\/1394137"}],"up":[{"embeddable":true,"href":"https:\/\/nosaplugs.com\/sv\/wp-json\/wp\/v2\/pages\/2544"}],"wp:attachment":[{"href":"https:\/\/nosaplugs.com\/sv\/wp-json\/wp\/v2\/media?parent=1387579"}],"curies":[{"name":"wp","href":"https:\/\/api.w.org\/{rel}","templated":true}]}}