{"id":1387842,"date":"2023-10-16T06:16:04","date_gmt":"2023-10-16T06:16:04","guid":{"rendered":"https:\/\/nosaplugs.com\/sv\/?page_id=1387842"},"modified":"2024-01-30T09:49:17","modified_gmt":"2024-01-30T08:49:17","slug":"plugs-b2b","status":"publish","type":"page","link":"https:\/\/nosaplugs.com\/sv\/plugs-b2b\/","title":{"rendered":"NOSA ODOR CONTROL"},"content":{"rendered":"\t\t<div data-elementor-type=\"wp-page\" data-elementor-id=\"1387842\" class=\"elementor elementor-1387842\" data-elementor-post-type=\"page\">\n\t\t\t\t<div class=\"elementor-element elementor-element-9b2772f _plugs_b2b e-flex e-con-boxed e-con e-parent\" data-id=\"9b2772f\" data-element_type=\"container\">\n\t\t\t\t\t<div class=\"e-con-inner\">\n\t\t<div class=\"elementor-element elementor-element-a2f9f5a e-con-full e-flex e-con e-child\" data-id=\"a2f9f5a\" data-element_type=\"container\">\n\t\t\t\t<div class=\"elementor-element elementor-element-cf069c4 elementor-widget elementor-widget-shortcode\" data-id=\"cf069c4\" data-element_type=\"widget\" data-widget_type=\"shortcode.default\">\n\t\t\t\t<div class=\"elementor-widget-container\">\n\t\t\t\t\t\t\t<div class=\"elementor-shortcode\"><\/div>\n\t\t\t\t\t\t<\/div>\n\t\t\t\t<\/div>\n\t\t\t\t<\/div>\n\t\t<div class=\"elementor-element elementor-element-854f917 e-con-full e-flex e-con e-child\" data-id=\"854f917\" data-element_type=\"container\">\n\t\t\t\t<div class=\"elementor-element elementor-element-1556909 elementor-widget elementor-widget-heading\" data-id=\"1556909\" data-element_type=\"widget\" data-widget_type=\"heading.default\">\n\t\t\t\t<div class=\"elementor-widget-container\">\n\t\t\t\t\t<h1 class=\"elementor-heading-title elementor-size-default\">NOSA odor control<\/h1>\t\t\t\t<\/div>\n\t\t\t\t<\/div>\n\t\t\t\t<div class=\"elementor-element elementor-element-9b82c22 elementor-widget__width-initial elementor-widget-mobile__width-inherit elementor-widget elementor-widget-text-editor\" data-id=\"9b82c22\" data-element_type=\"widget\" data-widget_type=\"text-editor.default\">\n\t\t\t\t<div class=\"elementor-widget-container\">\n\t\t\t\t\t\t\t\t\t<p>Byggnadsarbetare har h\u00f6rselskydd och hj\u00e4lmar, brandk\u00e5ren har andningsskydd och skyddskl\u00e4der. Men nu finns det ett riktigt skydd p\u00e5 marknaden f\u00f6r de som arbetar i illaluktande situationer.<\/p><p>NOSA odor control \u00e4r v\u00e4rldens f\u00f6rsta diskreta luktskydd som effektivt reducerar d\u00e5lig lukt utan att p\u00e5verka andningen. Den unika designen g\u00f6r att anv\u00e4ndaren kan andas genom produkten samtidigt som den reducerar d\u00e5lig lukt med en frisk mentoldoft.<\/p><p>NOSA odor control \u00e4r patenterad i m\u00e5nga delar av v\u00e4rlden och g\u00f6r vardagen enklare f\u00f6r tusentals m\u00e4nniskor.<\/p>\t\t\t\t\t\t\t\t<\/div>\n\t\t\t\t<\/div>\n\t\t<div class=\"elementor-element elementor-element-69a87a4 e-flex e-con-boxed e-con e-child\" data-id=\"69a87a4\" data-element_type=\"container\">\n\t\t\t\t\t<div class=\"e-con-inner\">\n\t\t\t\t<div class=\"elementor-element elementor-element-ff584b8 elementor-align-center _cm_button elementor-widget elementor-widget-button\" data-id=\"ff584b8\" data-element_type=\"widget\" data-widget_type=\"button.default\">\n\t\t\t\t<div class=\"elementor-widget-container\">\n\t\t\t\t\t\t\t\t\t<div class=\"elementor-button-wrapper\">\n\t\t\t\t\t<a class=\"elementor-button elementor-button-link elementor-size-sm\" href=\"https:\/\/nosaplugs.com\/sv\/distributors\/\">\n\t\t\t\t\t\t<span class=\"elementor-button-content-wrapper\">\n\t\t\t\t\t\t\t\t\t<span class=\"elementor-button-text\">k\u00f6p nu<\/span>\n\t\t\t\t\t<\/span>\n\t\t\t\t\t<\/a>\n\t\t\t\t<\/div>\n\t\t\t\t\t\t\t\t<\/div>\n\t\t\t\t<\/div>\n\t\t\t\t<div class=\"elementor-element elementor-element-d9a1b19 elementor-align-center _cm_button elementor-widget elementor-widget-button\" data-id=\"d9a1b19\" data-element_type=\"widget\" data-widget_type=\"button.default\">\n\t\t\t\t<div class=\"elementor-widget-container\">\n\t\t\t\t\t\t\t\t\t<div class=\"elementor-button-wrapper\">\n\t\t\t\t\t<a class=\"elementor-button elementor-button-link elementor-size-sm\" href=\"https:\/\/nosaplugs.com\/sv\/become-a-distributor\/\">\n\t\t\t\t\t\t<span class=\"elementor-button-content-wrapper\">\n\t\t\t\t\t\t\t\t\t<span class=\"elementor-button-text\">bli distribut\u00f6r<\/span>\n\t\t\t\t\t<\/span>\n\t\t\t\t\t<\/a>\n\t\t\t\t<\/div>\n\t\t\t\t\t\t\t\t<\/div>\n\t\t\t\t<\/div>\n\t\t\t\t\t<\/div>\n\t\t\t\t<\/div>\n\t\t\t\t<\/div>\n\t\t\t\t\t<\/div>\n\t\t\t\t<\/div>\n\t\t<div class=\"elementor-element elementor-element-0756c0b _design_set e-flex e-con-boxed e-con e-parent\" data-id=\"0756c0b\" data-element_type=\"container\">\n\t\t\t\t\t<div class=\"e-con-inner\">\n\t\t\t\t<div class=\"elementor-element elementor-element-bc21f6f elementor-widget elementor-widget-image\" data-id=\"bc21f6f\" data-element_type=\"widget\" data-widget_type=\"image.default\">\n\t\t\t\t<div class=\"elementor-widget-container\">\n\t\t\t\t\t\t\t\t\t\t\t\t\t\t\t<img decoding=\"async\" width=\"86\" height=\"15\" src=\"https:\/\/nosaplugs.com\/sv\/wp-content\/uploads\/sites\/10\/2023\/10\/separator.png\" class=\"attachment-thumbnail size-thumbnail wp-image-1387874\" alt=\"\" \/>\t\t\t\t\t\t\t\t\t\t\t\t\t\t\t<\/div>\n\t\t\t\t<\/div>\n\t\t<div class=\"elementor-element elementor-element-693048e e-flex e-con-boxed e-con e-child\" data-id=\"693048e\" data-element_type=\"container\">\n\t\t\t\t\t<div class=\"e-con-inner\">\n\t\t<div class=\"elementor-element elementor-element-1fa17fb e-con-full e-flex e-con e-child\" data-id=\"1fa17fb\" data-element_type=\"container\">\n\t\t\t\t<div class=\"elementor-element elementor-element-a46c46e elementor-widget elementor-widget-heading\" data-id=\"a46c46e\" data-element_type=\"widget\" data-widget_type=\"heading.default\">\n\t\t\t\t<div class=\"elementor-widget-container\">\n\t\t\t\t\t<h3 class=\"elementor-heading-title elementor-size-default\">unik design<\/h3>\t\t\t\t<\/div>\n\t\t\t\t<\/div>\n\t\t\t\t<div class=\"elementor-element elementor-element-cee3efa elementor-widget__width-initial elementor-widget-mobile__width-inherit elementor-widget elementor-widget-text-editor\" data-id=\"cee3efa\" data-element_type=\"widget\" data-widget_type=\"text-editor.default\">\n\t\t\t\t<div class=\"elementor-widget-container\">\n\t\t\t\t\t\t\t\t\t<p><strong>\u00c5r av produktutveckling resulterade i en patenterad design som:<\/strong><\/p>\t\t\t\t\t\t\t\t<\/div>\n\t\t\t\t<\/div>\n\t\t\t\t<div class=\"elementor-element elementor-element-6676df7 elementor-widget elementor-widget-text-editor\" data-id=\"6676df7\" data-element_type=\"widget\" data-widget_type=\"text-editor.default\">\n\t\t\t\t<div class=\"elementor-widget-container\">\n\t\t\t\t\t\t\t\t\t<ol><li>Minskar d\u00e5lig lukt<\/li><li>\u00c4r l\u00e4tt att andas igenom<\/li><li>Diskret och bekv\u00e4m<\/li><li>Innovativ design med lameller<\/li><li>Frisk doft av mentol<\/li><\/ol>\t\t\t\t\t\t\t\t<\/div>\n\t\t\t\t<\/div>\n\t\t\t\t<\/div>\n\t\t<div class=\"elementor-element elementor-element-04e1fdd e-con-full e-flex e-con e-child\" data-id=\"04e1fdd\" data-element_type=\"container\">\n\t\t\t\t<div class=\"elementor-element elementor-element-18c27c5 elementor-widget elementor-widget-image\" data-id=\"18c27c5\" data-element_type=\"widget\" data-widget_type=\"image.default\">\n\t\t\t\t<div class=\"elementor-widget-container\">\n\t\t\t\t\t\t\t\t\t\t\t\t\t\t\t<img fetchpriority=\"high\" decoding=\"async\" width=\"732\" height=\"501\" src=\"https:\/\/nosaplugs.com\/sv\/wp-content\/uploads\/sites\/10\/2023\/10\/nosa-smell-filter-closeup.png\" class=\"attachment-large size-large wp-image-1387875\" alt=\"\" srcset=\"https:\/\/nosaplugs.com\/sv\/wp-content\/uploads\/sites\/10\/2023\/10\/nosa-smell-filter-closeup.png 732w, https:\/\/nosaplugs.com\/sv\/wp-content\/uploads\/sites\/10\/2023\/10\/nosa-smell-filter-closeup-300x205.png 300w, https:\/\/nosaplugs.com\/sv\/wp-content\/uploads\/sites\/10\/2023\/10\/nosa-smell-filter-closeup-350x240.png 350w, https:\/\/nosaplugs.com\/sv\/wp-content\/uploads\/sites\/10\/2023\/10\/nosa-smell-filter-closeup-680x465.png 680w\" sizes=\"(max-width: 732px) 100vw, 732px\" \/>\t\t\t\t\t\t\t\t\t\t\t\t\t\t\t<\/div>\n\t\t\t\t<\/div>\n\t\t\t\t<\/div>\n\t\t\t\t\t<\/div>\n\t\t\t\t<\/div>\n\t\t\t\t<div class=\"elementor-element elementor-element-3cd6dbf elementor-widget elementor-widget-image\" data-id=\"3cd6dbf\" data-element_type=\"widget\" data-widget_type=\"image.default\">\n\t\t\t\t<div class=\"elementor-widget-container\">\n\t\t\t\t\t\t\t\t\t\t\t\t\t\t\t<img decoding=\"async\" width=\"86\" height=\"15\" src=\"https:\/\/nosaplugs.com\/sv\/wp-content\/uploads\/sites\/10\/2023\/10\/separator.png\" class=\"attachment-thumbnail size-thumbnail wp-image-1387874\" alt=\"\" \/>\t\t\t\t\t\t\t\t\t\t\t\t\t\t\t<\/div>\n\t\t\t\t<\/div>\n\t\t\t\t\t<\/div>\n\t\t\t\t<\/div>\n\t\t<div class=\"elementor-element elementor-element-0d5c929 _distribute_b2b e-flex e-con-boxed e-con e-parent\" data-id=\"0d5c929\" data-element_type=\"container\">\n\t\t\t\t\t<div class=\"e-con-inner\">\n\t\t\t\t<div class=\"elementor-element elementor-element-7ad81ef elementor-widget elementor-widget-heading\" data-id=\"7ad81ef\" data-element_type=\"widget\" data-widget_type=\"heading.default\">\n\t\t\t\t<div class=\"elementor-widget-container\">\n\t\t\t\t\t<h3 class=\"elementor-heading-title elementor-size-default\">Distribution<\/h3>\t\t\t\t<\/div>\n\t\t\t\t<\/div>\n\t\t\t\t<div class=\"elementor-element elementor-element-2cfd97a elementor-widget__width-initial elementor-widget-mobile__width-inherit _b2b-link elementor-widget elementor-widget-text-editor\" data-id=\"2cfd97a\" data-element_type=\"widget\" data-widget_type=\"text-editor.default\">\n\t\t\t\t<div class=\"elementor-widget-container\">\n\t\t\t\t\t\t\t\t\t<p>NOSA odor control kan k\u00f6pas fr\u00e5n olika distribut\u00f6rer inom EU och Nordamerika. Utforska vilka distribut\u00f6rer som finns genom att klicka p\u00e5 ditt land p\u00e5 kartan nedan, eller g\u00e5 till &#8221;distribut\u00f6rer&#8221;. Om du \u00e4r intresserad av att bli distribut\u00f6r f\u00f6r NOSA \u00e4r du v\u00e4lkommen att ans\u00f6ka genom att klicka p\u00e5 &#8221;bli distribut\u00f6r&#8221;. <br \/>Tveka inte att h\u00f6ra av dig till oss p\u00e5 <a href=\"mailto:info@nosaplugs.com\">info@nosaplugs.com<\/a> om du har n\u00e5gra fr\u00e5gor.<\/p>\t\t\t\t\t\t\t\t<\/div>\n\t\t\t\t<\/div>\n\t\t<div class=\"elementor-element elementor-element-61b3af7 e-flex e-con-boxed e-con e-child\" data-id=\"61b3af7\" data-element_type=\"container\">\n\t\t\t\t\t<div class=\"e-con-inner\">\n\t\t\t\t<div class=\"elementor-element elementor-element-ab2c03f elementor-align-center _cm_button elementor-widget elementor-widget-button\" data-id=\"ab2c03f\" data-element_type=\"widget\" data-widget_type=\"button.default\">\n\t\t\t\t<div class=\"elementor-widget-container\">\n\t\t\t\t\t\t\t\t\t<div class=\"elementor-button-wrapper\">\n\t\t\t\t\t<a class=\"elementor-button elementor-button-link elementor-size-sm\" href=\"https:\/\/nosaplugs.com\/sv\/become-a-distributor\/\">\n\t\t\t\t\t\t<span class=\"elementor-button-content-wrapper\">\n\t\t\t\t\t\t\t\t\t<span class=\"elementor-button-text\">bli distribut\u00f6r<\/span>\n\t\t\t\t\t<\/span>\n\t\t\t\t\t<\/a>\n\t\t\t\t<\/div>\n\t\t\t\t\t\t\t\t<\/div>\n\t\t\t\t<\/div>\n\t\t\t\t<div class=\"elementor-element elementor-element-eefaf26 elementor-align-center _cm_button elementor-widget elementor-widget-button\" data-id=\"eefaf26\" data-element_type=\"widget\" data-widget_type=\"button.default\">\n\t\t\t\t<div class=\"elementor-widget-container\">\n\t\t\t\t\t\t\t\t\t<div class=\"elementor-button-wrapper\">\n\t\t\t\t\t<a class=\"elementor-button elementor-button-link elementor-size-sm\" href=\"https:\/\/nosaplugs.com\/sv\/distributors\/\">\n\t\t\t\t\t\t<span class=\"elementor-button-content-wrapper\">\n\t\t\t\t\t\t\t\t\t<span class=\"elementor-button-text\">v\u00e5ra distribut\u00f6rer<\/span>\n\t\t\t\t\t<\/span>\n\t\t\t\t\t<\/a>\n\t\t\t\t<\/div>\n\t\t\t\t\t\t\t\t<\/div>\n\t\t\t\t<\/div>\n\t\t\t\t\t<\/div>\n\t\t\t\t<\/div>\n\t\t\t\t\t<\/div>\n\t\t\t\t<\/div>\n\t\t<div class=\"elementor-element elementor-element-bcdff66 e-con-full _map_b2b e-flex e-con e-parent\" data-id=\"bcdff66\" data-element_type=\"container\">\n\t\t<div class=\"elementor-element elementor-element-a369884 e-con-full e-flex e-con e-child\" data-id=\"a369884\" data-element_type=\"container\">\n\t\t\t\t<div class=\"elementor-element elementor-element-9882cc2 elementor-widget elementor-widget-shortcode\" data-id=\"9882cc2\" data-element_type=\"widget\" data-widget_type=\"shortcode.default\">\n\t\t\t\t<div class=\"elementor-widget-container\">\n\t\t\t\t\t\t\t<div class=\"elementor-shortcode\"><div id=\"unique_iwm_0\"><!-- Map Generated CSS --> \n <style>\n.iwm_map_canvas { overflow:hidden; }\n#map_canvas_1 { margin-left: -10%; }\n#map_canvas_1 { margin-top: 0%; }\n#map_canvas_1 { width: 105%; height: 105%; }#iwm_1 .iwm_map_canvas:after { padding-top:40%; }#map_canvas_1 path[stroke-width^='3'] + path { display:none; }#map_canvas_1 path[stroke-width^='3'] + path + path:not([fill^='#f5f5f5']) { display:none; }#map_canvas_1 path[stroke-width^='3'] { fill:#1d7178;  }#map_canvas_1 path[fill^='#f5f5f5'] { pointer-events: none; }#map_canvas_1 path[fill^='none'] { pointer-events: none; }#map_canvas_1 path:not([fill^='#f5f5f5']) + path[stroke-width^='3'] { stroke-width:1; stroke-opacity:0; stroke:#1d7178; }#map_canvas_1 circle[stroke-width='3'] { fill:#1d7178;  }#map_canvas_1 text:hover { fill:#1d7178;  }#map_canvas_1 path:not([id]) { stroke:#ffffff; }#map_canvas_1 path:not([id]) { stroke-width:1; }#map_canvas_1 path[fill^=\"#f5f5f5\"] { stroke-width:1; }#map_canvas_1 path[fill^=\"#f5f5f5\"]:hover { stroke-width:1; }#map_canvas_1 path[fill^=\"none\"] { stroke-width:1; stroke-opacity:0; }#map_canvas_1 { background-repeat:no-repeat; background-size: 100% 100%; }\n#map_canvas_1 .google-visualization-tooltip * { font-family:'Open Sans' !important; }#map_canvas_1 .google-visualization-tooltip * { font-size:14 !important; }<\/style><div id=\"iwm_1\"><div class='iwm_map_canvas'><div id='map_canvas_1' data-map-id='1'  class='i_world_map ' class='iwm_map_canvas'><div class='iwm_placeholder'><img width='32px' alt='Map SV Placeholder' title='Map SV' src='https:\/\/nosaplugs.com\/sv\/wp-content\/plugins\/interactive-world-maps\/imgs\/placeholder.png'><br>Map SV<\/div><\/div><\/div><\/div><div id='imap1message' style='display:none;'>\n\t\t\t\t<div id=\"map_1_message_SE\" style=\"display:block;\">https:\/\/nosaplugs.com\/sv\/distributors\/#Sverige<\/div><div id=\"map_1_message_NO\" style=\"display:block;\">https:\/\/nosaplugs.com\/sv\/distributors\/#Norge<\/div><div id=\"map_1_message_DK\" style=\"display:block;\">https:\/\/nosaplugs.com\/sv\/distributors\/#Danmark<\/div><div id=\"map_1_message_FI\" style=\"display:block;\">https:\/\/nosaplugs.com\/sv\/distributors\/#Finland<\/div><div id=\"map_1_message_NL\" style=\"display:block;\">https:\/\/nosaplugs.com\/sv\/distributors\/#Nederl\u00e4nderna<\/div><div id=\"map_1_message_CH\" style=\"display:block;\">https:\/\/nosaplugs.com\/sv\/distributors\/#Schweiz<\/div><div id=\"map_1_message_EE\" style=\"display:block;\">https:\/\/nosaplugs.com\/sv\/distributors\/#Estland<\/div><div id=\"map_1_message_BE\" style=\"display:block;\">https:\/\/nosaplugs.com\/sv\/distributors\/#Belgien<\/div><div id=\"map_1_message_DE\" style=\"display:block;\">https:\/\/nosaplugs.com\/sv\/distributors\/#Tyskland<\/div><div id=\"map_1_message_IE\" style=\"display:block;\">https:\/\/nosaplugs.com\/sv\/distributors\/#Irland<\/div><div id=\"map_1_message_GB\" style=\"display:block;\">https:\/\/nosaplugs.com\/sv\/distributors\/#Storbritannien<\/div><div id=\"map_1_message_US\" style=\"display:block;\">https:\/\/nosaplugs.com\/sv\/distributors\/#USA<\/div><div id=\"map_1_message_AT\" style=\"display:block;\">https:\/\/nosaplugs.com\/sv\/distributors\/#\u00d6sterrike<\/div><div id=\"map_1_message_CA\" style=\"display:block;\">https:\/\/nosaplugs.com\/sv\/distributors\/#Kanada<\/div><div id=\"map_1_message_SK\" style=\"display:block;\">https:\/\/nosaplugs.com\/sv\/distributors\/#Slovakien<\/div><div id=\"map_1_message_FR\" style=\"display:block;\">https:\/\/nosaplugs.com\/sv\/distributors\/#Frankrike<\/div><div id=\"map_1_message_ES\" style=\"display:block;\">https:\/\/nosaplugs.com\/sv\/distributors\/#Spanien<\/div><div id=\"map_1_message_AU\" style=\"display:block;\">https:\/\/nosaplugs.com\/sv\/distributors\/#Australien<\/div><div id=\"map_1_message_NZ\" style=\"display:block;\">https:\/\/nosaplugs.com\/sv\/distributors\/#NyaZeeland<\/div><div id=\"map_1_message_PT\" style=\"display:block;\">https:\/\/nosaplugs.com\/sv\/distributors\/#Portugal\t<\/div>\n\t\t\t\t<\/div><\/div><\/div>\n\t\t\t\t\t\t<\/div>\n\t\t\t\t<\/div>\n\t\t\t\t<\/div>\n\t\t\t\t<\/div>\n\t\t<div class=\"elementor-element elementor-element-1ff0077 elementor-hidden-desktop elementor-hidden-tablet elementor-hidden-mobile e-flex e-con-boxed e-con e-parent\" data-id=\"1ff0077\" data-element_type=\"container\">\n\t\t\t\t\t<div class=\"e-con-inner\">\n\t\t<div class=\"elementor-element elementor-element-59852a9 e-flex e-con-boxed e-con e-child\" data-id=\"59852a9\" data-element_type=\"container\" data-settings=\"{&quot;background_background&quot;:&quot;classic&quot;}\">\n\t\t\t\t\t<div class=\"e-con-inner\">\n\t\t\t\t<div class=\"elementor-element elementor-element-1c9dd61 elementor-widget elementor-widget-heading\" data-id=\"1c9dd61\" data-element_type=\"widget\" data-widget_type=\"heading.default\">\n\t\t\t\t<div class=\"elementor-widget-container\">\n\t\t\t\t\t<h3 class=\"elementor-heading-title elementor-size-default\">Are you a purchaser?<\/h3>\t\t\t\t<\/div>\n\t\t\t\t<\/div>\n\t\t\t\t<div class=\"elementor-element elementor-element-36265e3 elementor-widget__width-initial elementor-widget-mobile__width-initial elementor-widget elementor-widget-text-editor\" data-id=\"36265e3\" data-element_type=\"widget\" data-widget_type=\"text-editor.default\">\n\t\t\t\t<div class=\"elementor-widget-container\">\n\t\t\t\t\t\t\t\t\t<p>Would you like to try NOSA plugs? Please fill in the form below and we will get back to you.<\/p>\t\t\t\t\t\t\t\t<\/div>\n\t\t\t\t<\/div>\n\t\t\t\t\t<\/div>\n\t\t\t\t<\/div>\n\t\t<div class=\"elementor-element elementor-element-370e70d e-con-full b2b_form e-flex e-con e-child\" data-id=\"370e70d\" data-element_type=\"container\">\n\t\t\t\t<div class=\"elementor-element elementor-element-745c8ba elementor-widget elementor-widget-form\" data-id=\"745c8ba\" data-element_type=\"widget\" data-settings=\"{&quot;button_width&quot;:&quot;20&quot;,&quot;step_next_label&quot;:&quot;Next&quot;,&quot;step_previous_label&quot;:&quot;Previous&quot;,&quot;step_type&quot;:&quot;number_text&quot;,&quot;step_icon_shape&quot;:&quot;circle&quot;}\" data-widget_type=\"form.default\">\n\t\t\t\t<div class=\"elementor-widget-container\">\n\t\t\t\t\t\t\t<form class=\"elementor-form\" method=\"post\" name=\"New Form\">\n\t\t\t<input type=\"hidden\" name=\"post_id\" value=\"1387842\"\/>\n\t\t\t<input type=\"hidden\" name=\"form_id\" value=\"745c8ba\"\/>\n\t\t\t<input type=\"hidden\" name=\"referer_title\" value=\"\" \/>\n\n\t\t\t\n\t\t\t<div class=\"elementor-form-fields-wrapper elementor-labels-\">\n\t\t\t\t\t\t\t\t<div class=\"elementor-field-type-text elementor-field-group elementor-column elementor-field-group-name elementor-col-50 elementor-md-50\">\n\t\t\t\t\t\t\t\t\t\t\t\t<label for=\"form-field-name\" class=\"elementor-field-label elementor-screen-only\">\n\t\t\t\t\t\t\t\tName\t\t\t\t\t\t\t<\/label>\n\t\t\t\t\t\t\t\t\t\t\t\t\t\t<input size=\"1\" type=\"text\" name=\"form_fields[name]\" id=\"form-field-name\" class=\"elementor-field elementor-size-sm  elementor-field-textual\" placeholder=\"Name\">\n\t\t\t\t\t\t\t\t\t\t\t<\/div>\n\t\t\t\t\t\t\t\t<div class=\"elementor-field-type-text elementor-field-group elementor-column elementor-field-group-last_name elementor-col-50 elementor-md-50\">\n\t\t\t\t\t\t\t\t\t\t\t\t<label for=\"form-field-last_name\" class=\"elementor-field-label elementor-screen-only\">\n\t\t\t\t\t\t\t\tLast Name\t\t\t\t\t\t\t<\/label>\n\t\t\t\t\t\t\t\t\t\t\t\t\t\t<input size=\"1\" type=\"text\" name=\"form_fields[last_name]\" id=\"form-field-last_name\" class=\"elementor-field elementor-size-sm  elementor-field-textual\" placeholder=\"Last Name\">\n\t\t\t\t\t\t\t\t\t\t\t<\/div>\n\t\t\t\t\t\t\t\t<div class=\"elementor-field-type-text elementor-field-group elementor-column elementor-field-group-company elementor-col-50\">\n\t\t\t\t\t\t\t\t\t\t\t\t<label for=\"form-field-company\" class=\"elementor-field-label elementor-screen-only\">\n\t\t\t\t\t\t\t\tCompany\t\t\t\t\t\t\t<\/label>\n\t\t\t\t\t\t\t\t\t\t\t\t\t\t<input size=\"1\" type=\"text\" name=\"form_fields[company]\" id=\"form-field-company\" class=\"elementor-field elementor-size-sm  elementor-field-textual\" placeholder=\"Company\">\n\t\t\t\t\t\t\t\t\t\t\t<\/div>\n\t\t\t\t\t\t\t\t<div class=\"elementor-field-type-email elementor-field-group elementor-column elementor-field-group-email elementor-col-50 elementor-field-required\">\n\t\t\t\t\t\t\t\t\t\t\t\t<label for=\"form-field-email\" class=\"elementor-field-label elementor-screen-only\">\n\t\t\t\t\t\t\t\tEmail Address\t\t\t\t\t\t\t<\/label>\n\t\t\t\t\t\t\t\t\t\t\t\t\t\t<input size=\"1\" type=\"email\" name=\"form_fields[email]\" id=\"form-field-email\" class=\"elementor-field elementor-size-sm  elementor-field-textual\" placeholder=\"Email Address\" required=\"required\">\n\t\t\t\t\t\t\t\t\t\t\t<\/div>\n\t\t\t\t\t\t\t\t<div class=\"elementor-field-type-text elementor-field-group elementor-column elementor-field-group-address elementor-col-50\">\n\t\t\t\t\t\t\t\t\t\t\t\t<label for=\"form-field-address\" class=\"elementor-field-label elementor-screen-only\">\n\t\t\t\t\t\t\t\tAddress\t\t\t\t\t\t\t<\/label>\n\t\t\t\t\t\t\t\t\t\t\t\t\t\t<input size=\"1\" type=\"text\" name=\"form_fields[address]\" id=\"form-field-address\" class=\"elementor-field elementor-size-sm  elementor-field-textual\" placeholder=\"Address\">\n\t\t\t\t\t\t\t\t\t\t\t<\/div>\n\t\t\t\t\t\t\t\t<div class=\"elementor-field-type-text elementor-field-group elementor-column elementor-field-group-postcodecity elementor-col-50\">\n\t\t\t\t\t\t\t\t\t\t\t\t<label for=\"form-field-postcodecity\" class=\"elementor-field-label elementor-screen-only\">\n\t\t\t\t\t\t\t\tPostcode & City\t\t\t\t\t\t\t<\/label>\n\t\t\t\t\t\t\t\t\t\t\t\t\t\t<input size=\"1\" type=\"text\" name=\"form_fields[postcodecity]\" id=\"form-field-postcodecity\" class=\"elementor-field elementor-size-sm  elementor-field-textual\" placeholder=\"Postcode &amp; City\">\n\t\t\t\t\t\t\t\t\t\t\t<\/div>\n\t\t\t\t\t\t\t\t<div class=\"elementor-field-type-text elementor-field-group elementor-column elementor-field-group-state elementor-col-50\">\n\t\t\t\t\t\t\t\t\t\t\t\t<label for=\"form-field-state\" class=\"elementor-field-label elementor-screen-only\">\n\t\t\t\t\t\t\t\tState\/Province\t\t\t\t\t\t\t<\/label>\n\t\t\t\t\t\t\t\t\t\t\t\t\t\t<input size=\"1\" type=\"text\" name=\"form_fields[state]\" id=\"form-field-state\" class=\"elementor-field elementor-size-sm  elementor-field-textual\" placeholder=\"State\/Province\">\n\t\t\t\t\t\t\t\t\t\t\t<\/div>\n\t\t\t\t\t\t\t\t<div class=\"elementor-field-type-text elementor-field-group elementor-column elementor-field-group-country elementor-col-50\">\n\t\t\t\t\t\t\t\t\t\t\t\t<label for=\"form-field-country\" class=\"elementor-field-label elementor-screen-only\">\n\t\t\t\t\t\t\t\tCountry\t\t\t\t\t\t\t<\/label>\n\t\t\t\t\t\t\t\t\t\t\t\t\t\t<input size=\"1\" type=\"text\" name=\"form_fields[country]\" id=\"form-field-country\" class=\"elementor-field elementor-size-sm  elementor-field-textual\" placeholder=\"Country\">\n\t\t\t\t\t\t\t\t\t\t\t<\/div>\n\t\t\t\t\t\t\t\t<div class=\"elementor-field-type-text elementor-field-group elementor-column elementor-field-group-phone elementor-col-50\">\n\t\t\t\t\t\t\t\t\t\t\t\t<label for=\"form-field-phone\" class=\"elementor-field-label elementor-screen-only\">\n\t\t\t\t\t\t\t\tPhone\t\t\t\t\t\t\t<\/label>\n\t\t\t\t\t\t\t\t\t\t\t\t\t\t<input size=\"1\" type=\"text\" name=\"form_fields[phone]\" id=\"form-field-phone\" class=\"elementor-field elementor-size-sm  elementor-field-textual\" placeholder=\"Phone\">\n\t\t\t\t\t\t\t\t\t\t\t<\/div>\n\t\t\t\t\t\t\t\t<div class=\"elementor-field-group elementor-column elementor-field-type-submit elementor-col-20 e-form__buttons\">\n\t\t\t\t\t<button class=\"elementor-button elementor-size-sm\" type=\"submit\">\n\t\t\t\t\t\t<span class=\"elementor-button-content-wrapper\">\n\t\t\t\t\t\t\t\t\t\t\t\t\t\t\t\t\t\t\t\t\t\t<span class=\"elementor-button-text\">Send<\/span>\n\t\t\t\t\t\t\t\t\t\t\t\t\t<\/span>\n\t\t\t\t\t<\/button>\n\t\t\t\t<\/div>\n\t\t\t<\/div>\n\t\t<\/form>\n\t\t\t\t\t\t<\/div>\n\t\t\t\t<\/div>\n\t\t\t\t<\/div>\n\t\t\t\t\t<\/div>\n\t\t\t\t<\/div>\n\t\t<div class=\"elementor-element elementor-element-a1a9f78 e-flex e-con-boxed e-con e-parent\" data-id=\"a1a9f78\" data-element_type=\"container\" data-settings=\"{&quot;background_background&quot;:&quot;classic&quot;}\">\n\t\t\t\t\t<div class=\"e-con-inner\">\n\t\t\t\t<div class=\"elementor-element elementor-element-bb5ba44 elementor-widget elementor-widget-heading\" data-id=\"bb5ba44\" data-element_type=\"widget\" data-widget_type=\"heading.default\">\n\t\t\t\t<div class=\"elementor-widget-container\">\n\t\t\t\t\t<h3 class=\"elementor-heading-title elementor-size-default\">Breathe with care<\/h3>\t\t\t\t<\/div>\n\t\t\t\t<\/div>\n\t\t\t\t\t<\/div>\n\t\t\t\t<\/div>\n\t\t\t\t<\/div>\n\t\t","protected":false},"excerpt":{"rendered":"<p>NOSA odor control Byggnadsarbetare har h\u00f6rselskydd och hj\u00e4lmar, brandk\u00e5ren har andningsskydd och skyddskl\u00e4der. Men nu finns det ett riktigt skydd p\u00e5 marknaden f\u00f6r de som arbetar i illaluktande situationer. NOSA odor control \u00e4r v\u00e4rldens f\u00f6rsta diskreta luktskydd som effektivt reducerar d\u00e5lig lukt utan att p\u00e5verka andningen. Den unika designen g\u00f6r att anv\u00e4ndaren kan andas genom &hellip;<\/p>\n","protected":false},"author":1,"featured_media":0,"parent":0,"menu_order":0,"comment_status":"closed","ping_status":"closed","template":"","meta":{"_acf_changed":false,"footnotes":""},"class_list":["post-1387842","page","type-page","status-publish","hentry"],"acf":[],"aioseo_notices":[],"_links":{"self":[{"href":"https:\/\/nosaplugs.com\/sv\/wp-json\/wp\/v2\/pages\/1387842"}],"collection":[{"href":"https:\/\/nosaplugs.com\/sv\/wp-json\/wp\/v2\/pages"}],"about":[{"href":"https:\/\/nosaplugs.com\/sv\/wp-json\/wp\/v2\/types\/page"}],"author":[{"embeddable":true,"href":"https:\/\/nosaplugs.com\/sv\/wp-json\/wp\/v2\/users\/1"}],"replies":[{"embeddable":true,"href":"https:\/\/nosaplugs.com\/sv\/wp-json\/wp\/v2\/comments?post=1387842"}],"version-history":[{"count":180,"href":"https:\/\/nosaplugs.com\/sv\/wp-json\/wp\/v2\/pages\/1387842\/revisions"}],"predecessor-version":[{"id":1391486,"href":"https:\/\/nosaplugs.com\/sv\/wp-json\/wp\/v2\/pages\/1387842\/revisions\/1391486"}],"wp:attachment":[{"href":"https:\/\/nosaplugs.com\/sv\/wp-json\/wp\/v2\/media?parent=1387842"}],"curies":[{"name":"wp","href":"https:\/\/api.w.org\/{rel}","templated":true}]}}