{"id":1390110,"date":"2023-11-03T11:47:29","date_gmt":"2023-11-03T10:47:29","guid":{"rendered":"https:\/\/nosaplugs.com\/sv\/?page_id=1390110"},"modified":"2024-02-01T10:35:20","modified_gmt":"2024-02-01T09:35:20","slug":"smell-training-ifu","status":"publish","type":"page","link":"https:\/\/nosaplugs.com\/sv\/smell-training-ifu\/","title":{"rendered":"NOSA smell training &#8211; Instructions for use"},"content":{"rendered":"\t\t<div data-elementor-type=\"wp-page\" data-elementor-id=\"1390110\" class=\"elementor elementor-1390110\" data-elementor-post-type=\"page\">\n\t\t\t\t<div class=\"elementor-element elementor-element-4a34bf9 e-flex e-con-boxed e-con e-parent\" data-id=\"4a34bf9\" data-element_type=\"container\">\n\t\t\t\t\t<div class=\"e-con-inner\">\n\t\t\t\t<div class=\"elementor-element elementor-element-d151056 elementor-widget elementor-widget-text-editor\" data-id=\"d151056\" data-element_type=\"widget\" data-widget_type=\"text-editor.default\">\n\t\t\t\t<div class=\"elementor-widget-container\">\n\t\t\t\t\t\t\t\t\t<h2>Bruksanvisning\u00a0<\/h2><p><span style=\"font-weight: 400;\">NOSA smell training \u00e4r en medicinteknisk produkt avsedd f\u00f6r tr\u00e4ning av luktsinnet, genom associeringen av dofter. Lukttr\u00e4ningen \u00e5terst\u00e4ller eller f\u00f6rb\u00e4ttrar luktsinnet vid dysfunktion: hyposmi, anosmi och parosmi<\/span><\/p><h3>Intention f\u00f6r anv\u00e4ndning<\/h3><p><span style=\"font-weight: 400;\">Avsedd f\u00f6r patienter fr\u00e5n 12 \u00e5r och \u00e4ldre som har hyposmi, anosmi eller parosmi till f\u00f6ljd av en virusinfektion i luftv\u00e4garna. De kliniska f\u00f6rdelarna varierar mellan individer.<\/span><\/p><h3>Instruktioner f\u00f6r anv\u00e4ndning<\/h3><p><span style=\"font-weight: 400;\">N\u00e4r du \u00f6ppnar l\u00e5dan, bekanta dig med schemat som visas p\u00e5 locket. Du kommer att lukta p\u00e5 fyra dofter per dag, tv\u00e5 dofter p\u00e5 morgonen och tv\u00e5 dofter p\u00e5 kv\u00e4llen. Detta kommer att upprepas fem dagar i veckan under \u00e5tta veckor i f\u00f6ljd.<\/span><\/p><p><span style=\"font-weight: 400;\">Steg 1: B\u00f6rja alltid med att reng\u00f6ra h\u00e4nderna. Detta s\u00e4kerst\u00e4ller att du undviker eventuell irritation eller infektion.<\/span><\/p><p><span style=\"font-weight: 400;\">Steg 2: S\u00e4tt f\u00f6rsiktigt in den f\u00f6rsta n\u00e4spluggen i n\u00e4san. Applicera f\u00f6rsiktigt i n\u00e4sborrarna tills f\u00e4stet m\u00f6ter n\u00e4sv\u00e4ggen. Andas normalt genom produkten.<\/span><\/p><p><span style=\"font-weight: 400;\">Steg 3: St\u00e4ll in en timer p\u00e5 10 minuter. Under denna tid, fokusera p\u00e5 doften. F\u00f6rs\u00f6k komma ih\u00e5g hur lukten \u00e4r t\u00e4nkt att lukta. Visualisering kan hj\u00e4lpa till att f\u00f6rst\u00e4rka ditt minne av doften.<\/span><\/p><p><span style=\"font-weight: 400;\">Steg 4: N\u00e4r den f\u00f6rsta sessionen \u00e4r klar, ta f\u00f6rsiktigt bort den doftande n\u00e4spluggen fr\u00e5n n\u00e4san och s\u00e4tt i n\u00e4sta plugg enligt schemat p\u00e5 locket. Upprepa processen och st\u00e4ll in en timer p\u00e5 ytterligare 10 minuter.<\/span><\/p><p><span style=\"font-weight: 400;\">Steg 5: F\u00f6lj samma steg f\u00f6r kv\u00e4llspasset. Dofterna f\u00f6r kv\u00e4llspasset skiljer sig alltid fr\u00e5n morgonpasset.<\/span><\/p><p><span style=\"font-weight: 400;\">Denna produkt inneh\u00e5ller dofter som vanligtvis anv\u00e4nds i parfymer som kan orsaka allergisk kontaktdermatit hos k\u00e4nsliga individer. Om du vet eller misst\u00e4nker att du \u00e4r allergisk mot vissa dofter eller parfymer, kontakta info@nosaplugs.com f\u00f6r att f\u00f6rs\u00e4kra dig om att dessa dofter inte finns i enheten innan du anv\u00e4nder den. De dofter som finns i h\u00f6gre koncentrationer och av potentiell oro \u00e4r eukalyptol, L-mentol, delta-3-karen, metylcyklopentenolon, metylsalicylat och hexanal. Om du upplever irritation eller obehag, ta bort produkten fr\u00e5n n\u00e4sborrarna omedelbart. Om du upplever allvarlig n\u00e4sirritation eller allergiska reaktioner, kontakta v\u00e5rden.<\/span><\/p>\t\t\t\t\t\t\t\t<\/div>\n\t\t\t\t<\/div>\n\t\t\t\t\t<\/div>\n\t\t\t\t<\/div>\n\t\t\t\t<\/div>\n\t\t","protected":false},"excerpt":{"rendered":"<p>Bruksanvisning\u00a0 NOSA smell training \u00e4r en medicinteknisk produkt avsedd f\u00f6r tr\u00e4ning av luktsinnet, genom associeringen av dofter. Lukttr\u00e4ningen \u00e5terst\u00e4ller eller f\u00f6rb\u00e4ttrar luktsinnet vid dysfunktion: hyposmi, anosmi och parosmi Intention f\u00f6r anv\u00e4ndning Avsedd f\u00f6r patienter fr\u00e5n 12 \u00e5r och \u00e4ldre som har hyposmi, anosmi eller parosmi till f\u00f6ljd av en virusinfektion i luftv\u00e4garna. De kliniska f\u00f6rdelarna &hellip;<\/p>\n","protected":false},"author":3,"featured_media":0,"parent":0,"menu_order":0,"comment_status":"closed","ping_status":"closed","template":"","meta":{"_acf_changed":false,"footnotes":""},"class_list":["post-1390110","page","type-page","status-publish","hentry"],"acf":[],"aioseo_notices":[],"_links":{"self":[{"href":"https:\/\/nosaplugs.com\/sv\/wp-json\/wp\/v2\/pages\/1390110"}],"collection":[{"href":"https:\/\/nosaplugs.com\/sv\/wp-json\/wp\/v2\/pages"}],"about":[{"href":"https:\/\/nosaplugs.com\/sv\/wp-json\/wp\/v2\/types\/page"}],"author":[{"embeddable":true,"href":"https:\/\/nosaplugs.com\/sv\/wp-json\/wp\/v2\/users\/3"}],"replies":[{"embeddable":true,"href":"https:\/\/nosaplugs.com\/sv\/wp-json\/wp\/v2\/comments?post=1390110"}],"version-history":[{"count":11,"href":"https:\/\/nosaplugs.com\/sv\/wp-json\/wp\/v2\/pages\/1390110\/revisions"}],"predecessor-version":[{"id":1391509,"href":"https:\/\/nosaplugs.com\/sv\/wp-json\/wp\/v2\/pages\/1390110\/revisions\/1391509"}],"wp:attachment":[{"href":"https:\/\/nosaplugs.com\/sv\/wp-json\/wp\/v2\/media?parent=1390110"}],"curies":[{"name":"wp","href":"https:\/\/api.w.org\/{rel}","templated":true}]}}