{"id":1391801,"date":"2024-03-15T14:43:18","date_gmt":"2024-03-15T13:43:18","guid":{"rendered":"https:\/\/nosaplugs.com\/sv\/?page_id=1391801"},"modified":"2024-03-21T14:40:17","modified_gmt":"2024-03-21T13:40:17","slug":"pollen-allergy","status":"publish","type":"page","link":"https:\/\/nosaplugs.com\/sv\/pollen-allergy\/","title":{"rendered":"Pollenallergi"},"content":{"rendered":"\t\t<div data-elementor-type=\"wp-page\" data-elementor-id=\"1391801\" class=\"elementor elementor-1391801\" data-elementor-post-type=\"page\">\n\t\t\t\t<div class=\"elementor-element elementor-element-304d8f9 e-con-full e-flex e-con e-parent\" data-id=\"304d8f9\" data-element_type=\"container\">\n\t\t\t\t<div class=\"elementor-element elementor-element-3044378 elementor-hidden-mobile elementor-widget__width-inherit elementor--h-position-center elementor--v-position-middle elementor-arrows-position-inside elementor-pagination-position-inside elementor-widget elementor-widget-slides\" data-id=\"3044378\" data-element_type=\"widget\" data-settings=\"{&quot;navigation&quot;:&quot;both&quot;,&quot;autoplay&quot;:&quot;yes&quot;,&quot;pause_on_hover&quot;:&quot;yes&quot;,&quot;pause_on_interaction&quot;:&quot;yes&quot;,&quot;autoplay_speed&quot;:5000,&quot;infinite&quot;:&quot;yes&quot;,&quot;transition&quot;:&quot;slide&quot;,&quot;transition_speed&quot;:500}\" data-widget_type=\"slides.default\">\n\t\t\t\t<div class=\"elementor-widget-container\">\n\t\t\t\t\t\t\t\t\t<div class=\"elementor-swiper\">\n\t\t\t\t\t<div class=\"elementor-slides-wrapper elementor-main-swiper swiper\" role=\"region\" aria-roledescription=\"carousel\" aria-label=\"Bildspel\" dir=\"ltr\" data-animation=\"fadeInUp\">\n\t\t\t\t<div class=\"swiper-wrapper elementor-slides\">\n\t\t\t\t\t\t\t\t\t\t<div class=\"elementor-repeater-item-d7c409a swiper-slide\" role=\"group\" aria-roledescription=\"slide\"><div class=\"swiper-slide-bg\" role=\"img\"><\/div><div class=\"swiper-slide-inner\" ><div class=\"swiper-slide-contents\"><h1 class=\"elementor-slide-heading\">Pollenallergi<\/h1><h3 class=\"elementor-slide-description\">\u00c4r du allm\u00e4nt snuvig under v\u00e5r- och sommarhalv\u00e5ret? \n<br \/>D\u00e5 \u00e4r risken stor att du \u00e4r allergisk mot  pollen.<\/h3><\/div><\/div><\/div>\t\t\t\t<\/div>\n\t\t\t\t\t\t\t<\/div>\n\t\t\t\t<\/div>\n\t\t\t\t\t\t\t\t<\/div>\n\t\t\t\t<\/div>\n\t\t\t\t<\/div>\n\t\t<div class=\"elementor-element elementor-element-b12b8c8 e-flex e-con-boxed e-con e-parent\" data-id=\"b12b8c8\" data-element_type=\"container\">\n\t\t\t\t\t<div class=\"e-con-inner\">\n\t\t\t\t<div class=\"elementor-element elementor-element-4fecc78 elementor-hidden-desktop elementor-hidden-tablet elementor--h-position-center elementor--v-position-middle elementor-arrows-position-inside elementor-pagination-position-inside elementor-widget elementor-widget-slides\" data-id=\"4fecc78\" data-element_type=\"widget\" data-settings=\"{&quot;navigation&quot;:&quot;both&quot;,&quot;autoplay&quot;:&quot;yes&quot;,&quot;pause_on_hover&quot;:&quot;yes&quot;,&quot;pause_on_interaction&quot;:&quot;yes&quot;,&quot;autoplay_speed&quot;:5000,&quot;infinite&quot;:&quot;yes&quot;,&quot;transition&quot;:&quot;slide&quot;,&quot;transition_speed&quot;:500}\" data-widget_type=\"slides.default\">\n\t\t\t\t<div class=\"elementor-widget-container\">\n\t\t\t\t\t\t\t\t\t<div class=\"elementor-swiper\">\n\t\t\t\t\t<div class=\"elementor-slides-wrapper elementor-main-swiper swiper\" role=\"region\" aria-roledescription=\"carousel\" aria-label=\"Bildspel\" dir=\"ltr\" data-animation=\"fadeInUp\">\n\t\t\t\t<div class=\"swiper-wrapper elementor-slides\">\n\t\t\t\t\t\t\t\t\t\t<div class=\"elementor-repeater-item-d7c409a swiper-slide\" role=\"group\" aria-roledescription=\"slide\"><div class=\"swiper-slide-bg\" role=\"img\"><\/div><div class=\"swiper-slide-inner\" ><div class=\"swiper-slide-contents\"><h1 class=\"elementor-slide-heading\">Pollenallergi<\/h1><h3 class=\"elementor-slide-description\">\u00c4r du allm\u00e4nt snuvig under v\u00e5r- och sommarhalv\u00e5ret? \n<br \/>D\u00e5 \u00e4r risken stor att du \u00e4r allergisk mot  pollen.<\/h3><\/div><\/div><\/div>\t\t\t\t<\/div>\n\t\t\t\t\t\t\t<\/div>\n\t\t\t\t<\/div>\n\t\t\t\t\t\t\t\t<\/div>\n\t\t\t\t<\/div>\n\t\t\t\t\t<\/div>\n\t\t\t\t<\/div>\n\t\t<div class=\"elementor-element elementor-element-759cff1 e-grid e-con-boxed e-con e-parent\" data-id=\"759cff1\" data-element_type=\"container\">\n\t\t\t\t\t<div class=\"e-con-inner\">\n\t\t\t\t<div class=\"elementor-element elementor-element-222f71f elementor-widget elementor-widget-text-editor\" data-id=\"222f71f\" data-element_type=\"widget\" data-widget_type=\"text-editor.default\">\n\t\t\t\t<div class=\"elementor-widget-container\">\n\t\t\t\t\t\t\t\t\t<p>\u00c4r du ofta t\u00e4ppt i n\u00e4san, har kliande och irriterande \u00f6gon, nyser och k\u00e4nner dig allm\u00e4nt snuvig under v\u00e5r- och sommarhalv\u00e5ret \u00e4r risken stor att du \u00e4r allergisk mot pollen.\u00a0<\/p><p>Pollenallergi \u00e4r v\u00e4ldigt vanligt. Faktum \u00e4r att var femte person har pollenallergi och forskning visar att det bara kommer bli allt vanligare. En bidragande faktor till detta \u00e4r varmare temperaturer och \u00f6kade halter av koldioxid, vilket g\u00f6r att vissa v\u00e4xter producerar mer pollen.\u00a0\u00a0<\/p><p>Det finns olika typer av \u00f6verk\u00e4nslighet n\u00e4r det kommer till pollenallergi. Vanligast \u00e4r att man \u00e4r allergisk mot pollen fr\u00e5n bj\u00f6rk eller gr\u00e4s eftersom de b\u00e5da \u00e4r vad man kallar \u201cvindpollinerade\u201d. De sprids allts\u00e5 med vinden och finns d\u00e4rmed n\u00e4stintill \u00f6verallt.<\/p><p>\u00c4ven pollenallergi fr\u00e5n al och hassel \u00e4r vanligt men m\u00e5nga andra tr\u00e4d och v\u00e4xter kan ocks\u00e5 ge besv\u00e4r.<\/p>\t\t\t\t\t\t\t\t<\/div>\n\t\t\t\t<\/div>\n\t\t\t\t<div class=\"elementor-element elementor-element-0014514 elementor-widget elementor-widget-image\" data-id=\"0014514\" data-element_type=\"widget\" data-widget_type=\"image.default\">\n\t\t\t\t<div class=\"elementor-widget-container\">\n\t\t\t\t\t\t\t\t\t\t\t\t\t\t\t<img fetchpriority=\"high\" decoding=\"async\" width=\"1024\" height=\"1024\" src=\"https:\/\/nosaplugs.com\/sv\/wp-content\/uploads\/sites\/10\/2024\/03\/pollenallergi1-1024x1024.webp\" class=\"attachment-large size-large wp-image-1391805\" alt=\"\" srcset=\"https:\/\/nosaplugs.com\/sv\/wp-content\/uploads\/sites\/10\/2024\/03\/pollenallergi1-1024x1024.webp 1024w, https:\/\/nosaplugs.com\/sv\/wp-content\/uploads\/sites\/10\/2024\/03\/pollenallergi1-300x300.webp 300w, https:\/\/nosaplugs.com\/sv\/wp-content\/uploads\/sites\/10\/2024\/03\/pollenallergi1-150x150.webp 150w, https:\/\/nosaplugs.com\/sv\/wp-content\/uploads\/sites\/10\/2024\/03\/pollenallergi1-768x768.webp 768w, https:\/\/nosaplugs.com\/sv\/wp-content\/uploads\/sites\/10\/2024\/03\/pollenallergi1-350x350.webp 350w, https:\/\/nosaplugs.com\/sv\/wp-content\/uploads\/sites\/10\/2024\/03\/pollenallergi1-680x680.webp 680w, https:\/\/nosaplugs.com\/sv\/wp-content\/uploads\/sites\/10\/2024\/03\/pollenallergi1-100x100.webp 100w, https:\/\/nosaplugs.com\/sv\/wp-content\/uploads\/sites\/10\/2024\/03\/pollenallergi1.webp 1080w\" sizes=\"(max-width: 1024px) 100vw, 1024px\" \/>\t\t\t\t\t\t\t\t\t\t\t\t\t\t\t<\/div>\n\t\t\t\t<\/div>\n\t\t\t\t\t<\/div>\n\t\t\t\t<\/div>\n\t\t<div class=\"elementor-element elementor-element-1163987 e-flex e-con-boxed e-con e-parent\" data-id=\"1163987\" data-element_type=\"container\">\n\t\t\t\t\t<div class=\"e-con-inner\">\n\t\t<div class=\"elementor-element elementor-element-58902fdc e-flex e-con-boxed e-con e-child\" data-id=\"58902fdc\" data-element_type=\"container\">\n\t\t\t\t\t<div class=\"e-con-inner\">\n\t\t<div class=\"elementor-element elementor-element-2b5f608b e-con-full e-flex e-con e-child\" data-id=\"2b5f608b\" data-element_type=\"container\">\n\t\t\t\t<div class=\"elementor-element elementor-element-6171f08c elementor-widget elementor-widget-toggle\" data-id=\"6171f08c\" data-element_type=\"widget\" data-widget_type=\"toggle.default\">\n\t\t\t\t<div class=\"elementor-widget-container\">\n\t\t\t\t\t\t\t<div class=\"elementor-toggle\">\n\t\t\t\t\t\t\t<div class=\"elementor-toggle-item\">\n\t\t\t\t\t<div id=\"elementor-tab-title-1631\" class=\"elementor-tab-title\" data-tab=\"1\" role=\"button\" aria-controls=\"elementor-tab-content-1631\" aria-expanded=\"false\">\n\t\t\t\t\t\t\t\t\t\t\t\t<span class=\"elementor-toggle-icon elementor-toggle-icon-left\" aria-hidden=\"true\">\n\t\t\t\t\t\t\t\t\t\t\t\t\t\t\t<span class=\"elementor-toggle-icon-closed\"><i class=\"fas fa-plus\"><\/i><\/span>\n\t\t\t\t\t\t\t\t<span class=\"elementor-toggle-icon-opened\"><i class=\"elementor-toggle-icon-opened fas fa-minus\"><\/i><\/span>\n\t\t\t\t\t\t\t\t\t\t\t\t\t<\/span>\n\t\t\t\t\t\t\t\t\t\t\t\t<a class=\"elementor-toggle-title\" tabindex=\"0\">Hur k\u00e4nns pollenallergi?<\/a>\n\t\t\t\t\t<\/div>\n\n\t\t\t\t\t<div id=\"elementor-tab-content-1631\" class=\"elementor-tab-content elementor-clearfix\" data-tab=\"1\" role=\"region\" aria-labelledby=\"elementor-tab-title-1631\"><p>De vanligaste symptomen p\u00e5 pollenallergi \u00e4r att n\u00e4san kliar, rinner och \u00e4r t\u00e4ppt. Du kan ocks\u00e5 uppleva snuva och nysattacker. Vissa upplever ocks\u00e5 viss kl\u00e5da i halsen. Vid pollenallergi \u00e4r det \u00e4ven vanligt att \u00f6gonen blir k\u00e4nsliga, kliar, svullnar och k\u00e4nns\u00a0 allm\u00e4nt irriterande.\u00a0<\/p><\/div>\n\t\t\t\t<\/div>\n\t\t\t\t\t\t\t<div class=\"elementor-toggle-item\">\n\t\t\t\t\t<div id=\"elementor-tab-title-1632\" class=\"elementor-tab-title\" data-tab=\"2\" role=\"button\" aria-controls=\"elementor-tab-content-1632\" aria-expanded=\"false\">\n\t\t\t\t\t\t\t\t\t\t\t\t<span class=\"elementor-toggle-icon elementor-toggle-icon-left\" aria-hidden=\"true\">\n\t\t\t\t\t\t\t\t\t\t\t\t\t\t\t<span class=\"elementor-toggle-icon-closed\"><i class=\"fas fa-plus\"><\/i><\/span>\n\t\t\t\t\t\t\t\t<span class=\"elementor-toggle-icon-opened\"><i class=\"elementor-toggle-icon-opened fas fa-minus\"><\/i><\/span>\n\t\t\t\t\t\t\t\t\t\t\t\t\t<\/span>\n\t\t\t\t\t\t\t\t\t\t\t\t<a class=\"elementor-toggle-title\" tabindex=\"0\">Vilka symptom ger pollenallergi?<\/a>\n\t\t\t\t\t<\/div>\n\n\t\t\t\t\t<div id=\"elementor-tab-content-1632\" class=\"elementor-tab-content elementor-clearfix\" data-tab=\"2\" role=\"region\" aria-labelledby=\"elementor-tab-title-1632\"><p>Pollenallergi och symtom p\u00e5 pollenallergi uppst\u00e5r n\u00e4r immunf\u00f6rsvaret \u00f6verreagerar p\u00e5 fr\u00f6mj\u00f6let (pollen) i luften. Symptom uppkommer f\u00f6rst n\u00e4r fr\u00f6mj\u00f6let i luften bildar allergiantikroppar som sedan placerar sig p\u00e5 v\u00e5ra mastceller i n\u00e4sa, luftr\u00f6r och \u00f6gonens slemhinnor. V\u00e5ra mastceller inneh\u00e5ller n\u00e4mligen histamin som frig\u00f6rs n\u00e4r allergener kommer in i v\u00e5r kropp vilket f\u00f6r vissa leder till allergiska symptom.<\/p><\/div>\n\t\t\t\t<\/div>\n\t\t\t\t\t\t\t<div class=\"elementor-toggle-item\">\n\t\t\t\t\t<div id=\"elementor-tab-title-1633\" class=\"elementor-tab-title\" data-tab=\"3\" role=\"button\" aria-controls=\"elementor-tab-content-1633\" aria-expanded=\"false\">\n\t\t\t\t\t\t\t\t\t\t\t\t<span class=\"elementor-toggle-icon elementor-toggle-icon-left\" aria-hidden=\"true\">\n\t\t\t\t\t\t\t\t\t\t\t\t\t\t\t<span class=\"elementor-toggle-icon-closed\"><i class=\"fas fa-plus\"><\/i><\/span>\n\t\t\t\t\t\t\t\t<span class=\"elementor-toggle-icon-opened\"><i class=\"elementor-toggle-icon-opened fas fa-minus\"><\/i><\/span>\n\t\t\t\t\t\t\t\t\t\t\t\t\t<\/span>\n\t\t\t\t\t\t\t\t\t\t\t\t<a class=\"elementor-toggle-title\" tabindex=\"0\">Vad kan man g\u00f6ra \u00e5t pollenallergi?<\/a>\n\t\t\t\t\t<\/div>\n\n\t\t\t\t\t<div id=\"elementor-tab-content-1633\" class=\"elementor-tab-content elementor-clearfix\" data-tab=\"3\" role=\"region\" aria-labelledby=\"elementor-tab-title-1633\"><p>Du kan inte bli av med din pollenallergi med hj\u00e4lp av l\u00e4kemedel och antihistamin, men det kan lindra dina allergiska <em>symtom<\/em>. D\u00e4remot \u00e4r det endast h\u00e4lften av alla pollenallergiker som uppger att de blir symtomfria av l\u00e4kemedel. Vaccination kan erbjudas till dem som har mycket sv\u00e5r pollenallergi, d\u00e4r behandling med l\u00e4kemedel inte \u00e4r tillr\u00e4ckligt. Vaccinationen kan ges med bland annat injektioner och m\u00e5let med behandlingen \u00e4r att patienten ska slippa besv\u00e4rliga allergisymtom. D\u00e4remot kan man inte ta bort en allergi helt, och tillg\u00e5ngen till allergivaccination i Sverige \u00e4r tyv\u00e4rr l\u00e5g.<\/p><p>Du kan \u00e4ven testa <a href=\"https:\/\/nosaplugs.com\/sv\/product\/nosa-allergy-filter\/\">NOSA allergy filter<\/a> som \u00e4r ett effektivt n\u00e4sfilter, utvecklat f\u00f6r att filtrera allergener, s\u00e5 som; pollen, p\u00e4ls, damm och m\u00f6gel. En minskad exponering av allergener minskar risken f\u00f6r allergiska symtom. Kom ih\u00e5g att placera n\u00e4sfiltret i n\u00e4san innan du g\u00e5r ut! Kan anv\u00e4ndas upp till 8h.<\/p><\/div>\n\t\t\t\t<\/div>\n\t\t\t\t\t\t\t\t\t\t<script type=\"application\/ld+json\">{\"@context\":\"https:\\\/\\\/schema.org\",\"@type\":\"FAQPage\",\"mainEntity\":[{\"@type\":\"Question\",\"name\":\"Hur k\\u00e4nns pollenallergi?\",\"acceptedAnswer\":{\"@type\":\"Answer\",\"text\":\"<p>De vanligaste symptomen p\\u00e5 pollenallergi \\u00e4r att n\\u00e4san kliar, rinner och \\u00e4r t\\u00e4ppt. Du kan ocks\\u00e5 uppleva snuva och nysattacker. Vissa upplever ocks\\u00e5 viss kl\\u00e5da i halsen. Vid pollenallergi \\u00e4r det \\u00e4ven vanligt att \\u00f6gonen blir k\\u00e4nsliga, kliar, svullnar och k\\u00e4nns\\u00a0 allm\\u00e4nt irriterande.\\u00a0<\\\/p>\"}},{\"@type\":\"Question\",\"name\":\"Vilka symptom ger pollenallergi?\",\"acceptedAnswer\":{\"@type\":\"Answer\",\"text\":\"<p>Pollenallergi och symtom p\\u00e5 pollenallergi uppst\\u00e5r n\\u00e4r immunf\\u00f6rsvaret \\u00f6verreagerar p\\u00e5 fr\\u00f6mj\\u00f6let (pollen) i luften. Symptom uppkommer f\\u00f6rst n\\u00e4r fr\\u00f6mj\\u00f6let i luften bildar allergiantikroppar som sedan placerar sig p\\u00e5 v\\u00e5ra mastceller i n\\u00e4sa, luftr\\u00f6r och \\u00f6gonens slemhinnor. V\\u00e5ra mastceller inneh\\u00e5ller n\\u00e4mligen histamin som frig\\u00f6rs n\\u00e4r allergener kommer in i v\\u00e5r kropp vilket f\\u00f6r vissa leder till allergiska symptom.<\\\/p>\"}},{\"@type\":\"Question\",\"name\":\"Vad kan man g\\u00f6ra \\u00e5t pollenallergi?\",\"acceptedAnswer\":{\"@type\":\"Answer\",\"text\":\"<p>Du kan inte bli av med din pollenallergi med hj\\u00e4lp av l\\u00e4kemedel och antihistamin, men det kan lindra dina allergiska <em>symtom<\\\/em>. D\\u00e4remot \\u00e4r det endast h\\u00e4lften av alla pollenallergiker som uppger att de blir symtomfria av l\\u00e4kemedel. Vaccination kan erbjudas till dem som har mycket sv\\u00e5r pollenallergi, d\\u00e4r behandling med l\\u00e4kemedel inte \\u00e4r tillr\\u00e4ckligt. Vaccinationen kan ges med bland annat injektioner och m\\u00e5let med behandlingen \\u00e4r att patienten ska slippa besv\\u00e4rliga allergisymtom. D\\u00e4remot kan man inte ta bort en allergi helt, och tillg\\u00e5ngen till allergivaccination i Sverige \\u00e4r tyv\\u00e4rr l\\u00e5g.<\\\/p><p>Du kan \\u00e4ven testa <a href=\\\"https:\\\/\\\/nosaplugs.com\\\/sv\\\/product\\\/nosa-allergy-filter\\\/\\\">NOSA allergy filter<\\\/a> som \\u00e4r ett effektivt n\\u00e4sfilter, utvecklat f\\u00f6r att filtrera allergener, s\\u00e5 som; pollen, p\\u00e4ls, damm och m\\u00f6gel. En minskad exponering av allergener minskar risken f\\u00f6r allergiska symtom. Kom ih\\u00e5g att placera n\\u00e4sfiltret i n\\u00e4san innan du g\\u00e5r ut! Kan anv\\u00e4ndas upp till 8h.<\\\/p>\"}}]}<\/script>\n\t\t\t\t\t<\/div>\n\t\t\t\t\t\t<\/div>\n\t\t\t\t<\/div>\n\t\t\t\t<div class=\"elementor-element elementor-element-4f10c94a elementor-widget elementor-widget-button\" data-id=\"4f10c94a\" data-element_type=\"widget\" data-widget_type=\"button.default\">\n\t\t\t\t<div class=\"elementor-widget-container\">\n\t\t\t\t\t\t\t\t\t<div class=\"elementor-button-wrapper\">\n\t\t\t\t\t<a class=\"elementor-button elementor-button-link elementor-size-sm\" href=\"https:\/\/nosaplugs.com\/sv\/allergy\/\">\n\t\t\t\t\t\t<span class=\"elementor-button-content-wrapper\">\n\t\t\t\t\t\t<span class=\"elementor-button-icon\">\n\t\t\t\t<i aria-hidden=\"true\" class=\"fas fa-arrow-right\"><\/i>\t\t\t<\/span>\n\t\t\t\t\t\t\t\t\t<span class=\"elementor-button-text\">L\u00e4s mer om allergi<\/span>\n\t\t\t\t\t<\/span>\n\t\t\t\t\t<\/a>\n\t\t\t\t<\/div>\n\t\t\t\t\t\t\t\t<\/div>\n\t\t\t\t<\/div>\n\t\t\t\t<\/div>\n\t\t<div class=\"elementor-element elementor-element-6c9e62eb e-con-full e-flex e-con e-child\" data-id=\"6c9e62eb\" data-element_type=\"container\">\n\t\t\t\t<div class=\"elementor-element elementor-element-61364f13 elementor-widget elementor-widget-toggle\" data-id=\"61364f13\" data-element_type=\"widget\" data-widget_type=\"toggle.default\">\n\t\t\t\t<div class=\"elementor-widget-container\">\n\t\t\t\t\t\t\t<div class=\"elementor-toggle\">\n\t\t\t\t\t\t\t<div class=\"elementor-toggle-item\">\n\t\t\t\t\t<div id=\"elementor-tab-title-1631\" class=\"elementor-tab-title\" data-tab=\"1\" role=\"button\" aria-controls=\"elementor-tab-content-1631\" aria-expanded=\"false\">\n\t\t\t\t\t\t\t\t\t\t\t\t<span class=\"elementor-toggle-icon elementor-toggle-icon-left\" aria-hidden=\"true\">\n\t\t\t\t\t\t\t\t\t\t\t\t\t\t\t<span class=\"elementor-toggle-icon-closed\"><i class=\"fas fa-plus\"><\/i><\/span>\n\t\t\t\t\t\t\t\t<span class=\"elementor-toggle-icon-opened\"><i class=\"elementor-toggle-icon-opened fas fa-minus\"><\/i><\/span>\n\t\t\t\t\t\t\t\t\t\t\t\t\t<\/span>\n\t\t\t\t\t\t\t\t\t\t\t\t<a class=\"elementor-toggle-title\" tabindex=\"0\">Vad \u00e4r pollen?<\/a>\n\t\t\t\t\t<\/div>\n\n\t\t\t\t\t<div id=\"elementor-tab-content-1631\" class=\"elementor-tab-content elementor-clearfix\" data-tab=\"1\" role=\"region\" aria-labelledby=\"elementor-tab-title-1631\"><p>Det finns en m\u00e4ngd olika pollen, d\u00e4ribland al, alm, asp, bj\u00f6rk, ek, gr\u00e5bo, gr\u00e4s, hassel och s\u00e4lg. Som allergiker kan man vara k\u00e4nslig mot olika sorters pollen. En del \u00e4r bara allergiska mot en viss typ av pollen medan andra kan vara s\u00e5 kallade multiallergiker och reagera p\u00e5 flera olika typer av pollen. Det finns olika hj\u00e4lpmedel som kan hj\u00e4lpa till att d\u00e4mpa besv\u00e4ren, i b\u00e4sta fall kan de till och med ta bort dem helt.\u00a0<\/p><\/div>\n\t\t\t\t<\/div>\n\t\t\t\t\t\t\t<div class=\"elementor-toggle-item\">\n\t\t\t\t\t<div id=\"elementor-tab-title-1632\" class=\"elementor-tab-title\" data-tab=\"2\" role=\"button\" aria-controls=\"elementor-tab-content-1632\" aria-expanded=\"false\">\n\t\t\t\t\t\t\t\t\t\t\t\t<span class=\"elementor-toggle-icon elementor-toggle-icon-left\" aria-hidden=\"true\">\n\t\t\t\t\t\t\t\t\t\t\t\t\t\t\t<span class=\"elementor-toggle-icon-closed\"><i class=\"fas fa-plus\"><\/i><\/span>\n\t\t\t\t\t\t\t\t<span class=\"elementor-toggle-icon-opened\"><i class=\"elementor-toggle-icon-opened fas fa-minus\"><\/i><\/span>\n\t\t\t\t\t\t\t\t\t\t\t\t\t<\/span>\n\t\t\t\t\t\t\t\t\t\t\t\t<a class=\"elementor-toggle-title\" tabindex=\"0\">N\u00e4r kommer pollen?<\/a>\n\t\t\t\t\t<\/div>\n\n\t\t\t\t\t<div id=\"elementor-tab-content-1632\" class=\"elementor-tab-content elementor-clearfix\" data-tab=\"2\" role=\"region\" aria-labelledby=\"elementor-tab-title-1632\"><p>Pollen uppkommer varje \u00e5r d\u00e5 den \u00e4r s\u00e4songsbunden. Pollenperioden p\u00e5g\u00e5r fr\u00e5n tidig v\u00e5r till h\u00f6st och f\u00f6r pollenallergiker kan besv\u00e4ren variera beroende p\u00e5 m\u00e4ngd pollen och n\u00e4r den \u00e4r som mest aktiv.\u00a0<\/p><\/div>\n\t\t\t\t<\/div>\n\t\t\t\t\t\t\t<div class=\"elementor-toggle-item\">\n\t\t\t\t\t<div id=\"elementor-tab-title-1633\" class=\"elementor-tab-title\" data-tab=\"3\" role=\"button\" aria-controls=\"elementor-tab-content-1633\" aria-expanded=\"false\">\n\t\t\t\t\t\t\t\t\t\t\t\t<span class=\"elementor-toggle-icon elementor-toggle-icon-left\" aria-hidden=\"true\">\n\t\t\t\t\t\t\t\t\t\t\t\t\t\t\t<span class=\"elementor-toggle-icon-closed\"><i class=\"fas fa-plus\"><\/i><\/span>\n\t\t\t\t\t\t\t\t<span class=\"elementor-toggle-icon-opened\"><i class=\"elementor-toggle-icon-opened fas fa-minus\"><\/i><\/span>\n\t\t\t\t\t\t\t\t\t\t\t\t\t<\/span>\n\t\t\t\t\t\t\t\t\t\t\t\t<a class=\"elementor-toggle-title\" tabindex=\"0\">Hur l\u00e4nge \u00e4r det pollen i luften?<\/a>\n\t\t\t\t\t<\/div>\n\n\t\t\t\t\t<div id=\"elementor-tab-content-1633\" class=\"elementor-tab-content elementor-clearfix\" data-tab=\"3\" role=\"region\" aria-labelledby=\"elementor-tab-title-1633\"><p>Pollen av olika typer \u00e4r aktiva vid olika tidpunkter under s\u00e4songen. Den aktiva perioden kan ocks\u00e5 skifta beroende p\u00e5 var du bor i landet.<\/p><table><tbody><tr><td><p>Al\u00a0<\/p><\/td><td><p>februari &#8211; maj<\/p><\/td><\/tr><tr><td><p>Alm\u00a0<\/p><\/td><td><p>mars &#8211; maj<\/p><\/td><\/tr><tr><td><p>Asp\u00a0<\/p><\/td><td><p>mars &#8211; maj<\/p><\/td><\/tr><tr><td><p>Bj\u00f6rk\u00a0<\/p><\/td><td><p>mars &#8211; juni<\/p><\/td><\/tr><tr><td><p>Ek\u00a0<\/p><\/td><td><p>maj &#8211; juni<\/p><\/td><\/tr><tr><td><p>Gr\u00e5bo\u00a0<\/p><\/td><td><p>juli &#8211; september<\/p><\/td><\/tr><tr><td><p>Gr\u00e4s\u00a0<\/p><\/td><td><p>maj &#8211; september<\/p><\/td><\/tr><tr><td><p>Hassel\u00a0<\/p><\/td><td><p>februari &#8211; april<\/p><\/td><\/tr><tr><td><p>S\u00e4lg\u00a0<\/p><\/td><td><p>april &#8211; juni<\/p><\/td><\/tr><\/tbody><\/table><\/div>\n\t\t\t\t<\/div>\n\t\t\t\t\t\t\t\t<\/div>\n\t\t\t\t\t\t<\/div>\n\t\t\t\t<\/div>\n\t\t\t\t<div class=\"elementor-element elementor-element-1ef9a90 elementor-widget elementor-widget-button\" data-id=\"1ef9a90\" data-element_type=\"widget\" data-widget_type=\"button.default\">\n\t\t\t\t<div class=\"elementor-widget-container\">\n\t\t\t\t\t\t\t\t\t<div class=\"elementor-button-wrapper\">\n\t\t\t\t\t<a class=\"elementor-button elementor-button-link elementor-size-sm\" href=\"http:\/\/nosaplugs.com\/\/sv\/product\/nosa-allergy-filter\/\">\n\t\t\t\t\t\t<span class=\"elementor-button-content-wrapper\">\n\t\t\t\t\t\t<span class=\"elementor-button-icon\">\n\t\t\t\t<i aria-hidden=\"true\" class=\"fas fa-arrow-right\"><\/i>\t\t\t<\/span>\n\t\t\t\t\t\t\t\t\t<span class=\"elementor-button-text\">Uppt\u00e4ck NOSA allergy filter<\/span>\n\t\t\t\t\t<\/span>\n\t\t\t\t\t<\/a>\n\t\t\t\t<\/div>\n\t\t\t\t\t\t\t\t<\/div>\n\t\t\t\t<\/div>\n\t\t\t\t<\/div>\n\t\t\t\t\t<\/div>\n\t\t\t\t<\/div>\n\t\t\t\t\t<\/div>\n\t\t\t\t<\/div>\n\t\t\t\t<\/div>\n\t\t","protected":false},"excerpt":{"rendered":"<p>Pollenallergi \u00c4r du allm\u00e4nt snuvig under v\u00e5r- och sommarhalv\u00e5ret? D\u00e5 \u00e4r risken stor att du \u00e4r allergisk mot pollen. Pollenallergi \u00c4r du allm\u00e4nt snuvig under v\u00e5r- och sommarhalv\u00e5ret? D\u00e5 \u00e4r risken stor att du \u00e4r allergisk mot pollen. \u00c4r du ofta t\u00e4ppt i n\u00e4san, har kliande och irriterande \u00f6gon, nyser och k\u00e4nner dig allm\u00e4nt snuvig &hellip;<\/p>\n","protected":false},"author":7,"featured_media":0,"parent":0,"menu_order":0,"comment_status":"closed","ping_status":"closed","template":"","meta":{"_acf_changed":false,"footnotes":""},"class_list":["post-1391801","page","type-page","status-publish","hentry"],"acf":[],"aioseo_notices":[],"_links":{"self":[{"href":"https:\/\/nosaplugs.com\/sv\/wp-json\/wp\/v2\/pages\/1391801"}],"collection":[{"href":"https:\/\/nosaplugs.com\/sv\/wp-json\/wp\/v2\/pages"}],"about":[{"href":"https:\/\/nosaplugs.com\/sv\/wp-json\/wp\/v2\/types\/page"}],"author":[{"embeddable":true,"href":"https:\/\/nosaplugs.com\/sv\/wp-json\/wp\/v2\/users\/7"}],"replies":[{"embeddable":true,"href":"https:\/\/nosaplugs.com\/sv\/wp-json\/wp\/v2\/comments?post=1391801"}],"version-history":[{"count":33,"href":"https:\/\/nosaplugs.com\/sv\/wp-json\/wp\/v2\/pages\/1391801\/revisions"}],"predecessor-version":[{"id":1392003,"href":"https:\/\/nosaplugs.com\/sv\/wp-json\/wp\/v2\/pages\/1391801\/revisions\/1392003"}],"wp:attachment":[{"href":"https:\/\/nosaplugs.com\/sv\/wp-json\/wp\/v2\/media?parent=1391801"}],"curies":[{"name":"wp","href":"https:\/\/api.w.org\/{rel}","templated":true}]}}