{"id":1391816,"date":"2024-03-15T15:40:33","date_gmt":"2024-03-15T14:40:33","guid":{"rendered":"https:\/\/nosaplugs.com\/sv\/?page_id=1391816"},"modified":"2024-03-22T17:01:20","modified_gmt":"2024-03-22T16:01:20","slug":"furry-animal-allergy","status":"publish","type":"page","link":"https:\/\/nosaplugs.com\/sv\/furry-animal-allergy\/","title":{"rendered":"P\u00e4lsdjursallergi"},"content":{"rendered":"\t\t<div data-elementor-type=\"wp-page\" data-elementor-id=\"1391816\" class=\"elementor elementor-1391816\" data-elementor-post-type=\"page\">\n\t\t\t\t<div class=\"elementor-element elementor-element-ca95b55 e-flex e-con-boxed e-con e-parent\" data-id=\"ca95b55\" data-element_type=\"container\">\n\t\t\t\t\t<div class=\"e-con-inner\">\n\t\t\t\t<div class=\"elementor-element elementor-element-f8c83ec elementor-hidden-mobile elementor--h-position-center elementor--v-position-middle elementor-arrows-position-inside elementor-pagination-position-inside elementor-widget elementor-widget-slides\" data-id=\"f8c83ec\" data-element_type=\"widget\" data-settings=\"{&quot;navigation&quot;:&quot;both&quot;,&quot;autoplay&quot;:&quot;yes&quot;,&quot;pause_on_hover&quot;:&quot;yes&quot;,&quot;pause_on_interaction&quot;:&quot;yes&quot;,&quot;autoplay_speed&quot;:5000,&quot;infinite&quot;:&quot;yes&quot;,&quot;transition&quot;:&quot;slide&quot;,&quot;transition_speed&quot;:500}\" data-widget_type=\"slides.default\">\n\t\t\t\t<div class=\"elementor-widget-container\">\n\t\t\t\t\t\t\t\t\t<div class=\"elementor-swiper\">\n\t\t\t\t\t<div class=\"elementor-slides-wrapper elementor-main-swiper swiper\" role=\"region\" aria-roledescription=\"carousel\" aria-label=\"Bildspel\" dir=\"ltr\" data-animation=\"fadeInUp\">\n\t\t\t\t<div class=\"swiper-wrapper elementor-slides\">\n\t\t\t\t\t\t\t\t\t\t<div class=\"elementor-repeater-item-8299f76 swiper-slide\" role=\"group\" aria-roledescription=\"slide\"><div class=\"swiper-slide-bg\" role=\"img\"><\/div><div class=\"swiper-slide-inner\" ><div class=\"swiper-slide-contents\"><h1 class=\"elementor-slide-heading\">P\u00e4lsdjursallergi<\/h1><h3 class=\"elementor-slide-description\">P\u00e4lsdjursallergi \u00e4r relativt vanligt och upp emot 18 % av den vuxna befolkningen har  allergibesv\u00e4r av p\u00e4lsdjur.<\/h3><\/div><\/div><\/div>\t\t\t\t<\/div>\n\t\t\t\t\t\t\t<\/div>\n\t\t\t\t<\/div>\n\t\t\t\t\t\t\t\t<\/div>\n\t\t\t\t<\/div>\n\t\t\t\t<div class=\"elementor-element elementor-element-061d1a4 elementor-widget elementor-widget-spacer\" data-id=\"061d1a4\" data-element_type=\"widget\" data-widget_type=\"spacer.default\">\n\t\t\t\t<div class=\"elementor-widget-container\">\n\t\t\t\t\t\t\t<div class=\"elementor-spacer\">\n\t\t\t<div class=\"elementor-spacer-inner\"><\/div>\n\t\t<\/div>\n\t\t\t\t\t\t<\/div>\n\t\t\t\t<\/div>\n\t\t\t\t\t<\/div>\n\t\t\t\t<\/div>\n\t\t<div class=\"elementor-element elementor-element-fb8379a e-flex e-con-boxed e-con e-parent\" data-id=\"fb8379a\" data-element_type=\"container\">\n\t\t\t\t\t<div class=\"e-con-inner\">\n\t\t\t\t<div class=\"elementor-element elementor-element-2e3bdd2 elementor-hidden-desktop elementor-hidden-tablet elementor--h-position-center elementor--v-position-middle elementor-arrows-position-inside elementor-pagination-position-inside elementor-widget elementor-widget-slides\" data-id=\"2e3bdd2\" data-element_type=\"widget\" data-settings=\"{&quot;navigation&quot;:&quot;both&quot;,&quot;autoplay&quot;:&quot;yes&quot;,&quot;pause_on_hover&quot;:&quot;yes&quot;,&quot;pause_on_interaction&quot;:&quot;yes&quot;,&quot;autoplay_speed&quot;:5000,&quot;infinite&quot;:&quot;yes&quot;,&quot;transition&quot;:&quot;slide&quot;,&quot;transition_speed&quot;:500}\" data-widget_type=\"slides.default\">\n\t\t\t\t<div class=\"elementor-widget-container\">\n\t\t\t\t\t\t\t\t\t<div class=\"elementor-swiper\">\n\t\t\t\t\t<div class=\"elementor-slides-wrapper elementor-main-swiper swiper\" role=\"region\" aria-roledescription=\"carousel\" aria-label=\"Bildspel\" dir=\"ltr\" data-animation=\"fadeInUp\">\n\t\t\t\t<div class=\"swiper-wrapper elementor-slides\">\n\t\t\t\t\t\t\t\t\t\t<div class=\"elementor-repeater-item-8299f76 swiper-slide\" role=\"group\" aria-roledescription=\"slide\"><div class=\"swiper-slide-bg\" role=\"img\"><\/div><div class=\"swiper-slide-inner\" ><div class=\"swiper-slide-contents\"><h1 class=\"elementor-slide-heading\">P\u00e4lsdjursallergi<\/h1><h3 class=\"elementor-slide-description\">P\u00e4lsdjursallergi \u00e4r relativt vanligt och upp emot 18 % av den vuxna befolkningen har  allergibesv\u00e4r av p\u00e4lsdjur.<\/h3><\/div><\/div><\/div>\t\t\t\t<\/div>\n\t\t\t\t\t\t\t<\/div>\n\t\t\t\t<\/div>\n\t\t\t\t\t\t\t\t<\/div>\n\t\t\t\t<\/div>\n\t\t\t\t<div class=\"elementor-element elementor-element-8bbfc2b elementor-hidden-mobile elementor-widget elementor-widget-spacer\" data-id=\"8bbfc2b\" data-element_type=\"widget\" data-widget_type=\"spacer.default\">\n\t\t\t\t<div class=\"elementor-widget-container\">\n\t\t\t\t\t\t\t<div class=\"elementor-spacer\">\n\t\t\t<div class=\"elementor-spacer-inner\"><\/div>\n\t\t<\/div>\n\t\t\t\t\t\t<\/div>\n\t\t\t\t<\/div>\n\t\t\t\t\t<\/div>\n\t\t\t\t<\/div>\n\t\t<div class=\"elementor-element elementor-element-426e298 e-grid e-con-boxed e-con e-parent\" data-id=\"426e298\" data-element_type=\"container\">\n\t\t\t\t\t<div class=\"e-con-inner\">\n\t\t\t\t<div class=\"elementor-element elementor-element-36ab628 elementor-widget elementor-widget-image\" data-id=\"36ab628\" data-element_type=\"widget\" data-widget_type=\"image.default\">\n\t\t\t\t<div class=\"elementor-widget-container\">\n\t\t\t\t\t\t\t\t\t\t\t\t\t\t\t<img fetchpriority=\"high\" decoding=\"async\" width=\"1024\" height=\"1024\" src=\"https:\/\/nosaplugs.com\/sv\/wp-content\/uploads\/sites\/10\/2024\/03\/NOSA-AllergyByMartinBohmWEB05-1024x1024.png\" class=\"attachment-large size-large wp-image-1391823\" alt=\"\" srcset=\"https:\/\/nosaplugs.com\/sv\/wp-content\/uploads\/sites\/10\/2024\/03\/NOSA-AllergyByMartinBohmWEB05-1024x1024.png 1024w, https:\/\/nosaplugs.com\/sv\/wp-content\/uploads\/sites\/10\/2024\/03\/NOSA-AllergyByMartinBohmWEB05-300x300.png 300w, https:\/\/nosaplugs.com\/sv\/wp-content\/uploads\/sites\/10\/2024\/03\/NOSA-AllergyByMartinBohmWEB05-150x150.png 150w, https:\/\/nosaplugs.com\/sv\/wp-content\/uploads\/sites\/10\/2024\/03\/NOSA-AllergyByMartinBohmWEB05-768x768.png 768w, https:\/\/nosaplugs.com\/sv\/wp-content\/uploads\/sites\/10\/2024\/03\/NOSA-AllergyByMartinBohmWEB05-350x350.png 350w, https:\/\/nosaplugs.com\/sv\/wp-content\/uploads\/sites\/10\/2024\/03\/NOSA-AllergyByMartinBohmWEB05-680x680.png 680w, https:\/\/nosaplugs.com\/sv\/wp-content\/uploads\/sites\/10\/2024\/03\/NOSA-AllergyByMartinBohmWEB05-100x100.png 100w, https:\/\/nosaplugs.com\/sv\/wp-content\/uploads\/sites\/10\/2024\/03\/NOSA-AllergyByMartinBohmWEB05.png 1365w\" sizes=\"(max-width: 1024px) 100vw, 1024px\" \/>\t\t\t\t\t\t\t\t\t\t\t\t\t\t\t<\/div>\n\t\t\t\t<\/div>\n\t\t\t\t<div class=\"elementor-element elementor-element-e3eaee0 elementor-widget elementor-widget-text-editor\" data-id=\"e3eaee0\" data-element_type=\"widget\" data-widget_type=\"text-editor.default\">\n\t\t\t\t<div class=\"elementor-widget-container\">\n\t\t\t\t\t\t\t\t\t<p>Alla p\u00e4lsdjur kan ge allergibesv\u00e4r men det vanligaste \u00e4r katt- och hundallergi. P\u00e4lsdjursallergiker reagerar egentligen inte p\u00e5 p\u00e4lsen hos djur, utan p\u00e5 proteinet fr\u00e5n talgk\u00f6rtlar, hudceller, saliv och urin. I p\u00e4lsen kan dock proteinet fastna och p\u00e5 s\u00e5 vis framkalla allergi.\u00a0\u00a0<\/p><p>Som p\u00e4lsdjursallergiker \u00e4r det allra b\u00e4st att f\u00f6rs\u00f6ka undvika det djur du \u00e4r allergisk mot i allra h\u00f6gsta grad. Det kan dock vara sv\u00e5rt att undvika helt och h\u00e5llet. Proteinet\u00a0fr\u00e5n djuren kan n\u00e4mligen \u00f6verf\u00f6ras till djur\u00e4garna via kl\u00e4der och h\u00e5r till andra milj\u00f6er. S\u00e5 trots att det faktiska djuret inte \u00e4r i n\u00e4rheten kan du uts\u00e4ttas f\u00f6r allergenerna.\u00a0<\/p><p>Uts\u00e4tts du som p\u00e4lsdjursallergiker f\u00f6r p\u00e4lsdjur st\u00e4ndigt \u00e4r risken stor att du utvecklar astma, vilket du d\u00e5 beh\u00f6ver s\u00f6ka v\u00e5rd f\u00f6r. Sv\u00e5r astma kan n\u00e4mligen vara livshotande om det inte tas om hand korrekt.<\/p>\t\t\t\t\t\t\t\t<\/div>\n\t\t\t\t<\/div>\n\t\t\t\t\t<\/div>\n\t\t\t\t<\/div>\n\t\t<div class=\"elementor-element elementor-element-139c587a e-flex e-con-boxed e-con e-parent\" data-id=\"139c587a\" data-element_type=\"container\">\n\t\t\t\t\t<div class=\"e-con-inner\">\n\t\t<div class=\"elementor-element elementor-element-10d2f650 e-flex e-con-boxed e-con e-child\" data-id=\"10d2f650\" data-element_type=\"container\">\n\t\t\t\t\t<div class=\"e-con-inner\">\n\t\t<div class=\"elementor-element elementor-element-a53a1ee e-con-full e-flex e-con e-child\" data-id=\"a53a1ee\" data-element_type=\"container\">\n\t\t\t\t<div class=\"elementor-element elementor-element-911341f elementor-widget elementor-widget-toggle\" data-id=\"911341f\" data-element_type=\"widget\" data-widget_type=\"toggle.default\">\n\t\t\t\t<div class=\"elementor-widget-container\">\n\t\t\t\t\t\t\t<div class=\"elementor-toggle\">\n\t\t\t\t\t\t\t<div class=\"elementor-toggle-item\">\n\t\t\t\t\t<div id=\"elementor-tab-title-1521\" class=\"elementor-tab-title\" data-tab=\"1\" role=\"button\" aria-controls=\"elementor-tab-content-1521\" aria-expanded=\"false\">\n\t\t\t\t\t\t\t\t\t\t\t\t<span class=\"elementor-toggle-icon elementor-toggle-icon-left\" aria-hidden=\"true\">\n\t\t\t\t\t\t\t\t\t\t\t\t\t\t\t<span class=\"elementor-toggle-icon-closed\"><i class=\"fas fa-plus\"><\/i><\/span>\n\t\t\t\t\t\t\t\t<span class=\"elementor-toggle-icon-opened\"><i class=\"elementor-toggle-icon-opened fas fa-minus\"><\/i><\/span>\n\t\t\t\t\t\t\t\t\t\t\t\t\t<\/span>\n\t\t\t\t\t\t\t\t\t\t\t\t<a class=\"elementor-toggle-title\" tabindex=\"0\">Hur vet man att man \u00e4r allergisk mot p\u00e4lsdjur?<\/a>\n\t\t\t\t\t<\/div>\n\n\t\t\t\t\t<div id=\"elementor-tab-content-1521\" class=\"elementor-tab-content elementor-clearfix\" data-tab=\"1\" role=\"region\" aria-labelledby=\"elementor-tab-title-1521\"><p>Vid p\u00e4lsdjursallergi reagerar kroppens egna immunf\u00f6rsvar p\u00e5 djurens proteiner fr\u00e5n deras talgk\u00f6rtlar, hudceller, saliv och urin. Symptomen p\u00e5 p\u00e4lsdjursallergi varierar fr\u00e5n person till person och man kan b\u00e5de uppleva l\u00e4tta besv\u00e4r men ocks\u00e5 mer\u00a0 allvarliga.<\/p><\/div>\n\t\t\t\t<\/div>\n\t\t\t\t\t\t\t<div class=\"elementor-toggle-item\">\n\t\t\t\t\t<div id=\"elementor-tab-title-1522\" class=\"elementor-tab-title\" data-tab=\"2\" role=\"button\" aria-controls=\"elementor-tab-content-1522\" aria-expanded=\"false\">\n\t\t\t\t\t\t\t\t\t\t\t\t<span class=\"elementor-toggle-icon elementor-toggle-icon-left\" aria-hidden=\"true\">\n\t\t\t\t\t\t\t\t\t\t\t\t\t\t\t<span class=\"elementor-toggle-icon-closed\"><i class=\"fas fa-plus\"><\/i><\/span>\n\t\t\t\t\t\t\t\t<span class=\"elementor-toggle-icon-opened\"><i class=\"elementor-toggle-icon-opened fas fa-minus\"><\/i><\/span>\n\t\t\t\t\t\t\t\t\t\t\t\t\t<\/span>\n\t\t\t\t\t\t\t\t\t\t\t\t<a class=\"elementor-toggle-title\" tabindex=\"0\">Hur sker en allergisk reaktion?<\/a>\n\t\t\t\t\t<\/div>\n\n\t\t\t\t\t<div id=\"elementor-tab-content-1522\" class=\"elementor-tab-content elementor-clearfix\" data-tab=\"2\" role=\"region\" aria-labelledby=\"elementor-tab-title-1522\"><p>En allergisk reaktion kan b\u00e5de ske vid direkt och indirekt kontakt med ett eller flera specifika djur.<\/p><\/div>\n\t\t\t\t<\/div>\n\t\t\t\t\t\t\t\t\t\t<script type=\"application\/ld+json\">{\"@context\":\"https:\\\/\\\/schema.org\",\"@type\":\"FAQPage\",\"mainEntity\":[{\"@type\":\"Question\",\"name\":\"Hur vet man att man \\u00e4r allergisk mot p\\u00e4lsdjur?\",\"acceptedAnswer\":{\"@type\":\"Answer\",\"text\":\"<p>Vid p\\u00e4lsdjursallergi reagerar kroppens egna immunf\\u00f6rsvar p\\u00e5 djurens proteiner fr\\u00e5n deras talgk\\u00f6rtlar, hudceller, saliv och urin. Symptomen p\\u00e5 p\\u00e4lsdjursallergi varierar fr\\u00e5n person till person och man kan b\\u00e5de uppleva l\\u00e4tta besv\\u00e4r men ocks\\u00e5 mer\\u00a0 allvarliga.<\\\/p>\"}},{\"@type\":\"Question\",\"name\":\"Hur sker en allergisk reaktion?\",\"acceptedAnswer\":{\"@type\":\"Answer\",\"text\":\"<p>En allergisk reaktion kan b\\u00e5de ske vid direkt och indirekt kontakt med ett eller flera specifika djur.<\\\/p>\"}}]}<\/script>\n\t\t\t\t\t<\/div>\n\t\t\t\t\t\t<\/div>\n\t\t\t\t<\/div>\n\t\t\t\t<div class=\"elementor-element elementor-element-5f1697d9 elementor-widget elementor-widget-button\" data-id=\"5f1697d9\" data-element_type=\"widget\" data-widget_type=\"button.default\">\n\t\t\t\t<div class=\"elementor-widget-container\">\n\t\t\t\t\t\t\t\t\t<div class=\"elementor-button-wrapper\">\n\t\t\t\t\t<a class=\"elementor-button elementor-button-link elementor-size-sm\" href=\"https:\/\/nosaplugs.com\/sv\/allergy\/\">\n\t\t\t\t\t\t<span class=\"elementor-button-content-wrapper\">\n\t\t\t\t\t\t<span class=\"elementor-button-icon\">\n\t\t\t\t<i aria-hidden=\"true\" class=\"fas fa-arrow-right\"><\/i>\t\t\t<\/span>\n\t\t\t\t\t\t\t\t\t<span class=\"elementor-button-text\">L\u00e4s mer om allergi<\/span>\n\t\t\t\t\t<\/span>\n\t\t\t\t\t<\/a>\n\t\t\t\t<\/div>\n\t\t\t\t\t\t\t\t<\/div>\n\t\t\t\t<\/div>\n\t\t\t\t<\/div>\n\t\t<div class=\"elementor-element elementor-element-511159fb e-con-full e-flex e-con e-child\" data-id=\"511159fb\" data-element_type=\"container\">\n\t\t\t\t<div class=\"elementor-element elementor-element-551903aa elementor-widget elementor-widget-toggle\" data-id=\"551903aa\" data-element_type=\"widget\" data-widget_type=\"toggle.default\">\n\t\t\t\t<div class=\"elementor-widget-container\">\n\t\t\t\t\t\t\t<div class=\"elementor-toggle\">\n\t\t\t\t\t\t\t<div class=\"elementor-toggle-item\">\n\t\t\t\t\t<div id=\"elementor-tab-title-1421\" class=\"elementor-tab-title\" data-tab=\"1\" role=\"button\" aria-controls=\"elementor-tab-content-1421\" aria-expanded=\"false\">\n\t\t\t\t\t\t\t\t\t\t\t\t<span class=\"elementor-toggle-icon elementor-toggle-icon-left\" aria-hidden=\"true\">\n\t\t\t\t\t\t\t\t\t\t\t\t\t\t\t<span class=\"elementor-toggle-icon-closed\"><i class=\"fas fa-plus\"><\/i><\/span>\n\t\t\t\t\t\t\t\t<span class=\"elementor-toggle-icon-opened\"><i class=\"elementor-toggle-icon-opened fas fa-minus\"><\/i><\/span>\n\t\t\t\t\t\t\t\t\t\t\t\t\t<\/span>\n\t\t\t\t\t\t\t\t\t\t\t\t<a class=\"elementor-toggle-title\" tabindex=\"0\">Vilka \u00e4r de vanligaste allergiska symtomen?<\/a>\n\t\t\t\t\t<\/div>\n\n\t\t\t\t\t<div id=\"elementor-tab-content-1421\" class=\"elementor-tab-content elementor-clearfix\" data-tab=\"1\" role=\"region\" aria-labelledby=\"elementor-tab-title-1421\"><p>De vanligaste symptomen p\u00e5 allergi mot p\u00e4lsdjur \u00e4r:\u00a0<\/p><ul><li>Kliande och \u00f6mma \u00f6gon.\u00a0<\/li><li>Nysningar. <br \/>Rinnande n\u00e4sa. <br \/>Kliande omr\u00e5den p\u00e5 kroppen.\u00a0<\/li><li>N\u00e4st\u00e4ppa och f\u00f6rkylningssymptom.<\/li><li><p>Astmatiska besv\u00e4r. <br \/>Vissa personer kan ocks\u00e5 f\u00e5 n\u00e4sselutslag vid direkt kontakt med ett djur.<\/p><\/li><\/ul><\/div>\n\t\t\t\t<\/div>\n\t\t\t\t\t\t\t<div class=\"elementor-toggle-item\">\n\t\t\t\t\t<div id=\"elementor-tab-title-1422\" class=\"elementor-tab-title\" data-tab=\"2\" role=\"button\" aria-controls=\"elementor-tab-content-1422\" aria-expanded=\"false\">\n\t\t\t\t\t\t\t\t\t\t\t\t<span class=\"elementor-toggle-icon elementor-toggle-icon-left\" aria-hidden=\"true\">\n\t\t\t\t\t\t\t\t\t\t\t\t\t\t\t<span class=\"elementor-toggle-icon-closed\"><i class=\"fas fa-plus\"><\/i><\/span>\n\t\t\t\t\t\t\t\t<span class=\"elementor-toggle-icon-opened\"><i class=\"elementor-toggle-icon-opened fas fa-minus\"><\/i><\/span>\n\t\t\t\t\t\t\t\t\t\t\t\t\t<\/span>\n\t\t\t\t\t\t\t\t\t\t\t\t<a class=\"elementor-toggle-title\" tabindex=\"0\">Vad kan man g\u00f6ra f\u00f6r att minska allergin?<\/a>\n\t\t\t\t\t<\/div>\n\n\t\t\t\t\t<div id=\"elementor-tab-content-1422\" class=\"elementor-tab-content elementor-clearfix\" data-tab=\"2\" role=\"region\" aria-labelledby=\"elementor-tab-title-1422\"><p>M\u00e5nga av de allergener vi uts\u00e4tts f\u00f6r \u00e4r luftburna och de tar sig in i v\u00e5r kropp via v\u00e5r\u00a0 k\u00e4nsliga n\u00e4sslemhinna. P\u00e4lsallergener, pollen och m\u00f6gel \u00e4r n\u00e5gra av de allergener\u00a0 som \u00e4r luftburna och som angriper oss via n\u00e4san.\u00a0<\/p><p><a href=\"https:\/\/nosaplugs.com\/sv\/product\/nosa-allergy-filter\">NOSA allergy filter<\/a> \u00e4r ett effektivt n\u00e4sfilter testad mot luftburna allergener s\u00e5som\u00a0 pollen, p\u00e4ls, damm och m\u00f6gel. N\u00e4sfiltret filtrerar de luftburna partiklarna genom\u00a0 inandning via n\u00e4san, vilket minskar anv\u00e4ndarens exponering av allergenen. Genom\u00a0 att reducera exponeringen av allergener kan du minska risken f\u00f6r allergiska\u00a0 symptom. <\/p><\/div>\n\t\t\t\t<\/div>\n\t\t\t\t\t\t\t\t<\/div>\n\t\t\t\t\t\t<\/div>\n\t\t\t\t<\/div>\n\t\t\t\t<div class=\"elementor-element elementor-element-6514265e elementor-widget elementor-widget-button\" data-id=\"6514265e\" data-element_type=\"widget\" data-widget_type=\"button.default\">\n\t\t\t\t<div class=\"elementor-widget-container\">\n\t\t\t\t\t\t\t\t\t<div class=\"elementor-button-wrapper\">\n\t\t\t\t\t<a class=\"elementor-button elementor-button-link elementor-size-sm\" href=\"https:\/\/nosaplugs.com\/sv\/product\/NOSA-allergy-filter\/\">\n\t\t\t\t\t\t<span class=\"elementor-button-content-wrapper\">\n\t\t\t\t\t\t<span class=\"elementor-button-icon\">\n\t\t\t\t<i aria-hidden=\"true\" class=\"fas fa-arrow-right\"><\/i>\t\t\t<\/span>\n\t\t\t\t\t\t\t\t\t<span class=\"elementor-button-text\">Uppt\u00e4ck NOSA allergy filter<\/span>\n\t\t\t\t\t<\/span>\n\t\t\t\t\t<\/a>\n\t\t\t\t<\/div>\n\t\t\t\t\t\t\t\t<\/div>\n\t\t\t\t<\/div>\n\t\t\t\t<\/div>\n\t\t\t\t\t<\/div>\n\t\t\t\t<\/div>\n\t\t\t\t\t<\/div>\n\t\t\t\t<\/div>\n\t\t\t\t<\/div>\n\t\t","protected":false},"excerpt":{"rendered":"<p>P\u00e4lsdjursallergi P\u00e4lsdjursallergi \u00e4r relativt vanligt och upp emot 18 % av den vuxna befolkningen har allergibesv\u00e4r av p\u00e4lsdjur. P\u00e4lsdjursallergi P\u00e4lsdjursallergi \u00e4r relativt vanligt och upp emot 18 % av den vuxna befolkningen har allergibesv\u00e4r av p\u00e4lsdjur. Alla p\u00e4lsdjur kan ge allergibesv\u00e4r men det vanligaste \u00e4r katt- och hundallergi. P\u00e4lsdjursallergiker reagerar egentligen inte p\u00e5 p\u00e4lsen hos &hellip;<\/p>\n","protected":false},"author":7,"featured_media":0,"parent":0,"menu_order":0,"comment_status":"closed","ping_status":"closed","template":"","meta":{"_acf_changed":false,"footnotes":""},"class_list":["post-1391816","page","type-page","status-publish","hentry"],"acf":[],"aioseo_notices":[],"_links":{"self":[{"href":"https:\/\/nosaplugs.com\/sv\/wp-json\/wp\/v2\/pages\/1391816"}],"collection":[{"href":"https:\/\/nosaplugs.com\/sv\/wp-json\/wp\/v2\/pages"}],"about":[{"href":"https:\/\/nosaplugs.com\/sv\/wp-json\/wp\/v2\/types\/page"}],"author":[{"embeddable":true,"href":"https:\/\/nosaplugs.com\/sv\/wp-json\/wp\/v2\/users\/7"}],"replies":[{"embeddable":true,"href":"https:\/\/nosaplugs.com\/sv\/wp-json\/wp\/v2\/comments?post=1391816"}],"version-history":[{"count":11,"href":"https:\/\/nosaplugs.com\/sv\/wp-json\/wp\/v2\/pages\/1391816\/revisions"}],"predecessor-version":[{"id":1391980,"href":"https:\/\/nosaplugs.com\/sv\/wp-json\/wp\/v2\/pages\/1391816\/revisions\/1391980"}],"wp:attachment":[{"href":"https:\/\/nosaplugs.com\/sv\/wp-json\/wp\/v2\/media?parent=1391816"}],"curies":[{"name":"wp","href":"https:\/\/api.w.org\/{rel}","templated":true}]}}