{"id":1391833,"date":"2024-03-15T15:55:08","date_gmt":"2024-03-15T14:55:08","guid":{"rendered":"https:\/\/nosaplugs.com\/sv\/?page_id=1391833"},"modified":"2024-03-21T13:44:55","modified_gmt":"2024-03-21T12:44:55","slug":"mold-allergy","status":"publish","type":"page","link":"https:\/\/nosaplugs.com\/sv\/mold-allergy\/","title":{"rendered":"M\u00f6gelallergi"},"content":{"rendered":"\t\t<div data-elementor-type=\"wp-page\" data-elementor-id=\"1391833\" class=\"elementor elementor-1391833\" data-elementor-post-type=\"page\">\n\t\t\t\t<div class=\"elementor-element elementor-element-56569a2 e-flex e-con-boxed e-con e-parent\" data-id=\"56569a2\" data-element_type=\"container\">\n\t\t\t\t\t<div class=\"e-con-inner\">\n\t\t\t\t<div class=\"elementor-element elementor-element-cc144aa elementor-hidden-mobile elementor--h-position-center elementor--v-position-middle elementor-arrows-position-inside elementor-pagination-position-inside elementor-widget elementor-widget-slides\" data-id=\"cc144aa\" data-element_type=\"widget\" data-settings=\"{&quot;navigation&quot;:&quot;both&quot;,&quot;autoplay&quot;:&quot;yes&quot;,&quot;pause_on_hover&quot;:&quot;yes&quot;,&quot;pause_on_interaction&quot;:&quot;yes&quot;,&quot;autoplay_speed&quot;:5000,&quot;infinite&quot;:&quot;yes&quot;,&quot;transition&quot;:&quot;slide&quot;,&quot;transition_speed&quot;:500}\" data-widget_type=\"slides.default\">\n\t\t\t\t<div class=\"elementor-widget-container\">\n\t\t\t\t\t\t\t\t\t<div class=\"elementor-swiper\">\n\t\t\t\t\t<div class=\"elementor-slides-wrapper elementor-main-swiper swiper\" role=\"region\" aria-roledescription=\"carousel\" aria-label=\"Bildspel\" dir=\"ltr\" data-animation=\"fadeInUp\">\n\t\t\t\t<div class=\"swiper-wrapper elementor-slides\">\n\t\t\t\t\t\t\t\t\t\t<div class=\"elementor-repeater-item-c18e2eb swiper-slide\" role=\"group\" aria-roledescription=\"slide\"><div class=\"swiper-slide-bg\" role=\"img\"><\/div><div class=\"swiper-slide-inner\" ><div class=\"swiper-slide-contents\"><h1 class=\"elementor-slide-heading\">M\u00f6gelallergi<\/h1><div class=\"elementor-slide-description\">Som allergiker beh\u00f6ver du inte  fysiskt r\u00f6ra vid m\u00f6glet f\u00f6r att f\u00e5 en reaktion, <br\/>det r\u00e4cker att befinna sig i samma milj\u00f6  som m\u00f6glet d\u00e5 sporerna \u00e4r luftburna.<\/div><\/div><\/div><\/div>\t\t\t\t<\/div>\n\t\t\t\t\t\t\t<\/div>\n\t\t\t\t<\/div>\n\t\t\t\t\t\t\t\t<\/div>\n\t\t\t\t<\/div>\n\t\t\t\t\t<\/div>\n\t\t\t\t<\/div>\n\t\t<div class=\"elementor-element elementor-element-3ae66d3 e-flex e-con-boxed e-con e-parent\" data-id=\"3ae66d3\" data-element_type=\"container\">\n\t\t\t\t\t<div class=\"e-con-inner\">\n\t\t\t\t<div class=\"elementor-element elementor-element-f16c1ea elementor-hidden-desktop elementor-hidden-tablet elementor--h-position-center elementor--v-position-middle elementor-arrows-position-inside elementor-pagination-position-inside elementor-widget elementor-widget-slides\" data-id=\"f16c1ea\" data-element_type=\"widget\" data-settings=\"{&quot;navigation&quot;:&quot;both&quot;,&quot;autoplay&quot;:&quot;yes&quot;,&quot;pause_on_hover&quot;:&quot;yes&quot;,&quot;pause_on_interaction&quot;:&quot;yes&quot;,&quot;autoplay_speed&quot;:5000,&quot;infinite&quot;:&quot;yes&quot;,&quot;transition&quot;:&quot;slide&quot;,&quot;transition_speed&quot;:500}\" data-widget_type=\"slides.default\">\n\t\t\t\t<div class=\"elementor-widget-container\">\n\t\t\t\t\t\t\t\t\t<div class=\"elementor-swiper\">\n\t\t\t\t\t<div class=\"elementor-slides-wrapper elementor-main-swiper swiper\" role=\"region\" aria-roledescription=\"carousel\" aria-label=\"Bildspel\" dir=\"ltr\" data-animation=\"fadeInUp\">\n\t\t\t\t<div class=\"swiper-wrapper elementor-slides\">\n\t\t\t\t\t\t\t\t\t\t<div class=\"elementor-repeater-item-c18e2eb swiper-slide\" role=\"group\" aria-roledescription=\"slide\"><div class=\"swiper-slide-bg\" role=\"img\"><\/div><div class=\"swiper-slide-inner\" ><div class=\"swiper-slide-contents\"><h1 class=\"elementor-slide-heading\">M\u00f6gelallergi<\/h1><div class=\"elementor-slide-description\">Som allergiker beh\u00f6ver du inte  fysiskt r\u00f6ra vid m\u00f6glet f\u00f6r att f\u00e5 en reaktion, <br\/>det r\u00e4cker att befinna sig i samma milj\u00f6  som m\u00f6glet d\u00e5 sporerna \u00e4r luftburna.<\/div><\/div><\/div><\/div>\t\t\t\t<\/div>\n\t\t\t\t\t\t\t<\/div>\n\t\t\t\t<\/div>\n\t\t\t\t\t\t\t\t<\/div>\n\t\t\t\t<\/div>\n\t\t\t\t\t<\/div>\n\t\t\t\t<\/div>\n\t\t<div class=\"elementor-element elementor-element-986ed9e e-grid e-con-boxed e-con e-parent\" data-id=\"986ed9e\" data-element_type=\"container\">\n\t\t\t\t\t<div class=\"e-con-inner\">\n\t\t\t\t<div class=\"elementor-element elementor-element-d2fb71d elementor-widget elementor-widget-image\" data-id=\"d2fb71d\" data-element_type=\"widget\" data-widget_type=\"image.default\">\n\t\t\t\t<div class=\"elementor-widget-container\">\n\t\t\t\t\t\t\t\t\t\t\t\t\t\t\t<img fetchpriority=\"high\" decoding=\"async\" width=\"1024\" height=\"1024\" src=\"https:\/\/nosaplugs.com\/sv\/wp-content\/uploads\/sites\/10\/2024\/03\/mogelallergi1-1024x1024.webp\" class=\"attachment-large size-large wp-image-1391837\" alt=\"\" srcset=\"https:\/\/nosaplugs.com\/sv\/wp-content\/uploads\/sites\/10\/2024\/03\/mogelallergi1-1024x1024.webp 1024w, https:\/\/nosaplugs.com\/sv\/wp-content\/uploads\/sites\/10\/2024\/03\/mogelallergi1-300x300.webp 300w, https:\/\/nosaplugs.com\/sv\/wp-content\/uploads\/sites\/10\/2024\/03\/mogelallergi1-150x150.webp 150w, https:\/\/nosaplugs.com\/sv\/wp-content\/uploads\/sites\/10\/2024\/03\/mogelallergi1-768x768.webp 768w, https:\/\/nosaplugs.com\/sv\/wp-content\/uploads\/sites\/10\/2024\/03\/mogelallergi1-350x350.webp 350w, https:\/\/nosaplugs.com\/sv\/wp-content\/uploads\/sites\/10\/2024\/03\/mogelallergi1-680x680.webp 680w, https:\/\/nosaplugs.com\/sv\/wp-content\/uploads\/sites\/10\/2024\/03\/mogelallergi1-100x100.webp 100w, https:\/\/nosaplugs.com\/sv\/wp-content\/uploads\/sites\/10\/2024\/03\/mogelallergi1.webp 1080w\" sizes=\"(max-width: 1024px) 100vw, 1024px\" \/>\t\t\t\t\t\t\t\t\t\t\t\t\t\t\t<\/div>\n\t\t\t\t<\/div>\n\t\t\t\t<div class=\"elementor-element elementor-element-3453075 elementor-widget elementor-widget-text-editor\" data-id=\"3453075\" data-element_type=\"widget\" data-widget_type=\"text-editor.default\">\n\t\t\t\t<div class=\"elementor-widget-container\">\n\t\t\t\t\t\t\t\t\t<p>M\u00f6gelallergi \u00e4r relativt s\u00e4llsynt men f\u00f6r de som drabbas av det kan det vara v\u00e4ldigt besv\u00e4rligt. K\u00e4nsligheten kan ocks\u00e5 variera fr\u00e5n person till person och vissa typer av m\u00f6gel kan vara mer skadliga \u00e4n andra.\u00a0<\/p><p>Det som m\u00f6gelallergiker reagerar p\u00e5 vid kontakt med m\u00f6gel \u00e4r de sporer och mykotoxiner, allts\u00e5 gifterna, som m\u00f6glet ger ifr\u00e5n sig. Som allergiker beh\u00f6ver du inte fysiskt r\u00f6ra vid m\u00f6glet f\u00f6r att f\u00e5 en reaktion, det r\u00e4cker att befinna sig i samma milj\u00f6 som m\u00f6glet d\u00e5 sporerna \u00e4r luftburna.\u00a0<\/p><p>Eftersom sporerna sprids genom luften, \u00e4r det vanligaste s\u00e4ttet att uts\u00e4ttas f\u00f6r dem genom inandning. D\u00e4rf\u00f6r tenderar besv\u00e4ren att fr\u00e4mst drabba luftv\u00e4garna. F\u00f6r\u00a0 personer med astma kan m\u00f6gelallergi vara s\u00e4rskilt besv\u00e4rligt.\u00a0<\/p><p>Det finns en m\u00e4ngd olika typer av m\u00f6gel. En v\u00e4ldigt vanlig m\u00f6gelart i Sverige \u00e4r s\u00e5\u00a0 kallad svartm\u00f6gel, som ofta f\u00f6rekommer i fuktskadade hus. Svartm\u00f6gel \u00e4r ett samlingsnamn f\u00f6r m\u00f6rka m\u00f6gelsvampar och inkluderar ca 300 olika arter. Andra\u00a0 m\u00f6gelarter som kan framkalla allergi \u00e4r Alternaria, Cladosporium, Fumigatus, Penicillium, Stachybotrys.<\/p>\t\t\t\t\t\t\t\t<\/div>\n\t\t\t\t<\/div>\n\t\t\t\t\t<\/div>\n\t\t\t\t<\/div>\n\t\t<div class=\"elementor-element elementor-element-38c96e07 e-flex e-con-boxed e-con e-parent\" data-id=\"38c96e07\" data-element_type=\"container\">\n\t\t\t\t\t<div class=\"e-con-inner\">\n\t\t<div class=\"elementor-element elementor-element-2c423200 e-flex e-con-boxed e-con e-child\" data-id=\"2c423200\" data-element_type=\"container\">\n\t\t\t\t\t<div class=\"e-con-inner\">\n\t\t<div class=\"elementor-element elementor-element-d75b0c8 e-con-full e-flex e-con e-child\" data-id=\"d75b0c8\" data-element_type=\"container\">\n\t\t\t\t<div class=\"elementor-element elementor-element-41d7f2bf elementor-widget elementor-widget-toggle\" data-id=\"41d7f2bf\" data-element_type=\"widget\" data-widget_type=\"toggle.default\">\n\t\t\t\t<div class=\"elementor-widget-container\">\n\t\t\t\t\t\t\t<div class=\"elementor-toggle\">\n\t\t\t\t\t\t\t<div class=\"elementor-toggle-item\">\n\t\t\t\t\t<div id=\"elementor-tab-title-1101\" class=\"elementor-tab-title\" data-tab=\"1\" role=\"button\" aria-controls=\"elementor-tab-content-1101\" aria-expanded=\"false\">\n\t\t\t\t\t\t\t\t\t\t\t\t<span class=\"elementor-toggle-icon elementor-toggle-icon-left\" aria-hidden=\"true\">\n\t\t\t\t\t\t\t\t\t\t\t\t\t\t\t<span class=\"elementor-toggle-icon-closed\"><i class=\"fas fa-plus\"><\/i><\/span>\n\t\t\t\t\t\t\t\t<span class=\"elementor-toggle-icon-opened\"><i class=\"elementor-toggle-icon-opened fas fa-minus\"><\/i><\/span>\n\t\t\t\t\t\t\t\t\t\t\t\t\t<\/span>\n\t\t\t\t\t\t\t\t\t\t\t\t<a class=\"elementor-toggle-title\" tabindex=\"0\">M\u00f6gelallergi symptom?<\/a>\n\t\t\t\t\t<\/div>\n\n\t\t\t\t\t<div id=\"elementor-tab-content-1101\" class=\"elementor-tab-content elementor-clearfix\" data-tab=\"1\" role=\"region\" aria-labelledby=\"elementor-tab-title-1101\"><p>Symptomen f\u00f6r m\u00f6gelallergi kan variera fr\u00e5n person till person. Vissa reagerar starkare \u00e4n andra och vice versa. En del f\u00e5r bara l\u00e4ttare snuva eller hosta medan andra f\u00e5r allvarliga andningssv\u00e5righeter som kr\u00e4ver l\u00e4karv\u00e5rd, exempelvis allergisk astma.\u00a0<\/p><p>D\u00e5 m\u00f6gel \u00e4r en svamp och dess porer \u00e4r luftburna \u00e4r det ofta symptom i luftr\u00f6r som \u00e4r vanligast. Men \u00e4ven hosta, snuva, tr\u00f6tthet, torr hud, huvudv\u00e4rk och kliande \u00f6gon kan f\u00f6rekomma. Har du astma sedan tidigare kan du \u00e4ven uppleva vissa andningssv\u00e5righeter.\u00a0<\/p><\/div>\n\t\t\t\t<\/div>\n\t\t\t\t\t\t\t\t\t\t<script type=\"application\/ld+json\">{\"@context\":\"https:\\\/\\\/schema.org\",\"@type\":\"FAQPage\",\"mainEntity\":[{\"@type\":\"Question\",\"name\":\"M\\u00f6gelallergi symptom?\",\"acceptedAnswer\":{\"@type\":\"Answer\",\"text\":\"<p>Symptomen f\\u00f6r m\\u00f6gelallergi kan variera fr\\u00e5n person till person. Vissa reagerar starkare \\u00e4n andra och vice versa. En del f\\u00e5r bara l\\u00e4ttare snuva eller hosta medan andra f\\u00e5r allvarliga andningssv\\u00e5righeter som kr\\u00e4ver l\\u00e4karv\\u00e5rd, exempelvis allergisk astma.\\u00a0<\\\/p><p>D\\u00e5 m\\u00f6gel \\u00e4r en svamp och dess porer \\u00e4r luftburna \\u00e4r det ofta symptom i luftr\\u00f6r som \\u00e4r vanligast. Men \\u00e4ven hosta, snuva, tr\\u00f6tthet, torr hud, huvudv\\u00e4rk och kliande \\u00f6gon kan f\\u00f6rekomma. Har du astma sedan tidigare kan du \\u00e4ven uppleva vissa andningssv\\u00e5righeter.\\u00a0<\\\/p>\"}}]}<\/script>\n\t\t\t\t\t<\/div>\n\t\t\t\t\t\t<\/div>\n\t\t\t\t<\/div>\n\t\t\t\t<div class=\"elementor-element elementor-element-218977bb elementor-widget elementor-widget-button\" data-id=\"218977bb\" data-element_type=\"widget\" data-widget_type=\"button.default\">\n\t\t\t\t<div class=\"elementor-widget-container\">\n\t\t\t\t\t\t\t\t\t<div class=\"elementor-button-wrapper\">\n\t\t\t\t\t<a class=\"elementor-button elementor-button-link elementor-size-sm\" href=\"https:\/\/nosaplugs.com\/sv\/allergy\/\">\n\t\t\t\t\t\t<span class=\"elementor-button-content-wrapper\">\n\t\t\t\t\t\t<span class=\"elementor-button-icon\">\n\t\t\t\t<i aria-hidden=\"true\" class=\"fas fa-arrow-right\"><\/i>\t\t\t<\/span>\n\t\t\t\t\t\t\t\t\t<span class=\"elementor-button-text\">L\u00e4s mer om allergi<\/span>\n\t\t\t\t\t<\/span>\n\t\t\t\t\t<\/a>\n\t\t\t\t<\/div>\n\t\t\t\t\t\t\t\t<\/div>\n\t\t\t\t<\/div>\n\t\t\t\t<\/div>\n\t\t<div class=\"elementor-element elementor-element-6bf1a02 e-con-full e-flex e-con e-child\" data-id=\"6bf1a02\" data-element_type=\"container\">\n\t\t\t\t<div class=\"elementor-element elementor-element-5de89221 elementor-widget elementor-widget-toggle\" data-id=\"5de89221\" data-element_type=\"widget\" data-widget_type=\"toggle.default\">\n\t\t\t\t<div class=\"elementor-widget-container\">\n\t\t\t\t\t\t\t<div class=\"elementor-toggle\">\n\t\t\t\t\t\t\t<div class=\"elementor-toggle-item\">\n\t\t\t\t\t<div id=\"elementor-tab-title-1571\" class=\"elementor-tab-title\" data-tab=\"1\" role=\"button\" aria-controls=\"elementor-tab-content-1571\" aria-expanded=\"false\">\n\t\t\t\t\t\t\t\t\t\t\t\t<span class=\"elementor-toggle-icon elementor-toggle-icon-left\" aria-hidden=\"true\">\n\t\t\t\t\t\t\t\t\t\t\t\t\t\t\t<span class=\"elementor-toggle-icon-closed\"><i class=\"fas fa-plus\"><\/i><\/span>\n\t\t\t\t\t\t\t\t<span class=\"elementor-toggle-icon-opened\"><i class=\"elementor-toggle-icon-opened fas fa-minus\"><\/i><\/span>\n\t\t\t\t\t\t\t\t\t\t\t\t\t<\/span>\n\t\t\t\t\t\t\t\t\t\t\t\t<a class=\"elementor-toggle-title\" tabindex=\"0\">M\u00f6gel hemma?<\/a>\n\t\t\t\t\t<\/div>\n\n\t\t\t\t\t<div id=\"elementor-tab-content-1571\" class=\"elementor-tab-content elementor-clearfix\" data-tab=\"1\" role=\"region\" aria-labelledby=\"elementor-tab-title-1571\"><p>Har du m\u00f6gel hemma rekommenderas att du f\u00f6rs\u00f6ker \u00e5tg\u00e4rda problemet s\u00e5 fort som m\u00f6jligt, oavsett om du \u00e4r allergisk eller inte. Det \u00e4r inte bra att uts\u00e4ttas f\u00f6r m\u00f6gel under en l\u00e4ngre tid, framf\u00f6rallt inte om du upplever allergiska symptom.\u00a0<\/p><p>Har du en allvarlig allergi eller upplever andningssv\u00e5righeter \u00e4r det b\u00e4st att undvika det angripna omr\u00e5det tills m\u00f6glet \u00e4r sanerat och borttaget.<\/p><\/div>\n\t\t\t\t<\/div>\n\t\t\t\t\t\t\t\t<\/div>\n\t\t\t\t\t\t<\/div>\n\t\t\t\t<\/div>\n\t\t\t\t<div class=\"elementor-element elementor-element-2fd549ac elementor-widget elementor-widget-button\" data-id=\"2fd549ac\" data-element_type=\"widget\" data-widget_type=\"button.default\">\n\t\t\t\t<div class=\"elementor-widget-container\">\n\t\t\t\t\t\t\t\t\t<div class=\"elementor-button-wrapper\">\n\t\t\t\t\t<a class=\"elementor-button elementor-button-link elementor-size-sm\" href=\"https:\/\/nosaplugs.com\/sv\/product\/nosa-allergy-filter\/\">\n\t\t\t\t\t\t<span class=\"elementor-button-content-wrapper\">\n\t\t\t\t\t\t<span class=\"elementor-button-icon\">\n\t\t\t\t<i aria-hidden=\"true\" class=\"fas fa-arrow-right\"><\/i>\t\t\t<\/span>\n\t\t\t\t\t\t\t\t\t<span class=\"elementor-button-text\">Uppt\u00e4ck NOSA allergy filter<\/span>\n\t\t\t\t\t<\/span>\n\t\t\t\t\t<\/a>\n\t\t\t\t<\/div>\n\t\t\t\t\t\t\t\t<\/div>\n\t\t\t\t<\/div>\n\t\t\t\t<\/div>\n\t\t\t\t\t<\/div>\n\t\t\t\t<\/div>\n\t\t\t\t\t<\/div>\n\t\t\t\t<\/div>\n\t\t\t\t<\/div>\n\t\t","protected":false},"excerpt":{"rendered":"<p>M\u00f6gelallergi Som allergiker beh\u00f6ver du inte fysiskt r\u00f6ra vid m\u00f6glet f\u00f6r att f\u00e5 en reaktion, det r\u00e4cker att befinna sig i samma milj\u00f6 som m\u00f6glet d\u00e5 sporerna \u00e4r luftburna. M\u00f6gelallergi Som allergiker beh\u00f6ver du inte fysiskt r\u00f6ra vid m\u00f6glet f\u00f6r att f\u00e5 en reaktion, det r\u00e4cker att befinna sig i samma milj\u00f6 som m\u00f6glet d\u00e5 &hellip;<\/p>\n","protected":false},"author":7,"featured_media":0,"parent":0,"menu_order":0,"comment_status":"closed","ping_status":"closed","template":"","meta":{"_acf_changed":false,"footnotes":""},"class_list":["post-1391833","page","type-page","status-publish","hentry"],"acf":[],"aioseo_notices":[],"_links":{"self":[{"href":"https:\/\/nosaplugs.com\/sv\/wp-json\/wp\/v2\/pages\/1391833"}],"collection":[{"href":"https:\/\/nosaplugs.com\/sv\/wp-json\/wp\/v2\/pages"}],"about":[{"href":"https:\/\/nosaplugs.com\/sv\/wp-json\/wp\/v2\/types\/page"}],"author":[{"embeddable":true,"href":"https:\/\/nosaplugs.com\/sv\/wp-json\/wp\/v2\/users\/7"}],"replies":[{"embeddable":true,"href":"https:\/\/nosaplugs.com\/sv\/wp-json\/wp\/v2\/comments?post=1391833"}],"version-history":[{"count":20,"href":"https:\/\/nosaplugs.com\/sv\/wp-json\/wp\/v2\/pages\/1391833\/revisions"}],"predecessor-version":[{"id":1391991,"href":"https:\/\/nosaplugs.com\/sv\/wp-json\/wp\/v2\/pages\/1391833\/revisions\/1391991"}],"wp:attachment":[{"href":"https:\/\/nosaplugs.com\/sv\/wp-json\/wp\/v2\/media?parent=1391833"}],"curies":[{"name":"wp","href":"https:\/\/api.w.org\/{rel}","templated":true}]}}