{"id":358,"date":"2015-08-12T12:27:19","date_gmt":"2015-08-12T12:27:19","guid":{"rendered":"http:\/\/savoy.nordicmade.com\/?page_id=358"},"modified":"2024-01-31T17:16:04","modified_gmt":"2024-01-31T16:16:04","slug":"about-us","status":"publish","type":"page","link":"https:\/\/nosaplugs.com\/sv\/about-us\/","title":{"rendered":"Om NOSA"},"content":{"rendered":"\t\t<div data-elementor-type=\"wp-page\" data-elementor-id=\"358\" class=\"elementor elementor-358\" data-elementor-post-type=\"page\">\n\t\t\t\t\t\t<section class=\"elementor-section elementor-top-section elementor-element elementor-element-569b0b1 elementor-section-boxed elementor-section-height-default elementor-section-height-default\" data-id=\"569b0b1\" data-element_type=\"section\">\n\t\t\t\t\t\t<div class=\"elementor-container elementor-column-gap-extended\">\n\t\t\t\t\t<div class=\"elementor-column elementor-col-50 elementor-top-column elementor-element elementor-element-4f15342\" data-id=\"4f15342\" data-element_type=\"column\">\n\t\t\t<div class=\"elementor-widget-wrap elementor-element-populated\">\n\t\t\t\t\t\t<div class=\"elementor-element elementor-element-4e7522a elementor-widget elementor-widget-heading\" data-id=\"4e7522a\" data-element_type=\"widget\" data-widget_type=\"heading.default\">\n\t\t\t\t<div class=\"elementor-widget-container\">\n\t\t\t\t\t<h3 class=\"elementor-heading-title elementor-size-default\">Vilka \u00e4r vi? <\/h3>\t\t\t\t<\/div>\n\t\t\t\t<\/div>\n\t\t\t\t\t<\/div>\n\t\t<\/div>\n\t\t\t\t<div class=\"elementor-column elementor-col-50 elementor-top-column elementor-element elementor-element-113b122\" data-id=\"113b122\" data-element_type=\"column\">\n\t\t\t<div class=\"elementor-widget-wrap elementor-element-populated\">\n\t\t\t\t\t\t<div class=\"elementor-element elementor-element-c99a232 elementor-widget__width-initial elementor-widget elementor-widget-text-editor\" data-id=\"c99a232\" data-element_type=\"widget\" data-widget_type=\"text-editor.default\">\n\t\t\t\t<div class=\"elementor-widget-container\">\n\t\t\t\t\t\t\t\t\t<p>NOSA \u00e4r ett svenskt medicintekniskt f\u00f6retag som \u00e4r banbrytande inom intra-nasal innovation f\u00f6r att \u00f6ka livskvaliteten genom nasal andning. Vi str\u00e4var efter att f\u00e5 m\u00e4nniskor att leva sina liv fullt ut och njuta av sin omgivning, snarare \u00e4n att begr\u00e4nsas av den.<\/p><p>Vi arbetar med att l\u00f6sa problem som \u00e4r relaterade till andning och luktsystemet, s\u00e5som d\u00e5lig lukt, infektioner, allergier och luktst\u00f6rningar. Vi vet att slemhinnorna i n\u00e4san \u00e4r k\u00e4nsliga och l\u00e4tt uts\u00e4tts f\u00f6r skadliga partiklar. Om vi kan skydda n\u00e4san kan vi hj\u00e4lpa individer i olika situationer att njuta av sin omgivning ist\u00e4llet f\u00f6r att begr\u00e4nsas av den.<\/p><p>Sedan mars 2023 \u00e4r Nosa Plugs AB moderbolag till NoseOption AB och NoseOption Inc. Nosa Plugs AB \u00e4r noterat p\u00e5 Nasdaq First North Stockholm.<\/p>\t\t\t\t\t\t\t\t<\/div>\n\t\t\t\t<\/div>\n\t\t\t\t\t<\/div>\n\t\t<\/div>\n\t\t\t\t\t<\/div>\n\t\t<\/section>\n\t\t<div class=\"elementor-element elementor-element-c0778d1 e-flex e-con-boxed e-con e-parent\" data-id=\"c0778d1\" data-element_type=\"container\">\n\t\t\t\t\t<div class=\"e-con-inner\">\n\t\t\t\t<div class=\"elementor-element elementor-element-34e7ac1 elementor-widget elementor-widget-nm-banner\" data-id=\"34e7ac1\" data-element_type=\"widget\" data-widget_type=\"nm-banner.default\">\n\t\t\t\t<div class=\"elementor-widget-container\">\n\t\t\t\t\t\r\n\t\t\t<div class=\"nm-banner content-full image-type-fluid has-alt-image text-color-dark subtitle-below\" style=\"\"><a href=\"\" class=\"nm-banner-link nm-banner-link-full\"><img fetchpriority=\"high\" decoding=\"async\" src=\"https:\/\/nosaplugs.com\/sv\/wp-content\/uploads\/sites\/10\/2023\/11\/9751177f-ee2e-4822-9c3a-fa13d65c35ec.jpg\" width=\"1920\" height=\"1132\" alt=\"9751177f-ee2e-4822-9c3a-fa13d65c35ec\" \/><img decoding=\"async\" src=\"https:\/\/nosaplugs.com\/sv\/wp-content\/uploads\/sites\/10\/2023\/11\/9751177f-ee2e-4822-9c3a-fa13d65c35ec.jpg\" class=\"nm-banner-alt-image img\" width=\"1920\" height=\"1132\" alt=\"9751177f-ee2e-4822-9c3a-fa13d65c35ec\" \/><\/a>\r\n\t\t\t<\/div>\t\t\t\t<\/div>\n\t\t\t\t<\/div>\n\t\t\t\t\t<\/div>\n\t\t\t\t<\/div>\n\t\t\t\t<section class=\"elementor-section elementor-top-section elementor-element elementor-element-0cabd80 elementor-section-boxed elementor-section-height-default elementor-section-height-default\" data-id=\"0cabd80\" data-element_type=\"section\" data-settings=\"{&quot;background_background&quot;:&quot;classic&quot;}\">\n\t\t\t\t\t\t<div class=\"elementor-container elementor-column-gap-extended\">\n\t\t\t\t\t<div class=\"elementor-column elementor-col-50 elementor-top-column elementor-element elementor-element-004c2af\" data-id=\"004c2af\" data-element_type=\"column\">\n\t\t\t<div class=\"elementor-widget-wrap elementor-element-populated\">\n\t\t\t\t\t\t<div class=\"elementor-element elementor-element-9eb89a1 elementor-widget elementor-widget-heading\" data-id=\"9eb89a1\" data-element_type=\"widget\" data-widget_type=\"heading.default\">\n\t\t\t\t<div class=\"elementor-widget-container\">\n\t\t\t\t\t<h3 class=\"elementor-heading-title elementor-size-default\">Innovations grad <\/h3>\t\t\t\t<\/div>\n\t\t\t\t<\/div>\n\t\t\t\t\t<\/div>\n\t\t<\/div>\n\t\t\t\t<div class=\"elementor-column elementor-col-50 elementor-top-column elementor-element elementor-element-e968738\" data-id=\"e968738\" data-element_type=\"column\">\n\t\t\t<div class=\"elementor-widget-wrap elementor-element-populated\">\n\t\t\t\t\t\t<div class=\"elementor-element elementor-element-edcf037 elementor-widget elementor-widget-text-editor\" data-id=\"edcf037\" data-element_type=\"widget\" data-widget_type=\"text-editor.default\">\n\t\t\t\t<div class=\"elementor-widget-container\">\n\t\t\t\t\t\t\t\t\tVi lanserade v\u00e4rldens f\u00f6rsta diskreta n\u00e4sskydd mot d\u00e5lig lukt, och vi har kontinuerligt utvecklat v\u00e5r portf\u00f6lj med nya innovationer sedan dess. Vi har ett flexibelt arbetss\u00e4tt, vilket g\u00f6r att vi kommer att forts\u00e4tta att vara banbrytande p\u00e5 marknaden och driva innovationer fram\u00e5t f\u00f6r att l\u00f6sa problem relaterade till n\u00e4sandning.\t\t\t\t\t\t\t\t<\/div>\n\t\t\t\t<\/div>\n\t\t\t\t\t<\/div>\n\t\t<\/div>\n\t\t\t\t\t<\/div>\n\t\t<\/section>\n\t\t\t\t<section class=\"elementor-section elementor-top-section elementor-element elementor-element-0fc2fe1 elementor-section-boxed elementor-section-height-default elementor-section-height-default\" data-id=\"0fc2fe1\" data-element_type=\"section\" data-settings=\"{&quot;background_background&quot;:&quot;classic&quot;}\">\n\t\t\t\t\t\t<div class=\"elementor-container elementor-column-gap-extended\">\n\t\t\t\t\t<div class=\"elementor-column elementor-col-50 elementor-top-column elementor-element elementor-element-a783124\" data-id=\"a783124\" data-element_type=\"column\">\n\t\t\t<div class=\"elementor-widget-wrap elementor-element-populated\">\n\t\t\t\t\t\t<div class=\"elementor-element elementor-element-13a0557 elementor-widget elementor-widget-heading\" data-id=\"13a0557\" data-element_type=\"widget\" data-widget_type=\"heading.default\">\n\t\t\t\t<div class=\"elementor-widget-container\">\n\t\t\t\t\t<h3 class=\"elementor-heading-title elementor-size-default\">H\u00f6g kvalitet<\/h3>\t\t\t\t<\/div>\n\t\t\t\t<\/div>\n\t\t\t\t\t<\/div>\n\t\t<\/div>\n\t\t\t\t<div class=\"elementor-column elementor-col-50 elementor-top-column elementor-element elementor-element-e7fffea\" data-id=\"e7fffea\" data-element_type=\"column\">\n\t\t\t<div class=\"elementor-widget-wrap elementor-element-populated\">\n\t\t\t\t\t\t<div class=\"elementor-element elementor-element-637f112 elementor-widget elementor-widget-text-editor\" data-id=\"637f112\" data-element_type=\"widget\" data-widget_type=\"text-editor.default\">\n\t\t\t\t<div class=\"elementor-widget-container\">\n\t\t\t\t\t\t\t\t\t<p>Vi har en strikt produktutvecklingsprocess och vi samarbetar med kunniga tredje parter f\u00f6r att s\u00e4kerst\u00e4lla h\u00f6gsta m\u00f6jliga standarder och kvaliteter baserade p\u00e5 trov\u00e4rdig expertis. Vi har h\u00f6ga krav p\u00e5 kvalitetss\u00e4kring och arbetar med h\u00f6ga tillverkningsstandarder f\u00f6r att alltid kunna leverera h\u00f6gkvalitativa produkter. Alla v\u00e5ra produkter \u00e4r patenterade och uppfyller ISO-standarder.<\/p>\t\t\t\t\t\t\t\t<\/div>\n\t\t\t\t<\/div>\n\t\t\t\t\t<\/div>\n\t\t<\/div>\n\t\t\t\t\t<\/div>\n\t\t<\/section>\n\t\t\t\t<section class=\"elementor-section elementor-top-section elementor-element elementor-element-386860a elementor-section-boxed elementor-section-height-default elementor-section-height-default\" data-id=\"386860a\" data-element_type=\"section\" data-settings=\"{&quot;background_background&quot;:&quot;classic&quot;}\">\n\t\t\t\t\t\t<div class=\"elementor-container elementor-column-gap-extended\">\n\t\t\t\t\t<div class=\"elementor-column elementor-col-50 elementor-top-column elementor-element elementor-element-82dc12b\" data-id=\"82dc12b\" data-element_type=\"column\">\n\t\t\t<div class=\"elementor-widget-wrap elementor-element-populated\">\n\t\t\t\t\t\t<div class=\"elementor-element elementor-element-a50e6e3 elementor-widget elementor-widget-heading\" data-id=\"a50e6e3\" data-element_type=\"widget\" data-widget_type=\"heading.default\">\n\t\t\t\t<div class=\"elementor-widget-container\">\n\t\t\t\t\t<h3 class=\"elementor-heading-title elementor-size-default\">Vad vi erbjuder<\/h3>\t\t\t\t<\/div>\n\t\t\t\t<\/div>\n\t\t\t\t\t<\/div>\n\t\t<\/div>\n\t\t\t\t<div class=\"elementor-column elementor-col-50 elementor-top-column elementor-element elementor-element-9b0e637\" data-id=\"9b0e637\" data-element_type=\"column\">\n\t\t\t<div class=\"elementor-widget-wrap elementor-element-populated\">\n\t\t\t\t\t\t<div class=\"elementor-element elementor-element-8c558b6 elementor-widget elementor-widget-text-editor\" data-id=\"8c558b6\" data-element_type=\"widget\" data-widget_type=\"text-editor.default\">\n\t\t\t\t<div class=\"elementor-widget-container\">\n\t\t\t\t\t\t\t\t\tV\u00e5r produktportf\u00f6lj inneh\u00e5ller n\u00e4sfilter och n\u00e4sproppar som effektivt tar bort och filtrerar bort det o\u00f6nskade och det som \u00e4r potentiellt d\u00e5ligt f\u00f6r dig, till exempel virus, bakterier, d\u00e5lig lukt eller allergener. I v\u00e5rt produktsortiment ing\u00e5r ocks\u00e5 ett lukttr\u00e4ningskit f\u00f6r att f\u00f6rb\u00e4ttra luktsinnet. Alla v\u00e5ra produkter \u00e4r patenterade, diskreta och l\u00e4tta att andas igenom.\n\t\t\t\t\t\t\t\t<\/div>\n\t\t\t\t<\/div>\n\t\t\t\t\t<\/div>\n\t\t<\/div>\n\t\t\t\t\t<\/div>\n\t\t<\/section>\n\t\t\t\t<section class=\"elementor-section elementor-top-section elementor-element elementor-element-0db25d3 elementor-section-boxed elementor-section-height-default elementor-section-height-default\" data-id=\"0db25d3\" data-element_type=\"section\">\n\t\t\t\t\t\t<div class=\"elementor-container elementor-column-gap-extended\">\n\t\t\t\t\t<div class=\"elementor-column elementor-col-50 elementor-top-column elementor-element elementor-element-62fb82a\" data-id=\"62fb82a\" data-element_type=\"column\">\n\t\t\t<div class=\"elementor-widget-wrap elementor-element-populated\">\n\t\t\t\t\t\t<div class=\"elementor-element elementor-element-65426e1 elementor-widget elementor-widget-heading\" data-id=\"65426e1\" data-element_type=\"widget\" data-widget_type=\"heading.default\">\n\t\t\t\t<div class=\"elementor-widget-container\">\n\t\t\t\t\t<h3 class=\"elementor-heading-title elementor-size-default\">V\u00e5r historia <\/h3>\t\t\t\t<\/div>\n\t\t\t\t<\/div>\n\t\t\t\t\t<\/div>\n\t\t<\/div>\n\t\t\t\t<div class=\"elementor-column elementor-col-50 elementor-top-column elementor-element elementor-element-c644478\" data-id=\"c644478\" data-element_type=\"column\">\n\t\t\t<div class=\"elementor-widget-wrap elementor-element-populated\">\n\t\t\t\t\t\t<div class=\"elementor-element elementor-element-05f7574 elementor-widget elementor-widget-text-editor\" data-id=\"05f7574\" data-element_type=\"widget\" data-widget_type=\"text-editor.default\">\n\t\t\t\t<div class=\"elementor-widget-container\">\n\t\t\t\t\t\t\t\t\t<p>NOSAs resa b\u00f6rjade med den svenska sjuksk\u00f6terskan Susanna som under l\u00e5ng tid hade k\u00e4mpat med d\u00e5lig lukt i sitt dagliga arbete. Tanken var att f\u00f6rb\u00e4ttra arbetsmilj\u00f6n genom att utveckla ett effektivt luktskydd som p\u00e5 ett diskret s\u00e4tt kunde g\u00f6ra det m\u00f6jligt f\u00f6r m\u00e4nniskor att andas utan begr\u00e4nsningar.<\/p>\n<p>Flera \u00e5rs produktutveckling resulterade i lanseringen av NOSA plugs &#8211; det f\u00f6rsta diskreta luktskyddet i v\u00e4rlden, som lanserades under 2017. NOSA luktskydd \u00e4r en unik patenterad produkt som anv\u00e4nds av sjukv\u00e5rdspersonal, polis, ambulans, brandm\u00e4n och m\u00e5nga andra i Europa och Nordamerika.<\/p>\n<p>N\u00e5gra \u00e5r senare ut\u00f6kades produktsortimentet med en ny konsumentprodukt: NOSA allergifilter. Det effektiva filtret f\u00e5ngar upp och filtrerar bort partiklar i inandningsluften av storleken PM 10 s\u00e5som pollen, husdjursdamm, damm och m\u00f6gel. Produkten \u00e4r en medicinteknisk produkt klass 1 och finns tillg\u00e4nglig p\u00e5 apotek och e-butiker inom EU.<\/p>\n<p>Eftersom virus och bakterier kan spridas och infektera genom n\u00e4sslemhinnan och de \u00f6vre luftv\u00e4garna har vi arbetat med en nasal anordning som kan minska m\u00e4ngden aktiva virus och bakterier i den luft som andas in genom n\u00e4san. N\u00e4r covid-19-pandemin drabbade v\u00e4rlden blev det mycket viktigt att lansera en effektiv l\u00f6sning som vi trodde skulle kunna g\u00f6ra stor skillnad. Resultatet blev NOSA microbial control &#8211; en n\u00e4sanordning som minskar m\u00e4ngden aktiva virus och bakterier i den luft som andas in genom n\u00e4san. Produkten var ett diskret alternativ som var l\u00e4tt att anv\u00e4nda i vardagen.<\/p>\n<p>I november 2023 lanserade NOSA en CE-m\u00e4rkt medicinteknisk lukttr\u00e4ningsprodukt.<span style=\"color: var( --e-global-color-text ); font-family: var( --e-global-typography-text-font-family ), Sans-serif; font-size: var( --e-global-typography-text-font-size ); font-weight: var( --e-global-typography-text-font-weight );\">&nbsp;Produktens syfte \u00e4r att hj\u00e4lpa individer att \u00e5terf\u00e5 sitt luktsinne och d\u00e4rmed \u00f6ka livskvaliteten. Tr\u00e4ningsprogrammet \u00e4r utvecklat tillsammans med en av v\u00e4rldens ledande forskare inom lukt.<\/span><\/p>\t\t\t\t\t\t\t\t<\/div>\n\t\t\t\t<\/div>\n\t\t\t\t\t<\/div>\n\t\t<\/div>\n\t\t\t\t\t<\/div>\n\t\t<\/section>\n\t\t<div class=\"elementor-element elementor-element-2a295bd e-flex e-con-boxed e-con e-parent\" data-id=\"2a295bd\" data-element_type=\"container\">\n\t\t\t\t\t<div class=\"e-con-inner\">\n\t\t\t\t<div class=\"elementor-element elementor-element-9da3489 elementor-widget elementor-widget-image\" data-id=\"9da3489\" data-element_type=\"widget\" data-widget_type=\"image.default\">\n\t\t\t\t<div class=\"elementor-widget-container\">\n\t\t\t\t\t\t\t\t\t\t\t\t\t\t\t<img decoding=\"async\" width=\"1024\" height=\"512\" src=\"https:\/\/nosaplugs.com\/sv\/wp-content\/uploads\/sites\/10\/2023\/10\/OUR-VISION-1024x512.png\" class=\"attachment-large size-large wp-image-1389665\" alt=\"NOSA Vision - about us\" srcset=\"https:\/\/nosaplugs.com\/sv\/wp-content\/uploads\/sites\/10\/2023\/10\/OUR-VISION-1024x512.png 1024w, https:\/\/nosaplugs.com\/sv\/wp-content\/uploads\/sites\/10\/2023\/10\/OUR-VISION-300x150.png 300w, https:\/\/nosaplugs.com\/sv\/wp-content\/uploads\/sites\/10\/2023\/10\/OUR-VISION-768x384.png 768w, https:\/\/nosaplugs.com\/sv\/wp-content\/uploads\/sites\/10\/2023\/10\/OUR-VISION-1536x768.png 1536w, https:\/\/nosaplugs.com\/sv\/wp-content\/uploads\/sites\/10\/2023\/10\/OUR-VISION-2048x1024.png 2048w, https:\/\/nosaplugs.com\/sv\/wp-content\/uploads\/sites\/10\/2023\/10\/OUR-VISION-350x175.png 350w, https:\/\/nosaplugs.com\/sv\/wp-content\/uploads\/sites\/10\/2023\/10\/OUR-VISION-680x340.png 680w\" sizes=\"(max-width: 1024px) 100vw, 1024px\" \/>\t\t\t\t\t\t\t\t\t\t\t\t\t\t\t<\/div>\n\t\t\t\t<\/div>\n\t\t\t\t\t<\/div>\n\t\t\t\t<\/div>\n\t\t\t\t<\/div>\n\t\t","protected":false},"excerpt":{"rendered":"<p>Vilka \u00e4r vi? NOSA \u00e4r ett svenskt medicintekniskt f\u00f6retag som \u00e4r banbrytande inom intra-nasal innovation f\u00f6r att \u00f6ka livskvaliteten genom nasal andning. Vi str\u00e4var efter att f\u00e5 m\u00e4nniskor att leva sina liv fullt ut och njuta av sin omgivning, snarare \u00e4n att begr\u00e4nsas av den. Vi arbetar med att l\u00f6sa problem som \u00e4r relaterade till &hellip;<\/p>\n","protected":false},"author":1,"featured_media":0,"parent":0,"menu_order":0,"comment_status":"closed","ping_status":"closed","template":"","meta":{"_acf_changed":false,"footnotes":""},"class_list":["post-358","page","type-page","status-publish","hentry"],"acf":[],"aioseo_notices":[],"_links":{"self":[{"href":"https:\/\/nosaplugs.com\/sv\/wp-json\/wp\/v2\/pages\/358"}],"collection":[{"href":"https:\/\/nosaplugs.com\/sv\/wp-json\/wp\/v2\/pages"}],"about":[{"href":"https:\/\/nosaplugs.com\/sv\/wp-json\/wp\/v2\/types\/page"}],"author":[{"embeddable":true,"href":"https:\/\/nosaplugs.com\/sv\/wp-json\/wp\/v2\/users\/1"}],"replies":[{"embeddable":true,"href":"https:\/\/nosaplugs.com\/sv\/wp-json\/wp\/v2\/comments?post=358"}],"version-history":[{"count":87,"href":"https:\/\/nosaplugs.com\/sv\/wp-json\/wp\/v2\/pages\/358\/revisions"}],"predecessor-version":[{"id":1391505,"href":"https:\/\/nosaplugs.com\/sv\/wp-json\/wp\/v2\/pages\/358\/revisions\/1391505"}],"wp:attachment":[{"href":"https:\/\/nosaplugs.com\/sv\/wp-json\/wp\/v2\/media?parent=358"}],"curies":[{"name":"wp","href":"https:\/\/api.w.org\/{rel}","templated":true}]}}