{"id":1388987,"date":"2023-10-20T07:29:04","date_gmt":"2023-10-20T07:29:04","guid":{"rendered":"https:\/\/nosaplugs.com\/sv\/?post_type=product&#038;p=1388987"},"modified":"2024-11-29T16:29:58","modified_gmt":"2024-11-29T15:29:58","slug":"nosa-odor-control","status":"publish","type":"product","link":"https:\/\/nosaplugs.com\/sv\/product\/nosa-odor-control\/","title":{"rendered":"NOSA odor control"},"content":{"rendered":"\t\t<div data-elementor-type=\"page\" data-elementor-id=\"1388826\" class=\"elementor elementor-1388826\" data-elementor-post-type=\"elementor_library\">\n\t\t\t\t<div class=\"elementor-element elementor-element-6640dc36 e-con-full elementor-hidden-tablet e-flex e-con e-parent\" data-id=\"6640dc36\" data-element_type=\"container\" data-settings=\"{&quot;background_background&quot;:&quot;classic&quot;}\">\n\t\t<div class=\"elementor-element elementor-element-1e00f2f4 e-con-full e-flex e-con e-child\" data-id=\"1e00f2f4\" data-element_type=\"container\">\n\t\t\t\t<div class=\"elementor-element elementor-element-29c545ea elementor-widget elementor-widget-image\" data-id=\"29c545ea\" data-element_type=\"widget\" data-widget_type=\"image.default\">\n\t\t\t\t<div class=\"elementor-widget-container\">\n\t\t\t\t\t\t\t\t\t\t\t\t\t\t\t<img fetchpriority=\"high\" decoding=\"async\" width=\"768\" height=\"768\" src=\"https:\/\/nosaplugs.com\/sv\/wp-content\/uploads\/sites\/10\/2023\/10\/NOSAextraWEB04-e1697714098451-768x768.png\" class=\"attachment-medium_large size-medium_large wp-image-1388857\" alt=\"NOSA odor control portr\u00e4tt cropped\" srcset=\"https:\/\/nosaplugs.com\/sv\/wp-content\/uploads\/sites\/10\/2023\/10\/NOSAextraWEB04-e1697714098451-768x768.png 768w, https:\/\/nosaplugs.com\/sv\/wp-content\/uploads\/sites\/10\/2023\/10\/NOSAextraWEB04-e1697714098451-300x300.png 300w, https:\/\/nosaplugs.com\/sv\/wp-content\/uploads\/sites\/10\/2023\/10\/NOSAextraWEB04-e1697714098451-1024x1024.png 1024w, https:\/\/nosaplugs.com\/sv\/wp-content\/uploads\/sites\/10\/2023\/10\/NOSAextraWEB04-e1697714098451-150x150.png 150w, https:\/\/nosaplugs.com\/sv\/wp-content\/uploads\/sites\/10\/2023\/10\/NOSAextraWEB04-e1697714098451-350x350.png 350w, https:\/\/nosaplugs.com\/sv\/wp-content\/uploads\/sites\/10\/2023\/10\/NOSAextraWEB04-e1697714098451-680x680.png 680w, https:\/\/nosaplugs.com\/sv\/wp-content\/uploads\/sites\/10\/2023\/10\/NOSAextraWEB04-e1697714098451-100x100.png 100w, https:\/\/nosaplugs.com\/sv\/wp-content\/uploads\/sites\/10\/2023\/10\/NOSAextraWEB04-e1697714098451.png 1300w\" sizes=\"(max-width: 768px) 100vw, 768px\" \/>\t\t\t\t\t\t\t\t\t\t\t\t\t\t\t<\/div>\n\t\t\t\t<\/div>\n\t\t\t\t<\/div>\n\t\t<div class=\"elementor-element elementor-element-3afa2362 e-con-full e-flex e-con e-child\" data-id=\"3afa2362\" data-element_type=\"container\">\n\t\t\t\t<div class=\"elementor-element elementor-element-3bedb419 elementor-widget elementor-widget-text-editor\" data-id=\"3bedb419\" data-element_type=\"widget\" data-widget_type=\"text-editor.default\">\n\t\t\t\t<div class=\"elementor-widget-container\">\n\t\t\t\t\t\t\t\t\t<h3>Unik design<\/h3><p>Flera \u00e5rs utveckling har resulterat i en patenterad design som:<\/p><ul><li>Reducerar d\u00e5lig lukt<\/li><li>\u00c4r l\u00e4tt att andas igenom<\/li><li>\u00c4r diskret och bekv\u00e4m<\/li><li>Innovativ lamelldesign<\/li><li>Har en fr\u00e4sch mentoldoft<\/li><li>Kan anv\u00e4ndas upp till 8 timmar<\/li><\/ul><h3>\u00a0<\/h3><h3>Hur fungerar NOSA odor control?<\/h3><p>NOSA odor control \u00e4r ett diskret n\u00e4sskydd utvecklat f\u00f6r att blockera d\u00e5lig lukt. Produkten har en unik patenterad design som g\u00f6r att luften som du andas in kan passera genom en spiral, vilket reducerar d\u00e5lig lukt och maskerar den med en fr\u00e4sch mentoldoft. Produkten \u00e4r l\u00e4tt att andas igenom och kan anv\u00e4ndas i upp till 8 timmar. NOSA odor control utvecklades s\u00e4rskilt f\u00f6r att f\u00f6rb\u00e4ttra arbetsmilj\u00f6n f\u00f6r personer som uts\u00e4tts f\u00f6r d\u00e5lig lukt p\u00e5 jobbet.\u00a0<\/p><div class=\"et_pb_testimonial_description_inner\"><div class=\"et_pb_testimonial_content\">\u00a0<\/div><\/div>\t\t\t\t\t\t\t\t<\/div>\n\t\t\t\t<\/div>\n\t\t\t\t<\/div>\n\t\t\t\t<\/div>\n\t\t<div class=\"elementor-element elementor-element-8057de0 e-con-full elementor-hidden-desktop elementor-hidden-mobile e-flex e-con e-parent\" data-id=\"8057de0\" data-element_type=\"container\" data-settings=\"{&quot;background_background&quot;:&quot;classic&quot;}\">\n\t\t<div class=\"elementor-element elementor-element-b0fb434 e-con-full e-flex e-con e-child\" data-id=\"b0fb434\" data-element_type=\"container\">\n\t\t\t\t<div class=\"elementor-element elementor-element-3e65c61 elementor-widget elementor-widget-image\" data-id=\"3e65c61\" data-element_type=\"widget\" data-widget_type=\"image.default\">\n\t\t\t\t<div class=\"elementor-widget-container\">\n\t\t\t\t\t\t\t\t\t\t\t\t\t\t\t<img fetchpriority=\"high\" decoding=\"async\" width=\"768\" height=\"768\" src=\"https:\/\/nosaplugs.com\/sv\/wp-content\/uploads\/sites\/10\/2023\/10\/NOSAextraWEB04-e1697714098451-768x768.png\" class=\"attachment-medium_large size-medium_large wp-image-1388857\" alt=\"NOSA odor control portr\u00e4tt cropped\" srcset=\"https:\/\/nosaplugs.com\/sv\/wp-content\/uploads\/sites\/10\/2023\/10\/NOSAextraWEB04-e1697714098451-768x768.png 768w, https:\/\/nosaplugs.com\/sv\/wp-content\/uploads\/sites\/10\/2023\/10\/NOSAextraWEB04-e1697714098451-300x300.png 300w, https:\/\/nosaplugs.com\/sv\/wp-content\/uploads\/sites\/10\/2023\/10\/NOSAextraWEB04-e1697714098451-1024x1024.png 1024w, https:\/\/nosaplugs.com\/sv\/wp-content\/uploads\/sites\/10\/2023\/10\/NOSAextraWEB04-e1697714098451-150x150.png 150w, https:\/\/nosaplugs.com\/sv\/wp-content\/uploads\/sites\/10\/2023\/10\/NOSAextraWEB04-e1697714098451-350x350.png 350w, https:\/\/nosaplugs.com\/sv\/wp-content\/uploads\/sites\/10\/2023\/10\/NOSAextraWEB04-e1697714098451-680x680.png 680w, https:\/\/nosaplugs.com\/sv\/wp-content\/uploads\/sites\/10\/2023\/10\/NOSAextraWEB04-e1697714098451-100x100.png 100w, https:\/\/nosaplugs.com\/sv\/wp-content\/uploads\/sites\/10\/2023\/10\/NOSAextraWEB04-e1697714098451.png 1300w\" sizes=\"(max-width: 768px) 100vw, 768px\" \/>\t\t\t\t\t\t\t\t\t\t\t\t\t\t\t<\/div>\n\t\t\t\t<\/div>\n\t\t\t\t<\/div>\n\t\t\t\t<\/div>\n\t\t<div class=\"elementor-element elementor-element-ae638d5 e-con-full elementor-hidden-desktop elementor-hidden-mobile e-flex e-con e-parent\" data-id=\"ae638d5\" data-element_type=\"container\" data-settings=\"{&quot;background_background&quot;:&quot;classic&quot;}\">\n\t\t<div class=\"elementor-element elementor-element-a266fb2 e-con-full e-flex e-con e-child\" data-id=\"a266fb2\" data-element_type=\"container\">\n\t\t\t\t<div class=\"elementor-element elementor-element-a36de75 elementor-widget elementor-widget-text-editor\" data-id=\"a36de75\" data-element_type=\"widget\" data-widget_type=\"text-editor.default\">\n\t\t\t\t<div class=\"elementor-widget-container\">\n\t\t\t\t\t\t\t\t\t<h3>UNIK DESIGN<\/h3><p>Flera \u00e5rs utveckling har resulterat i en patenterad design som:<\/p><ul><li>Reducerar d\u00e5lig lukt<\/li><li>\u00c4r l\u00e4tt att andas igenom<\/li><li>\u00c4r diskret och bekv\u00e4m<\/li><li>Innovativ lamelldesign<\/li><li>Har en fr\u00e4sch mentoldoft<\/li><li>Kan anv\u00e4ndas upp till 8 timmar<\/li><\/ul><h3>\u00a0<\/h3><h3>HUR FUNGERAR NOSA ODOR CONTROL?<\/h3><p><span style=\"font-weight: 400;\">NOSA odor control \u00e4r ett diskret n\u00e4sskydd utvecklat f\u00f6r att blockera d\u00e5lig lukt. Produkten har en unik patenterad design som g\u00f6r att luften som du andas in kan passera genom en spiral, vilket reducerar d\u00e5lig lukt och maskerar den med en fr\u00e4sch mentoldoft. Produkten \u00e4r l\u00e4tt att andas igenom och kan anv\u00e4ndas i upp till 8 timmar. NOSA odor control utvecklades s\u00e4rskilt f\u00f6r att f\u00f6rb\u00e4ttra arbetsmilj\u00f6n f\u00f6r personer som uts\u00e4tts f\u00f6r d\u00e5lig lukt p\u00e5 jobbet.\u00a0<\/span><\/p><div class=\"et_pb_testimonial_description_inner\"><div class=\"et_pb_testimonial_content\">\u00a0<\/div><\/div>\t\t\t\t\t\t\t\t<\/div>\n\t\t\t\t<\/div>\n\t\t\t\t<\/div>\n\t\t\t\t<\/div>\n\t\t<div class=\"elementor-element elementor-element-1dd13485 e-flex e-con-boxed e-con e-parent\" data-id=\"1dd13485\" data-element_type=\"container\">\n\t\t\t\t\t<div class=\"e-con-inner\">\n\t\t\t\t<div class=\"elementor-element elementor-element-3f92e829 elementor-widget__width-inherit elementor-widget elementor-widget-heading\" data-id=\"3f92e829\" data-element_type=\"widget\" data-widget_type=\"heading.default\">\n\t\t\t\t<div class=\"elementor-widget-container\">\n\t\t\t\t\t<h2 class=\"elementor-heading-title elementor-size-default\">L\u00e4s mer om NOSA odor control<\/h2>\t\t\t\t<\/div>\n\t\t\t\t<\/div>\n\t\t\t\t\t<\/div>\n\t\t\t\t<\/div>\n\t\t<div class=\"elementor-element elementor-element-0682a03 e-flex e-con-boxed e-con e-parent\" data-id=\"0682a03\" data-element_type=\"container\">\n\t\t\t\t\t<div class=\"e-con-inner\">\n\t\t<div class=\"elementor-element elementor-element-5258d76 e-con-full e-flex e-con e-child\" data-id=\"5258d76\" data-element_type=\"container\">\n\t\t\t\t<div class=\"elementor-element elementor-element-e8925dd elementor-widget elementor-widget-toggle\" data-id=\"e8925dd\" data-element_type=\"widget\" data-widget_type=\"toggle.default\">\n\t\t\t\t<div class=\"elementor-widget-container\">\n\t\t\t\t\t\t\t<div class=\"elementor-toggle\">\n\t\t\t\t\t\t\t<div class=\"elementor-toggle-item\">\n\t\t\t\t\t<div id=\"elementor-tab-title-2431\" class=\"elementor-tab-title\" data-tab=\"1\" role=\"button\" aria-controls=\"elementor-tab-content-2431\" aria-expanded=\"false\">\n\t\t\t\t\t\t\t\t\t\t\t\t<span class=\"elementor-toggle-icon elementor-toggle-icon-left\" aria-hidden=\"true\">\n\t\t\t\t\t\t\t\t\t\t\t\t\t\t\t<span class=\"elementor-toggle-icon-closed\"><i class=\"fas fa-plus\"><\/i><\/span>\n\t\t\t\t\t\t\t\t<span class=\"elementor-toggle-icon-opened\"><i class=\"elementor-toggle-icon-opened fas fa-minus\"><\/i><\/span>\n\t\t\t\t\t\t\t\t\t\t\t\t\t<\/span>\n\t\t\t\t\t\t\t\t\t\t\t\t<a class=\"elementor-toggle-title\" tabindex=\"0\">Vad v\u00e5ra kunder s\u00e4ger<\/a>\n\t\t\t\t\t<\/div>\n\n\t\t\t\t\t<div id=\"elementor-tab-content-2431\" class=\"elementor-tab-content elementor-clearfix\" data-tab=\"1\" role=\"region\" aria-labelledby=\"elementor-tab-title-2431\"><div class=\"et_pb_testimonial_description_inner\"><div class=\"et_pb_testimonial_content\"><p>\u201cGillar verkligen NOSA menthol plugs och i mitt arbete som sjuksk\u00f6terska anv\u00e4nder jag de ofta. S\u00e4rskilt bra \u00e4r det vid s\u00e5roml\u00e4ggningar som luktar illa och d\u00e4r man inte vill visa f\u00f6r patienten att man besv\u00e4ras av doften. En f\u00f6rdel \u00e4r d\u00e4rf\u00f6r ocks\u00e5 att de \u00e4r osynliga.\u201d<\/p><\/div><\/div><p><em><span class=\"et_pb_testimonial_author\">&#8211; Emmalisa, Sjuksk\u00f6terska, Sverige<\/span><\/em><\/p><div class=\"et_pb_testimonial_description_inner\"><div class=\"et_pb_testimonial_content\"><p>\u201cPolititransport \u00e4r transport av avlidna efter d\u00f6dsfall genom olycka, sj\u00e4lvmord, framskriden f\u00f6rmultningsprocess, brott eller vid misstanke om brott. M\u00e5nga g\u00e5nger h\u00e4mtar vi personer som kan ha legat d\u00f6da l\u00e4nge, och d\u00e5 speciellt sommartid s\u00e5 har NOSA menthol plugs r\u00e4ddat mig m\u00e5nga g\u00e5nger i mitt jobb.\u201d<\/p><\/div><\/div><p><em><span class=\"et_pb_testimonial_author\">Johan, Polititransport\u00f6r, Sverige<\/span><\/em><strong><span class=\"et_pb_testimonial_author\"><br \/><\/span><\/strong><\/p><div class=\"et_pb_testimonial_description_inner\"><div class=\"et_pb_testimonial_content\"><p>&#8221;Jag har Hortons, en kronisk huvudv\u00e4rk som triggas av dofter. NOSA menthol plugs \u00e4r min r\u00e4ddare i n\u00f6den ibland. Jag kan inte vara d\u00e4r det \u00e4r starka dofter f\u00f6r d\u00e5 triggas Hortons. S\u00e5 jag har alltid n\u00e5gra med mig i v\u00e4skan, r\u00e4ddar biofilmer och shoppingturer och flygresor.\u201d<\/p><\/div><\/div><p><em><span class=\"et_pb_testimonial_author\">Anna, privatperson med Hortons, Sverige<\/span><\/em><\/p><\/div>\n\t\t\t\t<\/div>\n\t\t\t\t\t\t\t<div class=\"elementor-toggle-item\">\n\t\t\t\t\t<div id=\"elementor-tab-title-2432\" class=\"elementor-tab-title\" data-tab=\"2\" role=\"button\" aria-controls=\"elementor-tab-content-2432\" aria-expanded=\"false\">\n\t\t\t\t\t\t\t\t\t\t\t\t<span class=\"elementor-toggle-icon elementor-toggle-icon-left\" aria-hidden=\"true\">\n\t\t\t\t\t\t\t\t\t\t\t\t\t\t\t<span class=\"elementor-toggle-icon-closed\"><i class=\"fas fa-plus\"><\/i><\/span>\n\t\t\t\t\t\t\t\t<span class=\"elementor-toggle-icon-opened\"><i class=\"elementor-toggle-icon-opened fas fa-minus\"><\/i><\/span>\n\t\t\t\t\t\t\t\t\t\t\t\t\t<\/span>\n\t\t\t\t\t\t\t\t\t\t\t\t<a class=\"elementor-toggle-title\" tabindex=\"0\">Anv\u00e4ndning<\/a>\n\t\t\t\t\t<\/div>\n\n\t\t\t\t\t<div id=\"elementor-tab-content-2432\" class=\"elementor-tab-content elementor-clearfix\" data-tab=\"2\" role=\"region\" aria-labelledby=\"elementor-tab-title-2432\"><ol><li>H\u00e5ll produktens bygel med b\u00e5da h\u00e4nderna mellan pekfinger och tumme och placera f\u00f6rsiktigt produkten i dina n\u00e4sborrar s\u00e5 att bygeln m\u00f6ter n\u00e4sv\u00e4ggen.<\/li><li>Tryck sedan f\u00f6rsiktigt upp produkten lite till med tumme och pekfinger tills den sitter p\u00e5 plats och inte trillar ut.<\/li><li>Om produkten hamnar fel, f\u00f6rs\u00f6k placera produkten igen s\u00e5 att den sitter bekv\u00e4mt. Anv\u00e4nd ej om du upplever obehag.<p>\u00a0<\/p><\/li><\/ol><\/div>\n\t\t\t\t<\/div>\n\t\t\t\t\t\t\t<div class=\"elementor-toggle-item\">\n\t\t\t\t\t<div id=\"elementor-tab-title-2433\" class=\"elementor-tab-title\" data-tab=\"3\" role=\"button\" aria-controls=\"elementor-tab-content-2433\" aria-expanded=\"false\">\n\t\t\t\t\t\t\t\t\t\t\t\t<span class=\"elementor-toggle-icon elementor-toggle-icon-left\" aria-hidden=\"true\">\n\t\t\t\t\t\t\t\t\t\t\t\t\t\t\t<span class=\"elementor-toggle-icon-closed\"><i class=\"fas fa-plus\"><\/i><\/span>\n\t\t\t\t\t\t\t\t<span class=\"elementor-toggle-icon-opened\"><i class=\"elementor-toggle-icon-opened fas fa-minus\"><\/i><\/span>\n\t\t\t\t\t\t\t\t\t\t\t\t\t<\/span>\n\t\t\t\t\t\t\t\t\t\t\t\t<a class=\"elementor-toggle-title\" tabindex=\"0\">Varf\u00f6r NOSA Odor Control?<\/a>\n\t\t\t\t\t<\/div>\n\n\t\t\t\t\t<div id=\"elementor-tab-content-2433\" class=\"elementor-tab-content elementor-clearfix\" data-tab=\"3\" role=\"region\" aria-labelledby=\"elementor-tab-title-2433\"><p>NOSA odor control \u00e4r NOSA&#8217;s f\u00f6rsta produkt. id\u00e9n kom fr\u00e5n en sjuksk\u00f6terska som arbetade med d\u00e5lig lukt dagligen, som ville f\u00f6rb\u00e4ttra arbetsf\u00f6rh\u00e5llandena inom v\u00e5rden. Resultatet av flera \u00e5rs produktutveckling \u00e4r NOSA odor control &#8211; ett effektivt n\u00e4sskydd som p\u00e5 ett diskret och h\u00e4nsynsfullt s\u00e4tt underl\u00e4ttar andning vid illaluktande situationer. Produkten\u00a0anv\u00e4nds idag regelbundet inom sjukv\u00e5rd, polis, ambulans och m\u00e5nga andra yrkesgrupper i Europa och Nordamerika<\/p><p><div style=\"width: 1080px;\" class=\"wp-video\"><video class=\"wp-video-shortcode\" id=\"video-1388987-1\" width=\"1080\" height=\"986\" preload=\"metadata\" controls=\"controls\"><source type=\"video\/mp4\" src=\"https:\/\/nosaplugs.com\/wp-content\/uploads\/2023\/10\/NOSA_B2B_all.mp4?_=1\" \/><a href=\"https:\/\/nosaplugs.com\/wp-content\/uploads\/2023\/10\/NOSA_B2B_all.mp4\">https:\/\/nosaplugs.com\/wp-content\/uploads\/2023\/10\/NOSA_B2B_all.mp4<\/a><\/video><\/div><\/p><\/div>\n\t\t\t\t<\/div>\n\t\t\t\t\t\t\t\t<\/div>\n\t\t\t\t\t\t<\/div>\n\t\t\t\t<\/div>\n\t\t\t\t<\/div>\n\t\t<div class=\"elementor-element elementor-element-b26fbdc e-con-full e-flex e-con e-child\" data-id=\"b26fbdc\" data-element_type=\"container\">\n\t\t\t\t<div class=\"elementor-element elementor-element-a5393fc elementor-widget elementor-widget-toggle\" data-id=\"a5393fc\" data-element_type=\"widget\" data-widget_type=\"toggle.default\">\n\t\t\t\t<div class=\"elementor-widget-container\">\n\t\t\t\t\t\t\t<div class=\"elementor-toggle\">\n\t\t\t\t\t\t\t<div class=\"elementor-toggle-item\">\n\t\t\t\t\t<div id=\"elementor-tab-title-1731\" class=\"elementor-tab-title\" data-tab=\"1\" role=\"button\" aria-controls=\"elementor-tab-content-1731\" aria-expanded=\"false\">\n\t\t\t\t\t\t\t\t\t\t\t\t<span class=\"elementor-toggle-icon elementor-toggle-icon-left\" aria-hidden=\"true\">\n\t\t\t\t\t\t\t\t\t\t\t\t\t\t\t<span class=\"elementor-toggle-icon-closed\"><i class=\"fas fa-plus\"><\/i><\/span>\n\t\t\t\t\t\t\t\t<span class=\"elementor-toggle-icon-opened\"><i class=\"elementor-toggle-icon-opened fas fa-minus\"><\/i><\/span>\n\t\t\t\t\t\t\t\t\t\t\t\t\t<\/span>\n\t\t\t\t\t\t\t\t\t\t\t\t<a class=\"elementor-toggle-title\" tabindex=\"0\">Finns det n\u00e5gra risker med att andas in menthol ofta?<\/a>\n\t\t\t\t\t<\/div>\n\n\t\t\t\t\t<div id=\"elementor-tab-content-1731\" class=\"elementor-tab-content elementor-clearfix\" data-tab=\"1\" role=\"region\" aria-labelledby=\"elementor-tab-title-1731\"><p>NOSA odor control har genomg\u00e5tt tester f\u00f6r att bed\u00f6ma dess s\u00e4kerhet. Resultat fr\u00e5n cytotoxicitetstester visade inga tecken p\u00e5 toxiska effekter. Dessutom visade tester f\u00f6r hudirritation inga tecken p\u00e5 irritation. Anv\u00e4ndaren av NOSA odor control kan d\u00e4rf\u00f6r k\u00e4nna sig s\u00e4ker vid anv\u00e4ndning av produkten.<\/p><\/div>\n\t\t\t\t<\/div>\n\t\t\t\t\t\t\t<div class=\"elementor-toggle-item\">\n\t\t\t\t\t<div id=\"elementor-tab-title-1732\" class=\"elementor-tab-title\" data-tab=\"2\" role=\"button\" aria-controls=\"elementor-tab-content-1732\" aria-expanded=\"false\">\n\t\t\t\t\t\t\t\t\t\t\t\t<span class=\"elementor-toggle-icon elementor-toggle-icon-left\" aria-hidden=\"true\">\n\t\t\t\t\t\t\t\t\t\t\t\t\t\t\t<span class=\"elementor-toggle-icon-closed\"><i class=\"fas fa-plus\"><\/i><\/span>\n\t\t\t\t\t\t\t\t<span class=\"elementor-toggle-icon-opened\"><i class=\"elementor-toggle-icon-opened fas fa-minus\"><\/i><\/span>\n\t\t\t\t\t\t\t\t\t\t\t\t\t<\/span>\n\t\t\t\t\t\t\t\t\t\t\t\t<a class=\"elementor-toggle-title\" tabindex=\"0\">Kan nosa odor control reducera exponeringen av virus och bakterier?<\/a>\n\t\t\t\t\t<\/div>\n\n\t\t\t\t\t<div id=\"elementor-tab-content-1732\" class=\"elementor-tab-content elementor-clearfix\" data-tab=\"2\" role=\"region\" aria-labelledby=\"elementor-tab-title-1732\"><p>Nej, NOSA odor control kommer inte att filtrera virus eller bakterier. D\u00e4remot \u00e4r <a href=\"https:\/\/nosaplugs.com\/product\/nosa-microbial-control\/\">NOSA microbial control<\/a> utvecklad f\u00f6r att minska exponeringen av virus och bakterier. Detta \u00e4r tack vare silverjonerna inuti produkten, som inaktiverar virus och tar d\u00f6d p\u00e5 bakterier vid kontakt med produkten.<\/p><\/div>\n\t\t\t\t<\/div>\n\t\t\t\t\t\t\t<div class=\"elementor-toggle-item\">\n\t\t\t\t\t<div id=\"elementor-tab-title-1733\" class=\"elementor-tab-title\" data-tab=\"3\" role=\"button\" aria-controls=\"elementor-tab-content-1733\" aria-expanded=\"false\">\n\t\t\t\t\t\t\t\t\t\t\t\t<span class=\"elementor-toggle-icon elementor-toggle-icon-left\" aria-hidden=\"true\">\n\t\t\t\t\t\t\t\t\t\t\t\t\t\t\t<span class=\"elementor-toggle-icon-closed\"><i class=\"fas fa-plus\"><\/i><\/span>\n\t\t\t\t\t\t\t\t<span class=\"elementor-toggle-icon-opened\"><i class=\"elementor-toggle-icon-opened fas fa-minus\"><\/i><\/span>\n\t\t\t\t\t\t\t\t\t\t\t\t\t<\/span>\n\t\t\t\t\t\t\t\t\t\t\t\t<a class=\"elementor-toggle-title\" tabindex=\"0\">Kan jag anv\u00e4nda NOSA Odor Control med en mask?<\/a>\n\t\t\t\t\t<\/div>\n\n\t\t\t\t\t<div id=\"elementor-tab-content-1733\" class=\"elementor-tab-content elementor-clearfix\" data-tab=\"3\" role=\"region\" aria-labelledby=\"elementor-tab-title-1733\"><p>Eftersom produkten \u00e4r l\u00e4tt att andas igenom kan du naturligtvis \u00e4ven b\u00e4ra en mask utan sv\u00e5righet. Ett f\u00e5tal anv\u00e4ndare med k\u00e4nsliga \u00f6gon har dock rapporterat en del obehag p\u00e5 grund av att mentoldoften l\u00e4cker genom den \u00f6vre delen av masken fr\u00e5n utandningsluften upp till \u00f6gonen. Om detta intr\u00e4ffar rekommenderas det att justera masken f\u00f6r att f\u00f6rhindra l\u00e4ckage n\u00e4ra \u00f6gonen och d\u00e4rigenom minimera eventuell irritation.<\/p><\/div>\n\t\t\t\t<\/div>\n\t\t\t\t\t\t\t<div class=\"elementor-toggle-item\">\n\t\t\t\t\t<div id=\"elementor-tab-title-1734\" class=\"elementor-tab-title\" data-tab=\"4\" role=\"button\" aria-controls=\"elementor-tab-content-1734\" aria-expanded=\"false\">\n\t\t\t\t\t\t\t\t\t\t\t\t<span class=\"elementor-toggle-icon elementor-toggle-icon-left\" aria-hidden=\"true\">\n\t\t\t\t\t\t\t\t\t\t\t\t\t\t\t<span class=\"elementor-toggle-icon-closed\"><i class=\"fas fa-plus\"><\/i><\/span>\n\t\t\t\t\t\t\t\t<span class=\"elementor-toggle-icon-opened\"><i class=\"elementor-toggle-icon-opened fas fa-minus\"><\/i><\/span>\n\t\t\t\t\t\t\t\t\t\t\t\t\t<\/span>\n\t\t\t\t\t\t\t\t\t\t\t\t<a class=\"elementor-toggle-title\" tabindex=\"0\">Kan jag \u00e5teranv\u00e4nda NOSA Odor Control?<\/a>\n\t\t\t\t\t<\/div>\n\n\t\t\t\t\t<div id=\"elementor-tab-content-1734\" class=\"elementor-tab-content elementor-clearfix\" data-tab=\"4\" role=\"region\" aria-labelledby=\"elementor-tab-title-1734\"><p>Alla NOSA-produkter \u00e4r eng\u00e5ngsprodukter och rekommenderas inte f\u00f6r \u00e5teranv\u00e4ndning. Enheten fungerar som avsett i upp till 8 timmar.<\/p><\/div>\n\t\t\t\t<\/div>\n\t\t\t\t\t\t\t\t<\/div>\n\t\t\t\t\t\t<\/div>\n\t\t\t\t<\/div>\n\t\t\t\t<\/div>\n\t\t\t\t\t<\/div>\n\t\t\t\t<\/div>\n\t\t<div class=\"elementor-element elementor-element-644e7fda e-con-full e-flex e-con e-parent\" data-id=\"644e7fda\" data-element_type=\"container\">\n\t\t<div class=\"elementor-element elementor-element-3108f838 e-con-full e-flex e-con e-child\" data-id=\"3108f838\" data-element_type=\"container\">\n\t\t\t\t<div class=\"elementor-element elementor-element-1338e540 elementor-widget__width-inherit elementor-widget elementor-widget-nm-banner\" data-id=\"1338e540\" data-element_type=\"widget\" data-widget_type=\"nm-banner.default\">\n\t\t\t\t<div class=\"elementor-widget-container\">\n\t\t\t\t\t\r\n\t\t\t<div class=\"nm-banner content-full image-type-fluid text-color-dark subtitle-below\" style=\"\"><a href=\"https:\/\/nosaplugs.com\/sv\/compare\/\" class=\"nm-banner-link nm-banner-link-full\"><img decoding=\"async\" src=\"https:\/\/nosaplugs.com\/sv\/wp-content\/uploads\/sites\/10\/2023\/10\/CompleteKit2.png\" width=\"4000\" height=\"4000\" alt=\"CompleteKit2.png\" \/>\r\n\t\t\t\t<div class=\"nm-banner-content\">\r\n\t\t\t\t\t<div class=\"nm-banner-content-inner h_right v_top align_left\">\r\n\t\t\t\t\t\t<div class=\"nm-banner-text medium\" style=\"\">\r\n\t\t\t\t\t\t\t<div class=\"nm-banner-text-inner\"><h3 class=\"nm-banner-title\">Produktj\u00e4mf\u00f6relse<\/h3><\/div>\r\n\t\t\t\t\t\t<\/div>\r\n\t\t\t\t\t<\/div>\r\n\t\t\t\t<\/div><\/a>\r\n\t\t\t<\/div>\t\t\t\t<\/div>\n\t\t\t\t<\/div>\n\t\t\t\t<\/div>\n\t\t<div class=\"elementor-element elementor-element-2ccc05a4 e-con-full e-flex e-con e-child\" data-id=\"2ccc05a4\" data-element_type=\"container\">\n\t\t\t\t<div class=\"elementor-element elementor-element-6315e892 elementor-widget__width-inherit elementor-widget elementor-widget-nm-banner\" data-id=\"6315e892\" data-element_type=\"widget\" data-widget_type=\"nm-banner.default\">\n\t\t\t\t<div class=\"elementor-widget-container\">\n\t\t\t\t\t\r\n\t\t\t<div class=\"nm-banner content-full image-type-fluid text-color-dark subtitle-below\" style=\"\"><a href=\"https:\/\/nosaplugs.com\/about-us\/\" class=\"nm-banner-link nm-banner-link-full\"><img decoding=\"async\" src=\"https:\/\/nosaplugs.com\/sv\/wp-content\/uploads\/sites\/10\/2023\/10\/About-NOSA-1MB.png\" width=\"832\" height=\"832\" alt=\"About NOSA 1MB\" \/>\r\n\t\t\t\t<div class=\"nm-banner-content\">\r\n\t\t\t\t\t<div class=\"nm-banner-content-inner h_right v_top align_left\">\r\n\t\t\t\t\t\t<div class=\"nm-banner-text medium\" style=\"\">\r\n\t\t\t\t\t\t\t<div class=\"nm-banner-text-inner\"><h3 class=\"nm-banner-title\">Om NOSA<\/h3><\/div>\r\n\t\t\t\t\t\t<\/div>\r\n\t\t\t\t\t<\/div>\r\n\t\t\t\t<\/div><\/a>\r\n\t\t\t<\/div>\t\t\t\t<\/div>\n\t\t\t\t<\/div>\n\t\t\t\t<\/div>\n\t\t\t\t<\/div>\n\t\t\t\t<\/div>\n\t\t\n","protected":false},"excerpt":{"rendered":"<div class=\"et_pb_module et_pb_wc_title et_pb_wc_title_0 et_pb_bg_layout_light\">\n<div class=\"et_pb_module_inner\">\n<p>NOSA odor control \u00e4r v\u00e4rldens f\u00f6rsta diskreta luktskydd som effektivt reducerar d\u00e5lig lukt utan att p\u00e5verka andningen.<\/p>\n<p>Den unika designen m\u00f6jligg\u00f6r att anv\u00e4ndaren kan andas genom produkten, samtidigt som den reducerar lukt med en fr\u00e4sch mentoldoft. Den fr\u00e4scha doften av mentol ger \u00e4ven en uppfriskande k\u00e4nsla vid f\u00f6rkylning.<\/p>\n<\/div>\n<\/div>\n","protected":false},"featured_media":1392420,"comment_status":"open","ping_status":"closed","template":"","meta":{"_acf_changed":false,"footnotes":""},"product_brand":[],"product_cat":[330,337],"product_tag":[],"class_list":{"0":"post-1388987","1":"product","2":"type-product","3":"status-publish","4":"has-post-thumbnail","6":"product_cat-nosa-control","7":"product_cat-protection-prevention","9":"first","10":"instock","11":"shipping-taxable","12":"purchasable","13":"product-type-simple"},"acf":[],"aioseo_notices":[],"_links":{"self":[{"href":"https:\/\/nosaplugs.com\/sv\/wp-json\/wp\/v2\/product\/1388987","targetHints":{"allow":["GET"]}}],"collection":[{"href":"https:\/\/nosaplugs.com\/sv\/wp-json\/wp\/v2\/product"}],"about":[{"href":"https:\/\/nosaplugs.com\/sv\/wp-json\/wp\/v2\/types\/product"}],"replies":[{"embeddable":true,"href":"https:\/\/nosaplugs.com\/sv\/wp-json\/wp\/v2\/comments?post=1388987"}],"version-history":[{"count":6,"href":"https:\/\/nosaplugs.com\/sv\/wp-json\/wp\/v2\/product\/1388987\/revisions"}],"predecessor-version":[{"id":1392323,"href":"https:\/\/nosaplugs.com\/sv\/wp-json\/wp\/v2\/product\/1388987\/revisions\/1392323"}],"wp:featuredmedia":[{"embeddable":true,"href":"https:\/\/nosaplugs.com\/sv\/wp-json\/wp\/v2\/media\/1392420"}],"wp:attachment":[{"href":"https:\/\/nosaplugs.com\/sv\/wp-json\/wp\/v2\/media?parent=1388987"}],"wp:term":[{"taxonomy":"product_brand","embeddable":true,"href":"https:\/\/nosaplugs.com\/sv\/wp-json\/wp\/v2\/product_brand?post=1388987"},{"taxonomy":"product_cat","embeddable":true,"href":"https:\/\/nosaplugs.com\/sv\/wp-json\/wp\/v2\/product_cat?post=1388987"},{"taxonomy":"product_tag","embeddable":true,"href":"https:\/\/nosaplugs.com\/sv\/wp-json\/wp\/v2\/product_tag?post=1388987"}],"curies":[{"name":"wp","href":"https:\/\/api.w.org\/{rel}","templated":true}]}}